{"id":3317,"date":"2025-05-26T07:06:58","date_gmt":"2025-05-26T07:06:58","guid":{"rendered":"https:\/\/pecbag.com\/?post_type=product&#038;p=3317"},"modified":"2025-11-04T09:50:51","modified_gmt":"2025-11-04T09:50:51","slug":"durable-outdoor-sport-crossbody-bag","status":"publish","type":"product","link":"https:\/\/pecbag.com\/es\/durable-outdoor-sport-crossbody-bag\/","title":{"rendered":"Bolsa de deporte duradera para exteriores"},"content":{"rendered":"<h5 title=\"Bolso plegable para perros Bolso de malla transpirable para mascotas peque\u00f1as Perros Gatos\" data-immersive-translate-walked=\"1c928421-2e42-4cd3-8754-5404553c0af5\" data-immersive-translate-paragraph=\"1\" data-spm-anchor-id=\"a2700.details.0.i35.4f6757d4w4zNZA\">Durable Outdoor Sport Crossbody Bag Fabricante | Bolsa impermeable F\u00e1brica y proveedor de mochilas | OEM a granel<\/h5>\n<div class=\"flex flex-grow flex-col max-w-full\">\n<div class=\"min-h-[20px] text-message flex w-full flex-col items-end gap-2 whitespace-pre-wrap break-words [.text-message+&amp;]:mt-5 overflow-x-auto\" dir=\"auto\" data-message-author-role=\"assistant\" data-message-id=\"3d7d46f6-7ec2-4222-9257-48fa0bba23c6\" data-suggestions=\"true\">\n<div class=\"flex w-full flex-col gap-1 empty:hidden first:pt-[3px]\">\n<div class=\"markdown prose w-full break-words dark:prose-invert light\">\n<p>\u00bfNecesita bolsas deportivas crossbody duraderas que sobrevivan a las aventuras m\u00e1s duras? Como f\u00e1brica de bolsas impermeables y fabricante de mochilas l\u00edder en China, creamos bolsas deportivas crossbody duraderas para excursionistas, ciclistas y mayoristas de bolsas crossbody de todo el mundo.<\/p>\n<table width=\"288\">\n<tbody>\n<tr>\n<td width=\"137\"><span style=\"color: #333333;\">Nombre del producto<\/span><\/td>\n<td width=\"151\"><span style=\"color: #333333;\">Bolso Crossbody<\/span><\/td>\n<\/tr>\n<tr>\n<td><span style=\"color: #333333;\">N\u00ba de art\u00edculo<\/span><\/td>\n<td><span style=\"color: #333333;\">PB-2046<\/span><\/td>\n<\/tr>\n<tr>\n<td><span style=\"color: #333333;\">Material<\/span><\/td>\n<td>Poli\u00e9ster 600D<\/td>\n<\/tr>\n<tr>\n<td><span style=\"color: #333333;\">\u00a0Tama\u00f1o y color<\/span><\/td>\n<td>24 x 9,5 x 32 cm<\/td>\n<\/tr>\n<tr>\n<td><span style=\"color: #333333;\">\u00a0Plazo de entrega<\/span><\/td>\n<td><span style=\"color: #333333;\">1-5 d\u00edas para peque\u00f1as cantidades por v\u00eda a\u00e9rea y 30-35 d\u00edas para grandes cantidades por v\u00eda mar\u00edtima<\/span><\/td>\n<\/tr>\n<\/tbody>\n<\/table>\n<p class=\"ds-markdown-paragraph\">\u2705\u00a0<strong>Por qu\u00e9 ganan nuestras duraderas bolsas cruzadas deportivas para exteriores:<\/strong><\/p>\n<ul>\n<li>\n<p class=\"ds-markdown-paragraph\"><strong>Resistente<\/strong>: poli\u00e9ster 600D + costuras reforzadas - \u00a1soporta senderos, rocas y aguaceros!<\/p>\n<\/li>\n<li>\n<p class=\"ds-markdown-paragraph\"><strong>Resistente al agua y al sudor<\/strong>: Recubrimiento de TPU sellado por costuras + malla transpirable: perfecto para la lluvia o los entrenamientos intensos.<\/p>\n<\/li>\n<li>\n<p class=\"ds-markdown-paragraph\"><strong>Pedidos a granel<\/strong>: \u00a1Producir bolsa crossbody pedidos a granel (MOQ 100pcs) a trav\u00e9s de la bolsa crossbody ODM \/ OEM o etiqueta privada en 10 d\u00edas!<\/p>\n<\/li>\n<li>\n<p class=\"ds-markdown-paragraph\"><strong>Ventaja de costes en China<\/strong>: Como l\u00edder crossbody bolsa de China proveedor, la calidad se re\u00fane inmejorable precio de f\u00e1brica.<\/p>\n<\/li>\n<\/ul>\n<p class=\"ds-markdown-paragraph\"><strong>Caracter\u00edsticas que adoran los aventureros:<\/strong><br \/>\n\ud83d\udd39 Capacidad de 5L-10L (caben botellas de agua, herramientas, tel\u00e9fonos) + bolsillo con bloqueo RFID.<br \/>\n\ud83d\udd39 Tirantes ajustables (se adapta a todo tipo de cuerpos) + cremalleras laterales de acceso r\u00e1pido.<br \/>\n\ud83d\udd39 Logotipos reflectantes para la seguridad nocturna + tejido OEKO-TEX antimoho.<br \/>\n\ud83d\udd39 Ligero (0,5 kg): ideal para escalar, acampar o desplazamientos urbanos.<\/p>\n<p class=\"ds-markdown-paragraph\"><strong>Perfecto para:<\/strong><\/p>\n<ul>\n<li>\n<p class=\"ds-markdown-paragraph\">Minoristas y vendedores de bolsas cruzadas<\/p>\n<\/li>\n<li>\n<p class=\"ds-markdown-paragraph\">Marcas deportivas y mayoristas de bolsas crossbody<\/p>\n<\/li>\n<li>\n<p class=\"ds-markdown-paragraph\">Startups que crean l\u00edneas de bolsos cruzados de marca blanca<\/p>\n<\/li>\n<\/ul>\n<p class=\"ds-markdown-paragraph\"><strong>C\u00f3mo trabajamos:<\/strong><br \/>\n1\ufe0f\u20e3 Elige entre m\u00e1s de 80 dise\u00f1os resistentes o personaliza el tuyo<br \/>\n2\ufe0f\u20e3 Prototipo en 5 d\u00edas \u2192 prueba \u2192 producci\u00f3n en serie.<br \/>\n3\ufe0f\u20e3 Env\u00edo a trav\u00e9s de redes de exportaci\u00f3n de bolsas cruzadas (aire\/mar\/DDP)<\/p>\n<p class=\"ds-markdown-paragraph\"><strong>\u00bfPor qu\u00e9 confiar en nosotros?<\/strong><br \/>\n\u2705 M\u00e1s de 10 a\u00f1os de experiencia como fabricante de bolsos crossbody<br \/>\n\u2705 Tejido 30% m\u00e1s resistente que el de la competencia<br \/>\n\u2705 Asistencia 24\/7 en ingl\u00e9s, espa\u00f1ol y alem\u00e1n.<\/p>\n<p class=\"ds-markdown-paragraph\"><strong>\u00bfPreparado para las rebajas al aire libre?<\/strong><br \/>\n\ud83d\udc49\u00a0<strong>Muestras gratuitas<\/strong>\u00a0\ud83d\udc49 20% dep\u00f3sito \ud83d\udc49 24h cotizaciones<\/p>\n<\/div>\n<\/div>\n<\/div>\n<\/div>","protected":false},"excerpt":{"rendered":"<h2 data-immersive-translate-walked=\"344be1c1-5052-41eb-8fcd-0dbe236a0d6b\" data-immersive-translate-paragraph=\"1\">Bolsa de deporte duradera para exteriores<\/h2>\n<div>1. Excelente impermeabilidad: Es altamente impermeable, resistente al desgaste y f\u00e1cil de limpiar. La cremallera de la peque\u00f1a bolsa de aparejos de pesca tambi\u00e9n es impermeable y a prueba de \u00f3xido, y no se romper\u00e1 incluso despu\u00e9s de un uso prolongado en un entorno de agua salada.<\/div>\n<div><\/div>\n<div>\n<div>2. Ligera y duradera: Con un peso de 0,68 libras, esta ri\u00f1onera de pesca es m\u00e1s ligera y port\u00e1til que una mochila de pesca, por lo que es c\u00f3moda de llevar incluso durante largos periodos. Una resistente cremallera bidireccional en el compartimento principal le permite acceder f\u00e1cilmente por ambos lados.<\/div>\n<\/div>","protected":false},"featured_media":3334,"template":"","meta":{"_uag_custom_page_level_css":""},"product_brand":[],"product_cat":[62],"product_tag":[],"class_list":{"0":"post-3317","1":"product","2":"type-product","3":"status-publish","4":"has-post-thumbnail","6":"product_cat-crossbody-bags","8":"first","9":"instock","10":"shipping-taxable","11":"product-type-simple"},"uagb_featured_image_src":{"full":["https:\/\/pecbag.com\/wp-content\/uploads\/2025\/05\/Durable-Outdoor-Sport-Crossbody-Bag-2-1.jpeg",800,800,false],"thumbnail":["https:\/\/pecbag.com\/wp-content\/uploads\/2025\/05\/Durable-Outdoor-Sport-Crossbody-Bag-2-1-150x150.jpeg",150,150,true],"medium":["https:\/\/pecbag.com\/wp-content\/uploads\/2025\/05\/Durable-Outdoor-Sport-Crossbody-Bag-2-1-300x300.jpeg",300,300,true],"medium_large":["https:\/\/pecbag.com\/wp-content\/uploads\/2025\/05\/Durable-Outdoor-Sport-Crossbody-Bag-2-1-768x768.jpeg",768,768,true],"large":["https:\/\/pecbag.com\/wp-content\/uploads\/2025\/05\/Durable-Outdoor-Sport-Crossbody-Bag-2-1.jpeg",800,800,false],"1536x1536":["https:\/\/pecbag.com\/wp-content\/uploads\/2025\/05\/Durable-Outdoor-Sport-Crossbody-Bag-2-1.jpeg",800,800,false],"2048x2048":["https:\/\/pecbag.com\/wp-content\/uploads\/2025\/05\/Durable-Outdoor-Sport-Crossbody-Bag-2-1.jpeg",800,800,false],"trp-custom-language-flag":["https:\/\/pecbag.com\/wp-content\/uploads\/2025\/05\/Durable-Outdoor-Sport-Crossbody-Bag-2-1-12x12.jpeg",12,12,true],"woocommerce_thumbnail":["https:\/\/pecbag.com\/wp-content\/uploads\/2025\/05\/Durable-Outdoor-Sport-Crossbody-Bag-2-1-300x300.jpeg",300,300,true],"woocommerce_single":["https:\/\/pecbag.com\/wp-content\/uploads\/2025\/05\/Durable-Outdoor-Sport-Crossbody-Bag-2-1-600x600.jpeg",600,600,true],"woocommerce_gallery_thumbnail":["https:\/\/pecbag.com\/wp-content\/uploads\/2025\/05\/Durable-Outdoor-Sport-Crossbody-Bag-2-1-100x100.jpeg",100,100,true]},"uagb_author_info":{"display_name":"Lawrence","author_link":"https:\/\/pecbag.com\/es\/author\/"},"uagb_comment_info":0,"uagb_excerpt":"Durable Outdoor Sport Crossbody Bag 1. Excellent waterproofing: It is highly waterproof, wear-resistant, and easy to clean. The zipper of the small fishing tackle bag is also waterproof and rust-proof, and will not break even after long-term use in a saltwater environment. 2. Lightweight and durable: Weighing 0.68 pounds, this fishing fanny pack is lighter&hellip;","_links":{"self":[{"href":"https:\/\/pecbag.com\/es\/wp-json\/wp\/v2\/product\/3317","targetHints":{"allow":["GET"]}}],"collection":[{"href":"https:\/\/pecbag.com\/es\/wp-json\/wp\/v2\/product"}],"about":[{"href":"https:\/\/pecbag.com\/es\/wp-json\/wp\/v2\/types\/product"}],"wp:featuredmedia":[{"embeddable":true,"href":"https:\/\/pecbag.com\/es\/wp-json\/wp\/v2\/media\/3334"}],"wp:attachment":[{"href":"https:\/\/pecbag.com\/es\/wp-json\/wp\/v2\/media?parent=3317"}],"wp:term":[{"taxonomy":"product_brand","embeddable":true,"href":"https:\/\/pecbag.com\/es\/wp-json\/wp\/v2\/product_brand?post=3317"},{"taxonomy":"product_cat","embeddable":true,"href":"https:\/\/pecbag.com\/es\/wp-json\/wp\/v2\/product_cat?post=3317"},{"taxonomy":"product_tag","embeddable":true,"href":"https:\/\/pecbag.com\/es\/wp-json\/wp\/v2\/product_tag?post=3317"}],"curies":[{"name":"wp","href":"https:\/\/api.w.org\/{rel}","templated":true}]}}