{"id":3324,"date":"2025-05-26T07:33:50","date_gmt":"2025-05-26T07:33:50","guid":{"rendered":"https:\/\/pecbag.com\/?post_type=product&#038;p=3324"},"modified":"2025-11-29T02:01:10","modified_gmt":"2025-11-29T02:01:10","slug":"customized-military-gear-messenger-bag","status":"publish","type":"product","link":"https:\/\/pecbag.com\/es\/customized-military-gear-messenger-bag\/","title":{"rendered":"Bolsa militar personalizada"},"content":{"rendered":"<h5 title=\"Bolso plegable para perros Bolso de malla transpirable para mascotas peque\u00f1as Perros Gatos\" data-immersive-translate-walked=\"1c928421-2e42-4cd3-8754-5404553c0af5\" data-immersive-translate-paragraph=\"1\" data-spm-anchor-id=\"a2700.details.0.i35.4f6757d4w4zNZA\">Equipamiento militar personalizado Bolsas de mensajero | F\u00e1brica de bolsas impermeables y mochila Fabricante - Bulk OEM Tactical Solutions<\/h5>\n<div class=\"flex flex-grow flex-col max-w-full\">\n<div class=\"min-h-[20px] text-message flex w-full flex-col items-end gap-2 whitespace-pre-wrap break-words [.text-message+&amp;]:mt-5 overflow-x-auto\" dir=\"auto\" data-message-author-role=\"assistant\" data-message-id=\"3d7d46f6-7ec2-4222-9257-48fa0bba23c6\" data-suggestions=\"true\">\n<div class=\"flex w-full flex-col gap-1 empty:hidden first:pt-[3px]\">\n<div class=\"markdown prose w-full break-words dark:prose-invert light\">\n<table width=\"288\">\n<tbody>\n<tr>\n<td width=\"137\"><span style=\"color: #333333;\">Nombre del producto<\/span><\/td>\n<td width=\"151\"><span style=\"color: #333333;\">Bolso Crossbody<\/span><\/td>\n<\/tr>\n<tr>\n<td><span style=\"color: #333333;\">N\u00ba de art\u00edculo<\/span><\/td>\n<td><span style=\"color: #333333;\">PB-2047<\/span><\/td>\n<\/tr>\n<tr>\n<td><span style=\"color: #333333;\">Material<\/span><\/td>\n<td>Poli\u00e9ster 600D<\/td>\n<\/tr>\n<tr>\n<td><span style=\"color: #333333;\">Talla<\/span><\/td>\n<td>41*16*20cm<\/td>\n<\/tr>\n<tr>\n<td><span style=\"color: #333333;\">\u00a0Plazo de entrega<\/span><\/td>\n<td><span style=\"color: #333333;\">1-5 d\u00edas para peque\u00f1as cantidades por v\u00eda a\u00e9rea y 30-35 d\u00edas para grandes cantidades por v\u00eda mar\u00edtima<\/span><\/td>\n<\/tr>\n<\/tbody>\n<\/table>\n<p>Como fabricante y proveedor profesional de bolsas tipo crossbody en China, nos especializamos en la producci\u00f3n de bolsas de mensajero personalizadas de alta resistencia para equipo militar. Nuestra f\u00e1brica de bolso crossbody ofrece:<br \/>\nBolsas de mensajero militares impermeables con cinchas MOLLE (nailon 500D- 1000D)<br \/>\n\u2705 <strong>Servicios OEM\/ODM<\/strong> para bolsos crossbody de marca blanca (MOQ 100pcs)<br \/>\n\u2705 Producci\u00f3n de bolsos crossbody a granel con un plazo de entrega r\u00e1pido de 15 d\u00edas<br \/>\n\u2705 Bolsos t\u00e1cticos crossbody con certificaci\u00f3n MIL-SPEC para exportaci\u00f3n mundial<\/p>\n<p>Con la confianza de unidades militares\/policiales y marcas de outdoor de todo el mundo. Solicite muestras gratuitas de nuestras bolsas crossbody fabricadas en China o descargue las especificaciones t\u00e9cnicas. Los mayoristas de bolsas crossbody obtienen descuentos exclusivos en pedidos superiores a 2.000 unidades.<\/p>\n<\/div>\n<\/div>\n<\/div>\n<\/div>","protected":false},"excerpt":{"rendered":"<h2 data-immersive-translate-walked=\"344be1c1-5052-41eb-8fcd-0dbe236a0d6b\" data-immersive-translate-paragraph=\"1\">Bolsa militar personalizada<\/h2>\n<div>\n<p><strong>1.Sistema MOLLE:\u00a0<\/strong>Bandolera t\u00e1ctica con sistema molle, se puede utilizar como bolsa t\u00e1ctica adicional y equipo. La pegatina en la parte delantera le permite pegar la insignia, por lo que la bolsa \u00fanica.<\/p>\n<p><strong>2.Multifunci\u00f3n:<\/strong>\u00a0El espacioso compartimento cerrado proporciona un espacio de almacenamiento amplio y seguro para su equipo; el bolsillo frontal es pr\u00e1ctico para un acceso r\u00e1pido; el bolsillo interior es pr\u00e1ctico para guardar art\u00edculos por separado; el bolsillo con cord\u00f3n del lado izquierdo est\u00e1 dise\u00f1ado como una bolsa de cristal para beber; el bolsillo con cremallera de apertura y cierre de la derecha puede colocar art\u00edculos peque\u00f1os.<\/p>\n<\/div>","protected":false},"featured_media":3323,"template":"","meta":{"_uag_custom_page_level_css":""},"product_brand":[],"product_cat":[62],"product_tag":[],"class_list":{"0":"post-3324","1":"product","2":"type-product","3":"status-publish","4":"has-post-thumbnail","6":"product_cat-crossbody-bags","8":"first","9":"instock","10":"shipping-taxable","11":"product-type-simple"},"uagb_featured_image_src":{"full":["https:\/\/pecbag.com\/wp-content\/uploads\/2025\/05\/Durable-Outdoor-Sport-Crossbody-Bag-5.jpeg",800,800,false],"thumbnail":["https:\/\/pecbag.com\/wp-content\/uploads\/2025\/05\/Durable-Outdoor-Sport-Crossbody-Bag-5-150x150.jpeg",150,150,true],"medium":["https:\/\/pecbag.com\/wp-content\/uploads\/2025\/05\/Durable-Outdoor-Sport-Crossbody-Bag-5-300x300.jpeg",300,300,true],"medium_large":["https:\/\/pecbag.com\/wp-content\/uploads\/2025\/05\/Durable-Outdoor-Sport-Crossbody-Bag-5-768x768.jpeg",768,768,true],"large":["https:\/\/pecbag.com\/wp-content\/uploads\/2025\/05\/Durable-Outdoor-Sport-Crossbody-Bag-5.jpeg",800,800,false],"1536x1536":["https:\/\/pecbag.com\/wp-content\/uploads\/2025\/05\/Durable-Outdoor-Sport-Crossbody-Bag-5.jpeg",800,800,false],"2048x2048":["https:\/\/pecbag.com\/wp-content\/uploads\/2025\/05\/Durable-Outdoor-Sport-Crossbody-Bag-5.jpeg",800,800,false],"trp-custom-language-flag":["https:\/\/pecbag.com\/wp-content\/uploads\/2025\/05\/Durable-Outdoor-Sport-Crossbody-Bag-5-12x12.jpeg",12,12,true],"woocommerce_thumbnail":["https:\/\/pecbag.com\/wp-content\/uploads\/2025\/05\/Durable-Outdoor-Sport-Crossbody-Bag-5-300x300.jpeg",300,300,true],"woocommerce_single":["https:\/\/pecbag.com\/wp-content\/uploads\/2025\/05\/Durable-Outdoor-Sport-Crossbody-Bag-5-600x600.jpeg",600,600,true],"woocommerce_gallery_thumbnail":["https:\/\/pecbag.com\/wp-content\/uploads\/2025\/05\/Durable-Outdoor-Sport-Crossbody-Bag-5-100x100.jpeg",100,100,true]},"uagb_author_info":{"display_name":"Lawrence","author_link":"https:\/\/pecbag.com\/es\/author\/"},"uagb_comment_info":0,"uagb_excerpt":"Customized Military Gear Messenger Bag 1.MOLLE system:\u00a0Molle tactical shoulder bag with molle system, can be used as an additional tactical pouch and equipment. The sticker on the front allows you to stick the badge, making the bag unique. 2.Multi-function:\u00a0The spacious closed compartment provides spacious and safe storage space for your equipment; the front pocket is&hellip;","_links":{"self":[{"href":"https:\/\/pecbag.com\/es\/wp-json\/wp\/v2\/product\/3324","targetHints":{"allow":["GET"]}}],"collection":[{"href":"https:\/\/pecbag.com\/es\/wp-json\/wp\/v2\/product"}],"about":[{"href":"https:\/\/pecbag.com\/es\/wp-json\/wp\/v2\/types\/product"}],"wp:featuredmedia":[{"embeddable":true,"href":"https:\/\/pecbag.com\/es\/wp-json\/wp\/v2\/media\/3323"}],"wp:attachment":[{"href":"https:\/\/pecbag.com\/es\/wp-json\/wp\/v2\/media?parent=3324"}],"wp:term":[{"taxonomy":"product_brand","embeddable":true,"href":"https:\/\/pecbag.com\/es\/wp-json\/wp\/v2\/product_brand?post=3324"},{"taxonomy":"product_cat","embeddable":true,"href":"https:\/\/pecbag.com\/es\/wp-json\/wp\/v2\/product_cat?post=3324"},{"taxonomy":"product_tag","embeddable":true,"href":"https:\/\/pecbag.com\/es\/wp-json\/wp\/v2\/product_tag?post=3324"}],"curies":[{"name":"wp","href":"https:\/\/api.w.org\/{rel}","templated":true}]}}