{"id":3325,"date":"2025-05-26T07:40:40","date_gmt":"2025-05-26T07:40:40","guid":{"rendered":"https:\/\/pecbag.com\/?post_type=product&#038;p=3325"},"modified":"2025-11-29T02:01:06","modified_gmt":"2025-11-29T02:01:06","slug":"factory-custom-color-fanny-waist-pack","status":"publish","type":"product","link":"https:\/\/pecbag.com\/es\/factory-custom-color-fanny-waist-pack\/","title":{"rendered":"Ri\u00f1onera de color personalizada de f\u00e1brica"},"content":{"rendered":"<h5 title=\"Bolso plegable para perros Bolso de malla transpirable para mascotas peque\u00f1as Perros Gatos\" data-immersive-translate-walked=\"1c928421-2e42-4cd3-8754-5404553c0af5\" data-immersive-translate-paragraph=\"1\" data-spm-anchor-id=\"a2700.details.0.i35.4f6757d4w4zNZA\">F\u00e1brica de color personalizado ri\u00f1oneras | F\u00e1brica de bolsa impermeable y Mochila Fabricante - Bulk OEM Hip Pack Solutions<\/h5>\n<div class=\"flex flex-grow flex-col max-w-full\">\n<div class=\"min-h-[20px] text-message flex w-full flex-col items-end gap-2 whitespace-pre-wrap break-words [.text-message+&amp;]:mt-5 overflow-x-auto\" dir=\"auto\" data-message-author-role=\"assistant\" data-message-id=\"3d7d46f6-7ec2-4222-9257-48fa0bba23c6\" data-suggestions=\"true\">\n<div class=\"flex w-full flex-col gap-1 empty:hidden first:pt-[3px]\">\n<div class=\"markdown prose w-full break-words dark:prose-invert light\">\n<table width=\"288\">\n<tbody>\n<tr>\n<td width=\"137\"><span style=\"color: #333333;\">Nombre del producto<\/span><\/td>\n<td width=\"151\"><span style=\"color: #333333;\">Bolso Crossbody<\/span><\/td>\n<\/tr>\n<tr>\n<td><span style=\"color: #333333;\">N\u00ba de art\u00edculo<\/span><\/td>\n<td><span style=\"color: #333333;\">PB-2048<\/span><\/td>\n<\/tr>\n<tr>\n<td><span style=\"color: #333333;\">Material<\/span><\/td>\n<td>Poli\u00e9ster 600D<\/td>\n<\/tr>\n<tr>\n<td><span style=\"color: #333333;\">\u00a0Tama\u00f1o y color<\/span><\/td>\n<td>11 x 5 x 6 pulgadas<\/td>\n<\/tr>\n<tr>\n<td><span style=\"color: #333333;\">\u00a0Plazo de entrega<\/span><\/td>\n<td><span style=\"color: #333333;\">1-5 d\u00edas para peque\u00f1as cantidades por v\u00eda a\u00e9rea y 30-35 d\u00edas para grandes cantidades por v\u00eda mar\u00edtima<\/span><\/td>\n<\/tr>\n<\/tbody>\n<\/table>\n<p>Como fabricante l\u00edder en China de bolsas crossbody y f\u00e1brica de bolsas impermeables, nos especializamos en la producci\u00f3n de f\u00e1brica de alta resistencia de color personalizado ri\u00f1oneras para las marcas globales. Nuestra empresa crossbody bolsa ofrece:<\/p>\n<p>\u2705 <strong>Ri\u00f1oneras personalizables<\/strong> con m\u00e1s de 200 opciones de color Pantone (MOQ 100pcs)<br \/>\n\u2705 <strong>Bolsos cruzados impermeables<\/strong> utilizando nylon 420D-1680D con revestimiento de TPU<br \/>\n\u2705 <strong>Servicios OEM\/ODM<\/strong> para <strong>ri\u00f1oneras de marca blanca<\/strong> - del dise\u00f1o a la exportaci\u00f3n<br \/>\n\u2705 <strong>Producci\u00f3n de ri\u00f1oneras a granel<\/strong> con entrega r\u00e1pida en 12 d\u00edas<\/p>\n<p>Con la confianza de mayoristas de bolsas crossbody y marcas de outdoor de todo el mundo. Las caracter\u00edsticas incluyen:<br \/>\n- Bolsillos con bloqueo RFID y cinchas MIL-STD<br \/>\n- Correas ajustables en la cintura (25-60 pulgadas)<br \/>\n- Materiales ecol\u00f3gicos con certificaci\u00f3n OEKO-TEX<\/p>\n<p><strong>Por qu\u00e9 elegir nuestra f\u00e1brica de bolsas cruzadas<\/strong>?<br \/>\n\ud83d\udd39 18 a\u00f1os como exportadores de bolsos crossbody de China.<br \/>\n\ud83d\udd39 Programa de muestra gratuito con impresi\u00f3n de logotipo personalizado<br \/>\n\ud83d\udd39 Env\u00edo FOB\/DDP con certificaciones REACH\/CPSC.<\/p>\n<p>Solicite precios al instante para su proyecto de ri\u00f1onera de color personalizada. Los vendedores de ri\u00f1oneras disfrutan de descuentos exclusivos en pedidos superiores a 2.000 unidades.<\/p>\n<\/div>\n<\/div>\n<\/div>\n<\/div>","protected":false},"excerpt":{"rendered":"<h2 data-immersive-translate-walked=\"344be1c1-5052-41eb-8fcd-0dbe236a0d6b\" data-immersive-translate-paragraph=\"1\">Ri\u00f1onera de color personalizada de f\u00e1brica<\/h2>\n<div>\n<p>1. Construcci\u00f3n y Multi-v\u00edas: Equipada con 2 compartimentos delanteros con cremallera, 1 compartimento trasero con cremallera, 1 compartimento interior con cremallera y un forro de poli\u00e9ster, esta ri\u00f1onera mantendr\u00e1 sus documentos de identidad, dinero y todos los dem\u00e1s objetos de valor a salvo de robos. Adem\u00e1s, puede convertirse de ri\u00f1onera a bolso cruzado o bandolera.<\/p>\n<p>2. Tama\u00f1o de la cintura: El cintur\u00f3n de cintura se ajusta para adaptarse a tama\u00f1os de cintura 16\u2033 - 40\u2033, que es adecuado para hombres, mujeres, adolescentes y ni\u00f1os grandes. Adem\u00e1s, estas ri\u00f1oneras de moda son regalos perfectos para los miembros de su familia y amigos.<\/p>\n<\/div>","protected":false},"featured_media":3329,"template":"","meta":{"_uag_custom_page_level_css":""},"product_brand":[],"product_cat":[62],"product_tag":[],"class_list":{"0":"post-3325","1":"product","2":"type-product","3":"status-publish","4":"has-post-thumbnail","6":"product_cat-crossbody-bags","8":"first","9":"instock","10":"shipping-taxable","11":"product-type-simple"},"uagb_featured_image_src":{"full":["https:\/\/pecbag.com\/wp-content\/uploads\/2025\/05\/Factory-Custom-Color-Fanny-Waist-Pack-2.jpeg",800,800,false],"thumbnail":["https:\/\/pecbag.com\/wp-content\/uploads\/2025\/05\/Factory-Custom-Color-Fanny-Waist-Pack-2-150x150.jpeg",150,150,true],"medium":["https:\/\/pecbag.com\/wp-content\/uploads\/2025\/05\/Factory-Custom-Color-Fanny-Waist-Pack-2-300x300.jpeg",300,300,true],"medium_large":["https:\/\/pecbag.com\/wp-content\/uploads\/2025\/05\/Factory-Custom-Color-Fanny-Waist-Pack-2-768x768.jpeg",768,768,true],"large":["https:\/\/pecbag.com\/wp-content\/uploads\/2025\/05\/Factory-Custom-Color-Fanny-Waist-Pack-2.jpeg",800,800,false],"1536x1536":["https:\/\/pecbag.com\/wp-content\/uploads\/2025\/05\/Factory-Custom-Color-Fanny-Waist-Pack-2.jpeg",800,800,false],"2048x2048":["https:\/\/pecbag.com\/wp-content\/uploads\/2025\/05\/Factory-Custom-Color-Fanny-Waist-Pack-2.jpeg",800,800,false],"trp-custom-language-flag":["https:\/\/pecbag.com\/wp-content\/uploads\/2025\/05\/Factory-Custom-Color-Fanny-Waist-Pack-2-12x12.jpeg",12,12,true],"woocommerce_thumbnail":["https:\/\/pecbag.com\/wp-content\/uploads\/2025\/05\/Factory-Custom-Color-Fanny-Waist-Pack-2-300x300.jpeg",300,300,true],"woocommerce_single":["https:\/\/pecbag.com\/wp-content\/uploads\/2025\/05\/Factory-Custom-Color-Fanny-Waist-Pack-2-600x600.jpeg",600,600,true],"woocommerce_gallery_thumbnail":["https:\/\/pecbag.com\/wp-content\/uploads\/2025\/05\/Factory-Custom-Color-Fanny-Waist-Pack-2-100x100.jpeg",100,100,true]},"uagb_author_info":{"display_name":"Lawrence","author_link":"https:\/\/pecbag.com\/es\/author\/"},"uagb_comment_info":0,"uagb_excerpt":"Factory Custom Color Fanny Waist Pack 1. Construction &amp; Multi-ways: Equipped with 2 front zippered compartments, 1 rear zipper compartment, 1 interior zipper compartment, and a polyester lining, this pack will keep your ID cards, money, and all other valuables safe from theft. Also, you can convert from a fanny pack to a crossbody bag&hellip;","_links":{"self":[{"href":"https:\/\/pecbag.com\/es\/wp-json\/wp\/v2\/product\/3325","targetHints":{"allow":["GET"]}}],"collection":[{"href":"https:\/\/pecbag.com\/es\/wp-json\/wp\/v2\/product"}],"about":[{"href":"https:\/\/pecbag.com\/es\/wp-json\/wp\/v2\/types\/product"}],"wp:featuredmedia":[{"embeddable":true,"href":"https:\/\/pecbag.com\/es\/wp-json\/wp\/v2\/media\/3329"}],"wp:attachment":[{"href":"https:\/\/pecbag.com\/es\/wp-json\/wp\/v2\/media?parent=3325"}],"wp:term":[{"taxonomy":"product_brand","embeddable":true,"href":"https:\/\/pecbag.com\/es\/wp-json\/wp\/v2\/product_brand?post=3325"},{"taxonomy":"product_cat","embeddable":true,"href":"https:\/\/pecbag.com\/es\/wp-json\/wp\/v2\/product_cat?post=3325"},{"taxonomy":"product_tag","embeddable":true,"href":"https:\/\/pecbag.com\/es\/wp-json\/wp\/v2\/product_tag?post=3325"}],"curies":[{"name":"wp","href":"https:\/\/api.w.org\/{rel}","templated":true}]}}