{"id":3354,"date":"2025-05-26T08:39:17","date_gmt":"2025-05-26T08:39:17","guid":{"rendered":"https:\/\/pecbag.com\/?post_type=product&#038;p=3354"},"modified":"2025-11-29T02:00:48","modified_gmt":"2025-11-29T02:00:48","slug":"wholesale-fashion-large-capacity-duffel-bag","status":"publish","type":"product","link":"https:\/\/pecbag.com\/es\/wholesale-fashion-large-capacity-duffel-bag\/","title":{"rendered":"Mayorista Moda Gran Capacidad Bolsa Duffel"},"content":{"rendered":"<h5 title=\"Bolso plegable para perros Bolso de malla transpirable para mascotas peque\u00f1as Perros Gatos\" data-immersive-translate-walked=\"1c928421-2e42-4cd3-8754-5404553c0af5\" data-immersive-translate-paragraph=\"1\" data-spm-anchor-id=\"a2700.details.0.i35.4f6757d4w4zNZA\">Venta al por mayor de moda de gran capacidad Duffel Bolsas | F\u00e1brica de bolsas a prueba de agua y mochila Fabricante - Bulk OEM Solutions<\/h5>\n<div class=\"flex flex-grow flex-col max-w-full\">\n<div class=\"min-h-[20px] text-message flex w-full flex-col items-end gap-2 whitespace-pre-wrap break-words [.text-message+&amp;]:mt-5 overflow-x-auto\" dir=\"auto\" data-message-author-role=\"assistant\" data-message-id=\"3d7d46f6-7ec2-4222-9257-48fa0bba23c6\" data-suggestions=\"true\">\n<div class=\"flex w-full flex-col gap-1 empty:hidden first:pt-[3px]\">\n<div class=\"markdown prose w-full break-words dark:prose-invert light\">\n<table width=\"288\">\n<tbody>\n<tr>\n<td width=\"137\"><span style=\"color: #333333;\">Nombre del producto<\/span><\/td>\n<td width=\"151\">Bolsa de viaje<\/td>\n<\/tr>\n<tr>\n<td><span style=\"color: #333333;\">N\u00ba de art\u00edculo<\/span><\/td>\n<td><span style=\"color: #333333;\">PB-2051<\/span><\/td>\n<\/tr>\n<tr>\n<td><span style=\"color: #333333;\">Material<\/span><\/td>\n<td>Poli\u00e9ster 600D<\/td>\n<\/tr>\n<tr>\n<td><span style=\"color: #333333;\">Talla<\/span><\/td>\n<td><span style=\"color: #333333;\">40,6 cm x 40,6 cm x 73,7 cm<\/span><\/td>\n<\/tr>\n<tr>\n<td><span style=\"color: #333333;\">\u00a0Plazo de entrega<\/span><\/td>\n<td><span style=\"color: #333333;\">1-5 d\u00edas para peque\u00f1as cantidades por v\u00eda a\u00e9rea y 30-35 d\u00edas para grandes cantidades por v\u00eda mar\u00edtima<\/span><\/td>\n<\/tr>\n<\/tbody>\n<\/table>\n<p>Como principal fabricante de bolsas de lona y f\u00e1brica de bolsas impermeables en China, nos especializamos en la producci\u00f3n al por mayor de moda con estilo bolsas de lona de gran capacidad para los minoristas globales. Nuestra empresa bolsa de lona ofrece:<\/p>\n<p>\u2705 <strong>Bolsas de viaje extragrandes de 100 litros<\/strong> con compartimentos ampliables (poli\u00e9ster 600D recubierto de PVC)<br \/>\n\u2705 <strong>Bolsas de lona personalizadas<\/strong> con m\u00e1s de 200 opciones de color Pantone (MOQ 50pcs)<br \/>\n\u2705 <strong>Servicios ODM\/OEM<\/strong> para <strong>bolsas de lona de marca blanca<\/strong><br \/>\n\u2705 <strong>Producci\u00f3n de bolsas de lona a granel<\/strong> con entrega r\u00e1pida en 12 d\u00edas<\/p>\n<p>Con la confianza de mayoristas de bolsas de lona y marcas de moda de todo el mundo. Las caracter\u00edsticas incluyen:<br \/>\n- Cremalleras impermeables y tejido resistente al desgarro<br \/>\n- Correas desmontables y compartimentos para zapatos<br \/>\n- Dimensiones del equipaje de mano aprobadas por la compa\u00f1\u00eda a\u00e9rea<\/p>\n<p><strong>Por qu\u00e9 elegir nuestra f\u00e1brica de bolsas de lona<\/strong>:<br \/>\n\ud83d\udd39 10+ a\u00f1os como exportadores principales del bolso de lona de China.<br \/>\n\ud83d\udd39 Soporte gratuito de dise\u00f1o 3D y desarrollo de muestras<br \/>\n\ud83d\udd39 Env\u00edo FOB\/DDP con certificaciones REACH.<br \/>\n\ud83d\udd39 15% de descuento en pedidos al por mayor superiores a 2.000 unidades<\/p>\n<p>Solicite muestras gratuitas de nuestros bolsos de lona de gran capacidad u obtenga presupuestos al instante. Los vendedores de bolsas de lona tienen acceso prioritario a los precios de promoci\u00f3n de temporada.<\/p>\n<\/div>\n<\/div>\n<\/div>\n<\/div>","protected":false},"excerpt":{"rendered":"<h2 data-immersive-translate-walked=\"344be1c1-5052-41eb-8fcd-0dbe236a0d6b\" data-immersive-translate-paragraph=\"1\">Mayorista Moda Gran Capacidad Bolsa Duffel<\/h2>\n<p>Proporcionamos bolsas de primera calidad con personalizaci\u00f3n completa de tama\u00f1os y colores, tejidos duraderos y calidad certificada.<\/p>\n<p>Disfrute de MOQ flexibles, env\u00edos r\u00e1pidos a todo el mundo y soluciones de marca blanca.<\/p>\n<p>P\u00f3ngase en contacto con nosotros<\/p>","protected":false},"featured_media":3360,"template":"","meta":{"_uag_custom_page_level_css":""},"product_brand":[],"product_cat":[63,56,67],"product_tag":[],"class_list":{"0":"post-3354","1":"product","2":"type-product","3":"status-publish","4":"has-post-thumbnail","6":"product_cat-duffel-bag","7":"product_cat-gym-bag","8":"product_cat-sports-bag","10":"first","11":"instock","12":"shipping-taxable","13":"product-type-simple"},"uagb_featured_image_src":{"full":["https:\/\/pecbag.com\/wp-content\/uploads\/2025\/05\/Wholesale-Fashion-Large-Capacity-Duffel-Bag-4.jpeg",1500,1500,false],"thumbnail":["https:\/\/pecbag.com\/wp-content\/uploads\/2025\/05\/Wholesale-Fashion-Large-Capacity-Duffel-Bag-4-150x150.jpeg",150,150,true],"medium":["https:\/\/pecbag.com\/wp-content\/uploads\/2025\/05\/Wholesale-Fashion-Large-Capacity-Duffel-Bag-4-300x300.jpeg",300,300,true],"medium_large":["https:\/\/pecbag.com\/wp-content\/uploads\/2025\/05\/Wholesale-Fashion-Large-Capacity-Duffel-Bag-4-768x768.jpeg",768,768,true],"large":["https:\/\/pecbag.com\/wp-content\/uploads\/2025\/05\/Wholesale-Fashion-Large-Capacity-Duffel-Bag-4-1024x1024.jpeg",800,800,true],"1536x1536":["https:\/\/pecbag.com\/wp-content\/uploads\/2025\/05\/Wholesale-Fashion-Large-Capacity-Duffel-Bag-4.jpeg",1500,1500,false],"2048x2048":["https:\/\/pecbag.com\/wp-content\/uploads\/2025\/05\/Wholesale-Fashion-Large-Capacity-Duffel-Bag-4.jpeg",1500,1500,false],"trp-custom-language-flag":["https:\/\/pecbag.com\/wp-content\/uploads\/2025\/05\/Wholesale-Fashion-Large-Capacity-Duffel-Bag-4-12x12.jpeg",12,12,true],"woocommerce_thumbnail":["https:\/\/pecbag.com\/wp-content\/uploads\/2025\/05\/Wholesale-Fashion-Large-Capacity-Duffel-Bag-4-300x300.jpeg",300,300,true],"woocommerce_single":["https:\/\/pecbag.com\/wp-content\/uploads\/2025\/05\/Wholesale-Fashion-Large-Capacity-Duffel-Bag-4-600x600.jpeg",600,600,true],"woocommerce_gallery_thumbnail":["https:\/\/pecbag.com\/wp-content\/uploads\/2025\/05\/Wholesale-Fashion-Large-Capacity-Duffel-Bag-4-100x100.jpeg",100,100,true]},"uagb_author_info":{"display_name":"Lawrence","author_link":"https:\/\/pecbag.com\/es\/author\/"},"uagb_comment_info":0,"uagb_excerpt":"Wholesale Fashion Large Capacity Duffel Bag We provide premium bags with full-size and color customization, durable fabrics, and certified quality. Enjoy flexible MOQs, fast global shipping, and private label solutions. Contact us today!","_links":{"self":[{"href":"https:\/\/pecbag.com\/es\/wp-json\/wp\/v2\/product\/3354","targetHints":{"allow":["GET"]}}],"collection":[{"href":"https:\/\/pecbag.com\/es\/wp-json\/wp\/v2\/product"}],"about":[{"href":"https:\/\/pecbag.com\/es\/wp-json\/wp\/v2\/types\/product"}],"wp:featuredmedia":[{"embeddable":true,"href":"https:\/\/pecbag.com\/es\/wp-json\/wp\/v2\/media\/3360"}],"wp:attachment":[{"href":"https:\/\/pecbag.com\/es\/wp-json\/wp\/v2\/media?parent=3354"}],"wp:term":[{"taxonomy":"product_brand","embeddable":true,"href":"https:\/\/pecbag.com\/es\/wp-json\/wp\/v2\/product_brand?post=3354"},{"taxonomy":"product_cat","embeddable":true,"href":"https:\/\/pecbag.com\/es\/wp-json\/wp\/v2\/product_cat?post=3354"},{"taxonomy":"product_tag","embeddable":true,"href":"https:\/\/pecbag.com\/es\/wp-json\/wp\/v2\/product_tag?post=3354"}],"curies":[{"name":"wp","href":"https:\/\/api.w.org\/{rel}","templated":true}]}}