{"id":3368,"date":"2025-05-26T09:16:35","date_gmt":"2025-05-26T09:16:35","guid":{"rendered":"https:\/\/pecbag.com\/?post_type=product&#038;p=3368"},"modified":"2025-11-29T02:00:35","modified_gmt":"2025-11-29T02:00:35","slug":"airline-friendly-sports-holdall-backpack","status":"publish","type":"product","link":"https:\/\/pecbag.com\/es\/airline-friendly-sports-holdall-backpack\/","title":{"rendered":"Mochila deportiva con m\u00faltiples compartimentos 4 en 1 Airline Friendly"},"content":{"rendered":"<h5 title=\"Bolso plegable para perros Bolso de malla transpirable para mascotas peque\u00f1as Perros Gatos\" data-immersive-translate-walked=\"1c928421-2e42-4cd3-8754-5404553c0af5\" data-immersive-translate-paragraph=\"1\" data-spm-anchor-id=\"a2700.details.0.i35.4f6757d4w4zNZA\">4 en 1 Airline Friendly Multi-Compartment Sports Holdall Backpacks | F\u00e1brica de bolsas a prueba de agua y fabricante de mochilas - Bulk Duffel Bag Solutions<\/h5>\n<div class=\"flex flex-grow flex-col max-w-full\">\n<div class=\"min-h-[20px] text-message flex w-full flex-col items-end gap-2 whitespace-pre-wrap break-words [.text-message+&amp;]:mt-5 overflow-x-auto\" dir=\"auto\" data-message-author-role=\"assistant\" data-message-id=\"3d7d46f6-7ec2-4222-9257-48fa0bba23c6\" data-suggestions=\"true\">\n<div class=\"flex w-full flex-col gap-1 empty:hidden first:pt-[3px]\">\n<div class=\"markdown prose w-full break-words dark:prose-invert light\">\n<table width=\"288\">\n<tbody>\n<tr>\n<td width=\"137\"><span style=\"color: #333333;\">Nombre del producto<\/span><\/td>\n<td width=\"151\">Bolsa de viaje<\/td>\n<\/tr>\n<tr>\n<td><span style=\"color: #333333;\">N\u00ba de art\u00edculo<\/span><\/td>\n<td><span style=\"color: #333333;\">PB-2053<\/span><\/td>\n<\/tr>\n<tr>\n<td><span style=\"color: #333333;\">Material<\/span><\/td>\n<td>Poli\u00e9ster 600D<\/td>\n<\/tr>\n<tr>\n<td><span style=\"color: #333333;\">Talla<\/span><\/td>\n<td>48 X 24 X 25 CM<\/td>\n<\/tr>\n<tr>\n<td><span style=\"color: #333333;\">\u00a0Plazo de entrega<\/span><\/td>\n<td><span style=\"color: #333333;\">1-5 d\u00edas para peque\u00f1as cantidades por v\u00eda a\u00e9rea y 30-35 d\u00edas para grandes cantidades por v\u00eda mar\u00edtima<\/span><\/td>\n<\/tr>\n<\/tbody>\n<\/table>\n<p>Como principal fabricante de bolsas de lona de China y f\u00e1brica de bolsas impermeables, dise\u00f1amos mochilas deportivas vers\u00e1tiles 4 en 1 con m\u00faltiples compartimentos y aptas para aviones para distribuidores de todo el mundo. Nuestra empresa bolsa de lona ofrece:<\/p>\n<p>\u2705 <strong>Dise\u00f1os convertibles<\/strong> (modos mochila\/duffel\/crossbody\/con ruedas)<br \/>\n\u2705 <strong>Conforme a las normas de las compa\u00f1\u00edas a\u00e9reas<\/strong> Dimensiones de 22x14x9 pulgadas con cierres homologados por la TSA<br \/>\n\u2705 <strong>Servicios OEM\/ODM<\/strong> para <strong>mochilas bodega de marca blanca<\/strong> (MOQ 100pcs)<br \/>\n\u2705 <strong>Producci\u00f3n de bolsas de lona a granel<\/strong> con entrega r\u00e1pida en 12 d\u00edas<\/p>\n<p>Con la confianza de mayoristas de bolsas de lona y minoristas deportivos de todo el mundo. Innovaciones clave:<br \/>\n- Nylon bal\u00edstico 1680D con clasificaci\u00f3n de impermeabilidad IPX6<br \/>\n- M\u00e1s de 12 compartimentos especializados (ventilados\/aislados\/seguros RFID)<br \/>\n- Sistema de suspensi\u00f3n de liberaci\u00f3n r\u00e1pida y correas ergon\u00f3micas<\/p>\n<p><strong>Por qu\u00e9 asociarse con nuestra f\u00e1brica de bolsas de lona<\/strong>:<br \/>\n\ud83d\udd39 18 a\u00f1os como principales exportadores de bolsas de lona de China.<br \/>\n\ud83d\udd39 Desarrollo gratuito de prototipos en 3D con tu marca<br \/>\n\ud83d\udd39 Certificaciones CE\/SGS y env\u00edo EXW\/FOB\/DDP<br \/>\n\ud83d\udd39 25% de descuento para vendedores de bolsas de lona en pedidos de m\u00e1s de 2.000 unidades<\/p>\n<p>Solicite muestras gratuitas de nuestras mochilas deportivas holdall 4 en 1 u obtenga presupuestos al instante. Los proveedores de bolsas de lona reciben informes de control de calidad y asistencia para la gesti\u00f3n de inventarios.<\/p>\n<\/div>\n<\/div>\n<\/div>\n<\/div>","protected":false},"excerpt":{"rendered":"<h2 data-immersive-translate-walked=\"344be1c1-5052-41eb-8fcd-0dbe236a0d6b\" data-immersive-translate-paragraph=\"1\">Mochila deportiva con m\u00faltiples compartimentos 4 en 1 Airline Friendly<\/h2>\n<p>Bolsillo para ropa mojada y compartimento para zapatillas: El bolsillo para ropa mojada es perfecto para guardar la ropa sudada o las toallas despu\u00e9s del entrenamiento; El compartimento para zapatillas te permite guardar y acceder f\u00e1cilmente a tus zapatillas de gimnasia sin ensuciar el compartimento principal.<\/p>\n<p>Cruzada o mochila: Nuestra bolsa de viaje se puede cambiar tanto en una bolsa Cross-body y una mochila como quieras, lo que hace que su viaje sea una brisa.<\/p>\n<p>Bolsa multifuncional: La bolsa multifuncional es blanda y tiene amplias aplicaciones. Se puede utilizar como una bolsa de gimnasio, bolsa de deporte, bolsa de viaje, bolsa de fin de semana, bolsa de noche, bolsa de hospital, equipaje de mano, bolsa de nataci\u00f3n, etc.<\/p>","protected":false},"featured_media":3373,"template":"","meta":{"_uag_custom_page_level_css":""},"product_brand":[],"product_cat":[63,56,67],"product_tag":[],"class_list":{"0":"post-3368","1":"product","2":"type-product","3":"status-publish","4":"has-post-thumbnail","6":"product_cat-duffel-bag","7":"product_cat-gym-bag","8":"product_cat-sports-bag","10":"first","11":"instock","12":"shipping-taxable","13":"product-type-simple"},"uagb_featured_image_src":{"full":["https:\/\/pecbag.com\/wp-content\/uploads\/2025\/05\/4-In-1-Airline-Friendly-Multi-Compartment-Sports-Holdall-Backpack-3.jpeg",1500,1500,false],"thumbnail":["https:\/\/pecbag.com\/wp-content\/uploads\/2025\/05\/4-In-1-Airline-Friendly-Multi-Compartment-Sports-Holdall-Backpack-3-150x150.jpeg",150,150,true],"medium":["https:\/\/pecbag.com\/wp-content\/uploads\/2025\/05\/4-In-1-Airline-Friendly-Multi-Compartment-Sports-Holdall-Backpack-3-300x300.jpeg",300,300,true],"medium_large":["https:\/\/pecbag.com\/wp-content\/uploads\/2025\/05\/4-In-1-Airline-Friendly-Multi-Compartment-Sports-Holdall-Backpack-3-768x768.jpeg",768,768,true],"large":["https:\/\/pecbag.com\/wp-content\/uploads\/2025\/05\/4-In-1-Airline-Friendly-Multi-Compartment-Sports-Holdall-Backpack-3-1024x1024.jpeg",800,800,true],"1536x1536":["https:\/\/pecbag.com\/wp-content\/uploads\/2025\/05\/4-In-1-Airline-Friendly-Multi-Compartment-Sports-Holdall-Backpack-3.jpeg",1500,1500,false],"2048x2048":["https:\/\/pecbag.com\/wp-content\/uploads\/2025\/05\/4-In-1-Airline-Friendly-Multi-Compartment-Sports-Holdall-Backpack-3.jpeg",1500,1500,false],"trp-custom-language-flag":["https:\/\/pecbag.com\/wp-content\/uploads\/2025\/05\/4-In-1-Airline-Friendly-Multi-Compartment-Sports-Holdall-Backpack-3-12x12.jpeg",12,12,true],"woocommerce_thumbnail":["https:\/\/pecbag.com\/wp-content\/uploads\/2025\/05\/4-In-1-Airline-Friendly-Multi-Compartment-Sports-Holdall-Backpack-3-300x300.jpeg",300,300,true],"woocommerce_single":["https:\/\/pecbag.com\/wp-content\/uploads\/2025\/05\/4-In-1-Airline-Friendly-Multi-Compartment-Sports-Holdall-Backpack-3-600x600.jpeg",600,600,true],"woocommerce_gallery_thumbnail":["https:\/\/pecbag.com\/wp-content\/uploads\/2025\/05\/4-In-1-Airline-Friendly-Multi-Compartment-Sports-Holdall-Backpack-3-100x100.jpeg",100,100,true]},"uagb_author_info":{"display_name":"Lawrence","author_link":"https:\/\/pecbag.com\/es\/author\/"},"uagb_comment_info":0,"uagb_excerpt":"4 In 1 Airline Friendly Multi-Compartment Sports Holdall Backpack Wet Pocket &amp; Shoe Compartment: The wet pocket is perfect for storing sweaty clothes or towels after your workout; The shoe compartment allows you to easily store and access your gym shoes without dirtying the main compartment. Cross-body or Backpack: Our Travel bag can be changed&hellip;","_links":{"self":[{"href":"https:\/\/pecbag.com\/es\/wp-json\/wp\/v2\/product\/3368","targetHints":{"allow":["GET"]}}],"collection":[{"href":"https:\/\/pecbag.com\/es\/wp-json\/wp\/v2\/product"}],"about":[{"href":"https:\/\/pecbag.com\/es\/wp-json\/wp\/v2\/types\/product"}],"wp:featuredmedia":[{"embeddable":true,"href":"https:\/\/pecbag.com\/es\/wp-json\/wp\/v2\/media\/3373"}],"wp:attachment":[{"href":"https:\/\/pecbag.com\/es\/wp-json\/wp\/v2\/media?parent=3368"}],"wp:term":[{"taxonomy":"product_brand","embeddable":true,"href":"https:\/\/pecbag.com\/es\/wp-json\/wp\/v2\/product_brand?post=3368"},{"taxonomy":"product_cat","embeddable":true,"href":"https:\/\/pecbag.com\/es\/wp-json\/wp\/v2\/product_cat?post=3368"},{"taxonomy":"product_tag","embeddable":true,"href":"https:\/\/pecbag.com\/es\/wp-json\/wp\/v2\/product_tag?post=3368"}],"curies":[{"name":"wp","href":"https:\/\/api.w.org\/{rel}","templated":true}]}}