{"id":3375,"date":"2025-05-26T09:33:23","date_gmt":"2025-05-26T09:33:23","guid":{"rendered":"https:\/\/pecbag.com\/?post_type=product&#038;p=3375"},"modified":"2025-11-29T02:00:28","modified_gmt":"2025-11-29T02:00:28","slug":"hot-selling-tackle-fishing-rod-bag","status":"publish","type":"product","link":"https:\/\/pecbag.com\/es\/hot-selling-tackle-fishing-rod-bag\/","title":{"rendered":"Hot Selling Tackle Ca\u00f1a de pescar Bolsa"},"content":{"rendered":"<h5 title=\"Bolso plegable para perros Bolso de malla transpirable para mascotas peque\u00f1as Perros Gatos\" data-immersive-translate-walked=\"1c928421-2e42-4cd3-8754-5404553c0af5\" data-immersive-translate-paragraph=\"1\" data-spm-anchor-id=\"a2700.details.0.i35.4f6757d4w4zNZA\">Venta caliente de pesca Tackle Rod Bolsas | F\u00e1brica de bolsas a prueba de agua y Mochila Fabricante - Bulk Fishing Gear Solutions<\/h5>\n<div class=\"flex flex-grow flex-col max-w-full\">\n<div class=\"min-h-[20px] text-message flex w-full flex-col items-end gap-2 whitespace-pre-wrap break-words [.text-message+&amp;]:mt-5 overflow-x-auto\" dir=\"auto\" data-message-author-role=\"assistant\" data-message-id=\"3d7d46f6-7ec2-4222-9257-48fa0bba23c6\" data-suggestions=\"true\">\n<div class=\"flex w-full flex-col gap-1 empty:hidden first:pt-[3px]\">\n<div class=\"markdown prose w-full break-words dark:prose-invert light\">\n<table width=\"288\">\n<tbody>\n<tr>\n<td width=\"137\"><span style=\"color: #333333;\">Nombre del producto<\/span><\/td>\n<td width=\"151\">Bolsa de pesca<\/td>\n<\/tr>\n<tr>\n<td><span style=\"color: #333333;\">N\u00ba de art\u00edculo<\/span><\/td>\n<td><span style=\"color: #333333;\">PB-2054<\/span><\/td>\n<\/tr>\n<tr>\n<td><span style=\"color: #333333;\">Material<\/span><\/td>\n<td>Poli\u00e9ster 600D<\/td>\n<\/tr>\n<tr>\n<td><span style=\"color: #333333;\">Talla<\/span><\/td>\n<td>30*15*20cm<\/td>\n<\/tr>\n<tr>\n<td><span style=\"color: #333333;\">\u00a0Plazo de entrega<\/span><\/td>\n<td><span style=\"color: #333333;\">1-5 d\u00edas para peque\u00f1as cantidades por v\u00eda a\u00e9rea y 30-35 d\u00edas para grandes cantidades por v\u00eda mar\u00edtima<\/span><\/td>\n<\/tr>\n<\/tbody>\n<\/table>\n<p>Como fabricante l\u00edder en China de bolsas de pesca y f\u00e1brica de bolsas impermeables, producimos bolsas de primera calidad para ca\u00f1as de pescar para distribuidores globales. Nuestra empresa bolsa de pesca ofrece:<\/p>\n<p>\u2705 <strong>Bolsas con capacidad para 3-7 varillas<\/strong> con protectores de tubo de PVC y tejido Oxford 600D<br \/>\n\u2705 <strong>Bolsas de pesca personalizadas<\/strong> con cajas de aparejos modulares (MOQ 50pcs)<br \/>\n\u2705 <strong>Servicios OEM\/ODM<\/strong> para <strong>artes de pesca de marca propia<\/strong><br \/>\n\u2705 <strong>Producci\u00f3n de bolsas de pesca a granel<\/strong> con entrega r\u00e1pida en 10 d\u00edas<\/p>\n<p>Con la confianza de mayoristas de bolsas de pesca y marcas de actividades al aire libre de todo el mundo. Las caracter\u00edsticas incluyen:<br \/>\n- Cremalleras impermeables IPX5 y tirantes reforzados<br \/>\n- Bolsillos de malla de secado r\u00e1pido y herrajes met\u00e1licos resistentes al \u00f3xido<br \/>\n- Dise\u00f1os convertibles en mochila\/cuerpo cruzado<\/p>\n<p><strong>Por qu\u00e9 elegir nuestra f\u00e1brica de bolsas de pesca<\/strong>:<br \/>\n\ud83d\udd39 12+ a\u00f1os como exportadores superiores del bolso de pesca de China.<br \/>\n\ud83d\udd39 Dise\u00f1o 3D gratuito con su logotipo y combinaci\u00f3n de colores<br \/>\n\ud83d\udd39 Certificaciones CE\/SGS y soporte de env\u00edo DDP<br \/>\n\ud83d\udd39 20% de descuento en pedidos superiores a 1.000 unidades para vendedores de bolsas de pesca<\/p>\n<p>Solicite muestras gratuitas de nuestras bolsas para ca\u00f1as de pescar u obtenga presupuestos al instante. Los proveedores de bolsas de pesca reciben prioridad en las franjas horarias de producci\u00f3n y los informes de control de calidad.<\/p>\n<\/div>\n<\/div>\n<\/div>\n<\/div>","protected":false},"excerpt":{"rendered":"<h2 data-immersive-translate-walked=\"344be1c1-5052-41eb-8fcd-0dbe236a0d6b\" data-immersive-translate-paragraph=\"1\">Hot Selling Tackle Ca\u00f1a de pescar Bolsa<\/h2>\n<p>1. PROTECCI\u00d3N FIABLE: Nuestra bolsa de pesca est\u00e1 construida de material resistente al agua para asegurar que su equipo se mantiene seco, seguro y f\u00e1cil.<br \/>\npara acceder.<\/p>\n<p>2. MUCHO ESPACIO: Esta bolsa para ca\u00f1as y aparejos est\u00e1 construida con ocho divisores exteriores para todas tus ca\u00f1as, carretes, moscas, sedales y otros.<br \/>\nequipo. Lleva f\u00e1cilmente todo lo que necesites al lago o al r\u00edo y no te preocupes por dejarte nada.<\/p>\n<p>3. PORTABLE: C\u00f3gela y vete. Esta bolsa combinada para ca\u00f1as de pescar tiene dos asas acolchadas y una correa para el hombro extra\u00edble. Es f\u00e1cil de<br \/>\ny cuenta con resistentes cremalleras en los bolsillos exteriores.<\/p>\n<p>4. DIMENSIONES: Esta bolsa mide 31,5\u2033 x 9,5\u2033 x 6\u2033 en el exterior y cuenta con un compartimento principal de 30,5\u2033 x 8,75\u2033 x 3,75\u2033.<br \/>\nTiene el tama\u00f1o perfecto para tenerlo todo organizado y al alcance de la mano, a la vez que mantiene un dise\u00f1o f\u00e1cilmente transportable.<\/p>","protected":false},"featured_media":3378,"template":"","meta":{"_uag_custom_page_level_css":""},"product_brand":[],"product_cat":[61,62,46],"product_tag":[],"class_list":{"0":"post-3375","1":"product","2":"type-product","3":"status-publish","4":"has-post-thumbnail","6":"product_cat-chest-bag","7":"product_cat-crossbody-bags","8":"product_cat-fishing-bag","10":"first","11":"instock","12":"shipping-taxable","13":"product-type-simple"},"uagb_featured_image_src":{"full":["https:\/\/pecbag.com\/wp-content\/uploads\/2025\/05\/Hot-Selling-Tackle-Fishing-Rod-Bag-2-scaled.jpg",2560,1920,false],"thumbnail":["https:\/\/pecbag.com\/wp-content\/uploads\/2025\/05\/Hot-Selling-Tackle-Fishing-Rod-Bag-2-150x150.jpg",150,150,true],"medium":["https:\/\/pecbag.com\/wp-content\/uploads\/2025\/05\/Hot-Selling-Tackle-Fishing-Rod-Bag-2-300x225.jpg",300,225,true],"medium_large":["https:\/\/pecbag.com\/wp-content\/uploads\/2025\/05\/Hot-Selling-Tackle-Fishing-Rod-Bag-2-768x576.jpg",768,576,true],"large":["https:\/\/pecbag.com\/wp-content\/uploads\/2025\/05\/Hot-Selling-Tackle-Fishing-Rod-Bag-2-1024x768.jpg",800,600,true],"1536x1536":["https:\/\/pecbag.com\/wp-content\/uploads\/2025\/05\/Hot-Selling-Tackle-Fishing-Rod-Bag-2-1536x1152.jpg",1536,1152,true],"2048x2048":["https:\/\/pecbag.com\/wp-content\/uploads\/2025\/05\/Hot-Selling-Tackle-Fishing-Rod-Bag-2-2048x1536.jpg",2048,1536,true],"trp-custom-language-flag":["https:\/\/pecbag.com\/wp-content\/uploads\/2025\/05\/Hot-Selling-Tackle-Fishing-Rod-Bag-2-16x12.jpg",16,12,true],"woocommerce_thumbnail":["https:\/\/pecbag.com\/wp-content\/uploads\/2025\/05\/Hot-Selling-Tackle-Fishing-Rod-Bag-2-300x300.jpg",300,300,true],"woocommerce_single":["https:\/\/pecbag.com\/wp-content\/uploads\/2025\/05\/Hot-Selling-Tackle-Fishing-Rod-Bag-2-600x450.jpg",600,450,true],"woocommerce_gallery_thumbnail":["https:\/\/pecbag.com\/wp-content\/uploads\/2025\/05\/Hot-Selling-Tackle-Fishing-Rod-Bag-2-100x100.jpg",100,100,true]},"uagb_author_info":{"display_name":"Lawrence","author_link":"https:\/\/pecbag.com\/es\/author\/"},"uagb_comment_info":0,"uagb_excerpt":"Hot Selling Tackle Fishing Rod Bag 1. RELIABLE PROTECTION: Our fishing bag is constructed of water-resistant material to ensure your gear stays dry, safe, and easy to access. 2. LOTS OF ROOM: This rod and tackle bag is built with eight exterior dividers for all of your rods, reels, flies, line, and other gear. Easily&hellip;","_links":{"self":[{"href":"https:\/\/pecbag.com\/es\/wp-json\/wp\/v2\/product\/3375","targetHints":{"allow":["GET"]}}],"collection":[{"href":"https:\/\/pecbag.com\/es\/wp-json\/wp\/v2\/product"}],"about":[{"href":"https:\/\/pecbag.com\/es\/wp-json\/wp\/v2\/types\/product"}],"wp:featuredmedia":[{"embeddable":true,"href":"https:\/\/pecbag.com\/es\/wp-json\/wp\/v2\/media\/3378"}],"wp:attachment":[{"href":"https:\/\/pecbag.com\/es\/wp-json\/wp\/v2\/media?parent=3375"}],"wp:term":[{"taxonomy":"product_brand","embeddable":true,"href":"https:\/\/pecbag.com\/es\/wp-json\/wp\/v2\/product_brand?post=3375"},{"taxonomy":"product_cat","embeddable":true,"href":"https:\/\/pecbag.com\/es\/wp-json\/wp\/v2\/product_cat?post=3375"},{"taxonomy":"product_tag","embeddable":true,"href":"https:\/\/pecbag.com\/es\/wp-json\/wp\/v2\/product_tag?post=3375"}],"curies":[{"name":"wp","href":"https:\/\/api.w.org\/{rel}","templated":true}]}}