{"id":3389,"date":"2025-05-26T10:00:36","date_gmt":"2025-05-26T10:00:36","guid":{"rendered":"https:\/\/pecbag.com\/?post_type=product&#038;p=3389"},"modified":"2025-11-29T02:00:22","modified_gmt":"2025-11-29T02:00:22","slug":"new-design-portable-large-fishing-cooler-bag","status":"publish","type":"product","link":"https:\/\/pecbag.com\/es\/new-design-portable-large-fishing-cooler-bag\/","title":{"rendered":"Bolsa Nevera Port\u00e1til de Nuevo Dise\u00f1o para Pesca"},"content":{"rendered":"<h5 title=\"Bolso plegable para perros Bolso de malla transpirable para mascotas peque\u00f1as Perros Gatos\" data-immersive-translate-walked=\"1c928421-2e42-4cd3-8754-5404553c0af5\" data-immersive-translate-paragraph=\"1\" data-spm-anchor-id=\"a2700.details.0.i35.4f6757d4w4zNZA\">Nuevo dise\u00f1o port\u00e1til grande pesca Cooler Bag Fabricante | Vers\u00e1til f\u00e1brica de ropa de mascotas y ropa de perro Fabricante | OEM a granel<\/h5>\n<div class=\"flex flex-grow flex-col max-w-full\">\n<div class=\"min-h-[20px] text-message flex w-full flex-col items-end gap-2 whitespace-pre-wrap break-words [.text-message+&amp;]:mt-5 overflow-x-auto\" dir=\"auto\" data-message-author-role=\"assistant\" data-message-id=\"3d7d46f6-7ec2-4222-9257-48fa0bba23c6\" data-suggestions=\"true\">\n<div class=\"flex w-full flex-col gap-1 empty:hidden first:pt-[3px]\">\n<div class=\"markdown prose w-full break-words dark:prose-invert light\">\n<table width=\"288\">\n<tbody>\n<tr>\n<td width=\"137\"><span style=\"color: #333333;\">Nombre del producto<\/span><\/td>\n<td width=\"151\">Bolsa de pesca<\/td>\n<\/tr>\n<tr>\n<td><span style=\"color: #333333;\">N\u00ba de art\u00edculo<\/span><\/td>\n<td><span style=\"color: #333333;\">PB-210<\/span><\/td>\n<\/tr>\n<tr>\n<td><span style=\"color: #333333;\">Material<\/span><\/td>\n<td>Lona 500D PVC<\/td>\n<\/tr>\n<tr>\n<td><span style=\"color: #333333;\">Talla<\/span><\/td>\n<td>Aceptar personalizado<\/td>\n<\/tr>\n<tr>\n<td><span style=\"color: #333333;\">\u00a0Plazo de entrega<\/span><\/td>\n<td><span style=\"color: #333333;\">1-5 d\u00edas para peque\u00f1as cantidades por v\u00eda a\u00e9rea y 30-35 d\u00edas para grandes cantidades por v\u00eda mar\u00edtima<\/span><\/td>\n<\/tr>\n<\/tbody>\n<\/table>\n<p class=\"ds-markdown-paragraph\">Necesitas Bolsas Nevera Port\u00e1tiles de Pesca de Nuevo Dise\u00f1o que mantengan frescas las capturas\u00a0<em>y<\/em>\u00a0\u00bfun equipo organizado? Como f\u00e1brica multiproducto de ropa para mascotas y fabricante de ropa para perros en China, aprovechamos nuestra experiencia para crear bolsas nevera port\u00e1tiles de pesca de gran tama\u00f1o y nuevo dise\u00f1o de primera calidad, en las que conf\u00edan las marcas de pesca, los minoristas de actividades al aire libre y los mayoristas de bolsas de pesca.<\/p>\n<p class=\"ds-markdown-paragraph\">\u2705\u00a0<strong>Por qu\u00e9 nos eligen pescadores y minoristas:<\/strong><\/p>\n<ul>\n<li>\n<p class=\"ds-markdown-paragraph\"><strong>Retenci\u00f3n del hielo durante todo el d\u00eda<\/strong>: Aislamiento ecol\u00f3gico de 5 cm + costuras estancas: \u00a1mant\u00e9n el pescado y las bebidas fr\u00edas m\u00e1s de 48 horas!<\/p>\n<\/li>\n<li>\n<p class=\"ds-markdown-paragraph\"><strong>Port\u00e1til pero espacioso<\/strong>Capacidad de 60 litros + ruedas plegables\/mango telesc\u00f3pico: transporte cargas pesadas sin esfuerzo.<\/p>\n<\/li>\n<li>\n<p class=\"ds-markdown-paragraph\"><strong>Pedidos a granel<\/strong>: \u00a1Producir Bolsa de pesca pedidos a granel (MOQ 50pcs) a trav\u00e9s de la bolsa de pesca ODM \/ OEM o de marca propia en 12 d\u00edas!<\/p>\n<\/li>\n<li>\n<p class=\"ds-markdown-paragraph\"><strong>Ventaja de costes en China<\/strong>: Como una f\u00e1brica superior de la bolsa de pesca de China, la calidad pro-grado cumple con precios inmejorables.<\/p>\n<\/li>\n<\/ul>\n<p class=\"ds-markdown-paragraph\"><strong>Caracter\u00edsticas que atraen las ventas:<\/strong><br \/>\n\ud83d\udd39\u00a0<strong>Dise\u00f1o espec\u00edfico para peces<\/strong>: Tap\u00f3n de vaciado + bandejas de cebo extra\u00edbles + herrajes inoxidables<br \/>\n\ud83d\udd39 Organizaci\u00f3n del material: m\u00e1s de 8 compartimentos modulares + portaca\u00f1as<br \/>\n\ud83d\udd39 Carcasa recubierta de TPU 1200D (IPX6 impermeable) + base resistente a la rotura.<br \/>\n\ud83d\udd39 Interiores con certificaci\u00f3n OEKO-TEX: no hay manchas qu\u00edmicas que atrapar.<\/p>\n<p class=\"ds-markdown-paragraph\"><strong>Perfecto para:<\/strong><\/p>\n<ul>\n<li>\n<p class=\"ds-markdown-paragraph\">Tiendas de art\u00edculos de pesca y vendedores de bolsas de pesca<\/p>\n<\/li>\n<li>\n<p class=\"ds-markdown-paragraph\">Mayoristas de cadenas de exterior y bolsas de pesca<\/p>\n<\/li>\n<li>\n<p class=\"ds-markdown-paragraph\">Startups que crean marcas blancas de bolsas de pesca<\/p>\n<\/li>\n<\/ul>\n<p class=\"ds-markdown-paragraph\"><strong>Su viaje a la producci\u00f3n:<\/strong><br \/>\n1\ufe0f\u20e3 Personalice los colores y el logotipo (o elija m\u00e1s de 40 dise\u00f1os espec\u00edficos de pesca)<br \/>\n2\ufe0f\u20e3 Prototipo en 6 d\u00edas \u2192 prueba en agua \u2192 producci\u00f3n en serie.<br \/>\n3\ufe0f\u20e3 Env\u00edo a trav\u00e9s de redes de exportaci\u00f3n de bolsas de pesca (DDP a\u00e9reo\/mar\u00edtimo en todo el mundo)<\/p>\n<p class=\"ds-markdown-paragraph\"><strong>Credenciales de f\u00e1brica:<\/strong><br \/>\n\u2705 M\u00e1s de 12 a\u00f1os de experiencia en fabricaci\u00f3n (art\u00edculos para mascotas y productos para exteriores)<br \/>\n\u2705 30% aislamiento m\u00e1s grueso vs refrigeradores est\u00e1ndar<br \/>\nCertificaciones: ISO 9001, SGS, BSCI<\/p>\n<p class=\"ds-markdown-paragraph\"><strong>\u00bfListo para conseguir pedidos m\u00e1s grandes?<\/strong><br \/>\n\ud83d\udc49\u00a0<strong>Muestras gratuitas analizadas con agua<\/strong>\u00a0\ud83d\udc49 15% dep\u00f3sito \ud83d\udc49 24h cotizaciones<\/p>\n<\/div>\n<\/div>\n<\/div>\n<\/div>","protected":false},"excerpt":{"rendered":"<h2 data-immersive-translate-walked=\"344be1c1-5052-41eb-8fcd-0dbe236a0d6b\" data-immersive-translate-paragraph=\"1\">Bolsa Nevera Port\u00e1til de Nuevo Dise\u00f1o para Pesca<\/h2>\n<p>Proporcionamos bolsas de primera calidad con personalizaci\u00f3n completa de tama\u00f1os y colores, tejidos duraderos y calidad certificada.<\/p>\n<p>Disfrute de MOQ flexibles, env\u00edos r\u00e1pidos a todo el mundo y soluciones de marca blanca.<\/p>\n<p>P\u00f3ngase en contacto con nosotros<\/p>","protected":false},"featured_media":4071,"template":"","meta":{"_uag_custom_page_level_css":""},"product_brand":[],"product_cat":[46,50],"product_tag":[],"class_list":{"0":"post-3389","1":"product","2":"type-product","3":"status-publish","4":"has-post-thumbnail","6":"product_cat-fishing-bag","7":"product_cat-cooler-bag","9":"first","10":"instock","11":"shipping-taxable","12":"product-type-simple"},"uagb_featured_image_src":{"full":["https:\/\/pecbag.com\/wp-content\/uploads\/2025\/06\/New-Design-Portable-Large-Fishing-Cooler-Bag-5.jpg",1000,1000,false],"thumbnail":["https:\/\/pecbag.com\/wp-content\/uploads\/2025\/06\/New-Design-Portable-Large-Fishing-Cooler-Bag-5-150x150.jpg",150,150,true],"medium":["https:\/\/pecbag.com\/wp-content\/uploads\/2025\/06\/New-Design-Portable-Large-Fishing-Cooler-Bag-5-300x300.jpg",300,300,true],"medium_large":["https:\/\/pecbag.com\/wp-content\/uploads\/2025\/06\/New-Design-Portable-Large-Fishing-Cooler-Bag-5-768x768.jpg",768,768,true],"large":["https:\/\/pecbag.com\/wp-content\/uploads\/2025\/06\/New-Design-Portable-Large-Fishing-Cooler-Bag-5.jpg",800,800,false],"1536x1536":["https:\/\/pecbag.com\/wp-content\/uploads\/2025\/06\/New-Design-Portable-Large-Fishing-Cooler-Bag-5.jpg",1000,1000,false],"2048x2048":["https:\/\/pecbag.com\/wp-content\/uploads\/2025\/06\/New-Design-Portable-Large-Fishing-Cooler-Bag-5.jpg",1000,1000,false],"trp-custom-language-flag":["https:\/\/pecbag.com\/wp-content\/uploads\/2025\/06\/New-Design-Portable-Large-Fishing-Cooler-Bag-5-12x12.jpg",12,12,true],"woocommerce_thumbnail":["https:\/\/pecbag.com\/wp-content\/uploads\/2025\/06\/New-Design-Portable-Large-Fishing-Cooler-Bag-5-300x300.jpg",300,300,true],"woocommerce_single":["https:\/\/pecbag.com\/wp-content\/uploads\/2025\/06\/New-Design-Portable-Large-Fishing-Cooler-Bag-5-600x600.jpg",600,600,true],"woocommerce_gallery_thumbnail":["https:\/\/pecbag.com\/wp-content\/uploads\/2025\/06\/New-Design-Portable-Large-Fishing-Cooler-Bag-5-100x100.jpg",100,100,true]},"uagb_author_info":{"display_name":"Lawrence","author_link":"https:\/\/pecbag.com\/es\/author\/"},"uagb_comment_info":0,"uagb_excerpt":"New Design Portable Large Fishing Cooler Bag We provide premium bags with full-size and color customization, durable fabrics, and certified quality. Enjoy flexible MOQs, fast global shipping, and private label solutions. Contact us today!","_links":{"self":[{"href":"https:\/\/pecbag.com\/es\/wp-json\/wp\/v2\/product\/3389","targetHints":{"allow":["GET"]}}],"collection":[{"href":"https:\/\/pecbag.com\/es\/wp-json\/wp\/v2\/product"}],"about":[{"href":"https:\/\/pecbag.com\/es\/wp-json\/wp\/v2\/types\/product"}],"wp:featuredmedia":[{"embeddable":true,"href":"https:\/\/pecbag.com\/es\/wp-json\/wp\/v2\/media\/4071"}],"wp:attachment":[{"href":"https:\/\/pecbag.com\/es\/wp-json\/wp\/v2\/media?parent=3389"}],"wp:term":[{"taxonomy":"product_brand","embeddable":true,"href":"https:\/\/pecbag.com\/es\/wp-json\/wp\/v2\/product_brand?post=3389"},{"taxonomy":"product_cat","embeddable":true,"href":"https:\/\/pecbag.com\/es\/wp-json\/wp\/v2\/product_cat?post=3389"},{"taxonomy":"product_tag","embeddable":true,"href":"https:\/\/pecbag.com\/es\/wp-json\/wp\/v2\/product_tag?post=3389"}],"curies":[{"name":"wp","href":"https:\/\/api.w.org\/{rel}","templated":true}]}}