{"id":3417,"date":"2025-05-27T00:57:12","date_gmt":"2025-05-27T00:57:12","guid":{"rendered":"https:\/\/pecbag.com\/?post_type=product&#038;p=3417"},"modified":"2025-11-29T01:59:06","modified_gmt":"2025-11-29T01:59:06","slug":"600d-oxford-fishing-pole-bag","status":"publish","type":"product","link":"https:\/\/pecbag.com\/es\/600d-oxford-fishing-pole-bag\/","title":{"rendered":"Bolsa Oxford 600D para ca\u00f1as de pescar"},"content":{"rendered":"<h5 title=\"Bolso plegable para perros Bolso de malla transpirable para mascotas peque\u00f1as Perros Gatos\" data-immersive-translate-walked=\"1c928421-2e42-4cd3-8754-5404553c0af5\" data-immersive-translate-paragraph=\"1\" data-spm-anchor-id=\"a2700.details.0.i35.4f6757d4w4zNZA\">600D Oxford Bolsas de ca\u00f1a de pescar | F\u00e1brica de bolsas a prueba de agua y fabricante de mochilas - Bulk Fishing Gear Solutions<\/h5>\n<div class=\"flex flex-grow flex-col max-w-full\">\n<div class=\"min-h-[20px] text-message flex w-full flex-col items-end gap-2 whitespace-pre-wrap break-words [.text-message+&amp;]:mt-5 overflow-x-auto\" dir=\"auto\" data-message-author-role=\"assistant\" data-message-id=\"3d7d46f6-7ec2-4222-9257-48fa0bba23c6\" data-suggestions=\"true\">\n<div class=\"flex w-full flex-col gap-1 empty:hidden first:pt-[3px]\">\n<div class=\"markdown prose w-full break-words dark:prose-invert light\">\n<table width=\"288\">\n<tbody>\n<tr>\n<td width=\"137\"><span style=\"color: #333333;\">Nombre del producto<\/span><\/td>\n<td width=\"151\">Bolsa de pesca<\/td>\n<\/tr>\n<tr>\n<td><span style=\"color: #333333;\">N\u00ba de art\u00edculo<\/span><\/td>\n<td><span style=\"color: #333333;\">PB-2057<\/span><\/td>\n<\/tr>\n<tr>\n<td><span style=\"color: #333333;\">Material<\/span><\/td>\n<td>600D Oxford<\/td>\n<\/tr>\n<tr>\n<td><span style=\"color: #333333;\">Talla<\/span><\/td>\n<td>48,4\u2033L x 13,4\u2033D<\/td>\n<\/tr>\n<tr>\n<td><span style=\"color: #333333;\">\u00a0Plazo de entrega<\/span><\/td>\n<td><span style=\"color: #333333;\">1-5 d\u00edas para peque\u00f1as cantidades por v\u00eda a\u00e9rea y 30-35 d\u00edas para grandes cantidades por v\u00eda mar\u00edtima<\/span><\/td>\n<\/tr>\n<\/tbody>\n<\/table>\n<p>Como fabricante l\u00edder en China de bolsas de pesca y f\u00e1brica de bolsas impermeables, elaboramos bolsas Oxford 600D de alta resistencia para ca\u00f1as de pescar para pescadores de todo el mundo. Nuestra empresa bolsa de pesca ofrece:<\/p>\n<p>\u2705 <strong>Tejido Oxford 600D de calidad militar<\/strong> con revestimiento impermeable de TPU<br \/>\n\u2705 <strong>Bolsas para ca\u00f1as personalizadas<\/strong> para 5-9 ca\u00f1as con protectores de punta reforzados (MOQ 50pcs)<br \/>\n\u2705 <strong>Servicios OEM\/ODM<\/strong> para <strong>artes de pesca de marca propia<\/strong><br \/>\n\u2705 <strong>Producci\u00f3n de bolsas de pesca a granel<\/strong> con entrega r\u00e1pida en 12 d\u00edas<\/p>\n<p>Con la confianza de mayoristas de bolsas de pesca y proveedores n\u00e1uticos de todo el mundo. Caracter\u00edsticas principales:<br \/>\n- Tirantes acolchados y sistema de correas de compresi\u00f3n<br \/>\n- Bolsillos de malla de secado r\u00e1pido y cremalleras resistentes a la corrosi\u00f3n<br \/>\n- Dise\u00f1os convertibles en mochila\/cuerpo cruzado<\/p>\n<p><strong>Por qu\u00e9 elegir nuestra f\u00e1brica de bolsas de pesca<\/strong>:<br \/>\n\ud83d\udd39 15+ a\u00f1os como exportadores superiores del bolso de pesca de China.<br \/>\n\ud83d\udd39 Dise\u00f1o gratuito de un pack tecnol\u00f3gico en 3D con tu marca<br \/>\n\ud83d\udd39 Certificaciones CE\/SGS y condiciones EXW\/FOB\/DDP<br \/>\n\ud83d\udd39 25% descuento para vendedores de bolsas de pesca en m\u00e1s de 2.000 unidades<\/p>\n<p>Solicite muestras gratuitas de nuestras bolsas Oxford 600D para ca\u00f1as de pescar u obtenga presupuestos al instante. Los proveedores de bolsas de pesca obtienen gestores de control de calidad dedicados y seguimiento de lotes.<\/p>\n<\/div>\n<\/div>\n<\/div>\n<\/div>","protected":false},"excerpt":{"rendered":"<h2 data-immersive-translate-walked=\"344be1c1-5052-41eb-8fcd-0dbe236a0d6b\" data-immersive-translate-paragraph=\"1\">Bolsa Oxford 600D para ca\u00f1as de pescar<\/h2>\n<p>Proporcionamos bolsas de primera calidad con personalizaci\u00f3n completa de tama\u00f1os y colores, tejidos duraderos y calidad certificada.<\/p>\n<p>Disfrute de MOQ flexibles, env\u00edos r\u00e1pidos a todo el mundo y soluciones de marca blanca.<\/p>\n<p>P\u00f3ngase en contacto con nosotros<\/p>","protected":false},"featured_media":3419,"template":"","meta":{"_uag_custom_page_level_css":""},"product_brand":[],"product_cat":[46],"product_tag":[],"class_list":{"0":"post-3417","1":"product","2":"type-product","3":"status-publish","4":"has-post-thumbnail","6":"product_cat-fishing-bag","8":"first","9":"instock","10":"shipping-taxable","11":"product-type-simple"},"uagb_featured_image_src":{"full":["https:\/\/pecbag.com\/wp-content\/uploads\/2025\/05\/600D-Oxford-Fishing-Pole-Bag-1.jpeg",1000,1000,false],"thumbnail":["https:\/\/pecbag.com\/wp-content\/uploads\/2025\/05\/600D-Oxford-Fishing-Pole-Bag-1-150x150.jpeg",150,150,true],"medium":["https:\/\/pecbag.com\/wp-content\/uploads\/2025\/05\/600D-Oxford-Fishing-Pole-Bag-1-300x300.jpeg",300,300,true],"medium_large":["https:\/\/pecbag.com\/wp-content\/uploads\/2025\/05\/600D-Oxford-Fishing-Pole-Bag-1-768x768.jpeg",768,768,true],"large":["https:\/\/pecbag.com\/wp-content\/uploads\/2025\/05\/600D-Oxford-Fishing-Pole-Bag-1.jpeg",800,800,false],"1536x1536":["https:\/\/pecbag.com\/wp-content\/uploads\/2025\/05\/600D-Oxford-Fishing-Pole-Bag-1.jpeg",1000,1000,false],"2048x2048":["https:\/\/pecbag.com\/wp-content\/uploads\/2025\/05\/600D-Oxford-Fishing-Pole-Bag-1.jpeg",1000,1000,false],"trp-custom-language-flag":["https:\/\/pecbag.com\/wp-content\/uploads\/2025\/05\/600D-Oxford-Fishing-Pole-Bag-1-12x12.jpeg",12,12,true],"woocommerce_thumbnail":["https:\/\/pecbag.com\/wp-content\/uploads\/2025\/05\/600D-Oxford-Fishing-Pole-Bag-1-300x300.jpeg",300,300,true],"woocommerce_single":["https:\/\/pecbag.com\/wp-content\/uploads\/2025\/05\/600D-Oxford-Fishing-Pole-Bag-1-600x600.jpeg",600,600,true],"woocommerce_gallery_thumbnail":["https:\/\/pecbag.com\/wp-content\/uploads\/2025\/05\/600D-Oxford-Fishing-Pole-Bag-1-100x100.jpeg",100,100,true]},"uagb_author_info":{"display_name":"Lawrence","author_link":"https:\/\/pecbag.com\/es\/author\/"},"uagb_comment_info":0,"uagb_excerpt":"600D Oxford Fishing Pole Bag We provide premium bags with full-size and color customization, durable fabrics, and certified quality. Enjoy flexible MOQs, fast global shipping, and private label solutions. Contact us today!","_links":{"self":[{"href":"https:\/\/pecbag.com\/es\/wp-json\/wp\/v2\/product\/3417","targetHints":{"allow":["GET"]}}],"collection":[{"href":"https:\/\/pecbag.com\/es\/wp-json\/wp\/v2\/product"}],"about":[{"href":"https:\/\/pecbag.com\/es\/wp-json\/wp\/v2\/types\/product"}],"wp:featuredmedia":[{"embeddable":true,"href":"https:\/\/pecbag.com\/es\/wp-json\/wp\/v2\/media\/3419"}],"wp:attachment":[{"href":"https:\/\/pecbag.com\/es\/wp-json\/wp\/v2\/media?parent=3417"}],"wp:term":[{"taxonomy":"product_brand","embeddable":true,"href":"https:\/\/pecbag.com\/es\/wp-json\/wp\/v2\/product_brand?post=3417"},{"taxonomy":"product_cat","embeddable":true,"href":"https:\/\/pecbag.com\/es\/wp-json\/wp\/v2\/product_cat?post=3417"},{"taxonomy":"product_tag","embeddable":true,"href":"https:\/\/pecbag.com\/es\/wp-json\/wp\/v2\/product_tag?post=3417"}],"curies":[{"name":"wp","href":"https:\/\/api.w.org\/{rel}","templated":true}]}}