{"id":3431,"date":"2025-05-27T01:38:38","date_gmt":"2025-05-27T01:38:38","guid":{"rendered":"https:\/\/pecbag.com\/?post_type=product&#038;p=3431"},"modified":"2025-11-29T01:58:51","modified_gmt":"2025-11-29T01:58:51","slug":"waterproof-flying-disc-golf-backpack","status":"publish","type":"product","link":"https:\/\/pecbag.com\/es\/waterproof-flying-disc-golf-backpack\/","title":{"rendered":"Nueva mochila impermeable Flying Disc Golf"},"content":{"rendered":"<h5 title=\"Bolso plegable para perros Bolso de malla transpirable para mascotas peque\u00f1as Perros Gatos\" data-immersive-translate-walked=\"1c928421-2e42-4cd3-8754-5404553c0af5\" data-immersive-translate-paragraph=\"1\" data-spm-anchor-id=\"a2700.details.0.i35.4f6757d4w4zNZA\">Mochilas Impermeables Flying Disc Golf | F\u00e1brica de Bolsas Impermeables y Fabricante de Mochilas - Bulk Golf Gear Solutions<\/h5>\n<div class=\"flex flex-grow flex-col max-w-full\">\n<div class=\"min-h-[20px] text-message flex w-full flex-col items-end gap-2 whitespace-pre-wrap break-words [.text-message+&amp;]:mt-5 overflow-x-auto\" dir=\"auto\" data-message-author-role=\"assistant\" data-message-id=\"3d7d46f6-7ec2-4222-9257-48fa0bba23c6\" data-suggestions=\"true\">\n<div class=\"flex w-full flex-col gap-1 empty:hidden first:pt-[3px]\">\n<div class=\"markdown prose w-full break-words dark:prose-invert light\">\n<table width=\"288\">\n<tbody>\n<tr>\n<td width=\"137\"><span style=\"color: #333333;\">Nombre del producto<\/span><\/td>\n<td width=\"151\">Bolsa de golf<\/td>\n<\/tr>\n<tr>\n<td><span style=\"color: #333333;\">N\u00ba de art\u00edculo<\/span><\/td>\n<td><span style=\"color: #333333;\">PB-2059<\/span><\/td>\n<\/tr>\n<tr>\n<td><span style=\"color: #333333;\">Material<\/span><\/td>\n<td>Poli\u00e9ster<\/td>\n<\/tr>\n<tr>\n<td><span style=\"color: #333333;\">Talla<\/span><\/td>\n<td>34*23*47 cm<\/td>\n<\/tr>\n<tr>\n<td><span style=\"color: #333333;\">\u00a0Plazo de entrega<\/span><\/td>\n<td><span style=\"color: #333333;\">1-5 d\u00edas para peque\u00f1as cantidades por v\u00eda a\u00e9rea y 30-35 d\u00edas para grandes cantidades por v\u00eda mar\u00edtima<\/span><\/td>\n<\/tr>\n<\/tbody>\n<\/table>\n<p>Como fabricante l\u00edder en China de bolsas de golf y f\u00e1brica de bolsas impermeables, elaboramos mochilas impermeables de primera calidad para discos voladores de golf para distribuidores globales. Nuestra empresa bolsa de golf ofrece:<\/p>\n<p>\u2705 <strong>Protecci\u00f3n impermeable IPX7<\/strong> con construcci\u00f3n soldada sin soldadura<br \/>\n\u2705 <strong>Capacidad para 18-22 discos<\/strong> en dise\u00f1os listos para el torneo (MOQ 50pcs)<br \/>\n\u2705 <strong>Servicios OEM\/ODM<\/strong> para <strong>material de golf de marca blanca<\/strong><br \/>\n\u2705 <strong>Producci\u00f3n de bolsas de golf a granel<\/strong> con entrega r\u00e1pida en 12 d\u00edas<\/p>\n<p>Con la confianza de mayoristas de bolsas de golf y jugadores profesionales de todo el mundo. Caracter\u00edsticas principales:<br \/>\n- Nylon bal\u00edstico 840D y base resistente a la abrasi\u00f3n<br \/>\n- Bolsillo de acceso r\u00e1pido para objetos de valor y panel posterior ergon\u00f3mico con flujo de aire<br \/>\n- Homologado por la PDGA con mini nevera desmontable<\/p>\n<p><strong>Por qu\u00e9 asociarse con nuestra f\u00e1brica de bolsas de golf<\/strong>:<br \/>\n\ud83d\udd39 15+ a\u00f1os como exportadores superiores de la bolsa de golf de China.<br \/>\n\ud83d\udd39 Soporte de dise\u00f1o 3D gratuito con tu marca<br \/>\n\ud83d\udd39 Certificaciones CE\/SGS y env\u00edo DDP<br \/>\n\ud83d\udd39 25% de descuento para vendedores de bolsas de golf de m\u00e1s de 2.000 unidades<\/p>\n<p>Solicite muestras gratuitas de nuestras mochilas impermeables para disc golf u obtenga presupuestos al instante. Los proveedores de bolsas de golf reciben actualizaciones antirrobo RFID e informes de control de calidad por lotes.<\/p>\n<\/div>\n<\/div>\n<\/div>\n<\/div>","protected":false},"excerpt":{"rendered":"<h2 data-immersive-translate-walked=\"344be1c1-5052-41eb-8fcd-0dbe236a0d6b\" data-immersive-translate-paragraph=\"1\">Mochila impermeable Flying Disc Golf<\/h2>\n<p>1. Ligera y c\u00f3moda: Esta bolsa de golf de disco pesa alrededor de 1,5 libras y cuenta con correas de hombro acolchadas ajustables, correa de mano acolchada y panel trasero acolchado, por lo que es port\u00e1til, c\u00f3modo y transpirable para llevar.<\/p>\n<p>2. Material duradero: Esta bolsa de golf de disco est\u00e1 hecha de tejido de poli\u00e9ster 600D duradero. El esqueleto r\u00edgido incorporado la mantiene de pie en todo momento.<\/p>","protected":false},"featured_media":3436,"template":"","meta":{"_uag_custom_page_level_css":""},"product_brand":[],"product_cat":[51,60],"product_tag":[],"class_list":{"0":"post-3431","1":"product","2":"type-product","3":"status-publish","4":"has-post-thumbnail","6":"product_cat-golf-bag","7":"product_cat-backpack","9":"first","10":"instock","11":"shipping-taxable","12":"product-type-simple"},"uagb_featured_image_src":{"full":["https:\/\/pecbag.com\/wp-content\/uploads\/2025\/05\/Waterproof-Flying-Disc-Golf-Backpack-4.jpeg",720,720,false],"thumbnail":["https:\/\/pecbag.com\/wp-content\/uploads\/2025\/05\/Waterproof-Flying-Disc-Golf-Backpack-4-150x150.jpeg",150,150,true],"medium":["https:\/\/pecbag.com\/wp-content\/uploads\/2025\/05\/Waterproof-Flying-Disc-Golf-Backpack-4-300x300.jpeg",300,300,true],"medium_large":["https:\/\/pecbag.com\/wp-content\/uploads\/2025\/05\/Waterproof-Flying-Disc-Golf-Backpack-4.jpeg",720,720,false],"large":["https:\/\/pecbag.com\/wp-content\/uploads\/2025\/05\/Waterproof-Flying-Disc-Golf-Backpack-4.jpeg",720,720,false],"1536x1536":["https:\/\/pecbag.com\/wp-content\/uploads\/2025\/05\/Waterproof-Flying-Disc-Golf-Backpack-4.jpeg",720,720,false],"2048x2048":["https:\/\/pecbag.com\/wp-content\/uploads\/2025\/05\/Waterproof-Flying-Disc-Golf-Backpack-4.jpeg",720,720,false],"trp-custom-language-flag":["https:\/\/pecbag.com\/wp-content\/uploads\/2025\/05\/Waterproof-Flying-Disc-Golf-Backpack-4-12x12.jpeg",12,12,true],"woocommerce_thumbnail":["https:\/\/pecbag.com\/wp-content\/uploads\/2025\/05\/Waterproof-Flying-Disc-Golf-Backpack-4-300x300.jpeg",300,300,true],"woocommerce_single":["https:\/\/pecbag.com\/wp-content\/uploads\/2025\/05\/Waterproof-Flying-Disc-Golf-Backpack-4-600x600.jpeg",600,600,true],"woocommerce_gallery_thumbnail":["https:\/\/pecbag.com\/wp-content\/uploads\/2025\/05\/Waterproof-Flying-Disc-Golf-Backpack-4-100x100.jpeg",100,100,true]},"uagb_author_info":{"display_name":"Lawrence","author_link":"https:\/\/pecbag.com\/es\/author\/"},"uagb_comment_info":0,"uagb_excerpt":"Waterproof Flying Disc Golf Backpack 1. Lightweight and Comfortable: This disc golf bag weighs about 1.5 lbs and features adjustable padded shoulder straps, padded hand strap, and padded back panel, making it portable, comfortable, and breathable to carry. 2. Durable Material: This disk golf bag is made of durable 600D polyester fabric. The built-in rigid&hellip;","_links":{"self":[{"href":"https:\/\/pecbag.com\/es\/wp-json\/wp\/v2\/product\/3431","targetHints":{"allow":["GET"]}}],"collection":[{"href":"https:\/\/pecbag.com\/es\/wp-json\/wp\/v2\/product"}],"about":[{"href":"https:\/\/pecbag.com\/es\/wp-json\/wp\/v2\/types\/product"}],"wp:featuredmedia":[{"embeddable":true,"href":"https:\/\/pecbag.com\/es\/wp-json\/wp\/v2\/media\/3436"}],"wp:attachment":[{"href":"https:\/\/pecbag.com\/es\/wp-json\/wp\/v2\/media?parent=3431"}],"wp:term":[{"taxonomy":"product_brand","embeddable":true,"href":"https:\/\/pecbag.com\/es\/wp-json\/wp\/v2\/product_brand?post=3431"},{"taxonomy":"product_cat","embeddable":true,"href":"https:\/\/pecbag.com\/es\/wp-json\/wp\/v2\/product_cat?post=3431"},{"taxonomy":"product_tag","embeddable":true,"href":"https:\/\/pecbag.com\/es\/wp-json\/wp\/v2\/product_tag?post=3431"}],"curies":[{"name":"wp","href":"https:\/\/api.w.org\/{rel}","templated":true}]}}