{"id":3438,"date":"2025-05-27T02:27:55","date_gmt":"2025-05-27T02:27:55","guid":{"rendered":"https:\/\/pecbag.com\/?post_type=product&#038;p=3438"},"modified":"2025-11-29T01:58:46","modified_gmt":"2025-11-29T01:58:46","slug":"hot-selling-durable-multifunctional-disc-golf-bag","status":"publish","type":"product","link":"https:\/\/pecbag.com\/es\/hot-selling-durable-multifunctional-disc-golf-bag\/","title":{"rendered":"Hot Selling Bolsa de golf de disco multifuncional duradera"},"content":{"rendered":"<h5 title=\"Bolso plegable para perros Bolso de malla transpirable para mascotas peque\u00f1as Perros Gatos\" data-immersive-translate-walked=\"1c928421-2e42-4cd3-8754-5404553c0af5\" data-immersive-translate-paragraph=\"1\" data-spm-anchor-id=\"a2700.details.0.i35.4f6757d4w4zNZA\">Venta caliente durable multifuncional bolsas de golf de disco | F\u00e1brica de bolsas impermeables y fabricante de mochilas - Bulk Golf Gear Solutions<\/h5>\n<div class=\"flex flex-grow flex-col max-w-full\">\n<div class=\"min-h-[20px] text-message flex w-full flex-col items-end gap-2 whitespace-pre-wrap break-words [.text-message+&amp;]:mt-5 overflow-x-auto\" dir=\"auto\" data-message-author-role=\"assistant\" data-message-id=\"3d7d46f6-7ec2-4222-9257-48fa0bba23c6\" data-suggestions=\"true\">\n<div class=\"flex w-full flex-col gap-1 empty:hidden first:pt-[3px]\">\n<div class=\"markdown prose w-full break-words dark:prose-invert light\">\n<table width=\"288\">\n<tbody>\n<tr>\n<td width=\"137\"><span style=\"color: #333333;\">Nombre del producto<\/span><\/td>\n<td width=\"151\">Bolsa de golf<\/td>\n<\/tr>\n<tr>\n<td><span style=\"color: #333333;\">N\u00ba de art\u00edculo<\/span><\/td>\n<td><span style=\"color: #333333;\">PB-2060<\/span><\/td>\n<\/tr>\n<tr>\n<td><span style=\"color: #333333;\">Material<\/span><\/td>\n<td>Poli\u00e9ster<\/td>\n<\/tr>\n<tr>\n<td><span style=\"color: #333333;\">Talla<\/span><\/td>\n<td>23*28*25 cm<\/td>\n<\/tr>\n<tr>\n<td><span style=\"color: #333333;\">\u00a0Plazo de entrega<\/span><\/td>\n<td><span style=\"color: #333333;\">1-5 d\u00edas para peque\u00f1as cantidades por v\u00eda a\u00e9rea y 30-35 d\u00edas para grandes cantidades por v\u00eda mar\u00edtima<\/span><\/td>\n<\/tr>\n<\/tbody>\n<\/table>\n<p>Como principal fabricante de bolsas de golf de China y la f\u00e1brica de bolsas a prueba de agua, producimos de alto rendimiento de venta caliente durable multifuncional bolsa de golf de disco para los distribuidores mundiales. Nuestra empresa bolsa de golf entrega:<\/p>\n<p>\u2705 <strong>Capacidad para 18-22 discos<\/strong> con organizaci\u00f3n de torneos aprobada por la PDGA<br \/>\n\u2705 <strong>Dise\u00f1o impermeable IPX6<\/strong> con nylon bal\u00edstico 840D<br \/>\n\u2705 <strong>Servicios OEM\/ODM<\/strong> para <strong>material de golf de marca blanca<\/strong> (MOQ 50pcs)<br \/>\n\u2705 <strong>Producci\u00f3n de bolsas de golf a granel<\/strong> con entrega r\u00e1pida en 10 d\u00edas<\/p>\n<p>Con la confianza de mayoristas de bolsas de golf y tiendas profesionales de todo el mundo. Innovaciones clave:<br \/>\n- Bolsillo de acceso r\u00e1pido para objetos de valor con protecci\u00f3n RFID<br \/>\n- Modos mochila\/carrito convertibles con correas ergon\u00f3micas<br \/>\n- Compartimento desmontable para nevera y parag\u00fcero<\/p>\n<p><strong>Por qu\u00e9 asociarse con nuestra f\u00e1brica de bolsas de golf<\/strong>:<br \/>\n\ud83d\udd39 15+ a\u00f1os como principales exportadores de bolsas de golf de China.<br \/>\n\ud83d\udd39 Soporte de dise\u00f1o 3D gratuito con tu marca<br \/>\n\ud83d\udd39 Certificaciones CE\/SGS y env\u00edo FOB\/DDP<br \/>\n\ud83d\udd39 Descuento 30% para vendedores de bolsas de golf de m\u00e1s de 3.000 unidades<\/p>\n<p>Solicite muestras gratuitas de nuestras bolsas de golf de disco multifuncionales u obtenga presupuestos al instante. Los proveedores de bolsas de golf reciben acceso exclusivo a:<br \/>\n- Mejoras personalizadas del aislamiento t\u00e9rmico<br \/>\n- Informes de control de calidad de lotes espec\u00edficos<br \/>\n- Asignaci\u00f3n prioritaria de l\u00edneas de producci\u00f3n<\/p>\n<\/div>\n<\/div>\n<\/div>\n<\/div>","protected":false},"excerpt":{"rendered":"<h2 data-immersive-translate-walked=\"344be1c1-5052-41eb-8fcd-0dbe236a0d6b\" data-immersive-translate-paragraph=\"1\">Hot Selling Bolsa de golf de disco multifuncional duradera<\/h2>\n<p>1. De moda: Con dise\u00f1o de moda, esta bolsa de tee de pelotas de golf es elegante, haci\u00e9ndote pasar un buen rato cuando juegas<\/p>\n<p>2. Buen accesorio para los amantes del golf: Los soportes de golf pueden resolver el problema de sostener tees de golf y bolas al mismo tiempo.<\/p>","protected":false},"featured_media":3442,"template":"","meta":{"_uag_custom_page_level_css":""},"product_brand":[],"product_cat":[51,60],"product_tag":[],"class_list":{"0":"post-3438","1":"product","2":"type-product","3":"status-publish","4":"has-post-thumbnail","6":"product_cat-golf-bag","7":"product_cat-backpack","9":"first","10":"instock","11":"shipping-taxable","12":"product-type-simple"},"uagb_featured_image_src":{"full":["https:\/\/pecbag.com\/wp-content\/uploads\/2025\/05\/Hot-Selling-Durable-Multifunctional-Disc-Golf-Bag-1.jpeg",720,720,false],"thumbnail":["https:\/\/pecbag.com\/wp-content\/uploads\/2025\/05\/Hot-Selling-Durable-Multifunctional-Disc-Golf-Bag-1-150x150.jpeg",150,150,true],"medium":["https:\/\/pecbag.com\/wp-content\/uploads\/2025\/05\/Hot-Selling-Durable-Multifunctional-Disc-Golf-Bag-1-300x300.jpeg",300,300,true],"medium_large":["https:\/\/pecbag.com\/wp-content\/uploads\/2025\/05\/Hot-Selling-Durable-Multifunctional-Disc-Golf-Bag-1.jpeg",720,720,false],"large":["https:\/\/pecbag.com\/wp-content\/uploads\/2025\/05\/Hot-Selling-Durable-Multifunctional-Disc-Golf-Bag-1.jpeg",720,720,false],"1536x1536":["https:\/\/pecbag.com\/wp-content\/uploads\/2025\/05\/Hot-Selling-Durable-Multifunctional-Disc-Golf-Bag-1.jpeg",720,720,false],"2048x2048":["https:\/\/pecbag.com\/wp-content\/uploads\/2025\/05\/Hot-Selling-Durable-Multifunctional-Disc-Golf-Bag-1.jpeg",720,720,false],"trp-custom-language-flag":["https:\/\/pecbag.com\/wp-content\/uploads\/2025\/05\/Hot-Selling-Durable-Multifunctional-Disc-Golf-Bag-1-12x12.jpeg",12,12,true],"woocommerce_thumbnail":["https:\/\/pecbag.com\/wp-content\/uploads\/2025\/05\/Hot-Selling-Durable-Multifunctional-Disc-Golf-Bag-1-300x300.jpeg",300,300,true],"woocommerce_single":["https:\/\/pecbag.com\/wp-content\/uploads\/2025\/05\/Hot-Selling-Durable-Multifunctional-Disc-Golf-Bag-1-600x600.jpeg",600,600,true],"woocommerce_gallery_thumbnail":["https:\/\/pecbag.com\/wp-content\/uploads\/2025\/05\/Hot-Selling-Durable-Multifunctional-Disc-Golf-Bag-1-100x100.jpeg",100,100,true]},"uagb_author_info":{"display_name":"Lawrence","author_link":"https:\/\/pecbag.com\/es\/author\/"},"uagb_comment_info":0,"uagb_excerpt":"Hot Selling Durable Multifunctional Disc Golf Bag 1. Fashionable: With fashion design, this golf ball tee bag is stylish, making you have a good time when playing 2. Good accessory for golf lovers: Golf holders can solve the problem of holding golf tees and balls at the same time.","_links":{"self":[{"href":"https:\/\/pecbag.com\/es\/wp-json\/wp\/v2\/product\/3438","targetHints":{"allow":["GET"]}}],"collection":[{"href":"https:\/\/pecbag.com\/es\/wp-json\/wp\/v2\/product"}],"about":[{"href":"https:\/\/pecbag.com\/es\/wp-json\/wp\/v2\/types\/product"}],"wp:featuredmedia":[{"embeddable":true,"href":"https:\/\/pecbag.com\/es\/wp-json\/wp\/v2\/media\/3442"}],"wp:attachment":[{"href":"https:\/\/pecbag.com\/es\/wp-json\/wp\/v2\/media?parent=3438"}],"wp:term":[{"taxonomy":"product_brand","embeddable":true,"href":"https:\/\/pecbag.com\/es\/wp-json\/wp\/v2\/product_brand?post=3438"},{"taxonomy":"product_cat","embeddable":true,"href":"https:\/\/pecbag.com\/es\/wp-json\/wp\/v2\/product_cat?post=3438"},{"taxonomy":"product_tag","embeddable":true,"href":"https:\/\/pecbag.com\/es\/wp-json\/wp\/v2\/product_tag?post=3438"}],"curies":[{"name":"wp","href":"https:\/\/api.w.org\/{rel}","templated":true}]}}