{"id":3445,"date":"2025-05-27T02:35:31","date_gmt":"2025-05-27T02:35:31","guid":{"rendered":"https:\/\/pecbag.com\/?post_type=product&#038;p=3445"},"modified":"2025-11-29T01:58:38","modified_gmt":"2025-11-29T01:58:38","slug":"wholesale-outdoor-frisbee-golf-bag","status":"publish","type":"product","link":"https:\/\/pecbag.com\/es\/wholesale-outdoor-frisbee-golf-bag\/","title":{"rendered":"Mayorista Bolsa de Golf Frisbee para Exterior"},"content":{"rendered":"<h5 title=\"Bolso plegable para perros Bolso de malla transpirable para mascotas peque\u00f1as Perros Gatos\" data-immersive-translate-walked=\"1c928421-2e42-4cd3-8754-5404553c0af5\" data-immersive-translate-paragraph=\"1\" data-spm-anchor-id=\"a2700.details.0.i35.4f6757d4w4zNZA\">Mayorista Bolsas de Frisbee Golf al Aire Libre | F\u00e1brica de Bolsas Impermeables y Fabricante de Mochilas - Bulk Disc Gear Solutions<\/h5>\n<div class=\"flex flex-grow flex-col max-w-full\">\n<div class=\"min-h-[20px] text-message flex w-full flex-col items-end gap-2 whitespace-pre-wrap break-words [.text-message+&amp;]:mt-5 overflow-x-auto\" dir=\"auto\" data-message-author-role=\"assistant\" data-message-id=\"3d7d46f6-7ec2-4222-9257-48fa0bba23c6\" data-suggestions=\"true\">\n<div class=\"flex w-full flex-col gap-1 empty:hidden first:pt-[3px]\">\n<div class=\"markdown prose w-full break-words dark:prose-invert light\">\n<table width=\"288\">\n<tbody>\n<tr>\n<td width=\"137\"><span style=\"color: #333333;\">Nombre del producto<\/span><\/td>\n<td width=\"151\">Bolsa de golf<\/td>\n<\/tr>\n<tr>\n<td><span style=\"color: #333333;\">N\u00ba de art\u00edculo<\/span><\/td>\n<td><span style=\"color: #333333;\">PB-2061<\/span><\/td>\n<\/tr>\n<tr>\n<td><span style=\"color: #333333;\">Material<\/span><\/td>\n<td>Tejido de poli\u00e9ster<\/td>\n<\/tr>\n<tr>\n<td><span style=\"color: #333333;\">Talla<\/span><\/td>\n<td>44 x 23 x 34 cm<\/td>\n<\/tr>\n<tr>\n<td><span style=\"color: #333333;\">\u00a0Plazo de entrega<\/span><\/td>\n<td><span style=\"color: #333333;\">1-5 d\u00edas para peque\u00f1as cantidades por v\u00eda a\u00e9rea y 30-35 d\u00edas para grandes cantidades por v\u00eda mar\u00edtima<\/span><\/td>\n<\/tr>\n<\/tbody>\n<\/table>\n<p>Como fabricante l\u00edder en China de bolsas de golf y f\u00e1brica de bolsas impermeables, nos especializamos en la venta al por mayor de bolsas de golf frisbee al aire libre para minoristas globales. Nuestra empresa bolsa de golf ofrece:<\/p>\n<p>\u2705 <strong>Capacidad para 22 discos preparados para torneos<\/strong> con organizaci\u00f3n conforme a la PDGA<br \/>\n\u2705 <strong>Construcci\u00f3n impermeable IPX7<\/strong> (nylon bal\u00edstico 840D + costuras soldadas)<br \/>\n\u2705 <strong>Servicios OEM\/ODM<\/strong> para <strong>equipos de disc golf de marca blanca<\/strong> (MOQ 50pcs)<br \/>\n\u2705 <strong>Producci\u00f3n de bolsas de golf a granel<\/strong> con entrega r\u00e1pida en 12 d\u00edas<\/p>\n<p>Con la confianza de mayoristas de bolsas de golf y tiendas profesionales de todo el mundo. Caracter\u00edsticas principales:<br \/>\n- Sistema de arn\u00e9s ergon\u00f3mico de 6 puntos con panel posterior de flujo de aire<br \/>\n- Bolsillo de acceso r\u00e1pido para objetos de valor y protector de lluvia desmontable<br \/>\n- Acceso integrado para la correa del carro y portavasos<\/p>\n<p><strong>Por qu\u00e9 elegir nuestra f\u00e1brica de bolsas de golf<\/strong>:<br \/>\n\ud83d\udd39 18+ a\u00f1os como exportadores superiores de la bolsa de golf de China.<br \/>\n\ud83d\udd39 Soporte de dise\u00f1o 3D gratuito con tu logotipo.<br \/>\n\ud83d\udd39 Certificaciones CE\/SGS\/REACH y env\u00edo DDP<br \/>\n\ud83d\udd39 25% de descuento para vendedores de bolsas de golf de m\u00e1s de 2.500 unidades<\/p>\n<p>Solicite muestras gratuitas de nuestras bolsas de golf con frisbee para exteriores u obtenga presupuestos al instante. Los proveedores de bolsas de golf disfrutan:<br \/>\n- Mejoras personalizadas del revestimiento t\u00e9rmico<br \/>\n- Certificaci\u00f3n de calidad por lotes<br \/>\n- Programaci\u00f3n prioritaria de la producci\u00f3n<\/p>\n<\/div>\n<\/div>\n<\/div>\n<\/div>","protected":false},"excerpt":{"rendered":"<h2 data-immersive-translate-walked=\"344be1c1-5052-41eb-8fcd-0dbe236a0d6b\" data-immersive-translate-paragraph=\"1\">Mayorista Bolsa de Golf Frisbee para Exterior<\/h2>\n<p>1. Almacena gran cantidad de discos de golf y permite un f\u00e1cil acceso.<\/p>\n<p>2. C\u00f3modos tirantes.<\/p>\n<p>3. Esta mochila tiene varios bolsillos grandes con cremallera para llevar todo lo necesario al campo.<\/p>\n<p>4. Muy f\u00e1cil de transportar.<\/p>\n<p>5. Desde discos hasta cosas varias, esta bolsa de golf lo mantendr\u00e1 todo organizado.<\/p>\n<p>6. El bolsillo lateral permite guardar latas y botellas.<\/p>\n<p>7. Puede utilizarse como bolsa para frisbee.<\/p>\n<p>8. Ideal para jugadores recreativos o jugadores avanzados y expertos que asisten a torneos locales o internacionales.<\/p>","protected":false},"featured_media":3450,"template":"","meta":{"_uag_custom_page_level_css":""},"product_brand":[],"product_cat":[51,60],"product_tag":[],"class_list":{"0":"post-3445","1":"product","2":"type-product","3":"status-publish","4":"has-post-thumbnail","6":"product_cat-golf-bag","7":"product_cat-backpack","9":"first","10":"instock","11":"shipping-taxable","12":"product-type-simple"},"uagb_featured_image_src":{"full":["https:\/\/pecbag.com\/wp-content\/uploads\/2025\/05\/Wholesale-Outdoor-Frisbee-Golf-Bag-2.jpeg",800,800,false],"thumbnail":["https:\/\/pecbag.com\/wp-content\/uploads\/2025\/05\/Wholesale-Outdoor-Frisbee-Golf-Bag-2-150x150.jpeg",150,150,true],"medium":["https:\/\/pecbag.com\/wp-content\/uploads\/2025\/05\/Wholesale-Outdoor-Frisbee-Golf-Bag-2-300x300.jpeg",300,300,true],"medium_large":["https:\/\/pecbag.com\/wp-content\/uploads\/2025\/05\/Wholesale-Outdoor-Frisbee-Golf-Bag-2-768x768.jpeg",768,768,true],"large":["https:\/\/pecbag.com\/wp-content\/uploads\/2025\/05\/Wholesale-Outdoor-Frisbee-Golf-Bag-2.jpeg",800,800,false],"1536x1536":["https:\/\/pecbag.com\/wp-content\/uploads\/2025\/05\/Wholesale-Outdoor-Frisbee-Golf-Bag-2.jpeg",800,800,false],"2048x2048":["https:\/\/pecbag.com\/wp-content\/uploads\/2025\/05\/Wholesale-Outdoor-Frisbee-Golf-Bag-2.jpeg",800,800,false],"trp-custom-language-flag":["https:\/\/pecbag.com\/wp-content\/uploads\/2025\/05\/Wholesale-Outdoor-Frisbee-Golf-Bag-2-12x12.jpeg",12,12,true],"woocommerce_thumbnail":["https:\/\/pecbag.com\/wp-content\/uploads\/2025\/05\/Wholesale-Outdoor-Frisbee-Golf-Bag-2-300x300.jpeg",300,300,true],"woocommerce_single":["https:\/\/pecbag.com\/wp-content\/uploads\/2025\/05\/Wholesale-Outdoor-Frisbee-Golf-Bag-2-600x600.jpeg",600,600,true],"woocommerce_gallery_thumbnail":["https:\/\/pecbag.com\/wp-content\/uploads\/2025\/05\/Wholesale-Outdoor-Frisbee-Golf-Bag-2-100x100.jpeg",100,100,true]},"uagb_author_info":{"display_name":"Lawrence","author_link":"https:\/\/pecbag.com\/es\/author\/"},"uagb_comment_info":0,"uagb_excerpt":"Wholesale Outdoor Frisbee Golf Bag 1. Stores plenty of disc golf and allows easy access. 2. Comfortable shoulder straps. 3. This backpack has multiple large, zipped pockets that can carry all of your necessities to the course. 4. Super easy to carry around. 5. From discs to miscellaneous stuff, this golf bag will keep everything&hellip;","_links":{"self":[{"href":"https:\/\/pecbag.com\/es\/wp-json\/wp\/v2\/product\/3445","targetHints":{"allow":["GET"]}}],"collection":[{"href":"https:\/\/pecbag.com\/es\/wp-json\/wp\/v2\/product"}],"about":[{"href":"https:\/\/pecbag.com\/es\/wp-json\/wp\/v2\/types\/product"}],"wp:featuredmedia":[{"embeddable":true,"href":"https:\/\/pecbag.com\/es\/wp-json\/wp\/v2\/media\/3450"}],"wp:attachment":[{"href":"https:\/\/pecbag.com\/es\/wp-json\/wp\/v2\/media?parent=3445"}],"wp:term":[{"taxonomy":"product_brand","embeddable":true,"href":"https:\/\/pecbag.com\/es\/wp-json\/wp\/v2\/product_brand?post=3445"},{"taxonomy":"product_cat","embeddable":true,"href":"https:\/\/pecbag.com\/es\/wp-json\/wp\/v2\/product_cat?post=3445"},{"taxonomy":"product_tag","embeddable":true,"href":"https:\/\/pecbag.com\/es\/wp-json\/wp\/v2\/product_tag?post=3445"}],"curies":[{"name":"wp","href":"https:\/\/api.w.org\/{rel}","templated":true}]}}