{"id":3459,"date":"2025-05-27T02:51:48","date_gmt":"2025-05-27T02:51:48","guid":{"rendered":"https:\/\/pecbag.com\/?post_type=product&#038;p=3459"},"modified":"2025-11-29T01:58:26","modified_gmt":"2025-11-29T01:58:26","slug":"travel-hiking-daypack-foldable-lightweight-backpack","status":"publish","type":"product","link":"https:\/\/pecbag.com\/es\/travel-hiking-daypack-foldable-lightweight-backpack\/","title":{"rendered":"Viaje Senderismo Daypack plegable Mochila ligera"},"content":{"rendered":"<h5 title=\"Bolso plegable para perros Bolso de malla transpirable para mascotas peque\u00f1as Perros Gatos\" data-immersive-translate-walked=\"1c928421-2e42-4cd3-8754-5404553c0af5\" data-immersive-translate-paragraph=\"1\" data-spm-anchor-id=\"a2700.details.0.i35.4f6757d4w4zNZA\">Viaje Senderismo Daypack Plegable Ligero Mochilas | F\u00e1brica de Bolsa Impermeable y Mochila Fabricante - Bulk Hiking Gear Solutions<\/h5>\n<div class=\"flex flex-grow flex-col max-w-full\">\n<div class=\"min-h-[20px] text-message flex w-full flex-col items-end gap-2 whitespace-pre-wrap break-words [.text-message+&amp;]:mt-5 overflow-x-auto\" dir=\"auto\" data-message-author-role=\"assistant\" data-message-id=\"3d7d46f6-7ec2-4222-9257-48fa0bba23c6\" data-suggestions=\"true\">\n<div class=\"flex w-full flex-col gap-1 empty:hidden first:pt-[3px]\">\n<div class=\"markdown prose w-full break-words dark:prose-invert light\">\n<table width=\"288\">\n<tbody>\n<tr>\n<td width=\"137\"><span style=\"color: #333333;\">Nombre del producto<\/span><\/td>\n<td width=\"151\">Bolsa de senderismo<\/td>\n<\/tr>\n<tr>\n<td><span style=\"color: #333333;\">N\u00ba de art\u00edculo<\/span><\/td>\n<td><span style=\"color: #333333;\">PB-2063<\/span><\/td>\n<\/tr>\n<tr>\n<td><span style=\"color: #333333;\">Material<\/span><\/td>\n<td>Ripstop<\/td>\n<\/tr>\n<tr>\n<td><span style=\"color: #333333;\">Talla<\/span><\/td>\n<td>47 x 28 x 23 cm<\/td>\n<\/tr>\n<tr>\n<td><span style=\"color: #333333;\">\u00a0Plazo de entrega<\/span><\/td>\n<td><span style=\"color: #333333;\">1-5 d\u00edas para peque\u00f1as cantidades por v\u00eda a\u00e9rea y 30-35 d\u00edas para grandes cantidades por v\u00eda mar\u00edtima<\/span><\/td>\n<\/tr>\n<\/tbody>\n<\/table>\n<p>Como fabricante l\u00edder en China de bolsas de senderismo y f\u00e1brica de bolsas impermeables, nos especializamos en la producci\u00f3n de mochilas ligeras plegables de viaje de primera calidad para marcas globales de outdoor. Nuestra empresa bolsa de senderismo ofrece:<\/p>\n<p>\u2705 <strong>Nylon ripstop 300D ultraligero<\/strong> (menos de 1,2 libras de peso en vac\u00edo)<br \/>\n\u2705 <strong>Dise\u00f1o plegable en 3 segundos<\/strong> con correas de compresi\u00f3n (MOQ 100pcs)<br \/>\n\u2705 <strong>Servicios OEM\/ODM<\/strong> para <strong>ropa de monta\u00f1a de marca propia<\/strong><br \/>\n\u2705 <strong>Producci\u00f3n de bolsas de senderismo a granel<\/strong> con entrega r\u00e1pida en 15 d\u00edas<\/p>\n<p>Con la confianza de mayoristas y minoristas de bolsas de senderismo de todo el mundo. Caracter\u00edsticas principales:<br \/>\n- Cremalleras impermeables IPX4 y bolsillos antirrobo ocultos<br \/>\n- Panel posterior de malla ergon\u00f3mica y correa ajustable para el estern\u00f3n<br \/>\n- Compatible con bolsas de hidrataci\u00f3n (3 L de capacidad)<\/p>\n<p><strong>Por qu\u00e9 elegir nuestra f\u00e1brica de bolsas de senderismo<\/strong>:<br \/>\n\ud83d\udd39 12+ a\u00f1os como exportadores superiores del bolso que caminan de China<br \/>\n\ud83d\udd39 Dise\u00f1o gratuito de un pack tecnol\u00f3gico en 3D con tu marca<br \/>\n\ud83d\udd39 Materiales con certificaci\u00f3n OEKO-Tex y REACH.<br \/>\n\ud83d\udd39 25% descuento para vendedores de bolsas de senderismo a partir de 2.000 unidades<\/p>\n<p>Solicite muestras gratuitas de nuestras mochilas ligeras plegables u obtenga presupuestos al instante. Los proveedores de Mochilas de senderismo reciben:<br \/>\n- Flexibilidad de MOQ a medida<br \/>\n- Informes de inspecci\u00f3n de calidad de lotes espec\u00edficos<br \/>\n- Asignaci\u00f3n prioritaria de carga a\u00e9rea y mar\u00edtima<\/p>\n<\/div>\n<\/div>\n<\/div>\n<\/div>","protected":false},"excerpt":{"rendered":"<h2 data-immersive-translate-walked=\"344be1c1-5052-41eb-8fcd-0dbe236a0d6b\" data-immersive-translate-paragraph=\"1\">Viaje Senderismo Daypack plegable Mochila ligera<\/h2>\n<ul class=\"list-paddingleft-2\">\n<li>Correas ajustables- ajusta la tensi\u00f3n como necesites, para atar tu mochila o colgar saco de dormir, esterilla, hamaca, etc, Apto para todas las personas.<\/li>\n<li>Bolsa de viaje multifuncional, 50L de gran capacidad incluye un compartimento principal, dos bolsillos frontales con cremallera, un compartimento para saco de dormir, bolsillos laterales de malla, puede poner sus tiendas de campa\u00f1a, manta, o equipo de cocina en esta mochila, mejor para aventuras de 2-4 d\u00edas.<\/li>\n<\/ul>","protected":false},"featured_media":3461,"template":"","meta":{"_uag_custom_page_level_css":""},"product_brand":[],"product_cat":[60,45,68],"product_tag":[],"class_list":{"0":"post-3459","1":"product","2":"type-product","3":"status-publish","4":"has-post-thumbnail","6":"product_cat-backpack","7":"product_cat-hiking-bag","8":"product_cat-travel-bag","10":"first","11":"instock","12":"shipping-taxable","13":"product-type-simple"},"uagb_featured_image_src":{"full":["https:\/\/pecbag.com\/wp-content\/uploads\/2025\/05\/Travel-Hiking-Daypack-foldable-Lightweight-Backpack-5.jpeg",487,487,false],"thumbnail":["https:\/\/pecbag.com\/wp-content\/uploads\/2025\/05\/Travel-Hiking-Daypack-foldable-Lightweight-Backpack-5-150x150.jpeg",150,150,true],"medium":["https:\/\/pecbag.com\/wp-content\/uploads\/2025\/05\/Travel-Hiking-Daypack-foldable-Lightweight-Backpack-5-300x300.jpeg",300,300,true],"medium_large":["https:\/\/pecbag.com\/wp-content\/uploads\/2025\/05\/Travel-Hiking-Daypack-foldable-Lightweight-Backpack-5.jpeg",487,487,false],"large":["https:\/\/pecbag.com\/wp-content\/uploads\/2025\/05\/Travel-Hiking-Daypack-foldable-Lightweight-Backpack-5.jpeg",487,487,false],"1536x1536":["https:\/\/pecbag.com\/wp-content\/uploads\/2025\/05\/Travel-Hiking-Daypack-foldable-Lightweight-Backpack-5.jpeg",487,487,false],"2048x2048":["https:\/\/pecbag.com\/wp-content\/uploads\/2025\/05\/Travel-Hiking-Daypack-foldable-Lightweight-Backpack-5.jpeg",487,487,false],"trp-custom-language-flag":["https:\/\/pecbag.com\/wp-content\/uploads\/2025\/05\/Travel-Hiking-Daypack-foldable-Lightweight-Backpack-5-12x12.jpeg",12,12,true],"woocommerce_thumbnail":["https:\/\/pecbag.com\/wp-content\/uploads\/2025\/05\/Travel-Hiking-Daypack-foldable-Lightweight-Backpack-5-300x300.jpeg",300,300,true],"woocommerce_single":["https:\/\/pecbag.com\/wp-content\/uploads\/2025\/05\/Travel-Hiking-Daypack-foldable-Lightweight-Backpack-5.jpeg",487,487,false],"woocommerce_gallery_thumbnail":["https:\/\/pecbag.com\/wp-content\/uploads\/2025\/05\/Travel-Hiking-Daypack-foldable-Lightweight-Backpack-5-100x100.jpeg",100,100,true]},"uagb_author_info":{"display_name":"Lawrence","author_link":"https:\/\/pecbag.com\/es\/author\/"},"uagb_comment_info":0,"uagb_excerpt":"Travel Hiking Daypack foldable Lightweight Backpack Adjustable Straps- adjust the tightness as you need, for tying up your pack or hanging sleeping bag, mat, hammock, etc, Suitable for all people. Multi-functional travel bag, 50L high-capacity includes a main compartment, two zipped front pockets, a sleeping bag compartment, mesh side pockets, you can put your tents,&hellip;","_links":{"self":[{"href":"https:\/\/pecbag.com\/es\/wp-json\/wp\/v2\/product\/3459","targetHints":{"allow":["GET"]}}],"collection":[{"href":"https:\/\/pecbag.com\/es\/wp-json\/wp\/v2\/product"}],"about":[{"href":"https:\/\/pecbag.com\/es\/wp-json\/wp\/v2\/types\/product"}],"wp:featuredmedia":[{"embeddable":true,"href":"https:\/\/pecbag.com\/es\/wp-json\/wp\/v2\/media\/3461"}],"wp:attachment":[{"href":"https:\/\/pecbag.com\/es\/wp-json\/wp\/v2\/media?parent=3459"}],"wp:term":[{"taxonomy":"product_brand","embeddable":true,"href":"https:\/\/pecbag.com\/es\/wp-json\/wp\/v2\/product_brand?post=3459"},{"taxonomy":"product_cat","embeddable":true,"href":"https:\/\/pecbag.com\/es\/wp-json\/wp\/v2\/product_cat?post=3459"},{"taxonomy":"product_tag","embeddable":true,"href":"https:\/\/pecbag.com\/es\/wp-json\/wp\/v2\/product_tag?post=3459"}],"curies":[{"name":"wp","href":"https:\/\/api.w.org\/{rel}","templated":true}]}}