{"id":3466,"date":"2025-05-27T02:56:56","date_gmt":"2025-05-27T02:56:56","guid":{"rendered":"https:\/\/pecbag.com\/?post_type=product&#038;p=3466"},"modified":"2025-11-29T01:58:22","modified_gmt":"2025-11-29T01:58:22","slug":"custom-logo-lightweight-camping-bag","status":"publish","type":"product","link":"https:\/\/pecbag.com\/es\/custom-logo-lightweight-camping-bag\/","title":{"rendered":"Bolsa de camping ligera con logotipo personalizado"},"content":{"rendered":"<h5 title=\"Bolso plegable para perros Bolso de malla transpirable para mascotas peque\u00f1as Perros Gatos\" data-immersive-translate-walked=\"1c928421-2e42-4cd3-8754-5404553c0af5\" data-immersive-translate-paragraph=\"1\" data-spm-anchor-id=\"a2700.details.0.i35.4f6757d4w4zNZA\">Logotipo personalizado bolsas de camping ligero | F\u00e1brica de bolsas impermeables y mochila Fabricante - Bulk Hiking Gear Solutions<\/h5>\n<div class=\"flex flex-grow flex-col max-w-full\">\n<div class=\"min-h-[20px] text-message flex w-full flex-col items-end gap-2 whitespace-pre-wrap break-words [.text-message+&amp;]:mt-5 overflow-x-auto\" dir=\"auto\" data-message-author-role=\"assistant\" data-message-id=\"3d7d46f6-7ec2-4222-9257-48fa0bba23c6\" data-suggestions=\"true\">\n<div class=\"flex w-full flex-col gap-1 empty:hidden first:pt-[3px]\">\n<div class=\"markdown prose w-full break-words dark:prose-invert light\">\n<table width=\"288\">\n<tbody>\n<tr>\n<td width=\"137\"><span style=\"color: #333333;\">Nombre del producto<\/span><\/td>\n<td width=\"151\">Bolsa de senderismo<\/td>\n<\/tr>\n<tr>\n<td><span style=\"color: #333333;\">N\u00ba de art\u00edculo<\/span><\/td>\n<td><span style=\"color: #333333;\">PB-2064<\/span><\/td>\n<\/tr>\n<tr>\n<td><span style=\"color: #333333;\">Material<\/span><\/td>\n<td>Ripstop<\/td>\n<\/tr>\n<tr>\n<td><span style=\"color: #333333;\">Talla<\/span><\/td>\n<td>19,3*12,5*8,6 pulgadas<\/td>\n<\/tr>\n<tr>\n<td><span style=\"color: #333333;\">\u00a0Plazo de entrega<\/span><\/td>\n<td><span style=\"color: #333333;\">1-5 d\u00edas para peque\u00f1as cantidades por v\u00eda a\u00e9rea y 30-35 d\u00edas para grandes cantidades por v\u00eda mar\u00edtima<\/span><\/td>\n<\/tr>\n<\/tbody>\n<\/table>\n<p>Como fabricante l\u00edder en China de bolsas de senderismo y f\u00e1brica de bolsas impermeables, elaboramos bolsas de camping ligeras con logotipos personalizados de primera calidad para marcas internacionales de actividades al aire libre. Nuestra empresa bolsa de senderismo entrega:<\/p>\n<p>\u2705 <strong>Nylon ultraligero 210D<\/strong> (menos de 1,1 libras) con revestimiento impermeable IPX5<br \/>\n\u2705 <strong>Dise\u00f1os personalizables<\/strong>\u00a0con impresi\u00f3n 3D puff\/bordado\/sublimaci\u00f3n<br \/>\n\u2705 <strong>Servicios OEM\/ODM<\/strong> para <strong>bolsas de senderismo de marca blanca<\/strong><br \/>\n\u2705 <strong>Producci\u00f3n de bolsas de senderismo a granel<\/strong> con entrega r\u00e1pida en 12 d\u00edas<\/p>\n<p>Con la confianza de mayoristas y minoristas de bolsas de senderismo de todo el mundo. Caracter\u00edsticas principales:<br \/>\n- Correas de compresi\u00f3n y bolsillos antirrobo ocultos<br \/>\n- Compatible con bolsa de hidrataci\u00f3n y panel posterior transpirable<br \/>\n- Plegable en bolsa de auto-almacenamiento (8\u2033x5\u2033)<\/p>\n<p><strong>Por qu\u00e9 asociarse con nuestra f\u00e1brica de bolsas de senderismo<\/strong>:<br \/>\n\ud83d\udd39 15+ a\u00f1os como exportadores superiores del bolso que caminan de China<br \/>\n\ud83d\udd39 Maquetas digitales gratuitas con tu marca<br \/>\n\ud83d\udd39 Materiales con certificaci\u00f3n OEKO-Tex y SGS.<br \/>\n\ud83d\udd39 30% descuento para vendedores de bolsas de senderismo en m\u00e1s de 2.500 unidades<\/p>\n<p>Solicite muestras gratuitas de nuestras bolsas de camping ligeras u obtenga presupuestos al instante. Los proveedores de bolsas de senderismo disfrutan:<br \/>\n- Flexibilidad de MOQ a medida<br \/>\n- Certificados de calidad por lotes<br \/>\n- Acuerdos prioritarios de transporte a\u00e9reo y mar\u00edtimo<\/p>\n<\/div>\n<\/div>\n<\/div>\n<\/div>","protected":false},"excerpt":{"rendered":"<h2 data-immersive-translate-walked=\"344be1c1-5052-41eb-8fcd-0dbe236a0d6b\" data-immersive-translate-paragraph=\"1\">Bolsa de camping ligera con logotipo personalizado<\/h2>\n<ul class=\"list-paddingleft-2\">\n<li>Fabricada con tejido de poli\u00e9ster+ nylon de alta calidad resistente a los desgarros, antiara\u00f1azos, resistente al desgaste, con cubierta para la lluvia, evita que el agua entre en la bolsa, mantiene las cosas secas.<\/li>\n<li>Los tirantes de malla transpirable con abundante acolchado de esponja ayudan a aliviar la tensi\u00f3n de los hombros. Tirantes ensanchados y engrosados en forma de S y respaldo transpirable de alta elasticidad para una mejor ventilaci\u00f3n y aliviar la carga.<\/li>\n<\/ul>","protected":false},"featured_media":3469,"template":"","meta":{"_uag_custom_page_level_css":""},"product_brand":[],"product_cat":[60,45,68],"product_tag":[],"class_list":{"0":"post-3466","1":"product","2":"type-product","3":"status-publish","4":"has-post-thumbnail","6":"product_cat-backpack","7":"product_cat-hiking-bag","8":"product_cat-travel-bag","10":"first","11":"instock","12":"shipping-taxable","13":"product-type-simple"},"uagb_featured_image_src":{"full":["https:\/\/pecbag.com\/wp-content\/uploads\/2025\/05\/Custom-Logo-Lightweight-Camping-Bag-2.jpeg",1448,1448,false],"thumbnail":["https:\/\/pecbag.com\/wp-content\/uploads\/2025\/05\/Custom-Logo-Lightweight-Camping-Bag-2-150x150.jpeg",150,150,true],"medium":["https:\/\/pecbag.com\/wp-content\/uploads\/2025\/05\/Custom-Logo-Lightweight-Camping-Bag-2-300x300.jpeg",300,300,true],"medium_large":["https:\/\/pecbag.com\/wp-content\/uploads\/2025\/05\/Custom-Logo-Lightweight-Camping-Bag-2-768x768.jpeg",768,768,true],"large":["https:\/\/pecbag.com\/wp-content\/uploads\/2025\/05\/Custom-Logo-Lightweight-Camping-Bag-2-1024x1024.jpeg",800,800,true],"1536x1536":["https:\/\/pecbag.com\/wp-content\/uploads\/2025\/05\/Custom-Logo-Lightweight-Camping-Bag-2.jpeg",1448,1448,false],"2048x2048":["https:\/\/pecbag.com\/wp-content\/uploads\/2025\/05\/Custom-Logo-Lightweight-Camping-Bag-2.jpeg",1448,1448,false],"trp-custom-language-flag":["https:\/\/pecbag.com\/wp-content\/uploads\/2025\/05\/Custom-Logo-Lightweight-Camping-Bag-2-12x12.jpeg",12,12,true],"woocommerce_thumbnail":["https:\/\/pecbag.com\/wp-content\/uploads\/2025\/05\/Custom-Logo-Lightweight-Camping-Bag-2-300x300.jpeg",300,300,true],"woocommerce_single":["https:\/\/pecbag.com\/wp-content\/uploads\/2025\/05\/Custom-Logo-Lightweight-Camping-Bag-2-600x600.jpeg",600,600,true],"woocommerce_gallery_thumbnail":["https:\/\/pecbag.com\/wp-content\/uploads\/2025\/05\/Custom-Logo-Lightweight-Camping-Bag-2-100x100.jpeg",100,100,true]},"uagb_author_info":{"display_name":"Lawrence","author_link":"https:\/\/pecbag.com\/es\/author\/"},"uagb_comment_info":0,"uagb_excerpt":"Custom Logo Lightweight Camping Bag Made with high-quality tear-resistant Polyester+ nylon fabric, tear resistant, anti-scratch, wear resistant, with rain cover, prevents the water from sipping into the bag, keeps things dry. Breathable mesh shoulder straps with plentiful sponge padding help relieve the stress on your shoulders. Widened and thickened S-type shoulder straps and high elastic&hellip;","_links":{"self":[{"href":"https:\/\/pecbag.com\/es\/wp-json\/wp\/v2\/product\/3466","targetHints":{"allow":["GET"]}}],"collection":[{"href":"https:\/\/pecbag.com\/es\/wp-json\/wp\/v2\/product"}],"about":[{"href":"https:\/\/pecbag.com\/es\/wp-json\/wp\/v2\/types\/product"}],"wp:featuredmedia":[{"embeddable":true,"href":"https:\/\/pecbag.com\/es\/wp-json\/wp\/v2\/media\/3469"}],"wp:attachment":[{"href":"https:\/\/pecbag.com\/es\/wp-json\/wp\/v2\/media?parent=3466"}],"wp:term":[{"taxonomy":"product_brand","embeddable":true,"href":"https:\/\/pecbag.com\/es\/wp-json\/wp\/v2\/product_brand?post=3466"},{"taxonomy":"product_cat","embeddable":true,"href":"https:\/\/pecbag.com\/es\/wp-json\/wp\/v2\/product_cat?post=3466"},{"taxonomy":"product_tag","embeddable":true,"href":"https:\/\/pecbag.com\/es\/wp-json\/wp\/v2\/product_tag?post=3466"}],"curies":[{"name":"wp","href":"https:\/\/api.w.org\/{rel}","templated":true}]}}