{"id":3472,"date":"2025-05-27T03:04:30","date_gmt":"2025-05-27T03:04:30","guid":{"rendered":"https:\/\/pecbag.com\/?post_type=product&#038;p=3472"},"modified":"2025-11-29T01:57:37","modified_gmt":"2025-11-29T01:57:37","slug":"camping-backpack-lightweight-hiking-bag","status":"publish","type":"product","link":"https:\/\/pecbag.com\/es\/camping-backpack-lightweight-hiking-bag\/","title":{"rendered":"Mochila de camping ligera Bolsa de senderismo"},"content":{"rendered":"<h5 title=\"Bolso plegable para perros Bolso de malla transpirable para mascotas peque\u00f1as Perros Gatos\" data-immersive-translate-walked=\"1c928421-2e42-4cd3-8754-5404553c0af5\" data-immersive-translate-paragraph=\"1\" data-spm-anchor-id=\"a2700.details.0.i35.4f6757d4w4zNZA\">Camping Backpack Lightweight Hiking Bags | Fabricante de mochilas y bolsas impermeables - Bulk Outdoor Gear Solutions<\/h5>\n<div class=\"flex flex-grow flex-col max-w-full\">\n<div class=\"min-h-[20px] text-message flex w-full flex-col items-end gap-2 whitespace-pre-wrap break-words [.text-message+&amp;]:mt-5 overflow-x-auto\" dir=\"auto\" data-message-author-role=\"assistant\" data-message-id=\"3d7d46f6-7ec2-4222-9257-48fa0bba23c6\" data-suggestions=\"true\">\n<div class=\"flex w-full flex-col gap-1 empty:hidden first:pt-[3px]\">\n<div class=\"markdown prose w-full break-words dark:prose-invert light\">\n<table width=\"288\">\n<tbody>\n<tr>\n<td width=\"137\"><span style=\"color: #333333;\">Nombre del producto<\/span><\/td>\n<td width=\"151\">Bolsa de senderismo<\/td>\n<\/tr>\n<tr>\n<td><span style=\"color: #333333;\">N\u00ba de art\u00edculo<\/span><\/td>\n<td><span style=\"color: #333333;\">PB-2065<\/span><\/td>\n<\/tr>\n<tr>\n<td><span style=\"color: #333333;\">Material<\/span><\/td>\n<td>Ripstop<\/td>\n<\/tr>\n<tr>\n<td><span style=\"color: #333333;\">\u00a0Tama\u00f1o y color<\/span><\/td>\n<td>20,5*12,2*6,3 pulgadas<\/td>\n<\/tr>\n<tr>\n<td><span style=\"color: #333333;\">\u00a0Plazo de entrega<\/span><\/td>\n<td><span style=\"color: #333333;\">1-5 d\u00edas para peque\u00f1as cantidades por v\u00eda a\u00e9rea y 30-35 d\u00edas para grandes cantidades por v\u00eda mar\u00edtima<\/span><\/td>\n<\/tr>\n<\/tbody>\n<\/table>\n<p>Como principal fabricante de bolsas de senderismo de China y la f\u00e1brica de bolsas impermeables, nos especializamos en la producci\u00f3n de primera calidad mochila de camping bolsas de senderismo ligero para las marcas globales al aire libre. Nuestra empresa bolsa de senderismo ofrece:<\/p>\n<p>\u2705 <strong>Nylon ripstop 210D ultraligero<\/strong> (1,3 libras en vac\u00edo) con revestimiento impermeable IPX6<br \/>\n\u2705 <strong>Dise\u00f1os personalizables<\/strong>\u00a0para <strong>bolsas de senderismo de marca blanca<\/strong><br \/>\n\u2705 <strong>Servicios OEM\/ODM<\/strong> con soporte 3D tech pack<br \/>\n\u2705 <strong>Producci\u00f3n de bolsas de senderismo a granel<\/strong> con entrega r\u00e1pida en 10 d\u00edas<\/p>\n<p>Con la confianza de mayoristas y minoristas de bolsas de senderismo de todo el mundo. Caracter\u00edsticas principales:<br \/>\n- Sistema de respaldo ergon\u00f3mico con flujo de aire y elevadores de carga ajustables<br \/>\n- Compatible con bolsa de hidrataci\u00f3n + bolsillos con seguridad RFID<br \/>\n- Plegable en bolsa de auto-almacenamiento (7\u2033x5\u2033)<\/p>\n<p><strong>Por qu\u00e9 elegir nuestra f\u00e1brica de bolsas de senderismo<\/strong>:<br \/>\n\ud83d\udd39 18+ a\u00f1os como principales exportadores de bolsas de senderismo de China.<br \/>\n\ud83d\udd39 Creaci\u00f3n gratuita de prototipos digitales con su logotipo\/colores<br \/>\n\ud83d\udd39 Materiales con certificaci\u00f3n OEKO-Tex y REACH.<br \/>\n\ud83d\udd39 30% descuento para vendedores de bolsas de senderismo a partir de 3.000 unidades<\/p>\n<p>Solicite muestras gratuitas de nuestras bolsas de senderismo ligeras u obtenga presupuestos al instante. Los proveedores de bolsas de senderismo disfrutan:<br \/>\n- MOQ personalizado<br \/>\n- Certificados de calidad por lotes<br \/>\n- Opciones prioritarias de transporte a\u00e9reo y mar\u00edtimo<\/p>\n<\/div>\n<\/div>\n<\/div>\n<\/div>","protected":false},"excerpt":{"rendered":"<h2 data-immersive-translate-walked=\"344be1c1-5052-41eb-8fcd-0dbe236a0d6b\" data-immersive-translate-paragraph=\"1\">Mochila de camping ligera Bolsa de senderismo<\/h2>\n<ul class=\"list-paddingleft-2\">\n<li>Correas ajustables- ajusta la tensi\u00f3n como necesites, para atar tu mochila o colgar saco de dormir, esterilla, hamaca, etc, Apto para todas las personas.<\/li>\n<li>Bolsa de viaje multifuncional, 50L de gran capacidad incluye un compartimento principal, dos bolsillos frontales con cremallera, un compartimento para saco de dormir, bolsillos laterales de malla, puede poner sus tiendas de campa\u00f1a, manta, o equipo de cocina en esta mochila, mejor para aventuras de 2-4 d\u00edas.<\/li>\n<\/ul>","protected":false},"featured_media":3478,"template":"","meta":{"_uag_custom_page_level_css":""},"product_brand":[],"product_cat":[60,45,68],"product_tag":[],"class_list":{"0":"post-3472","1":"product","2":"type-product","3":"status-publish","4":"has-post-thumbnail","6":"product_cat-backpack","7":"product_cat-hiking-bag","8":"product_cat-travel-bag","10":"first","11":"instock","12":"shipping-taxable","13":"product-type-simple"},"uagb_featured_image_src":{"full":["https:\/\/pecbag.com\/wp-content\/uploads\/2025\/05\/Camping-Backpack-lightweight-Hiking-Bag-5.jpeg",960,960,false],"thumbnail":["https:\/\/pecbag.com\/wp-content\/uploads\/2025\/05\/Camping-Backpack-lightweight-Hiking-Bag-5-150x150.jpeg",150,150,true],"medium":["https:\/\/pecbag.com\/wp-content\/uploads\/2025\/05\/Camping-Backpack-lightweight-Hiking-Bag-5-300x300.jpeg",300,300,true],"medium_large":["https:\/\/pecbag.com\/wp-content\/uploads\/2025\/05\/Camping-Backpack-lightweight-Hiking-Bag-5-768x768.jpeg",768,768,true],"large":["https:\/\/pecbag.com\/wp-content\/uploads\/2025\/05\/Camping-Backpack-lightweight-Hiking-Bag-5.jpeg",800,800,false],"1536x1536":["https:\/\/pecbag.com\/wp-content\/uploads\/2025\/05\/Camping-Backpack-lightweight-Hiking-Bag-5.jpeg",960,960,false],"2048x2048":["https:\/\/pecbag.com\/wp-content\/uploads\/2025\/05\/Camping-Backpack-lightweight-Hiking-Bag-5.jpeg",960,960,false],"trp-custom-language-flag":["https:\/\/pecbag.com\/wp-content\/uploads\/2025\/05\/Camping-Backpack-lightweight-Hiking-Bag-5-12x12.jpeg",12,12,true],"woocommerce_thumbnail":["https:\/\/pecbag.com\/wp-content\/uploads\/2025\/05\/Camping-Backpack-lightweight-Hiking-Bag-5-300x300.jpeg",300,300,true],"woocommerce_single":["https:\/\/pecbag.com\/wp-content\/uploads\/2025\/05\/Camping-Backpack-lightweight-Hiking-Bag-5-600x600.jpeg",600,600,true],"woocommerce_gallery_thumbnail":["https:\/\/pecbag.com\/wp-content\/uploads\/2025\/05\/Camping-Backpack-lightweight-Hiking-Bag-5-100x100.jpeg",100,100,true]},"uagb_author_info":{"display_name":"Lawrence","author_link":"https:\/\/pecbag.com\/es\/author\/"},"uagb_comment_info":0,"uagb_excerpt":"Camping Backpack lightweight Hiking Bag Adjustable Straps- adjust the tightness as you need, for tying up your pack or hanging sleeping bag, mat, hammock, etc, Suitable for all people. Multi-functional travel bag, 50L high-capacity includes a main compartment, two zipped front pockets, a sleeping bag compartment, mesh side pockets, you can put your tents, blanket,&hellip;","_links":{"self":[{"href":"https:\/\/pecbag.com\/es\/wp-json\/wp\/v2\/product\/3472","targetHints":{"allow":["GET"]}}],"collection":[{"href":"https:\/\/pecbag.com\/es\/wp-json\/wp\/v2\/product"}],"about":[{"href":"https:\/\/pecbag.com\/es\/wp-json\/wp\/v2\/types\/product"}],"wp:featuredmedia":[{"embeddable":true,"href":"https:\/\/pecbag.com\/es\/wp-json\/wp\/v2\/media\/3478"}],"wp:attachment":[{"href":"https:\/\/pecbag.com\/es\/wp-json\/wp\/v2\/media?parent=3472"}],"wp:term":[{"taxonomy":"product_brand","embeddable":true,"href":"https:\/\/pecbag.com\/es\/wp-json\/wp\/v2\/product_brand?post=3472"},{"taxonomy":"product_cat","embeddable":true,"href":"https:\/\/pecbag.com\/es\/wp-json\/wp\/v2\/product_cat?post=3472"},{"taxonomy":"product_tag","embeddable":true,"href":"https:\/\/pecbag.com\/es\/wp-json\/wp\/v2\/product_tag?post=3472"}],"curies":[{"name":"wp","href":"https:\/\/api.w.org\/{rel}","templated":true}]}}