{"id":3507,"date":"2025-05-27T03:52:20","date_gmt":"2025-05-27T03:52:20","guid":{"rendered":"https:\/\/pecbag.com\/?post_type=product&#038;p=3507"},"modified":"2025-11-29T01:57:04","modified_gmt":"2025-11-29T01:57:04","slug":"waterproof-camo-hunting-portable-bag","status":"publish","type":"product","link":"https:\/\/pecbag.com\/es\/waterproof-camo-hunting-portable-bag\/","title":{"rendered":"Bolsa port\u00e1til de caza de camuflaje impermeable"},"content":{"rendered":"<h5 title=\"Bolso plegable para perros Bolso de malla transpirable para mascotas peque\u00f1as Perros Gatos\" data-immersive-translate-walked=\"1c928421-2e42-4cd3-8754-5404553c0af5\" data-immersive-translate-paragraph=\"1\" data-spm-anchor-id=\"a2700.details.0.i35.4f6757d4w4zNZA\">Camo impermeable de caza Bolsas port\u00e1tiles | F\u00e1brica de bolsas impermeables y fabricante de mochilas - Bulk Outdoor Solutions<\/h5>\n<div class=\"flex flex-grow flex-col max-w-full\">\n<div class=\"min-h-[20px] text-message flex w-full flex-col items-end gap-2 whitespace-pre-wrap break-words [.text-message+&amp;]:mt-5 overflow-x-auto\" dir=\"auto\" data-message-author-role=\"assistant\" data-message-id=\"3d7d46f6-7ec2-4222-9257-48fa0bba23c6\" data-suggestions=\"true\">\n<div class=\"flex w-full flex-col gap-1 empty:hidden first:pt-[3px]\">\n<div class=\"markdown prose w-full break-words dark:prose-invert light\">\n<table style=\"height: 262px;\" width=\"323\">\n<tbody>\n<tr>\n<td width=\"137\"><span style=\"color: #333333;\">Nombre del producto<\/span><\/td>\n<td width=\"151\">Bolsa de caza<\/td>\n<\/tr>\n<tr>\n<td><span style=\"color: #333333;\">N\u00ba de art\u00edculo<\/span><\/td>\n<td><span style=\"color: #333333;\">PB-2070<\/span><\/td>\n<\/tr>\n<tr>\n<td><span style=\"color: #333333;\">Material<\/span><\/td>\n<td>Poli\u00e9ster 600D Camo<\/td>\n<\/tr>\n<tr>\n<td><span style=\"color: #333333;\">Talla<\/span><\/td>\n<td>12,6 x 9,8 x 20,9 pulgadas<\/td>\n<\/tr>\n<tr>\n<td><span style=\"color: #333333;\">\u00a0Plazo de entrega<\/span><\/td>\n<td><span style=\"color: #333333;\">1-5 d\u00edas para peque\u00f1as cantidades por v\u00eda a\u00e9rea y 30-35 d\u00edas para grandes cantidades por v\u00eda mar\u00edtima<\/span><\/td>\n<\/tr>\n<\/tbody>\n<\/table>\n<p>Como fabricante l\u00edder en China de bolsas de caza y f\u00e1brica de bolsas impermeables, dise\u00f1amos bolsas port\u00e1tiles de caza t\u00e1cticas impermeables de camuflaje para profesionales globales de actividades al aire libre. Nuestra empresa bolsa de caza ofrece:<\/p>\n<p>\u2705 <strong>Camuflaje multiterreno<\/strong> (Bosque\/Artico\/Desierto) con tecnolog\u00eda de bloqueo de olores<br \/>\n\u2705 <strong>Dise\u00f1o impermeable IPX7<\/strong> (poli\u00e9ster 600D + costuras soldadas)<br \/>\n\u2705 <strong>Servicios OEM\/ODM<\/strong> para <strong>bolsas de caza de marca blanca<\/strong> (MOQ 50pcs)<br \/>\n\u2705 <strong>Producci\u00f3n de bolsas de caza a granel<\/strong> con entrega r\u00e1pida en 10 d\u00edas<\/p>\n<p>Con la confianza de mayoristas de bolsas de caza y marcas t\u00e1cticas de todo el mundo. Caracter\u00edsticas principales:<br \/>\n- Cierres magn\u00e9ticos silenciosos y acceso ambidiestro<br \/>\n- Fondo de malla de drenaje de sangre + organizador de llamadas de juego<br \/>\n- Plegable en una bolsa de 8\u2033x6\u2033 para un transporte ultraligero<\/p>\n<p><strong>Por qu\u00e9 asociarse con nuestra f\u00e1brica de bolsas de caza<\/strong>:<br \/>\n\ud83d\udd39 15+ a\u00f1os como exportadores superiores del bolso de la caza de China<br \/>\n\ud83d\udd39 Personalizaci\u00f3n gratuita de patrones de camuflaje en 3D.<br \/>\n\ud83d\udd39 MIL-STD-810G probado y OEKO-Tex certificado<br \/>\n\ud83d\udd39 25% de descuento para los vendedores de bolsas de caza de m\u00e1s de 2.500 unidades<\/p>\n<p>Solicite muestras gratuitas de nuestras bolsas impermeables de camuflaje u obtenga presupuestos al instante. Los proveedores de bolsas de caza disfrutan:<br \/>\n- Actualizaciones de compartimentos con bloqueo RFID<br \/>\n- Certificaciones de materiales por lotes<br \/>\n- Asignaci\u00f3n prioritaria de carga a\u00e9rea<\/p>\n<\/div>\n<\/div>\n<\/div>\n<\/div>","protected":false},"excerpt":{"rendered":"<h2 data-immersive-translate-walked=\"344be1c1-5052-41eb-8fcd-0dbe236a0d6b\" data-immersive-translate-paragraph=\"1\">Bolsa port\u00e1til de caza de camuflaje impermeable<\/h2>\n<p>1. \u3010Duradero y Sigiloso\u3011 Construido con tela duradera 600D, que est\u00e1 dise\u00f1ada para resistir pinchazos y ruidos, asegurando que permanezca sin ser detectado en el bosque. El patr\u00f3n de camuflaje proporciona un camuflaje \u00f3ptimo durante la caza, lo que le permite mezclarse perfectamente con su entorno.<\/p>\n<p>2. \u3010Dos opciones de capacidad\u3011La capacidad de 30L es perfecta para los cazadores que prefieren una opci\u00f3n compacta y ligera. Ofrece un amplio espacio para almacenar equipo esencial y suministros, manteniendo un perfil aerodin\u00e1mico y \u00e1gil. La capacidad de 30L es ideal para cacer\u00edas de un d\u00eda o viajes de caza m\u00e1s cortos.<\/p>","protected":false},"featured_media":3510,"template":"","meta":{"_uag_custom_page_level_css":""},"product_brand":[],"product_cat":[54,60,44,66],"product_tag":[],"class_list":{"0":"post-3507","1":"product","2":"type-product","3":"status-publish","4":"has-post-thumbnail","6":"product_cat-hunting-bag","7":"product_cat-backpack","8":"product_cat-camping-bags","9":"product_cat-waterproof-bag","11":"first","12":"instock","13":"shipping-taxable","14":"product-type-simple"},"uagb_featured_image_src":{"full":["https:\/\/pecbag.com\/wp-content\/uploads\/2025\/05\/Waterproof-Camo-Hunting-Pack-Portable-Storage-Bag-2.jpeg",960,960,false],"thumbnail":["https:\/\/pecbag.com\/wp-content\/uploads\/2025\/05\/Waterproof-Camo-Hunting-Pack-Portable-Storage-Bag-2-150x150.jpeg",150,150,true],"medium":["https:\/\/pecbag.com\/wp-content\/uploads\/2025\/05\/Waterproof-Camo-Hunting-Pack-Portable-Storage-Bag-2-300x300.jpeg",300,300,true],"medium_large":["https:\/\/pecbag.com\/wp-content\/uploads\/2025\/05\/Waterproof-Camo-Hunting-Pack-Portable-Storage-Bag-2-768x768.jpeg",768,768,true],"large":["https:\/\/pecbag.com\/wp-content\/uploads\/2025\/05\/Waterproof-Camo-Hunting-Pack-Portable-Storage-Bag-2.jpeg",800,800,false],"1536x1536":["https:\/\/pecbag.com\/wp-content\/uploads\/2025\/05\/Waterproof-Camo-Hunting-Pack-Portable-Storage-Bag-2.jpeg",960,960,false],"2048x2048":["https:\/\/pecbag.com\/wp-content\/uploads\/2025\/05\/Waterproof-Camo-Hunting-Pack-Portable-Storage-Bag-2.jpeg",960,960,false],"trp-custom-language-flag":["https:\/\/pecbag.com\/wp-content\/uploads\/2025\/05\/Waterproof-Camo-Hunting-Pack-Portable-Storage-Bag-2-12x12.jpeg",12,12,true],"woocommerce_thumbnail":["https:\/\/pecbag.com\/wp-content\/uploads\/2025\/05\/Waterproof-Camo-Hunting-Pack-Portable-Storage-Bag-2-300x300.jpeg",300,300,true],"woocommerce_single":["https:\/\/pecbag.com\/wp-content\/uploads\/2025\/05\/Waterproof-Camo-Hunting-Pack-Portable-Storage-Bag-2-600x600.jpeg",600,600,true],"woocommerce_gallery_thumbnail":["https:\/\/pecbag.com\/wp-content\/uploads\/2025\/05\/Waterproof-Camo-Hunting-Pack-Portable-Storage-Bag-2-100x100.jpeg",100,100,true]},"uagb_author_info":{"display_name":"Lawrence","author_link":"https:\/\/pecbag.com\/es\/author\/"},"uagb_comment_info":0,"uagb_excerpt":"Waterproof Camo Hunting Portable Bag 1. \u3010Durable &amp; Stealthy\u3011 Constructed with durable 600D fabric, which is designed to resist punctures and noise, ensuring you remain undetected in the forest. The camouflage pattern provides optimal camouflage during hunting, allowing you to blend seamlessly with your surroundings. 2. \u3010Two Capacity Options\u301130L capacity is perfect for hunters who&hellip;","_links":{"self":[{"href":"https:\/\/pecbag.com\/es\/wp-json\/wp\/v2\/product\/3507","targetHints":{"allow":["GET"]}}],"collection":[{"href":"https:\/\/pecbag.com\/es\/wp-json\/wp\/v2\/product"}],"about":[{"href":"https:\/\/pecbag.com\/es\/wp-json\/wp\/v2\/types\/product"}],"wp:featuredmedia":[{"embeddable":true,"href":"https:\/\/pecbag.com\/es\/wp-json\/wp\/v2\/media\/3510"}],"wp:attachment":[{"href":"https:\/\/pecbag.com\/es\/wp-json\/wp\/v2\/media?parent=3507"}],"wp:term":[{"taxonomy":"product_brand","embeddable":true,"href":"https:\/\/pecbag.com\/es\/wp-json\/wp\/v2\/product_brand?post=3507"},{"taxonomy":"product_cat","embeddable":true,"href":"https:\/\/pecbag.com\/es\/wp-json\/wp\/v2\/product_cat?post=3507"},{"taxonomy":"product_tag","embeddable":true,"href":"https:\/\/pecbag.com\/es\/wp-json\/wp\/v2\/product_tag?post=3507"}],"curies":[{"name":"wp","href":"https:\/\/api.w.org\/{rel}","templated":true}]}}