{"id":3513,"date":"2025-05-27T04:00:17","date_gmt":"2025-05-27T04:00:17","guid":{"rendered":"https:\/\/pecbag.com\/?post_type=product&#038;p=3513"},"modified":"2025-11-29T01:56:59","modified_gmt":"2025-11-29T01:56:59","slug":"camouflage-outdoor-hunting-fishing-gear-bag","status":"publish","type":"product","link":"https:\/\/pecbag.com\/es\/camouflage-outdoor-hunting-fishing-gear-bag\/","title":{"rendered":"Bolsa de camuflaje para equipo de pesca y caza al aire libre"},"content":{"rendered":"<h5 title=\"Bolso plegable para perros Bolso de malla transpirable para mascotas peque\u00f1as Perros Gatos\" data-immersive-translate-walked=\"1c928421-2e42-4cd3-8754-5404553c0af5\" data-immersive-translate-paragraph=\"1\" data-spm-anchor-id=\"a2700.details.0.i35.4f6757d4w4zNZA\">Camuflaje al aire libre de caza Pesca Gear Bolsas | F\u00e1brica de bolsas a prueba de agua y Mochila Fabricante - Bulk Tactical Solutions<\/h5>\n<div class=\"flex flex-grow flex-col max-w-full\">\n<div class=\"min-h-[20px] text-message flex w-full flex-col items-end gap-2 whitespace-pre-wrap break-words [.text-message+&amp;]:mt-5 overflow-x-auto\" dir=\"auto\" data-message-author-role=\"assistant\" data-message-id=\"3d7d46f6-7ec2-4222-9257-48fa0bba23c6\" data-suggestions=\"true\">\n<div class=\"flex w-full flex-col gap-1 empty:hidden first:pt-[3px]\">\n<div class=\"markdown prose w-full break-words dark:prose-invert light\">\n<table width=\"288\">\n<tbody>\n<tr>\n<td width=\"137\"><span style=\"color: #333333;\">Nombre del producto<\/span><\/td>\n<td width=\"151\">Bolsa de caza<\/td>\n<\/tr>\n<tr>\n<td><span style=\"color: #333333;\">N\u00ba de art\u00edculo<\/span><\/td>\n<td><span style=\"color: #333333;\">PB-2071<\/span><\/td>\n<\/tr>\n<tr>\n<td><span style=\"color: #333333;\">Material<\/span><\/td>\n<td>Poli\u00e9ster 600D<\/td>\n<\/tr>\n<tr>\n<td><span style=\"color: #333333;\">Talla<\/span><\/td>\n<td>69 x 32 x 34 cm<\/td>\n<\/tr>\n<tr>\n<td><span style=\"color: #333333;\">\u00a0Plazo de entrega<\/span><\/td>\n<td><span style=\"color: #333333;\">1-5 d\u00edas para peque\u00f1as cantidades por v\u00eda a\u00e9rea y 30-35 d\u00edas para grandes cantidades por v\u00eda mar\u00edtima<\/span><\/td>\n<\/tr>\n<\/tbody>\n<\/table>\n<p>Como fabricante l\u00edder en China de bolsas de caza y f\u00e1brica de bolsas impermeables, elaboramos bolsas de camuflaje de primera calidad para la caza y la pesca al aire libre para profesionales de todo el mundo. Nuestra empresa bolsa de caza ofrece:<\/p>\n<p>\u2705 <strong>Camuflaje multiambiente<\/strong> (Bosque\/Pantano\/Artico) con tecnolog\u00eda de control del olor<br \/>\n\u2705 <strong>Construcci\u00f3n impermeable IPX7<\/strong> (Cordura\u00ae 600D + costuras soldadas)<br \/>\n\u2705 <strong>Servicios OEM\/ODM<\/strong> para <strong>equipo de caza de marca propia<\/strong> (MOQ 50pcs)<br \/>\n\u2705 <strong>Producci\u00f3n de bolsas de caza a granel<\/strong> con entrega r\u00e1pida en 12 d\u00edas<\/p>\n<p>Con la confianza de mayoristas de bolsas de caza y marcas de outdoor de todo el mundo. Caracter\u00edsticas principales:<br \/>\n- Cierres magn\u00e9ticos silenciosos y acceso ambidiestro<br \/>\n- Compartimento para peces\/caza con malla drenable<br \/>\n- Cinchas MOLLE\/PALS para expansi\u00f3n t\u00e1ctica<\/p>\n<p><strong>Por qu\u00e9 elegir nuestra f\u00e1brica de bolsas de caza<\/strong>:<br \/>\n\ud83d\udd39 18+ a\u00f1os como exportadores superiores del bolso de la caza de China<br \/>\n\ud83d\udd39 Personalizaci\u00f3n gratuita de camuflaje digital en 3D.<br \/>\n\ud83d\udd39 MIL-STD-810G probado y OEKO-Tex certificado<br \/>\n\ud83d\udd39 Descuento 30% para vendedores de bolsas de caza de m\u00e1s de 3.000 unidades<\/p>\n<p>Solicite muestras gratuitas de nuestras bolsas de equipo de camuflaje u obtenga presupuestos al instante. Los proveedores de bolsas de caza disfrutan:<br \/>\n- Actualizaci\u00f3n de la tecnolog\u00eda de bloqueo RFID<br \/>\n- Informes bal\u00edsticos de nailon espec\u00edficos de cada lote<br \/>\n- Asignaci\u00f3n prioritaria del espacio de carga<\/p>\n<\/div>\n<\/div>\n<\/div>\n<\/div>","protected":false},"excerpt":{"rendered":"<h2 data-immersive-translate-walked=\"344be1c1-5052-41eb-8fcd-0dbe236a0d6b\" data-immersive-translate-paragraph=\"1\">Bolsa de camuflaje para equipo de pesca y caza al aire libre<\/h2>\n<p>1. Entrada con cremallera en forma de D para facilitar el acceso al compartimento principal.<\/p>\n<p>2. Dos grandes bolsillos con cremallera en los extremos. 3. Dos bolsillos exteriores con cremallera en la parte delantera.<\/p>\n<p>3. Asa acolchada. Bandolera desmontable y ajustable.<\/p>","protected":false},"featured_media":3516,"template":"","meta":{"_uag_custom_page_level_css":""},"product_brand":[],"product_cat":[54,63,46,68,66],"product_tag":[],"class_list":{"0":"post-3513","1":"product","2":"type-product","3":"status-publish","4":"has-post-thumbnail","6":"product_cat-hunting-bag","7":"product_cat-duffel-bag","8":"product_cat-fishing-bag","9":"product_cat-travel-bag","10":"product_cat-waterproof-bag","12":"first","13":"instock","14":"shipping-taxable","15":"product-type-simple"},"uagb_featured_image_src":{"full":["https:\/\/pecbag.com\/wp-content\/uploads\/2025\/05\/Camouflage-Outdoor-Hunting-Fishing-Gear-Bag-2.jpeg",800,800,false],"thumbnail":["https:\/\/pecbag.com\/wp-content\/uploads\/2025\/05\/Camouflage-Outdoor-Hunting-Fishing-Gear-Bag-2-150x150.jpeg",150,150,true],"medium":["https:\/\/pecbag.com\/wp-content\/uploads\/2025\/05\/Camouflage-Outdoor-Hunting-Fishing-Gear-Bag-2-300x300.jpeg",300,300,true],"medium_large":["https:\/\/pecbag.com\/wp-content\/uploads\/2025\/05\/Camouflage-Outdoor-Hunting-Fishing-Gear-Bag-2-768x768.jpeg",768,768,true],"large":["https:\/\/pecbag.com\/wp-content\/uploads\/2025\/05\/Camouflage-Outdoor-Hunting-Fishing-Gear-Bag-2.jpeg",800,800,false],"1536x1536":["https:\/\/pecbag.com\/wp-content\/uploads\/2025\/05\/Camouflage-Outdoor-Hunting-Fishing-Gear-Bag-2.jpeg",800,800,false],"2048x2048":["https:\/\/pecbag.com\/wp-content\/uploads\/2025\/05\/Camouflage-Outdoor-Hunting-Fishing-Gear-Bag-2.jpeg",800,800,false],"trp-custom-language-flag":["https:\/\/pecbag.com\/wp-content\/uploads\/2025\/05\/Camouflage-Outdoor-Hunting-Fishing-Gear-Bag-2-12x12.jpeg",12,12,true],"woocommerce_thumbnail":["https:\/\/pecbag.com\/wp-content\/uploads\/2025\/05\/Camouflage-Outdoor-Hunting-Fishing-Gear-Bag-2-300x300.jpeg",300,300,true],"woocommerce_single":["https:\/\/pecbag.com\/wp-content\/uploads\/2025\/05\/Camouflage-Outdoor-Hunting-Fishing-Gear-Bag-2-600x600.jpeg",600,600,true],"woocommerce_gallery_thumbnail":["https:\/\/pecbag.com\/wp-content\/uploads\/2025\/05\/Camouflage-Outdoor-Hunting-Fishing-Gear-Bag-2-100x100.jpeg",100,100,true]},"uagb_author_info":{"display_name":"Lawrence","author_link":"https:\/\/pecbag.com\/es\/author\/"},"uagb_comment_info":0,"uagb_excerpt":"Camouflage Outdoor Hunting Fishing Gear Bag 1. D-shaped zippered entry for easy access in the main compartment. 2. Two large zippered end pockets. Two exterior zippered pockets on the front. 3. Padded handle. Detachable, adjustable shoulder strap.","_links":{"self":[{"href":"https:\/\/pecbag.com\/es\/wp-json\/wp\/v2\/product\/3513","targetHints":{"allow":["GET"]}}],"collection":[{"href":"https:\/\/pecbag.com\/es\/wp-json\/wp\/v2\/product"}],"about":[{"href":"https:\/\/pecbag.com\/es\/wp-json\/wp\/v2\/types\/product"}],"wp:featuredmedia":[{"embeddable":true,"href":"https:\/\/pecbag.com\/es\/wp-json\/wp\/v2\/media\/3516"}],"wp:attachment":[{"href":"https:\/\/pecbag.com\/es\/wp-json\/wp\/v2\/media?parent=3513"}],"wp:term":[{"taxonomy":"product_brand","embeddable":true,"href":"https:\/\/pecbag.com\/es\/wp-json\/wp\/v2\/product_brand?post=3513"},{"taxonomy":"product_cat","embeddable":true,"href":"https:\/\/pecbag.com\/es\/wp-json\/wp\/v2\/product_cat?post=3513"},{"taxonomy":"product_tag","embeddable":true,"href":"https:\/\/pecbag.com\/es\/wp-json\/wp\/v2\/product_tag?post=3513"}],"curies":[{"name":"wp","href":"https:\/\/api.w.org\/{rel}","templated":true}]}}