{"id":3519,"date":"2025-05-27T06:13:43","date_gmt":"2025-05-27T06:13:43","guid":{"rendered":"https:\/\/pecbag.com\/?post_type=product&#038;p=3519"},"modified":"2025-11-29T01:56:54","modified_gmt":"2025-11-29T01:56:54","slug":"camo-hiking-camping-daypack","status":"publish","type":"product","link":"https:\/\/pecbag.com\/es\/camo-hiking-camping-daypack\/","title":{"rendered":"Mochila Camo Senderismo Camping"},"content":{"rendered":"<h5 title=\"Bolso plegable para perros Bolso de malla transpirable para mascotas peque\u00f1as Perros Gatos\" data-immersive-translate-walked=\"1c928421-2e42-4cd3-8754-5404553c0af5\" data-immersive-translate-paragraph=\"1\" data-spm-anchor-id=\"a2700.details.0.i35.4f6757d4w4zNZA\">Camo Hiking Camping Daypacks | Fabricante de mochilas y bolsas impermeables - Bulk Outdoor Solutions<\/h5>\n<div class=\"flex flex-grow flex-col max-w-full\">\n<div class=\"min-h-[20px] text-message flex w-full flex-col items-end gap-2 whitespace-pre-wrap break-words [.text-message+&amp;]:mt-5 overflow-x-auto\" dir=\"auto\" data-message-author-role=\"assistant\" data-message-id=\"3d7d46f6-7ec2-4222-9257-48fa0bba23c6\" data-suggestions=\"true\">\n<div class=\"flex w-full flex-col gap-1 empty:hidden first:pt-[3px]\">\n<div class=\"markdown prose w-full break-words dark:prose-invert light\">\n<table width=\"288\">\n<tbody>\n<tr>\n<td width=\"137\"><span style=\"color: #333333;\">Nombre del producto<\/span><\/td>\n<td width=\"151\">Bolsa de caza<\/td>\n<\/tr>\n<tr>\n<td><span style=\"color: #333333;\">N\u00ba de art\u00edculo<\/span><\/td>\n<td><span style=\"color: #333333;\">PB-2072<\/span><\/td>\n<\/tr>\n<tr>\n<td><span style=\"color: #333333;\">Material<\/span><\/td>\n<td>Camuflaje 600D<\/td>\n<\/tr>\n<tr>\n<td><span style=\"color: #333333;\">Talla<\/span><\/td>\n<td>12,6x9x22 pulgadas<\/td>\n<\/tr>\n<tr>\n<td><span style=\"color: #333333;\">\u00a0Plazo de entrega<\/span><\/td>\n<td><span style=\"color: #333333;\">1-5 d\u00edas para peque\u00f1as cantidades por v\u00eda a\u00e9rea y 30-35 d\u00edas para grandes cantidades por v\u00eda mar\u00edtima<\/span><\/td>\n<\/tr>\n<\/tbody>\n<\/table>\n<p>Como fabricante l\u00edder en China de bolsas de caza y f\u00e1brica de bolsas impermeables, producimos mochilas t\u00e1cticas de camuflaje para senderismo y camping para los entusiastas de las actividades al aire libre. Nuestra empresa bolsa de caza ofrece:<\/p>\n<p>\u2705 <strong>Camuflaje multiterreno<\/strong> (Bosque\/Desierto\/Urbano) con tecnolog\u00eda de bloqueo de olores<br \/>\n\u2705 <strong>Dise\u00f1o impermeable IPX6<\/strong> (poli\u00e9ster 600D + costuras de TPU)<br \/>\n\u2705 <strong>Servicios OEM\/ODM<\/strong> para <strong>equipo de caza de marca propia<\/strong> (MOQ 50pcs)<br \/>\n\u2705 <strong>Producci\u00f3n de bolsas de caza a granel<\/strong> con entrega r\u00e1pida en 10 d\u00edas<\/p>\n<p>Con la confianza de mayoristas de bolsas de caza y marcas de aventura de todo el mundo. Caracter\u00edsticas principales:<br \/>\n- Cierres magn\u00e9ticos silenciosos y funda para bolsa de hidrataci\u00f3n<br \/>\n- Plegable en bolsa de auto-almacenamiento (7\u2033x5\u2033)<br \/>\n- Cinchas MOLLE\/PALS para expansi\u00f3n t\u00e1ctica<\/p>\n<p><strong>Por qu\u00e9 asociarse con nuestra f\u00e1brica de bolsas de caza<\/strong>:<br \/>\n\ud83d\udd39 15+ a\u00f1os como exportadores superiores del bolso de la caza de China<br \/>\n\ud83d\udd39 Personalizaci\u00f3n gratuita de patrones de camuflaje en 3D.<br \/>\n\ud83d\udd39 MIL-STD-810G probado y OEKO-Tex certificado<br \/>\n\ud83d\udd39 25% de descuento para los vendedores de bolsas de caza de m\u00e1s de 2.000 unidades<\/p>\n<p>Solicite muestras gratuitas de nuestras mochilas camufladas u obtenga presupuestos al instante. Los proveedores de mochilas de caza disfrutan:<br \/>\n- Actualizaciones de compartimentos con bloqueo RFID<br \/>\n- Certificaciones de calidad espec\u00edficas para cada lote<br \/>\n- Opciones prioritarias de transporte a\u00e9reo y mar\u00edtimo<\/p>\n<\/div>\n<\/div>\n<\/div>\n<\/div>","protected":false},"excerpt":{"rendered":"<h2 data-immersive-translate-walked=\"344be1c1-5052-41eb-8fcd-0dbe236a0d6b\" data-immersive-translate-paragraph=\"1\">Mochila Camo Senderismo Camping<\/h2>\n<p><strong>1. Gran compartimento principal:<\/strong> El gran compartimento principal ofrece mucho espacio de almacenamiento. Los bolsillos laterales de malla son perfectos para guardar una botella de agua o equipo adicional. Tama\u00f1o de la mochila de caza: 12,6 x 9 x 22 pulgadas.<\/p>\n<p><strong>2. Acolchado para mayor comodidad:<\/strong>\u00a0Tanto las correas de los hombros como el panel posterior est\u00e1n acolchados, lo que hace que la mochila resulte m\u00e1s c\u00f3moda cuando se carga con peso.El cintur\u00f3n acolchado y las correas de los hombros con correas ajustables para el estern\u00f3n ofrecen la m\u00e1xima comodidad.<\/p>\n<p><strong>3. Cubierta impermeable incorporada:<\/strong>\u00a0Funda impermeable incluida para mantener el equipo seco durante las inclemencias del tiempo.<\/p>","protected":false},"featured_media":3520,"template":"","meta":{"_uag_custom_page_level_css":""},"product_brand":[],"product_cat":[54,44,45,66],"product_tag":[],"class_list":{"0":"post-3519","1":"product","2":"type-product","3":"status-publish","4":"has-post-thumbnail","6":"product_cat-hunting-bag","7":"product_cat-camping-bags","8":"product_cat-hiking-bag","9":"product_cat-waterproof-bag","11":"first","12":"instock","13":"shipping-taxable","14":"product-type-simple"},"uagb_featured_image_src":{"full":["https:\/\/pecbag.com\/wp-content\/uploads\/2025\/05\/Camo-Hiking-Camping-Daypack-4.jpeg",800,800,false],"thumbnail":["https:\/\/pecbag.com\/wp-content\/uploads\/2025\/05\/Camo-Hiking-Camping-Daypack-4-150x150.jpeg",150,150,true],"medium":["https:\/\/pecbag.com\/wp-content\/uploads\/2025\/05\/Camo-Hiking-Camping-Daypack-4-300x300.jpeg",300,300,true],"medium_large":["https:\/\/pecbag.com\/wp-content\/uploads\/2025\/05\/Camo-Hiking-Camping-Daypack-4-768x768.jpeg",768,768,true],"large":["https:\/\/pecbag.com\/wp-content\/uploads\/2025\/05\/Camo-Hiking-Camping-Daypack-4.jpeg",800,800,false],"1536x1536":["https:\/\/pecbag.com\/wp-content\/uploads\/2025\/05\/Camo-Hiking-Camping-Daypack-4.jpeg",800,800,false],"2048x2048":["https:\/\/pecbag.com\/wp-content\/uploads\/2025\/05\/Camo-Hiking-Camping-Daypack-4.jpeg",800,800,false],"trp-custom-language-flag":["https:\/\/pecbag.com\/wp-content\/uploads\/2025\/05\/Camo-Hiking-Camping-Daypack-4-12x12.jpeg",12,12,true],"woocommerce_thumbnail":["https:\/\/pecbag.com\/wp-content\/uploads\/2025\/05\/Camo-Hiking-Camping-Daypack-4-300x300.jpeg",300,300,true],"woocommerce_single":["https:\/\/pecbag.com\/wp-content\/uploads\/2025\/05\/Camo-Hiking-Camping-Daypack-4-600x600.jpeg",600,600,true],"woocommerce_gallery_thumbnail":["https:\/\/pecbag.com\/wp-content\/uploads\/2025\/05\/Camo-Hiking-Camping-Daypack-4-100x100.jpeg",100,100,true]},"uagb_author_info":{"display_name":"Lawrence","author_link":"https:\/\/pecbag.com\/es\/author\/"},"uagb_comment_info":0,"uagb_excerpt":"Camo Hiking Camping Daypack 1. Large Main Compartment: The large main storage compartment offers plenty of storage space. Mesh side pockets are perfect for storing a water bottle or extra gear. Hunting Daypack Size: 12.6 in X 9 in X 22 in. 2. Padded for Comfort:\u00a0Both the shoulder straps and back panel are padded, making&hellip;","_links":{"self":[{"href":"https:\/\/pecbag.com\/es\/wp-json\/wp\/v2\/product\/3519","targetHints":{"allow":["GET"]}}],"collection":[{"href":"https:\/\/pecbag.com\/es\/wp-json\/wp\/v2\/product"}],"about":[{"href":"https:\/\/pecbag.com\/es\/wp-json\/wp\/v2\/types\/product"}],"wp:featuredmedia":[{"embeddable":true,"href":"https:\/\/pecbag.com\/es\/wp-json\/wp\/v2\/media\/3520"}],"wp:attachment":[{"href":"https:\/\/pecbag.com\/es\/wp-json\/wp\/v2\/media?parent=3519"}],"wp:term":[{"taxonomy":"product_brand","embeddable":true,"href":"https:\/\/pecbag.com\/es\/wp-json\/wp\/v2\/product_brand?post=3519"},{"taxonomy":"product_cat","embeddable":true,"href":"https:\/\/pecbag.com\/es\/wp-json\/wp\/v2\/product_cat?post=3519"},{"taxonomy":"product_tag","embeddable":true,"href":"https:\/\/pecbag.com\/es\/wp-json\/wp\/v2\/product_tag?post=3519"}],"curies":[{"name":"wp","href":"https:\/\/api.w.org\/{rel}","templated":true}]}}