{"id":3526,"date":"2025-05-27T06:21:34","date_gmt":"2025-05-27T06:21:34","guid":{"rendered":"https:\/\/pecbag.com\/?post_type=product&#038;p=3526"},"modified":"2025-11-29T01:56:43","modified_gmt":"2025-11-29T01:56:43","slug":"customized-insulated-portable-lunch-bag","status":"publish","type":"product","link":"https:\/\/pecbag.com\/es\/customized-insulated-portable-lunch-bag\/","title":{"rendered":"Bolsa de almuerzo port\u00e1til con aislamiento personalizada"},"content":{"rendered":"<h5 title=\"Bolso plegable para perros Bolso de malla transpirable para mascotas peque\u00f1as Perros Gatos\" data-immersive-translate-walked=\"1c928421-2e42-4cd3-8754-5404553c0af5\" data-immersive-translate-paragraph=\"1\" data-spm-anchor-id=\"a2700.details.0.i35.4f6757d4w4zNZA\">Bolsas de almuerzo port\u00e1tiles con aislamiento personalizadas | F\u00e1brica de bolsas impermeables y fabricantes de mochilas - Bulk Food Solutions<\/h5>\n<div class=\"flex flex-grow flex-col max-w-full\">\n<div class=\"min-h-[20px] text-message flex w-full flex-col items-end gap-2 whitespace-pre-wrap break-words [.text-message+&amp;]:mt-5 overflow-x-auto\" dir=\"auto\" data-message-author-role=\"assistant\" data-message-id=\"3d7d46f6-7ec2-4222-9257-48fa0bba23c6\" data-suggestions=\"true\">\n<div class=\"flex w-full flex-col gap-1 empty:hidden first:pt-[3px]\">\n<div class=\"markdown prose w-full break-words dark:prose-invert light\">\n<table width=\"288\">\n<tbody>\n<tr>\n<td width=\"137\"><span style=\"color: #333333;\">Nombre del producto<\/span><\/td>\n<td width=\"151\">Bolsa de almuerzo<\/td>\n<\/tr>\n<tr>\n<td><span style=\"color: #333333;\">N\u00ba de art\u00edculo<\/span><\/td>\n<td><span style=\"color: #333333;\">PB-2073<\/span><\/td>\n<\/tr>\n<tr>\n<td><span style=\"color: #333333;\">Material<\/span><\/td>\n<td>Poli\u00e9ster 600D<\/td>\n<\/tr>\n<tr>\n<td><span style=\"color: #333333;\">\u00a0Tama\u00f1o y color<\/span><\/td>\n<td>15*10*13inch<\/td>\n<\/tr>\n<tr>\n<td><span style=\"color: #333333;\">\u00a0Plazo de entrega<\/span><\/td>\n<td><span style=\"color: #333333;\">1-5 d\u00edas para peque\u00f1as cantidades por v\u00eda a\u00e9rea y 30-35 d\u00edas para grandes cantidades por v\u00eda mar\u00edtima<\/span><\/td>\n<\/tr>\n<\/tbody>\n<\/table>\n<p>Como fabricante l\u00edder en China de bolsas de almuerzo y f\u00e1brica de bolsas impermeables, dise\u00f1amos bolsas de almuerzo port\u00e1tiles aislantes personalizadas de primera calidad para distribuidores mundiales de alimentos. Nuestra compa\u00f1\u00eda del bolso del almuerzo ofrece:<\/p>\n<p>\u2705 <strong>6 horas de retenci\u00f3n t\u00e9rmica<\/strong> (forro de PEVA aprobado por la FDA)<br \/>\n\u2705 <strong>Dise\u00f1o impermeable a prueba de fugas<\/strong> (clasificaci\u00f3n IPX4)<br \/>\n\u2705 <strong>Servicios OEM\/ODM<\/strong> para <strong>bolsas de almuerzo de marca propia<\/strong> (MOQ 100pcs)<br \/>\n\u2705 <strong>Producci\u00f3n de bolsas de almuerzo a granel<\/strong> con entrega r\u00e1pida en 10 d\u00edas<\/p>\n<p>Con la confianza de mayoristas de bolsas de almuerzo y marcas de catering de todo el mundo. Caracter\u00edsticas principales:<br \/>\n- Bandolera ajustable y bolsillos laterales para botellas<br \/>\n- Materiales ecol\u00f3gicos aptos para uso alimentario (sin BPA)<br \/>\n- Dise\u00f1o plegable para ahorrar espacio de almacenamiento<\/p>\n<p><strong>Por qu\u00e9 elegir nuestra f\u00e1brica de bolsas de almuerzo<\/strong>:<br \/>\n\ud83d\udd39 12+ a\u00f1os como exportadores superiores del bolso del almuerzo de China<br \/>\n\ud83d\udd39 Dise\u00f1o 3D gratuito con tu marca y logotipo<br \/>\n\ud83d\udd39 Certificaciones SGS\/REACH y env\u00edo FOB\/DDP<br \/>\n\ud83d\udd39 25% descuento para vendedores de bolsas de almuerzo en m\u00e1s de 2.000 unidades<\/p>\n<p>Solicite muestras gratuitas de nuestras bolsas isot\u00e9rmicas para almuerzo u obtenga presupuestos al instante. Los proveedores de bolsas de almuerzo disfrutan:<br \/>\n- MOQ personalizado a partir de 50pcs<br \/>\n- Informes de seguridad alimentaria por lotes<br \/>\n- Asignaci\u00f3n prioritaria de l\u00edneas de producci\u00f3n<\/p>\n<\/div>\n<\/div>\n<\/div>\n<\/div>","protected":false},"excerpt":{"rendered":"<h2 data-immersive-translate-walked=\"344be1c1-5052-41eb-8fcd-0dbe236a0d6b\" data-immersive-translate-paragraph=\"1\">Bolsa de almuerzo port\u00e1til con aislamiento personalizada<\/h2>\n<p>[BOLSA NEVERA PLEGABLE IDEAL PARA VIAJES]: Desde nuestra bolsa isot\u00e9rmica m\u00e1s peque\u00f1a hasta la m\u00e1s grande con aislamiento para 50 latas, son una nevera de viaje perfecta para el coche porque la nevera de lados blandos puede caber m\u00e1s f\u00e1cilmente en espacios reducidos que una nevera de espuma de poliestireno sin preocuparse de que se rompan.<\/p>\n<p>Esta nevera de exterior incluye una correa para el hombro, por lo que es m\u00e1s f\u00e1cil que una cesta de picnic transportar su comida y bebidas mientras disfruta del aire libre<\/p>","protected":false},"featured_media":3530,"template":"","meta":{"_uag_custom_page_level_css":""},"product_brand":[],"product_cat":[52,50],"product_tag":[],"class_list":{"0":"post-3526","1":"product","2":"type-product","3":"status-publish","4":"has-post-thumbnail","6":"product_cat-lunch-bag","7":"product_cat-cooler-bag","9":"first","10":"instock","11":"shipping-taxable","12":"product-type-simple"},"uagb_featured_image_src":{"full":["https:\/\/pecbag.com\/wp-content\/uploads\/2025\/05\/Customized-Insulated-Portable-Lunch-Bag-3.jpeg",2400,2400,false],"thumbnail":["https:\/\/pecbag.com\/wp-content\/uploads\/2025\/05\/Customized-Insulated-Portable-Lunch-Bag-3-150x150.jpeg",150,150,true],"medium":["https:\/\/pecbag.com\/wp-content\/uploads\/2025\/05\/Customized-Insulated-Portable-Lunch-Bag-3-300x300.jpeg",300,300,true],"medium_large":["https:\/\/pecbag.com\/wp-content\/uploads\/2025\/05\/Customized-Insulated-Portable-Lunch-Bag-3-768x768.jpeg",768,768,true],"large":["https:\/\/pecbag.com\/wp-content\/uploads\/2025\/05\/Customized-Insulated-Portable-Lunch-Bag-3-1024x1024.jpeg",800,800,true],"1536x1536":["https:\/\/pecbag.com\/wp-content\/uploads\/2025\/05\/Customized-Insulated-Portable-Lunch-Bag-3-1536x1536.jpeg",1536,1536,true],"2048x2048":["https:\/\/pecbag.com\/wp-content\/uploads\/2025\/05\/Customized-Insulated-Portable-Lunch-Bag-3-2048x2048.jpeg",2048,2048,true],"trp-custom-language-flag":["https:\/\/pecbag.com\/wp-content\/uploads\/2025\/05\/Customized-Insulated-Portable-Lunch-Bag-3-12x12.jpeg",12,12,true],"woocommerce_thumbnail":["https:\/\/pecbag.com\/wp-content\/uploads\/2025\/05\/Customized-Insulated-Portable-Lunch-Bag-3-300x300.jpeg",300,300,true],"woocommerce_single":["https:\/\/pecbag.com\/wp-content\/uploads\/2025\/05\/Customized-Insulated-Portable-Lunch-Bag-3-600x600.jpeg",600,600,true],"woocommerce_gallery_thumbnail":["https:\/\/pecbag.com\/wp-content\/uploads\/2025\/05\/Customized-Insulated-Portable-Lunch-Bag-3-100x100.jpeg",100,100,true]},"uagb_author_info":{"display_name":"Lawrence","author_link":"https:\/\/pecbag.com\/es\/author\/"},"uagb_comment_info":0,"uagb_excerpt":"Customized Insulated Portable Lunch Bag [IDEAL COLLAPSIBLE COOLER BAG FOR TRAVEL]: From our smallest to our largest 50-can insulated cooler bag, these are a perfect travel cooler for the car because the soft-sided cooler can fit more easily in tight spaces than a Styrofoam cooler without worrying about them breaking. This outdoor cooler includes a&hellip;","_links":{"self":[{"href":"https:\/\/pecbag.com\/es\/wp-json\/wp\/v2\/product\/3526","targetHints":{"allow":["GET"]}}],"collection":[{"href":"https:\/\/pecbag.com\/es\/wp-json\/wp\/v2\/product"}],"about":[{"href":"https:\/\/pecbag.com\/es\/wp-json\/wp\/v2\/types\/product"}],"wp:featuredmedia":[{"embeddable":true,"href":"https:\/\/pecbag.com\/es\/wp-json\/wp\/v2\/media\/3530"}],"wp:attachment":[{"href":"https:\/\/pecbag.com\/es\/wp-json\/wp\/v2\/media?parent=3526"}],"wp:term":[{"taxonomy":"product_brand","embeddable":true,"href":"https:\/\/pecbag.com\/es\/wp-json\/wp\/v2\/product_brand?post=3526"},{"taxonomy":"product_cat","embeddable":true,"href":"https:\/\/pecbag.com\/es\/wp-json\/wp\/v2\/product_cat?post=3526"},{"taxonomy":"product_tag","embeddable":true,"href":"https:\/\/pecbag.com\/es\/wp-json\/wp\/v2\/product_tag?post=3526"}],"curies":[{"name":"wp","href":"https:\/\/api.w.org\/{rel}","templated":true}]}}