{"id":3549,"date":"2025-05-27T06:51:33","date_gmt":"2025-05-27T06:51:33","guid":{"rendered":"https:\/\/pecbag.com\/?post_type=product&#038;p=3549"},"modified":"2025-11-29T01:56:24","modified_gmt":"2025-11-29T01:56:24","slug":"portable-insulated-food-container","status":"publish","type":"product","link":"https:\/\/pecbag.com\/es\/portable-insulated-food-container\/","title":{"rendered":"Recipiente isot\u00e9rmico port\u00e1til para alimentos"},"content":{"rendered":"<h5 title=\"Bolso plegable para perros Bolso de malla transpirable para mascotas peque\u00f1as Perros Gatos\" data-immersive-translate-walked=\"1c928421-2e42-4cd3-8754-5404553c0af5\" data-immersive-translate-paragraph=\"1\" data-spm-anchor-id=\"a2700.details.0.i35.4f6757d4w4zNZA\">Contenedores isot\u00e9rmicos port\u00e1tiles para alimentos | Fabricante de bolsas y mochilas impermeables - Bulk Catering Solutions<\/h5>\n<div class=\"flex flex-grow flex-col max-w-full\">\n<div class=\"min-h-[20px] text-message flex w-full flex-col items-end gap-2 whitespace-pre-wrap break-words [.text-message+&amp;]:mt-5 overflow-x-auto\" dir=\"auto\" data-message-author-role=\"assistant\" data-message-id=\"3d7d46f6-7ec2-4222-9257-48fa0bba23c6\" data-suggestions=\"true\">\n<div class=\"flex w-full flex-col gap-1 empty:hidden first:pt-[3px]\">\n<div class=\"markdown prose w-full break-words dark:prose-invert light\">\n<table width=\"288\">\n<tbody>\n<tr>\n<td width=\"137\"><span style=\"color: #333333;\">Nombre del producto<\/span><\/td>\n<td width=\"151\">Bolsa de almuerzo<\/td>\n<\/tr>\n<tr>\n<td><span style=\"color: #333333;\">N\u00ba de art\u00edculo<\/span><\/td>\n<td><span style=\"color: #333333;\">PB-2076<\/span><\/td>\n<\/tr>\n<tr>\n<td><span style=\"color: #333333;\">Material<\/span><\/td>\n<td>Ripstop<\/td>\n<\/tr>\n<tr>\n<td><span style=\"color: #333333;\">\u00a0Tama\u00f1o y color<\/span><\/td>\n<td>17 x 9 x 9 pulgadas<\/td>\n<\/tr>\n<tr>\n<td><span style=\"color: #333333;\">\u00a0Plazo de entrega<\/span><\/td>\n<td><span style=\"color: #333333;\">1-5 d\u00edas para peque\u00f1as cantidades por v\u00eda a\u00e9rea y 30-35 d\u00edas para grandes cantidades por v\u00eda mar\u00edtima<\/span><\/td>\n<\/tr>\n<\/tbody>\n<\/table>\n<p>Como fabricante l\u00edder en China de bolsas de almuerzo y f\u00e1brica de bolsas impermeables, dise\u00f1amos contenedores aislantes port\u00e1tiles de primera calidad para empresas de catering de todo el mundo. Nuestra compa\u00f1\u00eda del bolso del almuerzo ofrece:<\/p>\n<p>\u2705 <strong>12 horas de retenci\u00f3n t\u00e9rmica<\/strong> con aislamiento de PEVA aprobado por la FDA<br \/>\n\u2705 <strong>Dise\u00f1o impermeable IPX6<\/strong> (Tejido Oxford 600D + costuras soldadas)<br \/>\n\u2705 <strong>Servicios OEM\/ODM<\/strong> para <strong>envases de marca propia para almuerzos<\/strong><br \/>\n\u2705 <strong>Producci\u00f3n de bolsas de almuerzo a granel<\/strong> con entrega r\u00e1pida en 10 d\u00edas<\/p>\n<p>Con la confianza de mayoristas de bolsas de almuerzo y proveedores de servicios alimentarios de todo el mundo. Caracter\u00edsticas principales:<br \/>\n- Juntas de silicona a prueba de fugas y bisagras de acero inoxidable<br \/>\n- Dise\u00f1o apilable con compartimentos desmontables<br \/>\n- Plegable para ahorrar espacio de almacenamiento\/env\u00edo<\/p>\n<p><strong>Por qu\u00e9 elegir nuestra f\u00e1brica de bolsas de almuerzo<\/strong>:<br \/>\n\ud83d\udd39 15+ a\u00f1os como exportadores superiores del bolso del almuerzo de China<br \/>\n\ud83d\udd39 Soporte de dise\u00f1o 3D gratuito con tu marca<br \/>\n\ud83d\udd39 Materiales con certificaci\u00f3n BPA-free\/SGS\/REACH.<br \/>\n\ud83d\udd39 30% descuento para vendedores de fiambreras a partir de 3.000 unidades<\/p>\n<p>Solicite muestras gratuitas de nuestros recipientes isot\u00e9rmicos para alimentos u obtenga presupuestos al instante. Los proveedores de bolsas de almuerzo disfrutan:<br \/>\n- Servicios OEM\/ODM para envases de almuerzo de marca blanca<br \/>\n- Certificaciones de seguridad alimentaria espec\u00edficas para cada lote<br \/>\n- Asignaci\u00f3n prioritaria de carga a\u00e9rea<\/p>\n<\/div>\n<\/div>\n<\/div>\n<\/div>","protected":false},"excerpt":{"rendered":"<h2 data-immersive-translate-walked=\"344be1c1-5052-41eb-8fcd-0dbe236a0d6b\" data-immersive-translate-paragraph=\"1\">Recipiente isot\u00e9rmico port\u00e1til para alimentos<\/h2>\n<p>Esta bolsa nevera tiene m\u00faltiples bolsillos y en ella caben muchas botellas, latas y tapones. Los m\u00faltiples bolsillos le permiten mantener la bolsa nevera organizada. Gracias a su gran capacidad, la bolsa nevera es ideal para picnics, acampadas, d\u00edas en la playa y viajes de fin de semana.<\/p>","protected":false},"featured_media":3551,"template":"","meta":{"_uag_custom_page_level_css":""},"product_brand":[],"product_cat":[52,50],"product_tag":[],"class_list":{"0":"post-3549","1":"product","2":"type-product","3":"status-publish","4":"has-post-thumbnail","6":"product_cat-lunch-bag","7":"product_cat-cooler-bag","9":"first","10":"instock","11":"shipping-taxable","12":"product-type-simple"},"uagb_featured_image_src":{"full":["https:\/\/pecbag.com\/wp-content\/uploads\/2025\/05\/Portable-Insulated-Food-Container-1.jpeg",1500,1500,false],"thumbnail":["https:\/\/pecbag.com\/wp-content\/uploads\/2025\/05\/Portable-Insulated-Food-Container-1-150x150.jpeg",150,150,true],"medium":["https:\/\/pecbag.com\/wp-content\/uploads\/2025\/05\/Portable-Insulated-Food-Container-1-300x300.jpeg",300,300,true],"medium_large":["https:\/\/pecbag.com\/wp-content\/uploads\/2025\/05\/Portable-Insulated-Food-Container-1-768x768.jpeg",768,768,true],"large":["https:\/\/pecbag.com\/wp-content\/uploads\/2025\/05\/Portable-Insulated-Food-Container-1-1024x1024.jpeg",800,800,true],"1536x1536":["https:\/\/pecbag.com\/wp-content\/uploads\/2025\/05\/Portable-Insulated-Food-Container-1.jpeg",1500,1500,false],"2048x2048":["https:\/\/pecbag.com\/wp-content\/uploads\/2025\/05\/Portable-Insulated-Food-Container-1.jpeg",1500,1500,false],"trp-custom-language-flag":["https:\/\/pecbag.com\/wp-content\/uploads\/2025\/05\/Portable-Insulated-Food-Container-1-12x12.jpeg",12,12,true],"woocommerce_thumbnail":["https:\/\/pecbag.com\/wp-content\/uploads\/2025\/05\/Portable-Insulated-Food-Container-1-300x300.jpeg",300,300,true],"woocommerce_single":["https:\/\/pecbag.com\/wp-content\/uploads\/2025\/05\/Portable-Insulated-Food-Container-1-600x600.jpeg",600,600,true],"woocommerce_gallery_thumbnail":["https:\/\/pecbag.com\/wp-content\/uploads\/2025\/05\/Portable-Insulated-Food-Container-1-100x100.jpeg",100,100,true]},"uagb_author_info":{"display_name":"Lawrence","author_link":"https:\/\/pecbag.com\/es\/author\/"},"uagb_comment_info":0,"uagb_excerpt":"Portable Insulated Food Container This cooler bag has multiple pockets and it can fit so many bottles, cans, and toppers. The multiple pockets allow you to keep the cooler bag organized. Thanks to its large capacity, the cooler bag is ideal for picnics, camping, days at the beach, and weekend trips.","_links":{"self":[{"href":"https:\/\/pecbag.com\/es\/wp-json\/wp\/v2\/product\/3549","targetHints":{"allow":["GET"]}}],"collection":[{"href":"https:\/\/pecbag.com\/es\/wp-json\/wp\/v2\/product"}],"about":[{"href":"https:\/\/pecbag.com\/es\/wp-json\/wp\/v2\/types\/product"}],"wp:featuredmedia":[{"embeddable":true,"href":"https:\/\/pecbag.com\/es\/wp-json\/wp\/v2\/media\/3551"}],"wp:attachment":[{"href":"https:\/\/pecbag.com\/es\/wp-json\/wp\/v2\/media?parent=3549"}],"wp:term":[{"taxonomy":"product_brand","embeddable":true,"href":"https:\/\/pecbag.com\/es\/wp-json\/wp\/v2\/product_brand?post=3549"},{"taxonomy":"product_cat","embeddable":true,"href":"https:\/\/pecbag.com\/es\/wp-json\/wp\/v2\/product_cat?post=3549"},{"taxonomy":"product_tag","embeddable":true,"href":"https:\/\/pecbag.com\/es\/wp-json\/wp\/v2\/product_tag?post=3549"}],"curies":[{"name":"wp","href":"https:\/\/api.w.org\/{rel}","templated":true}]}}