{"id":3587,"date":"2025-05-27T08:53:00","date_gmt":"2025-05-27T08:53:00","guid":{"rendered":"https:\/\/pecbag.com\/?post_type=product&#038;p=3587"},"modified":"2025-11-29T01:55:21","modified_gmt":"2025-11-29T01:55:21","slug":"durable-water-resistant-shoulder-bag","status":"publish","type":"product","link":"https:\/\/pecbag.com\/es\/durable-water-resistant-shoulder-bag\/","title":{"rendered":"Bolso de hombro duradero y resistente al agua"},"content":{"rendered":"<h5 title=\"Bolso plegable para perros Bolso de malla transpirable para mascotas peque\u00f1as Perros Gatos\" data-immersive-translate-walked=\"1c928421-2e42-4cd3-8754-5404553c0af5\" data-immersive-translate-paragraph=\"1\" data-spm-anchor-id=\"a2700.details.0.i35.4f6757d4w4zNZA\">Bolsas de hombro resistentes al agua duraderas | F\u00e1brica de bolsas y mochilas impermeables - Bulk Messenger Solutions<\/h5>\n<div class=\"flex flex-grow flex-col max-w-full\">\n<div class=\"min-h-[20px] text-message flex w-full flex-col items-end gap-2 whitespace-pre-wrap break-words [.text-message+&amp;]:mt-5 overflow-x-auto\" dir=\"auto\" data-message-author-role=\"assistant\" data-message-id=\"3d7d46f6-7ec2-4222-9257-48fa0bba23c6\" data-suggestions=\"true\">\n<div class=\"flex w-full flex-col gap-1 empty:hidden first:pt-[3px]\">\n<div class=\"markdown prose w-full break-words dark:prose-invert light\">\n<table width=\"288\">\n<tbody>\n<tr>\n<td width=\"137\"><span style=\"color: #333333;\">Nombre del producto<\/span><\/td>\n<td width=\"151\">Bolsa de mensajero<\/td>\n<\/tr>\n<tr>\n<td><span style=\"color: #333333;\">N\u00ba de art\u00edculo<\/span><\/td>\n<td><span style=\"color: #333333;\">PB-2078<\/span><\/td>\n<\/tr>\n<tr>\n<td><span style=\"color: #333333;\">Material<\/span><\/td>\n<td>Poli\u00e9ster 600D Snowflake<\/td>\n<\/tr>\n<tr>\n<td><span style=\"color: #333333;\">Talla<\/span><\/td>\n<td>38 x 14 x 18 cm<\/td>\n<\/tr>\n<tr>\n<td><span style=\"color: #333333;\">\u00a0Plazo de entrega<\/span><\/td>\n<td><span style=\"color: #333333;\">1-5 d\u00edas para peque\u00f1as cantidades por v\u00eda a\u00e9rea y 30-35 d\u00edas para grandes cantidades por v\u00eda mar\u00edtima<\/span><\/td>\n<\/tr>\n<\/tbody>\n<\/table>\n<p>Como fabricante l\u00edder en China de bolsas de mensajero y f\u00e1brica de bolsas impermeables, dise\u00f1amos bolsas de hombro resistentes al agua de alta resistencia para marcas de log\u00edstica global. Nuestra empresa bolsa de mensajero proporciona:<\/p>\n<p>\u2705 <strong>Resistencia al agua IPX4<\/strong> (poli\u00e9ster 600D + revestimiento TPU)<br \/>\n\u2705 <strong>25L de capacidad ampliable<\/strong> con cincha MOLLE (MOQ 50pcs)<br \/>\n\u2705 <strong>Servicios OEM\/ODM<\/strong> para <strong>bolsas de mensajero de marca propia<\/strong><br \/>\n\u2705 <strong>Producci\u00f3n de bolsas de mensajero a granel<\/strong> en 10 d\u00edas<\/p>\n<p>Con la confianza de mayoristas de bolsas de mensajero y proveedores corporativos de todo el mundo. Caracter\u00edsticas principales:<br \/>\n- Funda acolchada para port\u00e1til (hasta 17\") y bolsillo con bloqueo RFID<br \/>\n- Hebillas de cierre r\u00e1pido y correa ergon\u00f3mica para el hombro<br \/>\n- Correa cruzada desmontable para m\u00faltiples opciones de transporte<\/p>\n<p><strong>Por qu\u00e9 elegir nuestra f\u00e1brica de bolsas de mensajero<\/strong>:<br \/>\n\ud83d\udd39 12+ a\u00f1os como exportadores superiores del bolso de mensajero de China<br \/>\n\ud83d\udd39 Dise\u00f1o gratuito de un pack tecnol\u00f3gico en 3D con tu marca<br \/>\n\ud83d\udd39 Materiales con certificaci\u00f3n OEKO-Tex\/SGS.<br \/>\n\ud83d\udd39 Descuento 30% para vendedores de bolsas de mensajero a partir de 3.000 unidades<\/p>\n<p>Solicite muestras gratuitas de nuestros bolsos bandolera resistentes al agua u obtenga presupuestos al instante. Los proveedores de bolsas de mensajero disfrutan:<br \/>\n- MOQ personalizado a partir de 30pcs<br \/>\n- Informes de ensayos de abrasi\u00f3n por lotes<br \/>\n- Asignaci\u00f3n prioritaria de carga a\u00e9rea<\/p>\n<\/div>\n<\/div>\n<\/div>\n<\/div>","protected":false},"excerpt":{"rendered":"<h2 data-immersive-translate-walked=\"344be1c1-5052-41eb-8fcd-0dbe236a0d6b\" data-immersive-translate-paragraph=\"1\">Bolso de hombro duradero y resistente al agua<\/h2>\n<p><strong>1. Bolsa multiusos para manillar de bicicleta\u00a0<\/strong>- Bolsa de manillar multiusos con correa ajustable tambi\u00e9n se puede utilizar como bolsa de tubo superior de la bicicleta, bolso de hombro, bolsa de cintura y bolsa de mensajero. Colgarlo en el manillar como sexta imagen muestra por favor.<\/p>\n<p><strong>2. Poli\u00e9ster 600D y materiales resistentes al agua<\/strong>\u00a0- Hecho de poli\u00e9ster 600D real y capa interior de PU resistente al agua, por lo que este paquete de alta resistencia es resistente a los ara\u00f1azos, anti-abrasivo, colorfast, resistente a la oxidaci\u00f3n, y se refuerza en todos los puntos de tensi\u00f3n.<\/p>\n<p><strong>3. Bolsa con sistema MOLLE<\/strong>\u00a0- Esta bolsa extensible tiene accesorios MOLLE en su parte posterior, y le permiten adjuntarlo a Duty Utility Belt, Admin Bag, mochilas, chalecos PALS o cualquier equipo compatible con MOLLE.<\/p>","protected":false},"featured_media":3592,"template":"","meta":{"_uag_custom_page_level_css":""},"product_brand":[],"product_cat":[65,48,64],"product_tag":[],"class_list":{"0":"post-3587","1":"product","2":"type-product","3":"status-publish","4":"has-post-thumbnail","6":"product_cat-messenger-bag","7":"product_cat-bike-bag","8":"product_cat-shoulder-bag","10":"first","11":"instock","12":"shipping-taxable","13":"product-type-simple"},"uagb_featured_image_src":{"full":["https:\/\/pecbag.com\/wp-content\/uploads\/2025\/05\/Durable-Water-Resistant-Shoulder-Bag-2.jpeg",1600,1600,false],"thumbnail":["https:\/\/pecbag.com\/wp-content\/uploads\/2025\/05\/Durable-Water-Resistant-Shoulder-Bag-2-150x150.jpeg",150,150,true],"medium":["https:\/\/pecbag.com\/wp-content\/uploads\/2025\/05\/Durable-Water-Resistant-Shoulder-Bag-2-300x300.jpeg",300,300,true],"medium_large":["https:\/\/pecbag.com\/wp-content\/uploads\/2025\/05\/Durable-Water-Resistant-Shoulder-Bag-2-768x768.jpeg",768,768,true],"large":["https:\/\/pecbag.com\/wp-content\/uploads\/2025\/05\/Durable-Water-Resistant-Shoulder-Bag-2-1024x1024.jpeg",800,800,true],"1536x1536":["https:\/\/pecbag.com\/wp-content\/uploads\/2025\/05\/Durable-Water-Resistant-Shoulder-Bag-2-1536x1536.jpeg",1536,1536,true],"2048x2048":["https:\/\/pecbag.com\/wp-content\/uploads\/2025\/05\/Durable-Water-Resistant-Shoulder-Bag-2.jpeg",1600,1600,false],"trp-custom-language-flag":["https:\/\/pecbag.com\/wp-content\/uploads\/2025\/05\/Durable-Water-Resistant-Shoulder-Bag-2-12x12.jpeg",12,12,true],"woocommerce_thumbnail":["https:\/\/pecbag.com\/wp-content\/uploads\/2025\/05\/Durable-Water-Resistant-Shoulder-Bag-2-300x300.jpeg",300,300,true],"woocommerce_single":["https:\/\/pecbag.com\/wp-content\/uploads\/2025\/05\/Durable-Water-Resistant-Shoulder-Bag-2-600x600.jpeg",600,600,true],"woocommerce_gallery_thumbnail":["https:\/\/pecbag.com\/wp-content\/uploads\/2025\/05\/Durable-Water-Resistant-Shoulder-Bag-2-100x100.jpeg",100,100,true]},"uagb_author_info":{"display_name":"Lawrence","author_link":"https:\/\/pecbag.com\/es\/author\/"},"uagb_comment_info":0,"uagb_excerpt":"Durable Water Resistant Shoulder Bag 1. Multi-purpose Bike Handlebar Bag\u00a0- Multi-purpose handlebar bag with adjustable strap can also be used as bike top tube bag, shoulder bag, waist bag and messenger bag. Hang it on handlebar as sixth image shows please. 2. 600D Polyester and Water Resistant Materials\u00a0- Made of real 600D Polyester and inner&hellip;","_links":{"self":[{"href":"https:\/\/pecbag.com\/es\/wp-json\/wp\/v2\/product\/3587","targetHints":{"allow":["GET"]}}],"collection":[{"href":"https:\/\/pecbag.com\/es\/wp-json\/wp\/v2\/product"}],"about":[{"href":"https:\/\/pecbag.com\/es\/wp-json\/wp\/v2\/types\/product"}],"wp:featuredmedia":[{"embeddable":true,"href":"https:\/\/pecbag.com\/es\/wp-json\/wp\/v2\/media\/3592"}],"wp:attachment":[{"href":"https:\/\/pecbag.com\/es\/wp-json\/wp\/v2\/media?parent=3587"}],"wp:term":[{"taxonomy":"product_brand","embeddable":true,"href":"https:\/\/pecbag.com\/es\/wp-json\/wp\/v2\/product_brand?post=3587"},{"taxonomy":"product_cat","embeddable":true,"href":"https:\/\/pecbag.com\/es\/wp-json\/wp\/v2\/product_cat?post=3587"},{"taxonomy":"product_tag","embeddable":true,"href":"https:\/\/pecbag.com\/es\/wp-json\/wp\/v2\/product_tag?post=3587"}],"curies":[{"name":"wp","href":"https:\/\/api.w.org\/{rel}","templated":true}]}}