{"id":3618,"date":"2025-05-27T09:15:00","date_gmt":"2025-05-27T09:15:00","guid":{"rendered":"https:\/\/pecbag.com\/?post_type=product&#038;p=3618"},"modified":"2025-11-29T01:54:58","modified_gmt":"2025-11-29T01:54:58","slug":"laptop-business-messenger-bag","status":"publish","type":"product","link":"https:\/\/pecbag.com\/es\/laptop-business-messenger-bag\/","title":{"rendered":"Bolsa de negocios para port\u00e1til"},"content":{"rendered":"<h5 title=\"Bolso plegable para perros Bolso de malla transpirable para mascotas peque\u00f1as Perros Gatos\" data-immersive-translate-walked=\"1c928421-2e42-4cd3-8754-5404553c0af5\" data-immersive-translate-paragraph=\"1\" data-spm-anchor-id=\"a2700.details.0.i35.4f6757d4w4zNZA\">Port\u00e1til Bolsas de Messenger de negocios | F\u00e1brica de bolsas a prueba de agua y fabricante de mochilas - Bulk Corporate Solutions<\/h5>\n<div class=\"flex flex-grow flex-col max-w-full\">\n<div class=\"min-h-[20px] text-message flex w-full flex-col items-end gap-2 whitespace-pre-wrap break-words [.text-message+&amp;]:mt-5 overflow-x-auto\" dir=\"auto\" data-message-author-role=\"assistant\" data-message-id=\"3d7d46f6-7ec2-4222-9257-48fa0bba23c6\" data-suggestions=\"true\">\n<div class=\"flex w-full flex-col gap-1 empty:hidden first:pt-[3px]\">\n<div class=\"markdown prose w-full break-words dark:prose-invert light\">\n<table width=\"288\">\n<tbody>\n<tr>\n<td width=\"137\"><span style=\"color: #333333;\">Nombre del producto<\/span><\/td>\n<td width=\"151\">Bolsa de mensajero<\/td>\n<\/tr>\n<tr>\n<td><span style=\"color: #333333;\">N\u00ba de art\u00edculo<\/span><\/td>\n<td><span style=\"color: #333333;\">PB-2081<\/span><\/td>\n<\/tr>\n<tr>\n<td><span style=\"color: #333333;\">Material<\/span><\/td>\n<td>Poli\u00e9ster 600D<\/td>\n<\/tr>\n<tr>\n<td><span style=\"color: #333333;\">Talla<\/span><\/td>\n<td>17 x 6,3 x 13,4 pulgadas<\/td>\n<\/tr>\n<tr>\n<td><span style=\"color: #333333;\">\u00a0Plazo de entrega<\/span><\/td>\n<td><span style=\"color: #333333;\">1-5 d\u00edas para peque\u00f1as cantidades por v\u00eda a\u00e9rea y 30-35 d\u00edas para grandes cantidades por v\u00eda mar\u00edtima<\/span><\/td>\n<\/tr>\n<\/tbody>\n<\/table>\n<p>Como fabricante l\u00edder en China de bolsas de mensajero y f\u00e1brica de bolsas impermeables, elaboramos bolsas de mensajero profesionales para port\u00e1tiles de negocios para empresas globales. Nuestra empresa bolsa de mensajero ofrece:<\/p>\n<p>\u2705 <strong>Protecci\u00f3n impermeable IPX5<\/strong> (poli\u00e9ster 600D + costuras soldadas)<br \/>\n\u2705 <strong>Compartimento para port\u00e1til de hasta 17\u2033.<\/strong> con acolchado antichoque<br \/>\n\u2705 <strong>Servicios OEM\/ODM<\/strong> para <strong>bolsas de mensajero de marca propia<\/strong><br \/>\n\u2705 <strong>Producci\u00f3n de bolsas de mensajero a granel<\/strong> con entrega en 10 d\u00edas<\/p>\n<p>Con la confianza de mayoristas de bolsas de mensajero y empresas de Fortune 500. Caracter\u00edsticas principales:<br \/>\n- Bolsillos con bloqueo RFID y cremalleras antirrobo ocultas<br \/>\n- Correa de hombro desmontable y funda para carro de equipaje<br \/>\n- Organizador tecnol\u00f3gico de acceso r\u00e1pido con puerto USB<\/p>\n<p><strong>Por qu\u00e9 elegir nuestra f\u00e1brica de bolsas de mensajero<\/strong>:<br \/>\n\ud83d\udd39 15+ a\u00f1os como exportadores superiores del bolso de mensajero de China<br \/>\n\ud83d\udd39 Dise\u00f1o 3D gratuito con tu marca corporativa<br \/>\n\ud83d\udd39 Materiales con certificaci\u00f3n OEKO-Tex y resistentes a la abrasi\u00f3n.<br \/>\n\ud83d\udd39 25% descuento para vendedores de bolsas de mensajero en m\u00e1s de 2.500 unidades<\/p>\n<p>Solicite muestras gratuitas de nuestras bolsas de mensajero para empresas u obtenga presupuestos al instante. Los proveedores de bolsas de mensajero disfrutan:<br \/>\n- MOQ personalizado<br \/>\n- Certificaciones de calidad espec\u00edficas para cada lote<br \/>\n- Opciones prioritarias de transporte a\u00e9reo y mar\u00edtimo<\/p>\n<\/div>\n<\/div>\n<\/div>\n<\/div>","protected":false},"excerpt":{"rendered":"<h2 data-immersive-translate-walked=\"344be1c1-5052-41eb-8fcd-0dbe236a0d6b\" data-immersive-translate-paragraph=\"1\">Bolsa de negocios para port\u00e1til<\/h2>\n<div class=\"sliderTable mt10 mb10 sliderTable-index0\">\n<div class=\"inner\">\n<p>El dise\u00f1o multibolsillo para organizar todo lo necesario para el trabajo o la escuela.<\/p>\n<p>El compartimento frontal con cremallera tiene 3 bolsillos abiertos para guardar el Ipad, la cartera, el port\u00e1til, etc. Mientras que en los 3 bolsillos exteriores caben m\u00f3viles, cargadores, power banks, auriculares y un rat\u00f3n u otros objetos peque\u00f1os.<\/p>\n<\/div>\n<\/div>","protected":false},"featured_media":3623,"template":"","meta":{"_uag_custom_page_level_css":""},"product_brand":[],"product_cat":[65,64],"product_tag":[],"class_list":{"0":"post-3618","1":"product","2":"type-product","3":"status-publish","4":"has-post-thumbnail","6":"product_cat-messenger-bag","7":"product_cat-shoulder-bag","9":"first","10":"instock","11":"shipping-taxable","12":"product-type-simple"},"uagb_featured_image_src":{"full":["https:\/\/pecbag.com\/wp-content\/uploads\/2025\/05\/Laptop-Business-Messenger-Bag-2.jpeg",800,800,false],"thumbnail":["https:\/\/pecbag.com\/wp-content\/uploads\/2025\/05\/Laptop-Business-Messenger-Bag-2-150x150.jpeg",150,150,true],"medium":["https:\/\/pecbag.com\/wp-content\/uploads\/2025\/05\/Laptop-Business-Messenger-Bag-2-300x300.jpeg",300,300,true],"medium_large":["https:\/\/pecbag.com\/wp-content\/uploads\/2025\/05\/Laptop-Business-Messenger-Bag-2-768x768.jpeg",768,768,true],"large":["https:\/\/pecbag.com\/wp-content\/uploads\/2025\/05\/Laptop-Business-Messenger-Bag-2.jpeg",800,800,false],"1536x1536":["https:\/\/pecbag.com\/wp-content\/uploads\/2025\/05\/Laptop-Business-Messenger-Bag-2.jpeg",800,800,false],"2048x2048":["https:\/\/pecbag.com\/wp-content\/uploads\/2025\/05\/Laptop-Business-Messenger-Bag-2.jpeg",800,800,false],"trp-custom-language-flag":["https:\/\/pecbag.com\/wp-content\/uploads\/2025\/05\/Laptop-Business-Messenger-Bag-2-12x12.jpeg",12,12,true],"woocommerce_thumbnail":["https:\/\/pecbag.com\/wp-content\/uploads\/2025\/05\/Laptop-Business-Messenger-Bag-2-300x300.jpeg",300,300,true],"woocommerce_single":["https:\/\/pecbag.com\/wp-content\/uploads\/2025\/05\/Laptop-Business-Messenger-Bag-2-600x600.jpeg",600,600,true],"woocommerce_gallery_thumbnail":["https:\/\/pecbag.com\/wp-content\/uploads\/2025\/05\/Laptop-Business-Messenger-Bag-2-100x100.jpeg",100,100,true]},"uagb_author_info":{"display_name":"Lawrence","author_link":"https:\/\/pecbag.com\/es\/author\/"},"uagb_comment_info":0,"uagb_excerpt":"Laptop Business Messenger Bag The multi-pocket design to organized everything you need for work or school. The front zipper compartment with 3 open pockets to hold Ipad, wallet, notebook etc. While the 3 exterior pockets hold cell phones, chargers, power banks, earphones, and a mouse or other small items.","_links":{"self":[{"href":"https:\/\/pecbag.com\/es\/wp-json\/wp\/v2\/product\/3618","targetHints":{"allow":["GET"]}}],"collection":[{"href":"https:\/\/pecbag.com\/es\/wp-json\/wp\/v2\/product"}],"about":[{"href":"https:\/\/pecbag.com\/es\/wp-json\/wp\/v2\/types\/product"}],"wp:featuredmedia":[{"embeddable":true,"href":"https:\/\/pecbag.com\/es\/wp-json\/wp\/v2\/media\/3623"}],"wp:attachment":[{"href":"https:\/\/pecbag.com\/es\/wp-json\/wp\/v2\/media?parent=3618"}],"wp:term":[{"taxonomy":"product_brand","embeddable":true,"href":"https:\/\/pecbag.com\/es\/wp-json\/wp\/v2\/product_brand?post=3618"},{"taxonomy":"product_cat","embeddable":true,"href":"https:\/\/pecbag.com\/es\/wp-json\/wp\/v2\/product_cat?post=3618"},{"taxonomy":"product_tag","embeddable":true,"href":"https:\/\/pecbag.com\/es\/wp-json\/wp\/v2\/product_tag?post=3618"}],"curies":[{"name":"wp","href":"https:\/\/api.w.org\/{rel}","templated":true}]}}