{"id":3660,"date":"2025-05-27T10:03:22","date_gmt":"2025-05-27T10:03:22","guid":{"rendered":"https:\/\/pecbag.com\/?post_type=product&#038;p=3660"},"modified":"2025-11-29T01:54:51","modified_gmt":"2025-11-29T01:54:51","slug":"hot-selling-premium-ski-boot-bag","status":"publish","type":"product","link":"https:\/\/pecbag.com\/es\/hot-selling-premium-ski-boot-bag\/","title":{"rendered":"Hot Selling Bolsa Premium para botas de esqu\u00ed"},"content":{"rendered":"<h5 title=\"Bolso plegable para perros Bolso de malla transpirable para mascotas peque\u00f1as Perros Gatos\" data-immersive-translate-walked=\"1c928421-2e42-4cd3-8754-5404553c0af5\" data-immersive-translate-paragraph=\"1\" data-spm-anchor-id=\"a2700.details.0.i35.4f6757d4w4zNZA\">Venta caliente Premium Botas de esqu\u00ed Bolsas | F\u00e1brica de bolsas impermeables y mochila Fabricante - Bulk Winter Solutions<\/h5>\n<div class=\"flex flex-grow flex-col max-w-full\">\n<div class=\"min-h-[20px] text-message flex w-full flex-col items-end gap-2 whitespace-pre-wrap break-words [.text-message+&amp;]:mt-5 overflow-x-auto\" dir=\"auto\" data-message-author-role=\"assistant\" data-message-id=\"3d7d46f6-7ec2-4222-9257-48fa0bba23c6\" data-suggestions=\"true\">\n<div class=\"flex w-full flex-col gap-1 empty:hidden first:pt-[3px]\">\n<div class=\"markdown prose w-full break-words dark:prose-invert light\">\n<table width=\"288\">\n<tbody>\n<tr>\n<td width=\"137\"><span style=\"color: #333333;\">Nombre del producto<\/span><\/td>\n<td width=\"151\">Bolsa de esqu\u00ed<\/td>\n<\/tr>\n<tr>\n<td><span style=\"color: #333333;\">N\u00ba de art\u00edculo<\/span><\/td>\n<td><span style=\"color: #333333;\">PB-2083<\/span><\/td>\n<\/tr>\n<tr>\n<td><span style=\"color: #333333;\">Material<\/span><\/td>\n<td>Poli\u00e9ster 1680D<\/td>\n<\/tr>\n<tr>\n<td><span style=\"color: #333333;\">Talla<\/span><\/td>\n<td>32*30*51 cm<\/td>\n<\/tr>\n<tr>\n<td><span style=\"color: #333333;\">\u00a0Plazo de entrega<\/span><\/td>\n<td><span style=\"color: #333333;\">1-5 d\u00edas para peque\u00f1as cantidades por v\u00eda a\u00e9rea y 30-35 d\u00edas para grandes cantidades por v\u00eda mar\u00edtima<\/span><\/td>\n<\/tr>\n<\/tbody>\n<\/table>\n<p>Como fabricante l\u00edder en China de bolsas de esqu\u00ed y f\u00e1brica de bolsas impermeables, producimos bolsas de botas de esqu\u00ed de primera calidad de venta caliente para marcas mundiales de deportes de invierno. Nuestra compa\u00f1\u00eda del bolso del esqu\u00ed proporciona:<\/p>\n<p>\u2705 <strong>Dise\u00f1o impermeable IPX6<\/strong> (poli\u00e9ster 600D + costuras soldadas)<br \/>\n\u2705 <strong>Capacidad sobredimensionada de 42L<\/strong> con asas de transporte reforzadas (MOQ 50pcs)<br \/>\n\u2705 <strong>Servicios OEM\/ODM<\/strong> para bolsas de esqu\u00ed de marca blanca<br \/>\n\u2705 <strong>Producci\u00f3n de sacos de esqu\u00ed a granel<\/strong> con entrega r\u00e1pida en 10 d\u00edas<\/p>\n<p>Con la confianza de mayoristas y estaciones de esqu\u00ed de todo el mundo. Caracter\u00edsticas principales:<br \/>\n- Forro t\u00e9rmico (-30\u00b0C) y maleteros ventilados<br \/>\n- Correa acolchada para el hombro y puntos de fijaci\u00f3n para la tabla de snowboard<br \/>\n- Bolsillo para etiqueta de equipaje RFID y candados homologados por la TSA<\/p>\n<p><strong>Por qu\u00e9 elegir nuestra f\u00e1brica de bolsas de esqu\u00ed<\/strong>:<br \/>\n\ud83d\udd39 10+ a\u00f1os como exportadores superiores del bolso del esqu\u00ed de China<br \/>\n\ud83d\udd39 Dise\u00f1o 3D gratuito con la marca de tu estaci\u00f3n de monta\u00f1a<br \/>\n\ud83d\udd39 Materiales resistentes al fr\u00edo con certificaci\u00f3n OEKO-Tex\/SGS.<br \/>\n\ud83d\udd39 25% de descuento para vendedores de bolsas de esqu\u00ed en m\u00e1s de 2.500 unidades<\/p>\n<p>Solicite muestras gratuitas de nuestras bolsas para botas de esqu\u00ed de primera calidad u obtenga presupuestos al instante. Los proveedores de bolsas de esqu\u00ed disfrutan:<br \/>\n- MOQ personalizado a partir de 30pcs<br \/>\n- Informes de pruebas en c\u00e1mara fr\u00eda espec\u00edficos de cada lote<br \/>\n- Asignaci\u00f3n prioritaria de carga a\u00e9rea<\/p>\n<\/div>\n<\/div>\n<\/div>\n<\/div>","protected":false},"excerpt":{"rendered":"<h2 data-immersive-translate-walked=\"344be1c1-5052-41eb-8fcd-0dbe236a0d6b\" data-immersive-translate-paragraph=\"1\">Hot Selling Bolsa Premium para botas de esqu\u00ed<\/h2>\n<p>Proporcionamos bolsas de primera calidad con personalizaci\u00f3n completa de tama\u00f1os y colores, tejidos duraderos y calidad certificada.<\/p>\n<p>Disfrute de MOQ flexibles, env\u00edos r\u00e1pidos a todo el mundo y soluciones de marca blanca.<\/p>\n<p>P\u00f3ngase en contacto con nosotros<\/p>","protected":false},"featured_media":3665,"template":"","meta":{"_uag_custom_page_level_css":""},"product_brand":[],"product_cat":[59,60,67,68,66],"product_tag":[],"class_list":{"0":"post-3660","1":"product","2":"type-product","3":"status-publish","4":"has-post-thumbnail","6":"product_cat-ski-bag","7":"product_cat-backpack","8":"product_cat-sports-bag","9":"product_cat-travel-bag","10":"product_cat-waterproof-bag","12":"first","13":"instock","14":"shipping-taxable","15":"product-type-simple"},"uagb_featured_image_src":{"full":["https:\/\/pecbag.com\/wp-content\/uploads\/2025\/05\/Hot-Selling-Premium-Ski-Boot-Bag-5.jpeg",679,828,false],"thumbnail":["https:\/\/pecbag.com\/wp-content\/uploads\/2025\/05\/Hot-Selling-Premium-Ski-Boot-Bag-5-150x150.jpeg",150,150,true],"medium":["https:\/\/pecbag.com\/wp-content\/uploads\/2025\/05\/Hot-Selling-Premium-Ski-Boot-Bag-5-246x300.jpeg",246,300,true],"medium_large":["https:\/\/pecbag.com\/wp-content\/uploads\/2025\/05\/Hot-Selling-Premium-Ski-Boot-Bag-5.jpeg",679,828,false],"large":["https:\/\/pecbag.com\/wp-content\/uploads\/2025\/05\/Hot-Selling-Premium-Ski-Boot-Bag-5.jpeg",679,828,false],"1536x1536":["https:\/\/pecbag.com\/wp-content\/uploads\/2025\/05\/Hot-Selling-Premium-Ski-Boot-Bag-5.jpeg",679,828,false],"2048x2048":["https:\/\/pecbag.com\/wp-content\/uploads\/2025\/05\/Hot-Selling-Premium-Ski-Boot-Bag-5.jpeg",679,828,false],"trp-custom-language-flag":["https:\/\/pecbag.com\/wp-content\/uploads\/2025\/05\/Hot-Selling-Premium-Ski-Boot-Bag-5-10x12.jpeg",10,12,true],"woocommerce_thumbnail":["https:\/\/pecbag.com\/wp-content\/uploads\/2025\/05\/Hot-Selling-Premium-Ski-Boot-Bag-5-300x300.jpeg",300,300,true],"woocommerce_single":["https:\/\/pecbag.com\/wp-content\/uploads\/2025\/05\/Hot-Selling-Premium-Ski-Boot-Bag-5-600x732.jpeg",600,732,true],"woocommerce_gallery_thumbnail":["https:\/\/pecbag.com\/wp-content\/uploads\/2025\/05\/Hot-Selling-Premium-Ski-Boot-Bag-5-100x100.jpeg",100,100,true]},"uagb_author_info":{"display_name":"Lawrence","author_link":"https:\/\/pecbag.com\/es\/author\/"},"uagb_comment_info":0,"uagb_excerpt":"Hot Selling Premium Ski Boot Bag We provide premium bags with full-size and color customization, durable fabrics, and certified quality. Enjoy flexible MOQs, fast global shipping, and private label solutions. Contact us today!","_links":{"self":[{"href":"https:\/\/pecbag.com\/es\/wp-json\/wp\/v2\/product\/3660","targetHints":{"allow":["GET"]}}],"collection":[{"href":"https:\/\/pecbag.com\/es\/wp-json\/wp\/v2\/product"}],"about":[{"href":"https:\/\/pecbag.com\/es\/wp-json\/wp\/v2\/types\/product"}],"wp:featuredmedia":[{"embeddable":true,"href":"https:\/\/pecbag.com\/es\/wp-json\/wp\/v2\/media\/3665"}],"wp:attachment":[{"href":"https:\/\/pecbag.com\/es\/wp-json\/wp\/v2\/media?parent=3660"}],"wp:term":[{"taxonomy":"product_brand","embeddable":true,"href":"https:\/\/pecbag.com\/es\/wp-json\/wp\/v2\/product_brand?post=3660"},{"taxonomy":"product_cat","embeddable":true,"href":"https:\/\/pecbag.com\/es\/wp-json\/wp\/v2\/product_cat?post=3660"},{"taxonomy":"product_tag","embeddable":true,"href":"https:\/\/pecbag.com\/es\/wp-json\/wp\/v2\/product_tag?post=3660"}],"curies":[{"name":"wp","href":"https:\/\/api.w.org\/{rel}","templated":true}]}}