{"id":3721,"date":"2025-05-28T01:21:42","date_gmt":"2025-05-28T01:21:42","guid":{"rendered":"https:\/\/pecbag.com\/?post_type=product&#038;p=3721"},"modified":"2025-11-29T01:54:11","modified_gmt":"2025-11-29T01:54:11","slug":"protection-ski-travel-bag","status":"publish","type":"product","link":"https:\/\/pecbag.com\/es\/protection-ski-travel-bag\/","title":{"rendered":"Bolsa de viaje Protection Ski"},"content":{"rendered":"<h5 title=\"Bolso plegable para perros Bolso de malla transpirable para mascotas peque\u00f1as Perros Gatos\" data-immersive-translate-walked=\"1c928421-2e42-4cd3-8754-5404553c0af5\" data-immersive-translate-paragraph=\"1\" data-spm-anchor-id=\"a2700.details.0.i35.4f6757d4w4zNZA\">Protecci\u00f3n Esqu\u00ed Bolsas de Viaje | F\u00e1brica de Bolsas Impermeables y Fabricante de Mochilas - Bulk Winter Solutions<\/h5>\n<div class=\"flex flex-grow flex-col max-w-full\">\n<div class=\"min-h-[20px] text-message flex w-full flex-col items-end gap-2 whitespace-pre-wrap break-words [.text-message+&amp;]:mt-5 overflow-x-auto\" dir=\"auto\" data-message-author-role=\"assistant\" data-message-id=\"3d7d46f6-7ec2-4222-9257-48fa0bba23c6\" data-suggestions=\"true\">\n<div class=\"flex w-full flex-col gap-1 empty:hidden first:pt-[3px]\">\n<div class=\"markdown prose w-full break-words dark:prose-invert light\">\n<table width=\"288\">\n<tbody>\n<tr>\n<td width=\"137\"><span style=\"color: #333333;\">Nombre del producto<\/span><\/td>\n<td width=\"151\">Bolsa de esqu\u00ed<\/td>\n<\/tr>\n<tr>\n<td><span style=\"color: #333333;\">N\u00ba de art\u00edculo<\/span><\/td>\n<td><span style=\"color: #333333;\">PB-2085<\/span><\/td>\n<\/tr>\n<tr>\n<td><span style=\"color: #333333;\">Material<\/span><\/td>\n<td>Poli\u00e9ster 600D<\/td>\n<\/tr>\n<tr>\n<td><span style=\"color: #333333;\">Talla<\/span><\/td>\n<td>185 cm<\/td>\n<\/tr>\n<tr>\n<td><span style=\"color: #333333;\">\u00a0Plazo de entrega<\/span><\/td>\n<td><span style=\"color: #333333;\">1-5 d\u00edas para peque\u00f1as cantidades por v\u00eda a\u00e9rea y 30-35 d\u00edas para grandes cantidades por v\u00eda mar\u00edtima<\/span><\/td>\n<\/tr>\n<\/tbody>\n<\/table>\n<p>Como fabricante l\u00edder en China de bolsas de esqu\u00ed y f\u00e1brica de bolsas impermeables, dise\u00f1amos bolsas de viaje de esqu\u00ed de protecci\u00f3n resistente para marcas mundiales de deportes de invierno. Nuestra compa\u00f1\u00eda del bolso del esqu\u00ed proporciona:<\/p>\n<p>\u2705 <strong>Carcasa dura homologada para aeronaves<\/strong> con interiores acolchados<br \/>\n\u2705 <strong>Cremalleras impermeables IPX6<\/strong> &amp; -40\u00b0C materiales resistentes al fr\u00edo (MOQ 200pcs)<br \/>\n\u2705 <strong>Servicios OEM\/ODM<\/strong> para bolsas de esqu\u00ed de marca blanca<br \/>\n\u2705 <strong>Producci\u00f3n de sacos de esqu\u00ed a granel<\/strong> con entrega r\u00e1pida en 12 d\u00edas<\/p>\n<p>Con la confianza de mayoristas de bolsas de esqu\u00ed y estaciones de monta\u00f1a de todo el mundo. Caracter\u00edsticas principales:<br \/>\n- Cerraduras homologadas por la TSA y sistemas de ruedas reforzados<br \/>\n- Correas de transporte desmontables para esqu\u00eds y tablas de snowboard<br \/>\n- Ranura para etiqueta de equipaje RFID y maleteros ventilados<\/p>\n<p><strong>Por qu\u00e9 elegir nuestra f\u00e1brica de bolsas de esqu\u00ed<\/strong>:<br \/>\n\ud83d\udd39 15+ a\u00f1os como exportadores superiores del bolso del esqu\u00ed de China<br \/>\n\ud83d\udd39 Dise\u00f1o 3D gratuito con tu marca alpina<br \/>\n\ud83d\udd39 Materiales resistentes a los impactos con certificaci\u00f3n SGS\/OEKO-Tex.<br \/>\n\ud83d\udd39 Descuento 30% para vendedores de bolsas de esqu\u00ed a partir de 3.000 unidades<\/p>\n<p>Solicite muestras gratuitas de nuestras bolsas protectoras para esqu\u00eds u obtenga presupuestos al instante. Los proveedores de bolsas de esqu\u00ed disfrutan:<br \/>\n- MOQ personalizado desde 300pcs<br \/>\n- Informes de pruebas en c\u00e1mara fr\u00eda espec\u00edficos de cada lote<br \/>\n- Asignaci\u00f3n prioritaria de carga a\u00e9rea<\/p>\n<\/div>\n<\/div>\n<\/div>\n<\/div>","protected":false},"excerpt":{"rendered":"<h2 data-immersive-translate-walked=\"344be1c1-5052-41eb-8fcd-0dbe236a0d6b\" data-immersive-translate-paragraph=\"1\">Bolsa de viaje Protection Ski<\/h2>\n<ul class=\"list-paddingleft-2\">\n<li>COMPLETAMENTE ACOLCHADA - Esta bolsa de esqu\u00ed est\u00e1 totalmente acolchada para proteger los esqu\u00eds y el equipo de esqu\u00ed durante el viaje en coche, tren o avi\u00f3n.<\/li>\n<li>HECHA PARA DURAR: fabricada con poli\u00e9ster impermeable de 600 deniers para proteger los esqu\u00eds y el equipo de esqu\u00ed de los elementos.<\/li>\n<li>ERGON\u00d3MICO Y F\u00c1CIL DE TRANSPORTAR - Asas de transporte acolchadas para que su equipaje de esqu\u00ed sea f\u00e1cil de transportar por el aeropuerto, hasta su coche y hasta las pistas cuando viaje.<\/li>\n<\/ul>","protected":false},"featured_media":3722,"template":"","meta":{"_uag_custom_page_level_css":""},"product_brand":[],"product_cat":[59,67],"product_tag":[],"class_list":{"0":"post-3721","1":"product","2":"type-product","3":"status-publish","4":"has-post-thumbnail","6":"product_cat-ski-bag","7":"product_cat-sports-bag","9":"first","10":"instock","11":"shipping-taxable","12":"product-type-simple"},"uagb_featured_image_src":{"full":["https:\/\/pecbag.com\/wp-content\/uploads\/2025\/05\/Protection-Ski-Travel-Bag-3.jpeg",800,800,false],"thumbnail":["https:\/\/pecbag.com\/wp-content\/uploads\/2025\/05\/Protection-Ski-Travel-Bag-3-150x150.jpeg",150,150,true],"medium":["https:\/\/pecbag.com\/wp-content\/uploads\/2025\/05\/Protection-Ski-Travel-Bag-3-300x300.jpeg",300,300,true],"medium_large":["https:\/\/pecbag.com\/wp-content\/uploads\/2025\/05\/Protection-Ski-Travel-Bag-3-768x768.jpeg",768,768,true],"large":["https:\/\/pecbag.com\/wp-content\/uploads\/2025\/05\/Protection-Ski-Travel-Bag-3.jpeg",800,800,false],"1536x1536":["https:\/\/pecbag.com\/wp-content\/uploads\/2025\/05\/Protection-Ski-Travel-Bag-3.jpeg",800,800,false],"2048x2048":["https:\/\/pecbag.com\/wp-content\/uploads\/2025\/05\/Protection-Ski-Travel-Bag-3.jpeg",800,800,false],"trp-custom-language-flag":["https:\/\/pecbag.com\/wp-content\/uploads\/2025\/05\/Protection-Ski-Travel-Bag-3-12x12.jpeg",12,12,true],"woocommerce_thumbnail":["https:\/\/pecbag.com\/wp-content\/uploads\/2025\/05\/Protection-Ski-Travel-Bag-3-300x300.jpeg",300,300,true],"woocommerce_single":["https:\/\/pecbag.com\/wp-content\/uploads\/2025\/05\/Protection-Ski-Travel-Bag-3-600x600.jpeg",600,600,true],"woocommerce_gallery_thumbnail":["https:\/\/pecbag.com\/wp-content\/uploads\/2025\/05\/Protection-Ski-Travel-Bag-3-100x100.jpeg",100,100,true]},"uagb_author_info":{"display_name":"Lawrence","author_link":"https:\/\/pecbag.com\/es\/author\/"},"uagb_comment_info":0,"uagb_excerpt":"Protection Ski Travel Bag FULLY PADDED THROUGHOUT - This ski bag features padding throughout to protect your skis and ski equipment while traveling by car, train, or plane. BUILT TO LAST - Crafted of 600 denier water-resistant polyester to keep your skis and ski gear safe from the elements ERGONOMICAL &amp; EASY TO CARRY -&hellip;","_links":{"self":[{"href":"https:\/\/pecbag.com\/es\/wp-json\/wp\/v2\/product\/3721","targetHints":{"allow":["GET"]}}],"collection":[{"href":"https:\/\/pecbag.com\/es\/wp-json\/wp\/v2\/product"}],"about":[{"href":"https:\/\/pecbag.com\/es\/wp-json\/wp\/v2\/types\/product"}],"wp:featuredmedia":[{"embeddable":true,"href":"https:\/\/pecbag.com\/es\/wp-json\/wp\/v2\/media\/3722"}],"wp:attachment":[{"href":"https:\/\/pecbag.com\/es\/wp-json\/wp\/v2\/media?parent=3721"}],"wp:term":[{"taxonomy":"product_brand","embeddable":true,"href":"https:\/\/pecbag.com\/es\/wp-json\/wp\/v2\/product_brand?post=3721"},{"taxonomy":"product_cat","embeddable":true,"href":"https:\/\/pecbag.com\/es\/wp-json\/wp\/v2\/product_cat?post=3721"},{"taxonomy":"product_tag","embeddable":true,"href":"https:\/\/pecbag.com\/es\/wp-json\/wp\/v2\/product_tag?post=3721"}],"curies":[{"name":"wp","href":"https:\/\/api.w.org\/{rel}","templated":true}]}}