{"id":3735,"date":"2025-05-28T01:56:56","date_gmt":"2025-05-28T01:56:56","guid":{"rendered":"https:\/\/pecbag.com\/?post_type=product&#038;p=3735"},"modified":"2025-11-29T01:53:51","modified_gmt":"2025-11-29T01:53:51","slug":"tsa-approved-durable-ski-boot-bag","status":"publish","type":"product","link":"https:\/\/pecbag.com\/es\/tsa-approved-durable-ski-boot-bag\/","title":{"rendered":"Bolsa duradera para botas de esqu\u00ed aprobada por la TSA"},"content":{"rendered":"<h5 title=\"Bolso plegable para perros Bolso de malla transpirable para mascotas peque\u00f1as Perros Gatos\" data-immersive-translate-walked=\"1c928421-2e42-4cd3-8754-5404553c0af5\" data-immersive-translate-paragraph=\"1\" data-spm-anchor-id=\"a2700.details.0.i35.4f6757d4w4zNZA\">TSA-Aprobado Durable Botas de Esqu\u00ed Bolsas | F\u00e1brica de bolsas a prueba de agua y Mochila Fabricante - Bulk Winter Solutions<\/h5>\n<div class=\"flex flex-grow flex-col max-w-full\">\n<div class=\"min-h-[20px] text-message flex w-full flex-col items-end gap-2 whitespace-pre-wrap break-words [.text-message+&amp;]:mt-5 overflow-x-auto\" dir=\"auto\" data-message-author-role=\"assistant\" data-message-id=\"3d7d46f6-7ec2-4222-9257-48fa0bba23c6\" data-suggestions=\"true\">\n<div class=\"flex w-full flex-col gap-1 empty:hidden first:pt-[3px]\">\n<div class=\"markdown prose w-full break-words dark:prose-invert light\">\n<table width=\"288\">\n<tbody>\n<tr>\n<td width=\"137\"><span style=\"color: #333333;\">Nombre del producto<\/span><\/td>\n<td width=\"151\">Bolsa de esqu\u00ed<\/td>\n<\/tr>\n<tr>\n<td><span style=\"color: #333333;\">N\u00ba de art\u00edculo<\/span><\/td>\n<td><span style=\"color: #333333;\">PB-2087<\/span><\/td>\n<\/tr>\n<tr>\n<td><span style=\"color: #333333;\">Material<\/span><\/td>\n<td>Poli\u00e9ster<\/td>\n<\/tr>\n<tr>\n<td><span style=\"color: #333333;\">Talla<\/span><\/td>\n<td>190 cm<\/td>\n<\/tr>\n<tr>\n<td><span style=\"color: #333333;\">\u00a0Plazo de entrega<\/span><\/td>\n<td><span style=\"color: #333333;\">1-5 d\u00edas para peque\u00f1as cantidades por v\u00eda a\u00e9rea y 30-35 d\u00edas para grandes cantidades por v\u00eda mar\u00edtima<\/span><\/td>\n<\/tr>\n<\/tbody>\n<\/table>\n<p>Como fabricante l\u00edder en China de bolsas de esqu\u00ed y f\u00e1brica de bolsas impermeables, producimos bolsas de botas de esqu\u00ed duraderas aprobadas por la TSA para marcas mundiales de deportes de invierno. Nuestra empresa bolsa de esqu\u00ed ofrece:<\/p>\n<p>\u2705 <strong>Cerraduras conformes con la TSA<\/strong> con acceso r\u00e1pido a la seguridad del aeropuerto<br \/>\n\u2705 <strong>Dise\u00f1o impermeable IPX6<\/strong> (poli\u00e9ster 600D + costuras soldadas)<br \/>\n\u2705 <strong>Servicios OEM\/ODM<\/strong> para bolsas de esqu\u00ed de marca blanca (MOQ 200pcs)<br \/>\n\u2705 <strong>Producci\u00f3n de sacos de esqu\u00ed a granel<\/strong> con entrega r\u00e1pida en 10 d\u00edas<\/p>\n<p>Con la confianza de mayoristas de bolsas de esqu\u00ed y estaciones de monta\u00f1a de todo el mundo. Caracter\u00edsticas principales:<br \/>\n- Compartimentos para botas acolchados y ventilados<br \/>\n- Asas de transporte reforzadas y tirantes desmontables<br \/>\n- Ranura para etiquetas de equipaje RFID y materiales resistentes al fr\u00edo a -30\u00b0C<\/p>\n<p><strong>Por qu\u00e9 elegir nuestra f\u00e1brica de bolsas de esqu\u00ed<\/strong>:<br \/>\n\ud83d\udd39 15+ a\u00f1os como exportadores superiores del bolso del esqu\u00ed de China<br \/>\n\ud83d\udd39 Dise\u00f1o 3D gratuito con la marca de tu estaci\u00f3n alpina<br \/>\n\ud83d\udd39 Materiales resistentes con certificaci\u00f3n OEKO-Tex\/SGS.<br \/>\n\ud83d\udd39 25% de descuento para vendedores de bolsas de esqu\u00ed en m\u00e1s de 2.500 unidades<\/p>\n<p>Solicite muestras gratuitas de nuestras bolsas de esqu\u00ed homologadas por la TSA u obtenga presupuestos al instante. Los proveedores de bolsas de esqu\u00ed disfrutan:<br \/>\n- MOQ personalizado desde 300pcs<br \/>\n- Informes de las pruebas de impacto espec\u00edficas de cada lote<br \/>\n- Asignaci\u00f3n prioritaria de carga a\u00e9rea<\/p>\n<\/div>\n<\/div>\n<\/div>\n<\/div>","protected":false},"excerpt":{"rendered":"<h2 data-immersive-translate-walked=\"344be1c1-5052-41eb-8fcd-0dbe236a0d6b\" data-immersive-translate-paragraph=\"1\">Bolsa duradera para botas de esqu\u00ed aprobada por la TSA<\/h2>\n<p>Proporcionamos TSA-aprobado duradera bolsa de botas de esqu\u00ed con el tama\u00f1o completo y la personalizaci\u00f3n del color, telas duraderas, y la calidad certificada.<\/p>\n<p>Disfrute de MOQ flexibles, env\u00edos r\u00e1pidos a todo el mundo y soluciones de marca blanca.<\/p>\n<p>P\u00f3ngase en contacto con nosotros<\/p>","protected":false},"featured_media":3738,"template":"","meta":{"_uag_custom_page_level_css":""},"product_brand":[],"product_cat":[59,67,66],"product_tag":[],"class_list":{"0":"post-3735","1":"product","2":"type-product","3":"status-publish","4":"has-post-thumbnail","6":"product_cat-ski-bag","7":"product_cat-sports-bag","8":"product_cat-waterproof-bag","10":"first","11":"instock","12":"shipping-taxable","13":"product-type-simple"},"uagb_featured_image_src":{"full":["https:\/\/pecbag.com\/wp-content\/uploads\/2025\/05\/TSA-Approved-Durable-Ski-Boot-Bag-6.jpeg",1611,1500,false],"thumbnail":["https:\/\/pecbag.com\/wp-content\/uploads\/2025\/05\/TSA-Approved-Durable-Ski-Boot-Bag-6-150x150.jpeg",150,150,true],"medium":["https:\/\/pecbag.com\/wp-content\/uploads\/2025\/05\/TSA-Approved-Durable-Ski-Boot-Bag-6-300x279.jpeg",300,279,true],"medium_large":["https:\/\/pecbag.com\/wp-content\/uploads\/2025\/05\/TSA-Approved-Durable-Ski-Boot-Bag-6-768x715.jpeg",768,715,true],"large":["https:\/\/pecbag.com\/wp-content\/uploads\/2025\/05\/TSA-Approved-Durable-Ski-Boot-Bag-6-1024x953.jpeg",800,745,true],"1536x1536":["https:\/\/pecbag.com\/wp-content\/uploads\/2025\/05\/TSA-Approved-Durable-Ski-Boot-Bag-6-1536x1430.jpeg",1536,1430,true],"2048x2048":["https:\/\/pecbag.com\/wp-content\/uploads\/2025\/05\/TSA-Approved-Durable-Ski-Boot-Bag-6.jpeg",1611,1500,false],"trp-custom-language-flag":["https:\/\/pecbag.com\/wp-content\/uploads\/2025\/05\/TSA-Approved-Durable-Ski-Boot-Bag-6-13x12.jpeg",13,12,true],"woocommerce_thumbnail":["https:\/\/pecbag.com\/wp-content\/uploads\/2025\/05\/TSA-Approved-Durable-Ski-Boot-Bag-6-300x300.jpeg",300,300,true],"woocommerce_single":["https:\/\/pecbag.com\/wp-content\/uploads\/2025\/05\/TSA-Approved-Durable-Ski-Boot-Bag-6-600x559.jpeg",600,559,true],"woocommerce_gallery_thumbnail":["https:\/\/pecbag.com\/wp-content\/uploads\/2025\/05\/TSA-Approved-Durable-Ski-Boot-Bag-6-100x100.jpeg",100,100,true]},"uagb_author_info":{"display_name":"Lawrence","author_link":"https:\/\/pecbag.com\/es\/author\/"},"uagb_comment_info":0,"uagb_excerpt":"TSA-Approved Durable Ski Boot Bag We provide TSA-Approved Durable Ski Boot Bag with full-size and color customization, durable fabrics, and certified quality. Enjoy flexible MOQs, fast global shipping, and private label solutions. Contact us today!","_links":{"self":[{"href":"https:\/\/pecbag.com\/es\/wp-json\/wp\/v2\/product\/3735","targetHints":{"allow":["GET"]}}],"collection":[{"href":"https:\/\/pecbag.com\/es\/wp-json\/wp\/v2\/product"}],"about":[{"href":"https:\/\/pecbag.com\/es\/wp-json\/wp\/v2\/types\/product"}],"wp:featuredmedia":[{"embeddable":true,"href":"https:\/\/pecbag.com\/es\/wp-json\/wp\/v2\/media\/3738"}],"wp:attachment":[{"href":"https:\/\/pecbag.com\/es\/wp-json\/wp\/v2\/media?parent=3735"}],"wp:term":[{"taxonomy":"product_brand","embeddable":true,"href":"https:\/\/pecbag.com\/es\/wp-json\/wp\/v2\/product_brand?post=3735"},{"taxonomy":"product_cat","embeddable":true,"href":"https:\/\/pecbag.com\/es\/wp-json\/wp\/v2\/product_cat?post=3735"},{"taxonomy":"product_tag","embeddable":true,"href":"https:\/\/pecbag.com\/es\/wp-json\/wp\/v2\/product_tag?post=3735"}],"curies":[{"name":"wp","href":"https:\/\/api.w.org\/{rel}","templated":true}]}}