{"id":3777,"date":"2025-05-28T03:04:57","date_gmt":"2025-05-28T03:04:57","guid":{"rendered":"https:\/\/pecbag.com\/?post_type=product&#038;p=3777"},"modified":"2025-11-29T01:53:30","modified_gmt":"2025-11-29T01:53:30","slug":"custom-pro-paddle-surfboard-bag","status":"publish","type":"product","link":"https:\/\/pecbag.com\/es\/custom-pro-paddle-surfboard-bag\/","title":{"rendered":"Custom Pro Paddle Surfboard Bag- 72Hr Garant\u00eda Impermeable"},"content":{"rendered":"<h5 title=\"Bolso plegable para perros Bolso de malla transpirable para mascotas peque\u00f1as Perros Gatos\" data-immersive-translate-walked=\"1c928421-2e42-4cd3-8754-5404553c0af5\" data-immersive-translate-paragraph=\"1\" data-spm-anchor-id=\"a2700.details.0.i35.4f6757d4w4zNZA\">Custom Pro Paddle Surfboard Bags | F\u00e1brica de bolsas y mochilas impermeables - Bulk Surf Solutions<\/h5>\n<div class=\"flex flex-grow flex-col max-w-full\">\n<div class=\"min-h-[20px] text-message flex w-full flex-col items-end gap-2 whitespace-pre-wrap break-words [.text-message+&amp;]:mt-5 overflow-x-auto\" dir=\"auto\" data-message-author-role=\"assistant\" data-message-id=\"3d7d46f6-7ec2-4222-9257-48fa0bba23c6\" data-suggestions=\"true\">\n<div class=\"flex w-full flex-col gap-1 empty:hidden first:pt-[3px]\">\n<div class=\"markdown prose w-full break-words dark:prose-invert light\">\n<table width=\"288\">\n<tbody>\n<tr>\n<td width=\"137\"><span style=\"color: #333333;\">Nombre del producto<\/span><\/td>\n<td width=\"151\">Bolsa para tabla de surf<\/td>\n<\/tr>\n<tr>\n<td><span style=\"color: #333333;\">N\u00ba de art\u00edculo<\/span><\/td>\n<td><span style=\"color: #333333;\">PB-2090<\/span><\/td>\n<\/tr>\n<tr>\n<td><span style=\"color: #333333;\">Material<\/span><\/td>\n<td>Poli\u00e9ster 1680D<\/td>\n<\/tr>\n<tr>\n<td><span style=\"color: #333333;\">Talla<\/span><\/td>\n<td>Tama\u00f1o personalizado<\/td>\n<\/tr>\n<tr>\n<td><span style=\"color: #333333;\">\u00a0Plazo de entrega<\/span><\/td>\n<td><span style=\"color: #333333;\">1-5 d\u00edas para peque\u00f1as cantidades por v\u00eda a\u00e9rea y 30-35 d\u00edas para grandes cantidades por v\u00eda mar\u00edtima<\/span><\/td>\n<\/tr>\n<\/tbody>\n<\/table>\n<p>Como fabricante l\u00edder en China de bolsas para tablas de surf y f\u00e1brica de bolsas impermeables, dise\u00f1amos bolsas personalizadas pro paddle de primera calidad para marcas mundiales de deportes acu\u00e1ticos. Nuestra compa\u00f1\u00eda de la bolsa de la tabla de surf ofrece:<\/p>\n<p>\u2705 <strong>Protecci\u00f3n impermeable IPX7<\/strong> (poli\u00e9ster 600D recubierto de PVC + soldadura sin costuras)<br \/>\n\u2705 <strong>Hasta 14\u2032 de capacidad del tablero<\/strong> con asas reforzadas (MOQ 200pcs)<br \/>\n\u2705 <strong>Servicios OEM\/ODM<\/strong> para bolsas de tablas de surf de marca blanca<br \/>\n\u2705 <strong>Producci\u00f3n de bolsas a granel para tablas de surf<\/strong> con entrega r\u00e1pida en 10 d\u00edas<\/p>\n<p>Con la confianza de mayoristas de bolsas para tablas de surf y surfistas profesionales de todo el mundo. Caracter\u00edsticas principales:<br \/>\n- Revestimiento resistente a los rayos UV y bolsillos de malla antiarena<br \/>\n- Correas ajustables para los hombros y portapalas<br \/>\n- Ranura para etiquetas de equipaje RFID y cerraduras homologadas por la TSA<\/p>\n<p><strong>Por qu\u00e9 elegir nuestra f\u00e1brica de bolsas para tablas de surf<\/strong>:<br \/>\n\ud83d\udd39 15+ a\u00f1os como exportadores superiores del bolso de la tabla de surf de China.<br \/>\n\ud83d\udd39 Dise\u00f1o 3D gratuito con el logotipo\/colores de tu marca<br \/>\n\ud83d\udd39 Materiales de calidad marina con certificaci\u00f3n OEKO-Tex\/SGS.<br \/>\n\ud83d\udd39 30% descuento para vendedores de bolsas de tablas de surf a partir de 3.000 unidades<\/p>\n<p>Solicita muestras gratuitas de nuestras bolsas para tablas de surf pro paddle u obt\u00e9n presupuestos al instante. Los proveedores de bolsas para tablas de surf disfrutan:<br \/>\n- MOQ personalizado desde 300pcs<br \/>\n- Informes de corrosi\u00f3n por agua salada espec\u00edficos de cada lote<br \/>\n- Asignaci\u00f3n prioritaria de carga a\u00e9rea y mar\u00edtima<\/p>\n<p>- Asignaci\u00f3n prioritaria de carga a\u00e9rea y mar\u00edtima<\/p>\n<\/div>\n<\/div>\n<\/div>\n<\/div>","protected":false},"excerpt":{"rendered":"<h2 data-immersive-translate-walked=\"344be1c1-5052-41eb-8fcd-0dbe236a0d6b\" data-immersive-translate-paragraph=\"1\">Bolsa personalizada Pro Paddle Surfboard<\/h2>\n<p><strong>1. Material duradero:<\/strong> Las partes de la cabeza redonda y la cola redonda est\u00e1n hechas de poli\u00e9ster 1680D m\u00e1s acolchado de espuma de 40 mm para proteger la parte vulnerable de la tabla de surf; La parte gris es PP Woven, que no s\u00f3lo mantiene la textura y la apariencia, sino que tambi\u00e9n mejora el efecto impermeable.<\/p>\n<p><strong>2. 2. Gran espacio de almacenamiento:<\/strong>\u00a0Bolsillos exteriores con cremallera tambi\u00e9n est\u00e1n hechos de tela 1680D, el mejor lugar para guardar las aletas; tambi\u00e9n hay un bolsillo interior, que puede almacenar objetos de valor como llaves, tel\u00e9fonos m\u00f3viles, Guarde los art\u00edculos por separado podr\u00eda evitar da\u00f1os a la junta.<\/p>","protected":false},"featured_media":3788,"template":"","meta":{"_uag_custom_page_level_css":""},"product_brand":[],"product_cat":[47,67],"product_tag":[],"class_list":{"0":"post-3777","1":"product","2":"type-product","3":"status-publish","4":"has-post-thumbnail","6":"product_cat-surfboard-bag","7":"product_cat-sports-bag","9":"first","10":"instock","11":"shipping-taxable","12":"product-type-simple"},"uagb_featured_image_src":{"full":["https:\/\/pecbag.com\/wp-content\/uploads\/2025\/05\/Custom-Pro-Paddle-Surfboard-Bag-5.jpeg",800,800,false],"thumbnail":["https:\/\/pecbag.com\/wp-content\/uploads\/2025\/05\/Custom-Pro-Paddle-Surfboard-Bag-5-150x150.jpeg",150,150,true],"medium":["https:\/\/pecbag.com\/wp-content\/uploads\/2025\/05\/Custom-Pro-Paddle-Surfboard-Bag-5-300x300.jpeg",300,300,true],"medium_large":["https:\/\/pecbag.com\/wp-content\/uploads\/2025\/05\/Custom-Pro-Paddle-Surfboard-Bag-5-768x768.jpeg",768,768,true],"large":["https:\/\/pecbag.com\/wp-content\/uploads\/2025\/05\/Custom-Pro-Paddle-Surfboard-Bag-5.jpeg",800,800,false],"1536x1536":["https:\/\/pecbag.com\/wp-content\/uploads\/2025\/05\/Custom-Pro-Paddle-Surfboard-Bag-5.jpeg",800,800,false],"2048x2048":["https:\/\/pecbag.com\/wp-content\/uploads\/2025\/05\/Custom-Pro-Paddle-Surfboard-Bag-5.jpeg",800,800,false],"trp-custom-language-flag":["https:\/\/pecbag.com\/wp-content\/uploads\/2025\/05\/Custom-Pro-Paddle-Surfboard-Bag-5-12x12.jpeg",12,12,true],"woocommerce_thumbnail":["https:\/\/pecbag.com\/wp-content\/uploads\/2025\/05\/Custom-Pro-Paddle-Surfboard-Bag-5-300x300.jpeg",300,300,true],"woocommerce_single":["https:\/\/pecbag.com\/wp-content\/uploads\/2025\/05\/Custom-Pro-Paddle-Surfboard-Bag-5-600x600.jpeg",600,600,true],"woocommerce_gallery_thumbnail":["https:\/\/pecbag.com\/wp-content\/uploads\/2025\/05\/Custom-Pro-Paddle-Surfboard-Bag-5-100x100.jpeg",100,100,true]},"uagb_author_info":{"display_name":"Lawrence","author_link":"https:\/\/pecbag.com\/es\/author\/"},"uagb_comment_info":0,"uagb_excerpt":"Custom Pro Paddle Surfboard Bag 1. Durable material: Roundhead, round tail parts are made of 1680D Polyester plus 40mm foam padding to protect the vulnerable part of the surfboard; The gray part is PP Woven, which not only maintains the texture and appearance but also enhances the waterproof effect. 2. Large storage space:\u00a0Exterior zipper pockets&hellip;","_links":{"self":[{"href":"https:\/\/pecbag.com\/es\/wp-json\/wp\/v2\/product\/3777","targetHints":{"allow":["GET"]}}],"collection":[{"href":"https:\/\/pecbag.com\/es\/wp-json\/wp\/v2\/product"}],"about":[{"href":"https:\/\/pecbag.com\/es\/wp-json\/wp\/v2\/types\/product"}],"wp:featuredmedia":[{"embeddable":true,"href":"https:\/\/pecbag.com\/es\/wp-json\/wp\/v2\/media\/3788"}],"wp:attachment":[{"href":"https:\/\/pecbag.com\/es\/wp-json\/wp\/v2\/media?parent=3777"}],"wp:term":[{"taxonomy":"product_brand","embeddable":true,"href":"https:\/\/pecbag.com\/es\/wp-json\/wp\/v2\/product_brand?post=3777"},{"taxonomy":"product_cat","embeddable":true,"href":"https:\/\/pecbag.com\/es\/wp-json\/wp\/v2\/product_cat?post=3777"},{"taxonomy":"product_tag","embeddable":true,"href":"https:\/\/pecbag.com\/es\/wp-json\/wp\/v2\/product_tag?post=3777"}],"curies":[{"name":"wp","href":"https:\/\/api.w.org\/{rel}","templated":true}]}}