{"id":3805,"date":"2025-05-28T03:41:16","date_gmt":"2025-05-28T03:41:16","guid":{"rendered":"https:\/\/pecbag.com\/?post_type=product&#038;p=3805"},"modified":"2025-11-29T01:53:20","modified_gmt":"2025-11-29T01:53:20","slug":"ultimate-waterproof-golf-tour-bag","status":"publish","type":"product","link":"https:\/\/pecbag.com\/es\/ultimate-waterproof-golf-tour-bag\/","title":{"rendered":"Bolsa de golf impermeable Ultimate - Con cerradura TSA y probada por aerol\u00edneas"},"content":{"rendered":"<h5 title=\"Bolso plegable para perros Bolso de malla transpirable para mascotas peque\u00f1as Perros Gatos\" data-immersive-translate-walked=\"1c928421-2e42-4cd3-8754-5404553c0af5\" data-immersive-translate-paragraph=\"1\" data-spm-anchor-id=\"a2700.details.0.i35.4f6757d4w4zNZA\">Ultimate Waterproof Golf Tour Bags | F\u00e1brica de bolsas y mochilas impermeables - Bulk Golf Solutions<\/h5>\n<div class=\"flex flex-grow flex-col max-w-full\">\n<div class=\"min-h-[20px] text-message flex w-full flex-col items-end gap-2 whitespace-pre-wrap break-words [.text-message+&amp;]:mt-5 overflow-x-auto\" dir=\"auto\" data-message-author-role=\"assistant\" data-message-id=\"3d7d46f6-7ec2-4222-9257-48fa0bba23c6\" data-suggestions=\"true\">\n<div class=\"flex w-full flex-col gap-1 empty:hidden first:pt-[3px]\">\n<div class=\"markdown prose w-full break-words dark:prose-invert light\">\n<table width=\"288\">\n<tbody>\n<tr>\n<td width=\"137\"><span style=\"color: #333333;\">Nombre del producto<\/span><\/td>\n<td width=\"151\">Bolsa de golf<\/td>\n<\/tr>\n<tr>\n<td><span style=\"color: #333333;\">N\u00ba de art\u00edculo<\/span><\/td>\n<td><span style=\"color: #333333;\">PB-2092<\/span><\/td>\n<\/tr>\n<tr>\n<td><span style=\"color: #333333;\">Material<\/span><\/td>\n<td>Cuero PU + Nylon<\/td>\n<\/tr>\n<tr>\n<td><span style=\"color: #333333;\">Talla<\/span><\/td>\n<td>Personalizado<\/td>\n<\/tr>\n<tr>\n<td><span style=\"color: #333333;\">\u00a0Plazo de entrega<\/span><\/td>\n<td><span style=\"color: #333333;\">1-5 d\u00edas para peque\u00f1as cantidades por v\u00eda a\u00e9rea y 30-35 d\u00edas para grandes cantidades por v\u00eda mar\u00edtima<\/span><\/td>\n<\/tr>\n<\/tbody>\n<\/table>\n<p>Como fabricante l\u00edder en China de bolsas de golf y f\u00e1brica de bolsas impermeables, dise\u00f1amos lo \u00faltimo en bolsas de golf impermeables para profesionales del golf de todo el mundo. Nuestra empresa bolsa de golf proporciona:<\/p>\n<p>\u2705 <strong>Protecci\u00f3n impermeable IPX8<\/strong> (Nylon 1000D recubierto de TPU + soldadura sin costuras)<br \/>\n\u2705 <strong>Capacidad para 14 clubes<\/strong> con separadores de longitud completa (MOQ 50pcs)<br \/>\n\u2705 <strong>Servicios OEM\/ODM<\/strong> para bolsas de golf de marca blanca<br \/>\n\u2705 <strong>Producci\u00f3n de bolsas de golf a granel<\/strong> con entrega r\u00e1pida en 10 d\u00edas<\/p>\n<p>Con la confianza de mayoristas de bolsas de golf y proveedores del PGA Tour. Innovaciones clave:<br \/>\n- Cremalleras sumergibles y v\u00e1lvulas de igualaci\u00f3n de presi\u00f3n<br \/>\n- Sistema ergon\u00f3mico de doble correa y funda reforzada para el carro<br \/>\n- Bolsillo para objetos de valor con bloqueo RFID y tejido resistente a los rayos UV<\/p>\n<p><strong>Por qu\u00e9 asociarse con nuestra f\u00e1brica de bolsas de golf<\/strong>:<br \/>\n\ud83d\udd39 18+ a\u00f1os como exportadores superiores de la bolsa de golf de China.<br \/>\n\ud83d\udd39 Dise\u00f1o gratuito de un pack tecnol\u00f3gico en 3D con tu marca<br \/>\n\ud83d\udd39 Materiales resistentes con certificaci\u00f3n OEKO-Tex\/SGS.<br \/>\n\ud83d\udd39 Descuento 30% para vendedores de bolsas de golf de m\u00e1s de 3.000 unidades<\/p>\n<p>Solicite muestras gratuitas de nuestras bolsas de golf impermeables u obtenga presupuestos al instante. Los proveedores de bolsas de golf disfrutan:<br \/>\n- MOQ personalizado a partir de 30pcs<br \/>\n- V\u00eddeos de pruebas de estanqueidad por lotes<br \/>\n- Asignaci\u00f3n prioritaria de carga a\u00e9rea y mar\u00edtima<\/p>\n<\/div>\n<\/div>\n<\/div>\n<\/div>","protected":false},"excerpt":{"rendered":"<h2 data-immersive-translate-walked=\"344be1c1-5052-41eb-8fcd-0dbe236a0d6b\" data-immersive-translate-paragraph=\"1\">Bolsa impermeable Ultimate Golf Tour<\/h2>\n<p>Proporcionamos bolsas de golf de primera calidad con personalizaci\u00f3n completa de tallas y colores, tejidos duraderos y calidad certificada.<\/p>\n<p>Disfrute de MOQ flexibles, env\u00edos r\u00e1pidos a todo el mundo y soluciones de marca blanca.<\/p>\n<p>P\u00f3ngase en contacto con nosotros<\/p>","protected":false},"featured_media":3807,"template":"","meta":{"_uag_custom_page_level_css":""},"product_brand":[],"product_cat":[51,67],"product_tag":[],"class_list":{"0":"post-3805","1":"product","2":"type-product","3":"status-publish","4":"has-post-thumbnail","6":"product_cat-golf-bag","7":"product_cat-sports-bag","9":"first","10":"instock","11":"shipping-taxable","12":"product-type-simple"},"uagb_featured_image_src":{"full":["https:\/\/pecbag.com\/wp-content\/uploads\/2025\/05\/Ultimate-Waterproof-Golf-Tour-Bag-1.jpg",600,600,false],"thumbnail":["https:\/\/pecbag.com\/wp-content\/uploads\/2025\/05\/Ultimate-Waterproof-Golf-Tour-Bag-1-150x150.jpg",150,150,true],"medium":["https:\/\/pecbag.com\/wp-content\/uploads\/2025\/05\/Ultimate-Waterproof-Golf-Tour-Bag-1-300x300.jpg",300,300,true],"medium_large":["https:\/\/pecbag.com\/wp-content\/uploads\/2025\/05\/Ultimate-Waterproof-Golf-Tour-Bag-1.jpg",600,600,false],"large":["https:\/\/pecbag.com\/wp-content\/uploads\/2025\/05\/Ultimate-Waterproof-Golf-Tour-Bag-1.jpg",600,600,false],"1536x1536":["https:\/\/pecbag.com\/wp-content\/uploads\/2025\/05\/Ultimate-Waterproof-Golf-Tour-Bag-1.jpg",600,600,false],"2048x2048":["https:\/\/pecbag.com\/wp-content\/uploads\/2025\/05\/Ultimate-Waterproof-Golf-Tour-Bag-1.jpg",600,600,false],"trp-custom-language-flag":["https:\/\/pecbag.com\/wp-content\/uploads\/2025\/05\/Ultimate-Waterproof-Golf-Tour-Bag-1-12x12.jpg",12,12,true],"woocommerce_thumbnail":["https:\/\/pecbag.com\/wp-content\/uploads\/2025\/05\/Ultimate-Waterproof-Golf-Tour-Bag-1-300x300.jpg",300,300,true],"woocommerce_single":["https:\/\/pecbag.com\/wp-content\/uploads\/2025\/05\/Ultimate-Waterproof-Golf-Tour-Bag-1.jpg",600,600,false],"woocommerce_gallery_thumbnail":["https:\/\/pecbag.com\/wp-content\/uploads\/2025\/05\/Ultimate-Waterproof-Golf-Tour-Bag-1-100x100.jpg",100,100,true]},"uagb_author_info":{"display_name":"Lawrence","author_link":"https:\/\/pecbag.com\/es\/author\/"},"uagb_comment_info":0,"uagb_excerpt":"Ultimate Waterproof Golf Tour Bag We provide premium golf tour bag with full-size and color customization, durable fabrics, and certified quality. Enjoy flexible MOQs, fast global shipping, and private label solutions. Contact us today!","_links":{"self":[{"href":"https:\/\/pecbag.com\/es\/wp-json\/wp\/v2\/product\/3805","targetHints":{"allow":["GET"]}}],"collection":[{"href":"https:\/\/pecbag.com\/es\/wp-json\/wp\/v2\/product"}],"about":[{"href":"https:\/\/pecbag.com\/es\/wp-json\/wp\/v2\/types\/product"}],"wp:featuredmedia":[{"embeddable":true,"href":"https:\/\/pecbag.com\/es\/wp-json\/wp\/v2\/media\/3807"}],"wp:attachment":[{"href":"https:\/\/pecbag.com\/es\/wp-json\/wp\/v2\/media?parent=3805"}],"wp:term":[{"taxonomy":"product_brand","embeddable":true,"href":"https:\/\/pecbag.com\/es\/wp-json\/wp\/v2\/product_brand?post=3805"},{"taxonomy":"product_cat","embeddable":true,"href":"https:\/\/pecbag.com\/es\/wp-json\/wp\/v2\/product_cat?post=3805"},{"taxonomy":"product_tag","embeddable":true,"href":"https:\/\/pecbag.com\/es\/wp-json\/wp\/v2\/product_tag?post=3805"}],"curies":[{"name":"wp","href":"https:\/\/api.w.org\/{rel}","templated":true}]}}