{"id":3822,"date":"2025-05-28T06:09:18","date_gmt":"2025-05-28T06:09:18","guid":{"rendered":"https:\/\/pecbag.com\/?post_type=product&#038;p=3822"},"modified":"2025-11-29T01:52:58","modified_gmt":"2025-11-29T01:52:58","slug":"ultimate-pu-golf-stand-bag","status":"publish","type":"product","link":"https:\/\/pecbag.com\/es\/ultimate-pu-golf-stand-bag\/","title":{"rendered":"Ultimate PU Golf Stand Bag - Cremalleras de grado militar"},"content":{"rendered":"<h5 title=\"Bolso plegable para perros Bolso de malla transpirable para mascotas peque\u00f1as Perros Gatos\" data-immersive-translate-walked=\"1c928421-2e42-4cd3-8754-5404553c0af5\" data-immersive-translate-paragraph=\"1\" data-spm-anchor-id=\"a2700.details.0.i35.4f6757d4w4zNZA\">Ultimate PU Golf Stand Bags | F\u00e1brica de bolsas impermeables y fabricante de mochilas - Bulk Golf Solutions<\/h5>\n<div class=\"flex flex-grow flex-col max-w-full\">\n<div class=\"min-h-[20px] text-message flex w-full flex-col items-end gap-2 whitespace-pre-wrap break-words [.text-message+&amp;]:mt-5 overflow-x-auto\" dir=\"auto\" data-message-author-role=\"assistant\" data-message-id=\"3d7d46f6-7ec2-4222-9257-48fa0bba23c6\" data-suggestions=\"true\">\n<div class=\"flex w-full flex-col gap-1 empty:hidden first:pt-[3px]\">\n<div class=\"markdown prose w-full break-words dark:prose-invert light\">\n<table width=\"288\">\n<tbody>\n<tr>\n<td width=\"137\"><span style=\"color: #333333;\">Nombre del producto<\/span><\/td>\n<td width=\"151\">Bolsa de golf<\/td>\n<\/tr>\n<tr>\n<td><span style=\"color: #333333;\">N\u00ba de art\u00edculo<\/span><\/td>\n<td><span style=\"color: #333333;\">PB-2095<\/span><\/td>\n<\/tr>\n<tr>\n<td><span style=\"color: #333333;\">Material<\/span><\/td>\n<td>Cuero PU + Nylon + Neopreno<\/td>\n<\/tr>\n<tr>\n<td><span style=\"color: #333333;\">Talla<\/span><\/td>\n<td>Personalizado<\/td>\n<\/tr>\n<tr>\n<td><span style=\"color: #333333;\">\u00a0Plazo de entrega<\/span><\/td>\n<td><span style=\"color: #333333;\">1-5 d\u00edas para peque\u00f1as cantidades por v\u00eda a\u00e9rea y 30-35 d\u00edas para grandes cantidades por v\u00eda mar\u00edtima<\/span><\/td>\n<\/tr>\n<\/tbody>\n<\/table>\n<p>Como fabricante l\u00edder de bolsas de golf en China y f\u00e1brica de bolsas impermeables, dise\u00f1amos bolsas de golf de PU de primera calidad para los profesionales del golf de todo el mundo. Nuestra empresa bolsa de golf ofrece:<\/p>\n<p>\u2705 <strong>Revestimiento de PU de calidad militar<\/strong> con protecci\u00f3n impermeable IPX6<br \/>\n\u2705 <strong>Divisor superior de 5 v\u00edas<\/strong> para 14 palos + accesorios (MOQ 50pcs)<br \/>\n\u2705 <strong>Servicios OEM\/ODM<\/strong> para bolsas de golf de marca blanca<br \/>\n\u2705 <strong>Producci\u00f3n de bolsas de golf a granel<\/strong> con entrega r\u00e1pida en 10 d\u00edas<\/p>\n<p>Con la confianza de mayoristas de bolsas de golf y proveedores del PGA Tour. Innovaciones clave:<br \/>\n- Correas dobles retr\u00e1ctiles con acolchado de espuma viscoel\u00e1stica<br \/>\n- Patas antideslizantes y tejido resistente a los rayos UV<br \/>\n- Bolsillo con bloqueo RFID y compartimento refrigerador aislado<\/p>\n<p><strong>Por qu\u00e9 elegir nuestra f\u00e1brica de bolsas de golf<\/strong>:<br \/>\n\ud83d\udd39 15+ a\u00f1os como exportadores superiores de la bolsa de golf de China.<br \/>\n\ud83d\udd39 Dise\u00f1o 3D gratuito con el logotipo\/colores de tu club.<br \/>\n\ud83d\udd39 Materiales ecol\u00f3gicos con certificaci\u00f3n OEKO-Tex\/SGS.<br \/>\n\ud83d\udd39 Descuento 30% para vendedores de bolsas de golf de m\u00e1s de 3.000 unidades<\/p>\n<p>Solicite muestras gratuitas de nuestras bolsas de PU para puestos de golf u obtenga presupuestos al instante. Los proveedores de bolsas de golf disfrutan:<br \/>\n- MOQ personalizado a partir de 30pcs<br \/>\n- Informes de ensayos de abrasi\u00f3n por lotes<br \/>\n- Asignaci\u00f3n prioritaria de carga a\u00e9rea y mar\u00edtima<\/p>\n<\/div>\n<\/div>\n<\/div>\n<\/div>","protected":false},"excerpt":{"rendered":"<h2 data-immersive-translate-walked=\"344be1c1-5052-41eb-8fcd-0dbe236a0d6b\" data-immersive-translate-paragraph=\"1\">Bolsa de pie de golf Ultimate PU<\/h2>\n<p>Proporcionamos bolsas de golf de primera calidad con personalizaci\u00f3n a todo color y tama\u00f1o, tejidos duraderos y calidad certificada.<\/p>\n<p>Disfrute de MOQ flexibles, env\u00edos r\u00e1pidos a todo el mundo y soluciones de marca blanca.<\/p>\n<p>P\u00f3ngase en contacto con nosotros<\/p>","protected":false},"featured_media":3823,"template":"","meta":{"_uag_custom_page_level_css":""},"product_brand":[],"product_cat":[51,67],"product_tag":[],"class_list":{"0":"post-3822","1":"product","2":"type-product","3":"status-publish","4":"has-post-thumbnail","6":"product_cat-golf-bag","7":"product_cat-sports-bag","9":"first","10":"instock","11":"shipping-taxable","12":"product-type-simple"},"uagb_featured_image_src":{"full":["https:\/\/pecbag.com\/wp-content\/uploads\/2025\/05\/Ultimate-PU-Golf-Stand-Bag-4.jpg",800,800,false],"thumbnail":["https:\/\/pecbag.com\/wp-content\/uploads\/2025\/05\/Ultimate-PU-Golf-Stand-Bag-4-150x150.jpg",150,150,true],"medium":["https:\/\/pecbag.com\/wp-content\/uploads\/2025\/05\/Ultimate-PU-Golf-Stand-Bag-4-300x300.jpg",300,300,true],"medium_large":["https:\/\/pecbag.com\/wp-content\/uploads\/2025\/05\/Ultimate-PU-Golf-Stand-Bag-4-768x768.jpg",768,768,true],"large":["https:\/\/pecbag.com\/wp-content\/uploads\/2025\/05\/Ultimate-PU-Golf-Stand-Bag-4.jpg",800,800,false],"1536x1536":["https:\/\/pecbag.com\/wp-content\/uploads\/2025\/05\/Ultimate-PU-Golf-Stand-Bag-4.jpg",800,800,false],"2048x2048":["https:\/\/pecbag.com\/wp-content\/uploads\/2025\/05\/Ultimate-PU-Golf-Stand-Bag-4.jpg",800,800,false],"trp-custom-language-flag":["https:\/\/pecbag.com\/wp-content\/uploads\/2025\/05\/Ultimate-PU-Golf-Stand-Bag-4-12x12.jpg",12,12,true],"woocommerce_thumbnail":["https:\/\/pecbag.com\/wp-content\/uploads\/2025\/05\/Ultimate-PU-Golf-Stand-Bag-4-300x300.jpg",300,300,true],"woocommerce_single":["https:\/\/pecbag.com\/wp-content\/uploads\/2025\/05\/Ultimate-PU-Golf-Stand-Bag-4-600x600.jpg",600,600,true],"woocommerce_gallery_thumbnail":["https:\/\/pecbag.com\/wp-content\/uploads\/2025\/05\/Ultimate-PU-Golf-Stand-Bag-4-100x100.jpg",100,100,true]},"uagb_author_info":{"display_name":"Lawrence","author_link":"https:\/\/pecbag.com\/es\/author\/"},"uagb_comment_info":0,"uagb_excerpt":"Ultimate PU Golf Stand Bag We provide premium golf stand bag with full-size and color customization, durable fabrics, and certified quality. Enjoy flexible MOQs, fast global shipping, and private label solutions. Contact us today!","_links":{"self":[{"href":"https:\/\/pecbag.com\/es\/wp-json\/wp\/v2\/product\/3822","targetHints":{"allow":["GET"]}}],"collection":[{"href":"https:\/\/pecbag.com\/es\/wp-json\/wp\/v2\/product"}],"about":[{"href":"https:\/\/pecbag.com\/es\/wp-json\/wp\/v2\/types\/product"}],"wp:featuredmedia":[{"embeddable":true,"href":"https:\/\/pecbag.com\/es\/wp-json\/wp\/v2\/media\/3823"}],"wp:attachment":[{"href":"https:\/\/pecbag.com\/es\/wp-json\/wp\/v2\/media?parent=3822"}],"wp:term":[{"taxonomy":"product_brand","embeddable":true,"href":"https:\/\/pecbag.com\/es\/wp-json\/wp\/v2\/product_brand?post=3822"},{"taxonomy":"product_cat","embeddable":true,"href":"https:\/\/pecbag.com\/es\/wp-json\/wp\/v2\/product_cat?post=3822"},{"taxonomy":"product_tag","embeddable":true,"href":"https:\/\/pecbag.com\/es\/wp-json\/wp\/v2\/product_tag?post=3822"}],"curies":[{"name":"wp","href":"https:\/\/api.w.org\/{rel}","templated":true}]}}