{"id":3832,"date":"2025-05-28T06:45:06","date_gmt":"2025-05-28T06:45:06","guid":{"rendered":"https:\/\/pecbag.com\/?post_type=product&#038;p=3832"},"modified":"2025-11-29T01:46:05","modified_gmt":"2025-11-29T01:46:05","slug":"pro-surfboard-longboard-travel-bag","status":"publish","type":"product","link":"https:\/\/pecbag.com\/es\/pro-surfboard-longboard-travel-bag\/","title":{"rendered":"Bolsa de viaje Pro Surfboard Longboard - 100% Impermeable"},"content":{"rendered":"<h5 title=\"Bolso plegable para perros Bolso de malla transpirable para mascotas peque\u00f1as Perros Gatos\" data-immersive-translate-walked=\"1c928421-2e42-4cd3-8754-5404553c0af5\" data-immersive-translate-paragraph=\"1\" data-spm-anchor-id=\"a2700.details.0.i35.4f6757d4w4zNZA\">Pro Surfboard Longboard Bolsa de Viaje | Fabricante de Mochila y Bolsa Impermeable - Bulk Surf Solutions<\/h5>\n<div class=\"flex flex-grow flex-col max-w-full\">\n<div class=\"min-h-[20px] text-message flex w-full flex-col items-end gap-2 whitespace-pre-wrap break-words [.text-message+&amp;]:mt-5 overflow-x-auto\" dir=\"auto\" data-message-author-role=\"assistant\" data-message-id=\"3d7d46f6-7ec2-4222-9257-48fa0bba23c6\" data-suggestions=\"true\">\n<div class=\"flex w-full flex-col gap-1 empty:hidden first:pt-[3px]\">\n<div class=\"markdown prose w-full break-words dark:prose-invert light\">\n<table width=\"288\">\n<tbody>\n<tr>\n<td width=\"137\"><span style=\"color: #333333;\">Nombre del producto<\/span><\/td>\n<td width=\"151\">Bolsa para tabla de surf<\/td>\n<\/tr>\n<tr>\n<td><span style=\"color: #333333;\">N\u00ba de art\u00edculo<\/span><\/td>\n<td><span style=\"color: #333333;\">PB-2097<\/span><\/td>\n<\/tr>\n<tr>\n<td><span style=\"color: #333333;\">Material<\/span><\/td>\n<td>600D NIEVE\/PVC<\/td>\n<\/tr>\n<tr>\n<td><span style=\"color: #333333;\">Talla<\/span><\/td>\n<td>6'0'' x 22''x 6\"<\/td>\n<\/tr>\n<tr>\n<td><span style=\"color: #333333;\">\u00a0Plazo de entrega<\/span><\/td>\n<td><span style=\"color: #333333;\">1-5 d\u00edas para peque\u00f1as cantidades por v\u00eda a\u00e9rea y 30-35 d\u00edas para grandes cantidades por v\u00eda mar\u00edtima<\/span><\/td>\n<\/tr>\n<\/tbody>\n<\/table>\n<p>Como fabricante l\u00edder en China de bolsas para tablas de surf y f\u00e1brica de bolsas impermeables, dise\u00f1amos bolsas de viaje para tablas de surf longboard profesionales para marcas mundiales de surf. Nuestra compa\u00f1\u00eda de la bolsa de la tabla de surf ofrece:<\/p>\n<p>\u2705 <strong>Protecci\u00f3n impermeable IPX7<\/strong> (1000D nylon recubierto de PVC + costuras soldadas)<br \/>\n\u2705 <strong>Capacidad para longboard de hasta 10\u2032.<\/strong> con asas acolchadas (MOQ 200 uds.)<br \/>\n\u2705 <strong>Servicios OEM\/ODM<\/strong> para bolsas de tablas de surf de marca blanca<br \/>\n\u2705 <strong>Producci\u00f3n de bolsas a granel para tablas de surf<\/strong> con entrega r\u00e1pida en 10 d\u00edas<\/p>\n<p>De confianza <strong>mayoristas de bolsas para tablas de surf<\/strong> y centros tur\u00edsticos costeros. Caracter\u00edsticas principales:<br \/>\n- Revestimiento resistente a los rayos UV y bolsillos de malla antiarena<br \/>\n- Tirantes desmontables y protectores de los bordes de la tabla<br \/>\n- Ranura para etiquetas de equipaje RFID y cerraduras homologadas por la TSA<\/p>\n<p><strong>Por qu\u00e9 asociarse con nuestra f\u00e1brica de bolsas para tablas de surf<\/strong>:<br \/>\n\ud83d\udd39 15+ a\u00f1os como exportadores superiores del bolso de la tabla de surf de China.<br \/>\n\ud83d\udd39 Dise\u00f1o 3D gratuito con la marca de tu club de playa<br \/>\n\ud83d\udd39 Materiales de calidad marina con certificaci\u00f3n OEKO-Tex\/SGS.<br \/>\n\ud83d\udd39 25% descuento para vendedores de bolsas de tablas de surf en m\u00e1s de 2.500 unidades<\/p>\n<p>Solicite muestras gratuitas de nuestra bolsa de viaje para tablas de surf profesional u obtenga presupuestos al instante. Los proveedores de bolsas para tablas de surf disfrutan:<br \/>\n- MOQ personalizado a partir de 300 unidades<br \/>\n- Informes de corrosi\u00f3n por agua salada espec\u00edficos de cada lote<br \/>\n- Asignaci\u00f3n prioritaria de carga a\u00e9rea y mar\u00edtima<\/p>\n<\/div>\n<\/div>\n<\/div>\n<\/div>","protected":false},"excerpt":{"rendered":"<h2 data-immersive-translate-walked=\"344be1c1-5052-41eb-8fcd-0dbe236a0d6b\" data-immersive-translate-paragraph=\"1\">Bolsa de viaje Pro Surfboard Longboard<\/h2>\n<p>1.PESO Y FORMA DE LA BOLSA: 6'0'' x 22''x 6\", 10 libras, para tablas de hasta 6'2'' x 24''; cabeza puntiaguda y gran cola redonda; con abertura para ranura de aleta.<\/p>\n<p>2.360\u00b0 PROTECCI\u00d3N: Con 200 g de lona PE en el interior, 10 mm (0,4 pulgadas) de acolchado en cada lado en el medio, 600D\/1680D tela recubierta en la parte superior, y la tela extra reforzada en las secciones de cabeza y cola en cada lado, esta bolsa de viaje tabla de surf se construye para viajar sin preocupaciones. Proporciona una protecci\u00f3n completa para su bolsa, especialmente en viajes de larga distancia.<\/p>\n<p>3. C\u00d3MODO: Este bolso tiene 3 asas acolchadas y gruesas y una correa ajustable para el hombro. La gran almohadilla de la correa para el hombro (14 '' x4 '' x1'') aliviar\u00e1 en gran medida la presi\u00f3n sobre su hombro. Tambi\u00e9n puede desmontar la correa para el hombro durante el transporte en el techo del coche o en otros viajes de larga distancia.<\/p>","protected":false},"featured_media":3834,"template":"","meta":{"_uag_custom_page_level_css":""},"product_brand":[],"product_cat":[47,67],"product_tag":[],"class_list":{"0":"post-3832","1":"product","2":"type-product","3":"status-publish","4":"has-post-thumbnail","6":"product_cat-surfboard-bag","7":"product_cat-sports-bag","9":"first","10":"instock","11":"shipping-taxable","12":"product-type-simple"},"uagb_featured_image_src":{"full":["https:\/\/pecbag.com\/wp-content\/uploads\/2025\/05\/Pro-Surfboard-Longboard-Travel-Bag-1.jpg",808,808,false],"thumbnail":["https:\/\/pecbag.com\/wp-content\/uploads\/2025\/05\/Pro-Surfboard-Longboard-Travel-Bag-1-150x150.jpg",150,150,true],"medium":["https:\/\/pecbag.com\/wp-content\/uploads\/2025\/05\/Pro-Surfboard-Longboard-Travel-Bag-1-300x300.jpg",300,300,true],"medium_large":["https:\/\/pecbag.com\/wp-content\/uploads\/2025\/05\/Pro-Surfboard-Longboard-Travel-Bag-1-768x768.jpg",768,768,true],"large":["https:\/\/pecbag.com\/wp-content\/uploads\/2025\/05\/Pro-Surfboard-Longboard-Travel-Bag-1.jpg",800,800,false],"1536x1536":["https:\/\/pecbag.com\/wp-content\/uploads\/2025\/05\/Pro-Surfboard-Longboard-Travel-Bag-1.jpg",808,808,false],"2048x2048":["https:\/\/pecbag.com\/wp-content\/uploads\/2025\/05\/Pro-Surfboard-Longboard-Travel-Bag-1.jpg",808,808,false],"trp-custom-language-flag":["https:\/\/pecbag.com\/wp-content\/uploads\/2025\/05\/Pro-Surfboard-Longboard-Travel-Bag-1-12x12.jpg",12,12,true],"woocommerce_thumbnail":["https:\/\/pecbag.com\/wp-content\/uploads\/2025\/05\/Pro-Surfboard-Longboard-Travel-Bag-1-300x300.jpg",300,300,true],"woocommerce_single":["https:\/\/pecbag.com\/wp-content\/uploads\/2025\/05\/Pro-Surfboard-Longboard-Travel-Bag-1-600x600.jpg",600,600,true],"woocommerce_gallery_thumbnail":["https:\/\/pecbag.com\/wp-content\/uploads\/2025\/05\/Pro-Surfboard-Longboard-Travel-Bag-1-100x100.jpg",100,100,true]},"uagb_author_info":{"display_name":"Lawrence","author_link":"https:\/\/pecbag.com\/es\/author\/"},"uagb_comment_info":0,"uagb_excerpt":"Pro Surfboard Longboard Travel Bag 1.BAG SIZE WEIGHT AND SHAPE: 6\u20190\u2019\u2019 x 22\u2019\u2019x 6'', 10 lbs, for board size up to 6\u20192\u2019\u2019 x 24\u2019\u2019; pointed head and big round tail; with fin slot opening 2.360\u00b0 PROTECTION: With 200g PE tarpaulin inside, 10mm (0.4 inches) padding on each side in between, 600D\/1680D coated fabric on top,&hellip;","_links":{"self":[{"href":"https:\/\/pecbag.com\/es\/wp-json\/wp\/v2\/product\/3832","targetHints":{"allow":["GET"]}}],"collection":[{"href":"https:\/\/pecbag.com\/es\/wp-json\/wp\/v2\/product"}],"about":[{"href":"https:\/\/pecbag.com\/es\/wp-json\/wp\/v2\/types\/product"}],"wp:featuredmedia":[{"embeddable":true,"href":"https:\/\/pecbag.com\/es\/wp-json\/wp\/v2\/media\/3834"}],"wp:attachment":[{"href":"https:\/\/pecbag.com\/es\/wp-json\/wp\/v2\/media?parent=3832"}],"wp:term":[{"taxonomy":"product_brand","embeddable":true,"href":"https:\/\/pecbag.com\/es\/wp-json\/wp\/v2\/product_brand?post=3832"},{"taxonomy":"product_cat","embeddable":true,"href":"https:\/\/pecbag.com\/es\/wp-json\/wp\/v2\/product_cat?post=3832"},{"taxonomy":"product_tag","embeddable":true,"href":"https:\/\/pecbag.com\/es\/wp-json\/wp\/v2\/product_tag?post=3832"}],"curies":[{"name":"wp","href":"https:\/\/api.w.org\/{rel}","templated":true}]}}