{"id":3847,"date":"2025-05-28T07:17:44","date_gmt":"2025-05-28T07:17:44","guid":{"rendered":"https:\/\/pecbag.com\/?post_type=product&#038;p=3847"},"modified":"2025-11-29T01:44:36","modified_gmt":"2025-11-29T01:44:36","slug":"professional-electrician-tool-carry-bag","status":"publish","type":"product","link":"https:\/\/pecbag.com\/es\/professional-electrician-tool-carry-bag\/","title":{"rendered":"Bolsa de transporte para herramientas de electricista profesional"},"content":{"rendered":"<h5 title=\"Bolso plegable para perros Bolso de malla transpirable para mascotas peque\u00f1as Perros Gatos\" data-immersive-translate-walked=\"1c928421-2e42-4cd3-8754-5404553c0af5\" data-immersive-translate-paragraph=\"1\" data-spm-anchor-id=\"a2700.details.0.i35.4f6757d4w4zNZA\">Bolsa portaherramientas profesional para electricista | Fabricante de bolsas y mochilas impermeables - Bulk Industrial Solutions<\/h5>\n<div class=\"flex flex-grow flex-col max-w-full\">\n<div class=\"min-h-[20px] text-message flex w-full flex-col items-end gap-2 whitespace-pre-wrap break-words [.text-message+&amp;]:mt-5 overflow-x-auto\" dir=\"auto\" data-message-author-role=\"assistant\" data-message-id=\"3d7d46f6-7ec2-4222-9257-48fa0bba23c6\" data-suggestions=\"true\">\n<div class=\"flex w-full flex-col gap-1 empty:hidden first:pt-[3px]\">\n<div class=\"markdown prose w-full break-words dark:prose-invert light\">\n<table width=\"288\">\n<tbody>\n<tr>\n<td width=\"137\"><span style=\"color: #333333;\">Nombre del producto<\/span><\/td>\n<td width=\"151\">Bolsa de herramientas<\/td>\n<\/tr>\n<tr>\n<td><span style=\"color: #333333;\">N\u00ba de art\u00edculo<\/span><\/td>\n<td><span style=\"color: #333333;\">PB-2099<\/span><\/td>\n<\/tr>\n<tr>\n<td><span style=\"color: #333333;\">Material<\/span><\/td>\n<td>Poli\u00e9ster 600D<\/td>\n<\/tr>\n<tr>\n<td><span style=\"color: #333333;\">\u00a0Tama\u00f1o y color<\/span><\/td>\n<td>15 x 11 x 5 pulgadas<\/td>\n<\/tr>\n<tr>\n<td><span style=\"color: #333333;\">\u00a0Plazo de entrega<\/span><\/td>\n<td><span style=\"color: #333333;\">1-5 d\u00edas para peque\u00f1as cantidades por v\u00eda a\u00e9rea y 30-35 d\u00edas para grandes cantidades por v\u00eda mar\u00edtima<\/span><\/td>\n<\/tr>\n<\/tbody>\n<\/table>\n<p>Como fabricante l\u00edder en China de bolsas para herramientas y f\u00e1brica de bolsas impermeables, dise\u00f1amos bolsas profesionales para herramientas de electricista para marcas industriales globales. Nuestra empresa bolsa de herramientas ofrece:<\/p>\n<p>\u2705 <strong>Protecci\u00f3n impermeable IPX5<\/strong> (poli\u00e9ster 600D + costuras soldadas)<br \/>\n\u2705 <strong>Compartimentos personalizables<\/strong> para herramientas el\u00e9ctricas (MOQ 300 piezas)<br \/>\n\u2705 <strong>Servicios OEM\/ODM<\/strong> para bolsas de herramientas de marca blanca<br \/>\n\u2705 <strong>Producci\u00f3n de bolsas de herramientas a granel<\/strong> con entrega en 10 d\u00edas<\/p>\n<p>Con la confianza de mayoristas de bolsas de herramientas y proveedores de MRO. Caracter\u00edsticas principales:<br \/>\n- Forro antiest\u00e1tico y ranuras aisladas para herramientas<br \/>\n- Cinchas MOLLE + tirantes desmontables<br \/>\n- Etiquetas RFID para activos y organizaci\u00f3n por colores<\/p>\n<p><strong>Por qu\u00e9 asociarse con nuestra f\u00e1brica de bolsas de herramientas<\/strong>:<br \/>\n\ud83d\udd39 15+ a\u00f1os como exportadores superiores del bolso de herramienta de China.<br \/>\n\ud83d\udd39 Dise\u00f1o 3D gratuito con tu marca industrial<br \/>\n\ud83d\udd39 Materiales ign\u00edfugos con certificaci\u00f3n OEKO-Tex\/SGS.<br \/>\n\ud83d\udd39 Descuento 30% para vendedores de bolsas de herramientas a partir de 3000 unidades.<\/p>\n<p>Solicite muestras gratuitas de nuestra bolsa de herramientas para electricista u obtenga presupuestos al instante. Los proveedores de bolsas de herramientas disfrutan:<br \/>\n- MOQ personalizado a partir de 300 unidades<br \/>\n- Informes de pruebas diel\u00e9ctricas de lotes espec\u00edficos<br \/>\n- Asignaci\u00f3n prioritaria de carga a\u00e9rea y mar\u00edtima<\/p>\n<\/div>\n<\/div>\n<\/div>\n<\/div>","protected":false},"excerpt":{"rendered":"<h2 data-immersive-translate-walked=\"344be1c1-5052-41eb-8fcd-0dbe236a0d6b\" data-immersive-translate-paragraph=\"1\">Bolsa de transporte para herramientas de electricista profesional - OEM impermeable personalizado<\/h2>\n<p>1. El marco met\u00e1lico interno facilita el acceso y evita que la bolsa se hunda hacia dentro.<\/p>\n<p>2. Construcci\u00f3n con triple costura, asas de transporte resistentes, cremalleras SBS, herrajes met\u00e1licos y base resistente a la abrasi\u00f3n.<\/p>","protected":false},"featured_media":3848,"template":"","meta":{"_uag_custom_page_level_css":""},"product_brand":[],"product_cat":[49],"product_tag":[],"class_list":{"0":"post-3847","1":"product","2":"type-product","3":"status-publish","4":"has-post-thumbnail","6":"product_cat-tool-bag","8":"first","9":"instock","10":"shipping-taxable","11":"product-type-simple"},"uagb_featured_image_src":{"full":["https:\/\/pecbag.com\/wp-content\/uploads\/2025\/05\/Professional-Electrician-Tool-Carry-Bag-5.jpeg",600,600,false],"thumbnail":["https:\/\/pecbag.com\/wp-content\/uploads\/2025\/05\/Professional-Electrician-Tool-Carry-Bag-5-150x150.jpeg",150,150,true],"medium":["https:\/\/pecbag.com\/wp-content\/uploads\/2025\/05\/Professional-Electrician-Tool-Carry-Bag-5-300x300.jpeg",300,300,true],"medium_large":["https:\/\/pecbag.com\/wp-content\/uploads\/2025\/05\/Professional-Electrician-Tool-Carry-Bag-5.jpeg",600,600,false],"large":["https:\/\/pecbag.com\/wp-content\/uploads\/2025\/05\/Professional-Electrician-Tool-Carry-Bag-5.jpeg",600,600,false],"1536x1536":["https:\/\/pecbag.com\/wp-content\/uploads\/2025\/05\/Professional-Electrician-Tool-Carry-Bag-5.jpeg",600,600,false],"2048x2048":["https:\/\/pecbag.com\/wp-content\/uploads\/2025\/05\/Professional-Electrician-Tool-Carry-Bag-5.jpeg",600,600,false],"trp-custom-language-flag":["https:\/\/pecbag.com\/wp-content\/uploads\/2025\/05\/Professional-Electrician-Tool-Carry-Bag-5-12x12.jpeg",12,12,true],"woocommerce_thumbnail":["https:\/\/pecbag.com\/wp-content\/uploads\/2025\/05\/Professional-Electrician-Tool-Carry-Bag-5-300x300.jpeg",300,300,true],"woocommerce_single":["https:\/\/pecbag.com\/wp-content\/uploads\/2025\/05\/Professional-Electrician-Tool-Carry-Bag-5.jpeg",600,600,false],"woocommerce_gallery_thumbnail":["https:\/\/pecbag.com\/wp-content\/uploads\/2025\/05\/Professional-Electrician-Tool-Carry-Bag-5-100x100.jpeg",100,100,true]},"uagb_author_info":{"display_name":"Lawrence","author_link":"https:\/\/pecbag.com\/es\/author\/"},"uagb_comment_info":0,"uagb_excerpt":"Professional Electrician Tool Carry Bag - Custom Waterproof OEM 1. The internal metal frame provides easy access and prevents the bag from collapsing inward. 2. Triple needle-stitch construction, rugged haul handles, SBS zippers, metal hardware, and abrasion-resistant base.","_links":{"self":[{"href":"https:\/\/pecbag.com\/es\/wp-json\/wp\/v2\/product\/3847","targetHints":{"allow":["GET"]}}],"collection":[{"href":"https:\/\/pecbag.com\/es\/wp-json\/wp\/v2\/product"}],"about":[{"href":"https:\/\/pecbag.com\/es\/wp-json\/wp\/v2\/types\/product"}],"wp:featuredmedia":[{"embeddable":true,"href":"https:\/\/pecbag.com\/es\/wp-json\/wp\/v2\/media\/3848"}],"wp:attachment":[{"href":"https:\/\/pecbag.com\/es\/wp-json\/wp\/v2\/media?parent=3847"}],"wp:term":[{"taxonomy":"product_brand","embeddable":true,"href":"https:\/\/pecbag.com\/es\/wp-json\/wp\/v2\/product_brand?post=3847"},{"taxonomy":"product_cat","embeddable":true,"href":"https:\/\/pecbag.com\/es\/wp-json\/wp\/v2\/product_cat?post=3847"},{"taxonomy":"product_tag","embeddable":true,"href":"https:\/\/pecbag.com\/es\/wp-json\/wp\/v2\/product_tag?post=3847"}],"curies":[{"name":"wp","href":"https:\/\/api.w.org\/{rel}","templated":true}]}}