{"id":3859,"date":"2025-05-28T07:46:04","date_gmt":"2025-05-28T07:46:04","guid":{"rendered":"https:\/\/pecbag.com\/?post_type=product&#038;p=3859"},"modified":"2025-11-29T01:43:42","modified_gmt":"2025-11-29T01:43:42","slug":"oem-premium-makeup-bag","status":"publish","type":"product","link":"https:\/\/pecbag.com\/es\/oem-premium-makeup-bag\/","title":{"rendered":"OEM Premium Bolsa de Maquillaje - Proveedor Profesional de China"},"content":{"rendered":"<h5 title=\"Bolso plegable para perros Bolso de malla transpirable para mascotas peque\u00f1as Perros Gatos\" data-immersive-translate-walked=\"1c928421-2e42-4cd3-8754-5404553c0af5\" data-immersive-translate-paragraph=\"1\" data-spm-anchor-id=\"a2700.details.0.i35.4f6757d4w4zNZA\">OEM Premium Bolsas de Maquillaje | F\u00e1brica de Bolsas Impermeables y Fabricante de Mochilas - Bulk Beauty Solutions<\/h5>\n<div class=\"flex flex-grow flex-col max-w-full\">\n<div class=\"min-h-[20px] text-message flex w-full flex-col items-end gap-2 whitespace-pre-wrap break-words [.text-message+&amp;]:mt-5 overflow-x-auto\" dir=\"auto\" data-message-author-role=\"assistant\" data-message-id=\"3d7d46f6-7ec2-4222-9257-48fa0bba23c6\" data-suggestions=\"true\">\n<div class=\"flex w-full flex-col gap-1 empty:hidden first:pt-[3px]\">\n<div class=\"markdown prose w-full break-words dark:prose-invert light\">\n<table width=\"288\">\n<tbody>\n<tr>\n<td width=\"137\"><span style=\"color: #333333;\">Nombre del producto<\/span><\/td>\n<td width=\"151\"><span style=\"color: #333333;\">Bolsa de maquillaje<\/span><\/td>\n<\/tr>\n<tr>\n<td><span style=\"color: #333333;\">N\u00ba de art\u00edculo<\/span><\/td>\n<td><span style=\"color: #333333;\">PB-2101<\/span><\/td>\n<\/tr>\n<tr>\n<td><span style=\"color: #333333;\">Material<\/span><\/td>\n<td><span style=\"color: #333333;\">Algod\u00f3n, poli\u00e9ster, vell\u00f3n<\/span><\/td>\n<\/tr>\n<tr>\n<td><span style=\"color: #333333;\">\u00a0Tama\u00f1o y color<\/span><\/td>\n<td><span style=\"color: #333333;\">Personalizado<\/span><\/td>\n<\/tr>\n<tr>\n<td><span style=\"color: #333333;\">\u00a0Plazo de entrega<\/span><\/td>\n<td><span style=\"color: #333333;\">1-5 d\u00edas para peque\u00f1as cantidades por v\u00eda a\u00e9rea y 30-35 d\u00edas para grandes cantidades por v\u00eda mar\u00edtima<\/span><\/td>\n<\/tr>\n<\/tbody>\n<\/table>\n<p>Como fabricante l\u00edder en China de bolsas de maquillaje y f\u00e1brica de bolsas impermeables, elaboramos bolsas de maquillaje premium OEM para marcas de belleza globales. Nuestra empresa bolsa de maquillaje ofrece:<\/p>\n<p>\u2705 <strong>Cremalleras impermeables IPX5<\/strong> (cuero vegano + poli\u00e9ster reciclado)<br \/>\n\u2705 <strong>Dise\u00f1os de compartimentos personalizados<\/strong> (MOQ 200 piezas) con espejo y ranuras para cepillos<br \/>\n\u2705 <strong>Servicios ODM\/OEM<\/strong> para bolsas de maquillaje de marca blanca<br \/>\n\u2705 <strong>Producci\u00f3n de bolsas de maquillaje a granel<\/strong> con entrega en 12 d\u00edas<\/p>\n<p>Con la confianza de mayoristas de bolsos de maquillaje y gigantes de la cosm\u00e9tica. Caracter\u00edsticas principales:<br \/>\n- Ranuras para tarjetas con bloqueo RFID y forro antimicrobiano<br \/>\n- Correas desmontables y caja de regalo<br \/>\n- Materiales sin crueldad certificados por OEKO-Tex<\/p>\n<p><strong>Por qu\u00e9 elegir nuestra f\u00e1brica de bolsas de maquillaje<\/strong>:<br \/>\n\ud83d\udd39 10+ a\u00f1os como exportadores superiores del bolso del maquillaje de China.<br \/>\n\ud83d\udd39 Maquetas 3D gratuitas con los colores\/logotipo de tu marca.<br \/>\n\ud83d\udd39 Materiales sostenibles con certificaci\u00f3n SGS\/REACH.<br \/>\n\ud83d\udd39 30% descuento para vendedores de neceseres de maquillaje a partir de 3.000 unidades<\/p>\n<p>Solicite muestras gratuitas de nuestros neceseres de maquillaje de primera calidad u obtenga presupuestos al instante. Los proveedores de bolsas de maquillaje disfrutan:<br \/>\n- MOQ personalizado a partir de 200 unidades<br \/>\n- Certificaciones de calidad espec\u00edficas para cada lote<br \/>\n- Asignaci\u00f3n prioritaria de carga a\u00e9rea y mar\u00edtima<\/p>\n<\/div>\n<\/div>\n<\/div>\n<\/div>","protected":false},"excerpt":{"rendered":"<h2 data-immersive-translate-walked=\"344be1c1-5052-41eb-8fcd-0dbe236a0d6b\" data-immersive-translate-paragraph=\"1\">Neceser de maquillaje OEM Premium<\/h2>\n<p>Proporcionamos bolsas de maquillaje OEM Premium de primera calidad con personalizaci\u00f3n a todo color y tama\u00f1o, tejidos duraderos y calidad certificada.<\/p>\n<p>Disfrute de MOQ flexibles, env\u00edos r\u00e1pidos a todo el mundo y soluciones de marca blanca.<\/p>\n<p>P\u00f3ngase en contacto con nosotros<\/p>","protected":false},"featured_media":3863,"template":"","meta":{"_uag_custom_page_level_css":""},"product_brand":[],"product_cat":[53],"product_tag":[],"class_list":{"0":"post-3859","1":"product","2":"type-product","3":"status-publish","4":"has-post-thumbnail","6":"product_cat-makeup-bag","8":"first","9":"instock","10":"shipping-taxable","11":"product-type-simple"},"uagb_featured_image_src":{"full":["https:\/\/pecbag.com\/wp-content\/uploads\/2025\/05\/OEM-Premium-Makeup-Bag-1.jpg",1000,1000,false],"thumbnail":["https:\/\/pecbag.com\/wp-content\/uploads\/2025\/05\/OEM-Premium-Makeup-Bag-1-150x150.jpg",150,150,true],"medium":["https:\/\/pecbag.com\/wp-content\/uploads\/2025\/05\/OEM-Premium-Makeup-Bag-1-300x300.jpg",300,300,true],"medium_large":["https:\/\/pecbag.com\/wp-content\/uploads\/2025\/05\/OEM-Premium-Makeup-Bag-1-768x768.jpg",768,768,true],"large":["https:\/\/pecbag.com\/wp-content\/uploads\/2025\/05\/OEM-Premium-Makeup-Bag-1.jpg",800,800,false],"1536x1536":["https:\/\/pecbag.com\/wp-content\/uploads\/2025\/05\/OEM-Premium-Makeup-Bag-1.jpg",1000,1000,false],"2048x2048":["https:\/\/pecbag.com\/wp-content\/uploads\/2025\/05\/OEM-Premium-Makeup-Bag-1.jpg",1000,1000,false],"trp-custom-language-flag":["https:\/\/pecbag.com\/wp-content\/uploads\/2025\/05\/OEM-Premium-Makeup-Bag-1-12x12.jpg",12,12,true],"woocommerce_thumbnail":["https:\/\/pecbag.com\/wp-content\/uploads\/2025\/05\/OEM-Premium-Makeup-Bag-1-300x300.jpg",300,300,true],"woocommerce_single":["https:\/\/pecbag.com\/wp-content\/uploads\/2025\/05\/OEM-Premium-Makeup-Bag-1-600x600.jpg",600,600,true],"woocommerce_gallery_thumbnail":["https:\/\/pecbag.com\/wp-content\/uploads\/2025\/05\/OEM-Premium-Makeup-Bag-1-100x100.jpg",100,100,true]},"uagb_author_info":{"display_name":"Lawrence","author_link":"https:\/\/pecbag.com\/es\/author\/"},"uagb_comment_info":0,"uagb_excerpt":"OEM Premium Makeup Bag We provide premium OEM Premium Makeup Bag with full-size and color customization, durable fabrics, and certified quality. Enjoy flexible MOQs, fast global shipping, and private label solutions. Contact us today!","_links":{"self":[{"href":"https:\/\/pecbag.com\/es\/wp-json\/wp\/v2\/product\/3859","targetHints":{"allow":["GET"]}}],"collection":[{"href":"https:\/\/pecbag.com\/es\/wp-json\/wp\/v2\/product"}],"about":[{"href":"https:\/\/pecbag.com\/es\/wp-json\/wp\/v2\/types\/product"}],"wp:featuredmedia":[{"embeddable":true,"href":"https:\/\/pecbag.com\/es\/wp-json\/wp\/v2\/media\/3863"}],"wp:attachment":[{"href":"https:\/\/pecbag.com\/es\/wp-json\/wp\/v2\/media?parent=3859"}],"wp:term":[{"taxonomy":"product_brand","embeddable":true,"href":"https:\/\/pecbag.com\/es\/wp-json\/wp\/v2\/product_brand?post=3859"},{"taxonomy":"product_cat","embeddable":true,"href":"https:\/\/pecbag.com\/es\/wp-json\/wp\/v2\/product_cat?post=3859"},{"taxonomy":"product_tag","embeddable":true,"href":"https:\/\/pecbag.com\/es\/wp-json\/wp\/v2\/product_tag?post=3859"}],"curies":[{"name":"wp","href":"https:\/\/api.w.org\/{rel}","templated":true}]}}