{"id":3902,"date":"2025-05-28T09:19:49","date_gmt":"2025-05-28T09:19:49","guid":{"rendered":"https:\/\/pecbag.com\/?post_type=product&#038;p=3902"},"modified":"2025-11-29T01:30:22","modified_gmt":"2025-11-29T01:30:22","slug":"professional-waterproof-tool-bag-backpack","status":"publish","type":"product","link":"https:\/\/pecbag.com\/es\/professional-waterproof-tool-bag-backpack\/","title":{"rendered":"Mochila profesional impermeable para herramientas"},"content":{"rendered":"<h5 title=\"Bolso plegable para perros Bolso de malla transpirable para mascotas peque\u00f1as Perros Gatos\" data-immersive-translate-walked=\"1c928421-2e42-4cd3-8754-5404553c0af5\" data-immersive-translate-paragraph=\"1\" data-spm-anchor-id=\"a2700.details.0.i35.4f6757d4w4zNZA\">Mochilas impermeables profesionales para herramientas | Fabricante de mochilas y bolsas impermeables - Bulk Industrial Solutions<\/h5>\n<div class=\"flex flex-grow flex-col max-w-full\">\n<div class=\"min-h-[20px] text-message flex w-full flex-col items-end gap-2 whitespace-pre-wrap break-words [.text-message+&amp;]:mt-5 overflow-x-auto\" dir=\"auto\" data-message-author-role=\"assistant\" data-message-id=\"3d7d46f6-7ec2-4222-9257-48fa0bba23c6\" data-suggestions=\"true\">\n<div class=\"flex w-full flex-col gap-1 empty:hidden first:pt-[3px]\">\n<div class=\"markdown prose w-full break-words dark:prose-invert light\">\n<table width=\"288\">\n<tbody>\n<tr>\n<td width=\"137\"><span style=\"color: #333333;\">Nombre del producto<\/span><\/td>\n<td width=\"151\">Bolsa de herramientas<\/td>\n<\/tr>\n<tr>\n<td><span style=\"color: #333333;\">N\u00ba de art\u00edculo<\/span><\/td>\n<td><span style=\"color: #333333;\">PB-2106<\/span><\/td>\n<\/tr>\n<tr>\n<td><span style=\"color: #333333;\">Material<\/span><\/td>\n<td>Nylon + tejido bal\u00edstico 1680D<\/td>\n<\/tr>\n<tr>\n<td><span style=\"color: #333333;\">\u00a0Tama\u00f1o y color<\/span><\/td>\n<td>Personalizado<\/td>\n<\/tr>\n<tr>\n<td><span style=\"color: #333333;\">\u00a0Plazo de entrega<\/span><\/td>\n<td><span style=\"color: #333333;\">1-5 d\u00edas para peque\u00f1as cantidades por v\u00eda a\u00e9rea y 30-35 d\u00edas para grandes cantidades por v\u00eda mar\u00edtima<\/span><\/td>\n<\/tr>\n<\/tbody>\n<\/table>\n<p>Como fabricante l\u00edder en China de bolsas de herramientas y f\u00e1brica de bolsas impermeables, dise\u00f1amos mochilas impermeables profesionales para marcas industriales globales. Nuestra empresa bolsa de herramientas proporciona:<\/p>\n<p>\u2705 <strong>Protecci\u00f3n impermeable IPX7<\/strong> (Nylon 1000D recubierto de TPU + soldadura sin costuras)<br \/>\n\u2705 <strong>Capacidad ampliable de 40 litros<\/strong> con cinchas MOLLE\/PALS (MOQ 200 piezas)<br \/>\n\u2705 <strong>Servicios ODM\/OEM<\/strong> para bolsas de herramientas de marca blanca<br \/>\n\u2705 <strong>Producci\u00f3n de bolsas de herramientas a granel<\/strong> con entrega r\u00e1pida en 10 d\u00edas<\/p>\n<p>Con la confianza de mayoristas de bolsas de herramientas y proveedores de MRO. Caracter\u00edsticas principales:<br \/>\n- Cremalleras YKK reforzadas y tirantes antideslizantes<br \/>\n- Paneles desmontables para herramientas y bolsillos con bloqueo RFID<br \/>\n- Forro antimicrobiano certificado OEKO-Tex<\/p>\n<p><strong>Por qu\u00e9 asociarse con nuestra f\u00e1brica de bolsas de herramientas<\/strong>:<br \/>\n\ud83d\udd39 15+ a\u00f1os como exportadores superiores del bolso de herramienta de China.<br \/>\n\ud83d\udd39 Dise\u00f1o 3D gratuito con tu marca industrial<br \/>\n\ud83d\udd39 Materiales resistentes con certificaci\u00f3n SGS\/REACH.<br \/>\n\ud83d\udd39 Descuento 30% para vendedores de bolsas de herramientas a partir de 3000 unidades.<\/p>\n<p>Solicite muestras gratuitas de nuestra mochila portaherramientas impermeable u obtenga presupuestos al instante. Los proveedores de mochilas portaherramientas disfrutan:<br \/>\n- MOQ personalizado a partir de 200 unidades<br \/>\n- V\u00eddeos de pruebas de estanqueidad por lotes<br \/>\n- Asignaci\u00f3n prioritaria de carga a\u00e9rea y mar\u00edtima<\/p>\n<\/div>\n<\/div>\n<\/div>\n<\/div>","protected":false},"excerpt":{"rendered":"<h2 data-immersive-translate-walked=\"344be1c1-5052-41eb-8fcd-0dbe236a0d6b\" data-immersive-translate-paragraph=\"1\">Mochila profesional impermeable para herramientas<\/h2>\n<ul class=\"a-unordered-list a-vertical a-spacing-mini\">\n<li class=\"a-spacing-mini\"><span class=\"a-list-item\">Apertura total: La mochila para herramientas est\u00e1 totalmente abierta por una cremallera de Nylon #10 de alta resistencia con cierre. Y los 22 bolsillos internos y 20 ranuras el\u00e1sticas de las herramientas de la mochila son de f\u00e1cil acceso y seguro.<\/span><\/li>\n<li class=\"a-spacing-mini\"><span class=\"a-list-item\">44 Bolsillos: Estas mochilas para herramientas construyen 3 compartimentos, 44 bolsillos y 12 bucles para ayudar a mantenerse organizado. La bolsa de herramientas mochila del electricista es espacioso para dar cabida a todas sus herramientas de todos los d\u00edas.<\/span><\/li>\n<\/ul>","protected":false},"featured_media":3903,"template":"","meta":{"_uag_custom_page_level_css":""},"product_brand":[],"product_cat":[49,60],"product_tag":[],"class_list":{"0":"post-3902","1":"product","2":"type-product","3":"status-publish","4":"has-post-thumbnail","6":"product_cat-tool-bag","7":"product_cat-backpack","9":"first","10":"instock","11":"shipping-taxable","12":"product-type-simple"},"uagb_featured_image_src":{"full":["https:\/\/pecbag.com\/wp-content\/uploads\/2025\/05\/Professional-Waterproof-Tool-Bag-Backpack-4.jpg",2122,2560,false],"thumbnail":["https:\/\/pecbag.com\/wp-content\/uploads\/2025\/05\/Professional-Waterproof-Tool-Bag-Backpack-4-150x150.jpg",150,150,true],"medium":["https:\/\/pecbag.com\/wp-content\/uploads\/2025\/05\/Professional-Waterproof-Tool-Bag-Backpack-4-249x300.jpg",249,300,true],"medium_large":["https:\/\/pecbag.com\/wp-content\/uploads\/2025\/05\/Professional-Waterproof-Tool-Bag-Backpack-4-768x927.jpg",768,927,true],"large":["https:\/\/pecbag.com\/wp-content\/uploads\/2025\/05\/Professional-Waterproof-Tool-Bag-Backpack-4-849x1024.jpg",800,965,true],"1536x1536":["https:\/\/pecbag.com\/wp-content\/uploads\/2025\/05\/Professional-Waterproof-Tool-Bag-Backpack-4-1273x1536.jpg",1273,1536,true],"2048x2048":["https:\/\/pecbag.com\/wp-content\/uploads\/2025\/05\/Professional-Waterproof-Tool-Bag-Backpack-4-1698x2048.jpg",1698,2048,true],"trp-custom-language-flag":["https:\/\/pecbag.com\/wp-content\/uploads\/2025\/05\/Professional-Waterproof-Tool-Bag-Backpack-4-10x12.jpg",10,12,true],"woocommerce_thumbnail":["https:\/\/pecbag.com\/wp-content\/uploads\/2025\/05\/Professional-Waterproof-Tool-Bag-Backpack-4-300x300.jpg",300,300,true],"woocommerce_single":["https:\/\/pecbag.com\/wp-content\/uploads\/2025\/05\/Professional-Waterproof-Tool-Bag-Backpack-4-600x724.jpg",600,724,true],"woocommerce_gallery_thumbnail":["https:\/\/pecbag.com\/wp-content\/uploads\/2025\/05\/Professional-Waterproof-Tool-Bag-Backpack-4-100x100.jpg",100,100,true]},"uagb_author_info":{"display_name":"Lawrence","author_link":"https:\/\/pecbag.com\/es\/author\/"},"uagb_comment_info":0,"uagb_excerpt":"Professional Waterproof Tool Bag Backpack Full-Open: The backpack for tools is full-open by a heavy-duty #10 lockable Nylon zipper. And the internal 22 pockets and 20 Elastic slots of the backpack tools are easy to access and secure. 44-Pockets: These backpacks for tools construct 3Compartments, 44Pockets &amp; 12Molle Loops to help stay organized. The electrician's&hellip;","_links":{"self":[{"href":"https:\/\/pecbag.com\/es\/wp-json\/wp\/v2\/product\/3902","targetHints":{"allow":["GET"]}}],"collection":[{"href":"https:\/\/pecbag.com\/es\/wp-json\/wp\/v2\/product"}],"about":[{"href":"https:\/\/pecbag.com\/es\/wp-json\/wp\/v2\/types\/product"}],"wp:featuredmedia":[{"embeddable":true,"href":"https:\/\/pecbag.com\/es\/wp-json\/wp\/v2\/media\/3903"}],"wp:attachment":[{"href":"https:\/\/pecbag.com\/es\/wp-json\/wp\/v2\/media?parent=3902"}],"wp:term":[{"taxonomy":"product_brand","embeddable":true,"href":"https:\/\/pecbag.com\/es\/wp-json\/wp\/v2\/product_brand?post=3902"},{"taxonomy":"product_cat","embeddable":true,"href":"https:\/\/pecbag.com\/es\/wp-json\/wp\/v2\/product_cat?post=3902"},{"taxonomy":"product_tag","embeddable":true,"href":"https:\/\/pecbag.com\/es\/wp-json\/wp\/v2\/product_tag?post=3902"}],"curies":[{"name":"wp","href":"https:\/\/api.w.org\/{rel}","templated":true}]}}