{"id":3920,"date":"2025-05-28T09:51:14","date_gmt":"2025-05-28T09:51:14","guid":{"rendered":"https:\/\/pecbag.com\/?post_type=product&#038;p=3920"},"modified":"2025-11-29T01:28:44","modified_gmt":"2025-11-29T01:28:44","slug":"single-board-short-surfboard-bag","status":"publish","type":"product","link":"https:\/\/pecbag.com\/es\/single-board-short-surfboard-bag\/","title":{"rendered":"Bolsa corta para tabla de surf Single Board"},"content":{"rendered":"<h5 title=\"Bolso plegable para perros Bolso de malla transpirable para mascotas peque\u00f1as Perros Gatos\" data-immersive-translate-walked=\"1c928421-2e42-4cd3-8754-5404553c0af5\" data-immersive-translate-paragraph=\"1\" data-spm-anchor-id=\"a2700.details.0.i35.4f6757d4w4zNZA\">Single Board Short Surfboard Bags | Fabricante de bolsas y mochilas impermeables - Bulk Surf Solutions<\/h5>\n<div class=\"flex flex-grow flex-col max-w-full\">\n<div class=\"min-h-[20px] text-message flex w-full flex-col items-end gap-2 whitespace-pre-wrap break-words [.text-message+&amp;]:mt-5 overflow-x-auto\" dir=\"auto\" data-message-author-role=\"assistant\" data-message-id=\"3d7d46f6-7ec2-4222-9257-48fa0bba23c6\" data-suggestions=\"true\">\n<div class=\"flex w-full flex-col gap-1 empty:hidden first:pt-[3px]\">\n<div class=\"markdown prose w-full break-words dark:prose-invert light\">\n<table width=\"288\">\n<tbody>\n<tr>\n<td width=\"137\"><span style=\"color: #333333;\">Nombre del producto<\/span><\/td>\n<td width=\"151\">Bolsa para tabla de surf<\/td>\n<\/tr>\n<tr>\n<td><span style=\"color: #333333;\">N\u00ba de art\u00edculo<\/span><\/td>\n<td><span style=\"color: #333333;\">PB-2109<\/span><\/td>\n<\/tr>\n<tr>\n<td><span style=\"color: #333333;\">Material<\/span><\/td>\n<td>Poli\u00e9ster de 600 deniers<\/td>\n<\/tr>\n<tr>\n<td><span style=\"color: #333333;\">Talla<\/span><\/td>\n<td>Personalizado<\/td>\n<\/tr>\n<tr>\n<td><span style=\"color: #333333;\">\u00a0Plazo de entrega<\/span><\/td>\n<td><span style=\"color: #333333;\">1-5 d\u00edas para peque\u00f1as cantidades por v\u00eda a\u00e9rea y 30-35 d\u00edas para grandes cantidades por v\u00eda mar\u00edtima<\/span><\/td>\n<\/tr>\n<\/tbody>\n<\/table>\n<p>Como fabricante l\u00edder en China de bolsas para tablas de surf y f\u00e1brica de bolsas impermeables, elaboramos bolsas para tablas de surf cortas de una sola tabla para marcas mundiales de surf. Nuestra compa\u00f1\u00eda de la bolsa de la tabla de surf proporciona:<\/p>\n<p>\u2705 <strong>Protecci\u00f3n impermeable IPX5<\/strong> (nylon 420D + costuras soldadas)<br \/>\n\u2705 <strong>Capacidad para shortboard de hasta 6\u2032.<\/strong> con protectores de carril acolchados (MOQ 200 piezas)<br \/>\n\u2705 <strong>Servicios ODM\/OEM<\/strong> para bolsas de tablas de surf de marca blanca<br \/>\n\u2705 <strong>Producci\u00f3n de bolsas a granel para tablas de surf<\/strong> con entrega en 10 d\u00edas<\/p>\n<p>Con la confianza de mayoristas de bolsas para tablas de surf y centros tur\u00edsticos costeros. Caracter\u00edsticas principales:<br \/>\n- Paneles de malla de secado r\u00e1pido y ranuras para aletas FCS<br \/>\n- Correas ajustables y cierres homologados por la TSA<br \/>\n- Materiales ecol\u00f3gicos certificados OEKO-Tex<\/p>\n<p><strong>Por qu\u00e9 asociarse con nuestra f\u00e1brica de bolsas para tablas de surf<\/strong>:<br \/>\n\ud83d\udd39 12+ a\u00f1os como exportadores superiores del bolso de la tabla de surf de China<br \/>\n\ud83d\udd39 Dise\u00f1o 3D gratuito con el logotipo de tu marca de surf<br \/>\n\ud83d\udd39 Tejidos resistentes a la abrasi\u00f3n con certificaci\u00f3n SGS\/REACH.<br \/>\n\ud83d\udd39 30% descuento para vendedores de bolsas de tablas de surf a partir de 3.000 unidades<\/p>\n<p>Solicite muestras gratuitas de nuestras bolsas cortas para tablas de surf o pida presupuestos al instante. Los proveedores de bolsas para tablas de surf disfrutan:<br \/>\n- MOQ personalizado a partir de 200 unidades<br \/>\n- Informes de pruebas de agua salada espec\u00edficos de cada lote<br \/>\n- Asignaci\u00f3n prioritaria de carga a\u00e9rea y mar\u00edtima<\/p>\n<\/div>\n<\/div>\n<\/div>\n<\/div>","protected":false},"excerpt":{"rendered":"<h2 data-immersive-translate-walked=\"344be1c1-5052-41eb-8fcd-0dbe236a0d6b\" data-immersive-translate-paragraph=\"1\">Bolsa corta para tabla de surf Single Board<\/h2>\n<ul class=\"css-1isgwd\" role=\"list\" data-id=\"detailsAccordion\">\n<li class=\"css-e3648i\">Una bolsa para tablas ajustable en longitud para tablas de entre 1,65 y 1,80 m.<\/li>\n<li class=\"css-e3648i\">Construido con un tejido de poli\u00e9ster reciclado para una durabilidad inigualable<\/li>\n<li class=\"css-e3648i\">El acolchado reforzado en toda la bolsa proporciona una protecci\u00f3n \u00f3ptima<\/li>\n<li class=\"css-e3648i\">Un bolsillo inteligente externo guarda f\u00e1cilmente aletas, correas, cera y otros objetos esenciales<\/li>\n<li class=\"css-e3648i\">F\u00e1cil de guardar entre usos gracias a los paneles comprimibles colocados estrat\u00e9gicamente<\/li>\n<\/ul>","protected":false},"featured_media":3922,"template":"","meta":{"_uag_custom_page_level_css":""},"product_brand":[],"product_cat":[47,67,66],"product_tag":[],"class_list":{"0":"post-3920","1":"product","2":"type-product","3":"status-publish","4":"has-post-thumbnail","6":"product_cat-surfboard-bag","7":"product_cat-sports-bag","8":"product_cat-waterproof-bag","10":"first","11":"instock","12":"shipping-taxable","13":"product-type-simple"},"uagb_featured_image_src":{"full":["https:\/\/pecbag.com\/wp-content\/uploads\/2025\/05\/Single-Board-Short-Surfboard-Bag-1.jpg",1200,1200,false],"thumbnail":["https:\/\/pecbag.com\/wp-content\/uploads\/2025\/05\/Single-Board-Short-Surfboard-Bag-1-150x150.jpg",150,150,true],"medium":["https:\/\/pecbag.com\/wp-content\/uploads\/2025\/05\/Single-Board-Short-Surfboard-Bag-1-300x300.jpg",300,300,true],"medium_large":["https:\/\/pecbag.com\/wp-content\/uploads\/2025\/05\/Single-Board-Short-Surfboard-Bag-1-768x768.jpg",768,768,true],"large":["https:\/\/pecbag.com\/wp-content\/uploads\/2025\/05\/Single-Board-Short-Surfboard-Bag-1-1024x1024.jpg",800,800,true],"1536x1536":["https:\/\/pecbag.com\/wp-content\/uploads\/2025\/05\/Single-Board-Short-Surfboard-Bag-1.jpg",1200,1200,false],"2048x2048":["https:\/\/pecbag.com\/wp-content\/uploads\/2025\/05\/Single-Board-Short-Surfboard-Bag-1.jpg",1200,1200,false],"trp-custom-language-flag":["https:\/\/pecbag.com\/wp-content\/uploads\/2025\/05\/Single-Board-Short-Surfboard-Bag-1-12x12.jpg",12,12,true],"woocommerce_thumbnail":["https:\/\/pecbag.com\/wp-content\/uploads\/2025\/05\/Single-Board-Short-Surfboard-Bag-1-300x300.jpg",300,300,true],"woocommerce_single":["https:\/\/pecbag.com\/wp-content\/uploads\/2025\/05\/Single-Board-Short-Surfboard-Bag-1-600x600.jpg",600,600,true],"woocommerce_gallery_thumbnail":["https:\/\/pecbag.com\/wp-content\/uploads\/2025\/05\/Single-Board-Short-Surfboard-Bag-1-100x100.jpg",100,100,true]},"uagb_author_info":{"display_name":"Lawrence","author_link":"https:\/\/pecbag.com\/es\/author\/"},"uagb_comment_info":0,"uagb_excerpt":"Single Board Short Surfboard Bag A length-adjustable board bag for boards between 5\u20193\u201d and 6\u20194\u201d Built with a recycled polyester fabric for unmatched durability Reinforced padding throughout the bag provides optimal protection An external smart pocket easily stores fins, leashes, wax, and other essentials Easy to store between uses with compressible, strategically placed panels","_links":{"self":[{"href":"https:\/\/pecbag.com\/es\/wp-json\/wp\/v2\/product\/3920","targetHints":{"allow":["GET"]}}],"collection":[{"href":"https:\/\/pecbag.com\/es\/wp-json\/wp\/v2\/product"}],"about":[{"href":"https:\/\/pecbag.com\/es\/wp-json\/wp\/v2\/types\/product"}],"wp:featuredmedia":[{"embeddable":true,"href":"https:\/\/pecbag.com\/es\/wp-json\/wp\/v2\/media\/3922"}],"wp:attachment":[{"href":"https:\/\/pecbag.com\/es\/wp-json\/wp\/v2\/media?parent=3920"}],"wp:term":[{"taxonomy":"product_brand","embeddable":true,"href":"https:\/\/pecbag.com\/es\/wp-json\/wp\/v2\/product_brand?post=3920"},{"taxonomy":"product_cat","embeddable":true,"href":"https:\/\/pecbag.com\/es\/wp-json\/wp\/v2\/product_cat?post=3920"},{"taxonomy":"product_tag","embeddable":true,"href":"https:\/\/pecbag.com\/es\/wp-json\/wp\/v2\/product_tag?post=3920"}],"curies":[{"name":"wp","href":"https:\/\/api.w.org\/{rel}","templated":true}]}}