{"id":4083,"date":"2025-06-18T02:28:41","date_gmt":"2025-06-18T02:28:41","guid":{"rendered":"https:\/\/pecbag.com\/?post_type=product&#038;p=4083"},"modified":"2025-11-29T01:28:20","modified_gmt":"2025-11-29T01:28:20","slug":"pvc-tarpaulin-fish-cooler-bag-manufacturer","status":"publish","type":"product","link":"https:\/\/pecbag.com\/es\/pvc-tarpaulin-fish-cooler-bag-manufacturer\/","title":{"rendered":"Fabricante de bolsas refrigerantes de lona de PVC para pescado"},"content":{"rendered":"<h5 title=\"Bolso plegable para perros Bolso de malla transpirable para mascotas peque\u00f1as Perros Gatos\" data-immersive-translate-walked=\"1c928421-2e42-4cd3-8754-5404553c0af5\" data-immersive-translate-paragraph=\"1\" data-spm-anchor-id=\"a2700.details.0.i35.4f6757d4w4zNZA\">\u00a0PVC Tarpaulin Fish Cooler Bag Fabricante | F\u00e1brica de bolsas a prueba de agua y mochila de alta resistencia Fabricante | OEM a granel<\/h5>\n<div class=\"flex flex-grow flex-col max-w-full\">\n<div class=\"min-h-[20px] text-message flex w-full flex-col items-end gap-2 whitespace-pre-wrap break-words [.text-message+&amp;]:mt-5 overflow-x-auto\" dir=\"auto\" data-message-author-role=\"assistant\" data-message-id=\"3d7d46f6-7ec2-4222-9257-48fa0bba23c6\" data-suggestions=\"true\">\n<div class=\"flex w-full flex-col gap-1 empty:hidden first:pt-[3px]\">\n<div class=\"markdown prose w-full break-words dark:prose-invert light\">\n<table width=\"288\">\n<tbody>\n<tr>\n<td width=\"137\"><span style=\"color: #333333;\">Nombre del producto<\/span><\/td>\n<td width=\"151\">Bolsa para tabla de surf<\/td>\n<\/tr>\n<tr>\n<td><span style=\"color: #333333;\">N\u00ba de art\u00edculo<\/span><\/td>\n<td><span style=\"color: #333333;\">PB-2111<\/span><\/td>\n<\/tr>\n<tr>\n<td><span style=\"color: #333333;\">Material<\/span><\/td>\n<td>Lona 500D PVC<\/td>\n<\/tr>\n<tr>\n<td><span style=\"color: #333333;\">Talla<\/span><\/td>\n<td>18\/25,5*8,6*13,7 pulgadas<\/td>\n<\/tr>\n<tr>\n<td><span style=\"color: #333333;\">\u00a0Plazo de entrega<\/span><\/td>\n<td><span style=\"color: #333333;\">1-5 d\u00edas para peque\u00f1as cantidades por v\u00eda a\u00e9rea y 30-35 d\u00edas para grandes cantidades por v\u00eda mar\u00edtima<\/span><\/td>\n<\/tr>\n<\/tbody>\n<\/table>\n<p class=\"ds-markdown-paragraph\">\u00bfNecesita PVC Tarpaulin Fish Cooler Bolsas que sobreviven agua salada, anzuelos, y los muelles en bruto? Como la mejor f\u00e1brica de bolsas impermeables y fabricante de mochilas en China, nos especializamos en la fabricaci\u00f3n de bolsas refrigerantes de lona de PVC de calidad industrial para pescadores comerciales, marcas mar\u00edtimas y mayoristas de bolsas de pesca.<\/p>\n<p class=\"ds-markdown-paragraph\">\u2705\u00a0<strong>Por qu\u00e9 los compradores globales conf\u00edan en nuestra f\u00e1brica:<\/strong><\/p>\n<ul>\n<li>\n<p class=\"ds-markdown-paragraph\"><strong>Lona irrompible<\/strong>: Tejido 1200D recubierto de PVC + costuras soldadas: \u00a1resiste las espinas de los peces, los rayos UV y la corrosi\u00f3n del agua salada!<\/p>\n<\/li>\n<li>\n<p class=\"ds-markdown-paragraph\"><strong>Caracter\u00edsticas Pro Angler<\/strong>: Tubos para ca\u00f1as integrados + pozos de cebo estancos - dise\u00f1ados con capitanes de charter.<\/p>\n<\/li>\n<li>\n<p class=\"ds-markdown-paragraph\"><strong>Ventajas de los pedidos al por mayor<\/strong>: \u00a1Producir Bolsa de pesca pedidos a granel a trav\u00e9s de la bolsa de pesca ODM \/ OEM o de marca propia en 15 d\u00edas!<\/p>\n<\/li>\n<li>\n<p class=\"ds-markdown-paragraph\"><strong>Ventaja de costes en China<\/strong>: Como un premier Pesca Bolsa de f\u00e1brica de China, la durabilidad comercial cumple con los precios de exportaci\u00f3n.<\/p>\n<\/li>\n<\/ul>\n<p class=\"ds-markdown-paragraph\"><strong>Especificaciones probadas en el oc\u00e9ano:<\/strong><br \/>\n\ud83d\udd39\u00a0<strong>72 horas de retenci\u00f3n de hielo<\/strong>: Aislamiento de espuma ecol\u00f3gica de 5 cm (30% m\u00e1s grueso que el est\u00e1ndar)<br \/>\n\ud83d\udd39 Tapones autodrenantes + alfombrilla de goma antideslizante (segura para barcos\/cubiertas).<br \/>\n\ud83d\udd39 Herrajes de acero inoxidable a prueba de \u00f3xido + forro apto para peces (certificado OEKO-TEX).<br \/>\n\ud83d\udd39 80L-200L capacidades - almacena m\u00e1s de 100 libras de captura<\/p>\n<p class=\"ds-markdown-paragraph\"><strong>Perfecto para:<\/strong><\/p>\n<ul>\n<li>\n<p class=\"ds-markdown-paragraph\">Flotas pesqueras comerciales y vendedores de bolsas de pesca<\/p>\n<\/li>\n<li>\n<p class=\"ds-markdown-paragraph\">Exportadores de aparejos y mayoristas de bolsas de pesca<\/p>\n<\/li>\n<li>\n<p class=\"ds-markdown-paragraph\">Las marcas construyen l\u00edneas premium de marca propia Fishing Bag<\/p>\n<\/li>\n<\/ul>\n<p class=\"ds-markdown-paragraph\"><strong>Su viaje a la fabricaci\u00f3n:<\/strong><br \/>\n1\ufe0f\u20e3 Personalice tama\u00f1os y colores (o elija m\u00e1s de 25 dise\u00f1os profesionales)<br \/>\n2\ufe0f\u20e3 Prototipo en 7 d\u00edas \u2192 prueba de presi\u00f3n en agua salada \u2192 producci\u00f3n en serie.<br \/>\n3\ufe0f\u20e3 Enviar a trav\u00e9s de\u00a0<strong>Exportaci\u00f3n de bolsas de pesca<\/strong>\u00a0redes (DDP a\u00e9reo\/mar\u00edtimo a EE.UU.\/UE\/AU)<\/p>\n<p class=\"ds-markdown-paragraph\"><strong>Credenciales de f\u00e1brica:<\/strong><br \/>\n\u2705 M\u00e1s de 15 a\u00f1os de experiencia como fabricante de mochilas para cargas pesadas<br \/>\n\u2705 PVC resistente a los rayos UV (5 a\u00f1os de garant\u00eda contra la decoloraci\u00f3n)<br \/>\nCertificaciones: ISO 9001, SGS, BSCI<\/p>\n<p class=\"ds-markdown-paragraph\"><strong>\u00bfPreparado para obtener beneficios netos a prueba de tormentas?<\/strong><br \/>\n\ud83d\udc49\u00a0<strong>Muestra gratuita probada en agua salada<\/strong>\u00a0\ud83d\udc49 20% dep\u00f3sito \ud83d\udc49 24h cotizaci\u00f3n<\/p>\n<\/div>\n<\/div>\n<\/div>\n<\/div>","protected":false},"excerpt":{"rendered":"<h2 data-immersive-translate-walked=\"344be1c1-5052-41eb-8fcd-0dbe236a0d6b\" data-immersive-translate-paragraph=\"1\">Fabricante de bolsas refrigerantes de lona de PVC para pescado<\/h2>\n<p>Proporcionamos bolsas de primera calidad con personalizaci\u00f3n completa de tama\u00f1os y colores, tejidos duraderos y calidad certificada.<\/p>\n<p>Disfrute de MOQ flexibles, env\u00edos r\u00e1pidos a todo el mundo y soluciones de marca blanca.<\/p>\n<p>P\u00f3ngase en contacto con nosotros<\/p>","protected":false},"featured_media":4088,"template":"","meta":{"_uag_custom_page_level_css":""},"product_brand":[],"product_cat":[66,50,46],"product_tag":[],"class_list":{"0":"post-4083","1":"product","2":"type-product","3":"status-publish","4":"has-post-thumbnail","6":"product_cat-waterproof-bag","7":"product_cat-cooler-bag","8":"product_cat-fishing-bag","10":"first","11":"instock","12":"shipping-taxable","13":"product-type-simple"},"uagb_featured_image_src":{"full":["https:\/\/pecbag.com\/wp-content\/uploads\/2025\/06\/PVC-Tarpaulin-Fish-Cooler-Bag-Manufacturer-4.jpg",1000,1000,false],"thumbnail":["https:\/\/pecbag.com\/wp-content\/uploads\/2025\/06\/PVC-Tarpaulin-Fish-Cooler-Bag-Manufacturer-4-150x150.jpg",150,150,true],"medium":["https:\/\/pecbag.com\/wp-content\/uploads\/2025\/06\/PVC-Tarpaulin-Fish-Cooler-Bag-Manufacturer-4-300x300.jpg",300,300,true],"medium_large":["https:\/\/pecbag.com\/wp-content\/uploads\/2025\/06\/PVC-Tarpaulin-Fish-Cooler-Bag-Manufacturer-4-768x768.jpg",768,768,true],"large":["https:\/\/pecbag.com\/wp-content\/uploads\/2025\/06\/PVC-Tarpaulin-Fish-Cooler-Bag-Manufacturer-4.jpg",800,800,false],"1536x1536":["https:\/\/pecbag.com\/wp-content\/uploads\/2025\/06\/PVC-Tarpaulin-Fish-Cooler-Bag-Manufacturer-4.jpg",1000,1000,false],"2048x2048":["https:\/\/pecbag.com\/wp-content\/uploads\/2025\/06\/PVC-Tarpaulin-Fish-Cooler-Bag-Manufacturer-4.jpg",1000,1000,false],"trp-custom-language-flag":["https:\/\/pecbag.com\/wp-content\/uploads\/2025\/06\/PVC-Tarpaulin-Fish-Cooler-Bag-Manufacturer-4-12x12.jpg",12,12,true],"woocommerce_thumbnail":["https:\/\/pecbag.com\/wp-content\/uploads\/2025\/06\/PVC-Tarpaulin-Fish-Cooler-Bag-Manufacturer-4-300x300.jpg",300,300,true],"woocommerce_single":["https:\/\/pecbag.com\/wp-content\/uploads\/2025\/06\/PVC-Tarpaulin-Fish-Cooler-Bag-Manufacturer-4-600x600.jpg",600,600,true],"woocommerce_gallery_thumbnail":["https:\/\/pecbag.com\/wp-content\/uploads\/2025\/06\/PVC-Tarpaulin-Fish-Cooler-Bag-Manufacturer-4-100x100.jpg",100,100,true]},"uagb_author_info":{"display_name":"Lawrence","author_link":"https:\/\/pecbag.com\/es\/author\/"},"uagb_comment_info":0,"uagb_excerpt":"PVC Tarpaulin Fish Cooler Bag Manufacturer We provide premium bags with full-size and color customization, durable fabrics, and certified quality. Enjoy flexible MOQs, fast global shipping, and private label solutions. Contact us today!","_links":{"self":[{"href":"https:\/\/pecbag.com\/es\/wp-json\/wp\/v2\/product\/4083","targetHints":{"allow":["GET"]}}],"collection":[{"href":"https:\/\/pecbag.com\/es\/wp-json\/wp\/v2\/product"}],"about":[{"href":"https:\/\/pecbag.com\/es\/wp-json\/wp\/v2\/types\/product"}],"wp:featuredmedia":[{"embeddable":true,"href":"https:\/\/pecbag.com\/es\/wp-json\/wp\/v2\/media\/4088"}],"wp:attachment":[{"href":"https:\/\/pecbag.com\/es\/wp-json\/wp\/v2\/media?parent=4083"}],"wp:term":[{"taxonomy":"product_brand","embeddable":true,"href":"https:\/\/pecbag.com\/es\/wp-json\/wp\/v2\/product_brand?post=4083"},{"taxonomy":"product_cat","embeddable":true,"href":"https:\/\/pecbag.com\/es\/wp-json\/wp\/v2\/product_cat?post=4083"},{"taxonomy":"product_tag","embeddable":true,"href":"https:\/\/pecbag.com\/es\/wp-json\/wp\/v2\/product_tag?post=4083"}],"curies":[{"name":"wp","href":"https:\/\/api.w.org\/{rel}","templated":true}]}}