{"id":4097,"date":"2025-06-19T02:24:25","date_gmt":"2025-06-19T02:24:25","guid":{"rendered":"https:\/\/pecbag.com\/?post_type=product&#038;p=4097"},"modified":"2025-11-29T01:29:20","modified_gmt":"2025-11-29T01:29:20","slug":"woodland-camo-waterproof-waist-hunting-bag","status":"publish","type":"product","link":"https:\/\/pecbag.com\/es\/woodland-camo-waterproof-waist-hunting-bag\/","title":{"rendered":"Bolsa de caza de cintura impermeable Woodland Camo"},"content":{"rendered":"<h5 title=\"Bolso plegable para perros Bolso de malla transpirable para mascotas peque\u00f1as Perros Gatos\" data-immersive-translate-walked=\"1c928421-2e42-4cd3-8754-5404553c0af5\" data-immersive-translate-paragraph=\"1\" data-spm-anchor-id=\"a2700.details.0.i35.4f6757d4w4zNZA\">Woodland Camo impermeable cintura caza bolsa Fabricantes | F\u00e1brica de bolsas a prueba de agua y mochila t\u00e1ctica Fabricantes | OEM a granel<\/h5>\n<p>\u00bfNecesita bolsas de caza de camuflaje de bosque de la cintura a prueba de agua que desaparecen en la maleza? \u00a1Como una f\u00e1brica de bolsa impermeable superior y fabricante de la mochila en China, la artesan\u00eda t\u00e1ctica de camuflaje de bosque a prueba de agua de la cintura bolsas de caza para los cazadores, los proveedores militares, y los mayoristas bolsa de caza!<\/p>\n<div class=\"flex flex-grow flex-col max-w-full\">\n<div class=\"min-h-[20px] text-message flex w-full flex-col items-end gap-2 whitespace-pre-wrap break-words [.text-message+&amp;]:mt-5 overflow-x-auto\" dir=\"auto\" data-message-author-role=\"assistant\" data-message-id=\"3d7d46f6-7ec2-4222-9257-48fa0bba23c6\" data-suggestions=\"true\">\n<div class=\"flex w-full flex-col gap-1 empty:hidden first:pt-[3px]\">\n<div class=\"markdown prose w-full break-words dark:prose-invert light\">\n<table width=\"288\">\n<tbody>\n<tr>\n<td width=\"137\"><span style=\"color: #333333;\">Nombre del producto<\/span><\/td>\n<td width=\"151\">Bolsa de caza<\/td>\n<\/tr>\n<tr>\n<td><span style=\"color: #333333;\">N\u00ba de art\u00edculo<\/span><\/td>\n<td><span style=\"color: #333333;\">PB-2113<\/span><\/td>\n<\/tr>\n<tr>\n<td><span style=\"color: #333333;\">Material<\/span><\/td>\n<td>Poli\u00e9ster 600D<\/td>\n<\/tr>\n<tr>\n<td><span style=\"color: #333333;\">Talla<\/span><\/td>\n<td>15 x 8,5 x 5 pulgadas<\/td>\n<\/tr>\n<tr>\n<td><span style=\"color: #333333;\">\u00a0Plazo de entrega<\/span><\/td>\n<td><span style=\"color: #333333;\">1-5 d\u00edas para peque\u00f1as cantidades por v\u00eda a\u00e9rea y 30-35 d\u00edas para grandes cantidades por v\u00eda mar\u00edtima<\/span><\/td>\n<\/tr>\n<\/tbody>\n<\/table>\n<p class=\"ds-markdown-paragraph\">\u2705\u00a0<strong>Por qu\u00e9 nos eligen los compradores t\u00e1cticos:<\/strong><\/p>\n<ul>\n<li>\n<p class=\"ds-markdown-paragraph\"><strong>Aut\u00e9ntico sigilo salvaje<\/strong>: Camuflaje Realtree\u00ae con licencia + cremalleras mate silenciosas: \u00a1desaparece en los bosques sin olor ni sonido!<\/p>\n<\/li>\n<li>\n<p class=\"ds-markdown-paragraph\"><strong>Guerrero impermeable<\/strong>: Construcci\u00f3n de TPU con costuras selladas (clasificaci\u00f3n IPX6): vadea arroyos sin empapar el equipo.<\/p>\n<\/li>\n<li>\n<p class=\"ds-markdown-paragraph\"><strong>Pedidos a granel<\/strong>: \u00a1Producir Bolsa de caza pedidos a granel a trav\u00e9s de la bolsa de caza ODM \/ OEM o de marca propia en 12 d\u00edas!<\/p>\n<\/li>\n<li>\n<p class=\"ds-markdown-paragraph\"><strong>Costes de energ\u00eda en China<\/strong>: Como una f\u00e1brica de primera bolsa de caza de China, la calidad de grado militar cumple con los precios de f\u00e1brica.<\/p>\n<\/li>\n<\/ul>\n<p class=\"ds-markdown-paragraph\"><strong>Caracter\u00edsticas aprobadas por Hunter:<\/strong><br \/>\n\ud83d\udd39\u00a0<strong>Dise\u00f1o 3 en 1<\/strong>: Arn\u00e9s bino desmontable + forro a prueba de rastros de sangre + ranuras para correas de \u00e1rbol<br \/>\n\ud83d\udd39 Forro de carbono que bloquea el olor + sistema de hebilla sin ruido.<br \/>\n\ud83d\udd39 Cintur\u00f3n ajustable (se adapta a 28\u2033-48\u2033) + paneles compatibles con Molle.<br \/>\nBolsillos de caza drenables (capacidad para 20 libras de equipo o caza)<\/p>\n<p class=\"ds-markdown-paragraph\"><strong>Perfecto para:<\/strong><\/p>\n<ul>\n<li>\n<p class=\"ds-markdown-paragraph\">Proveedores de equipos de caza y bolsas de caza<\/p>\n<\/li>\n<li>\n<p class=\"ds-markdown-paragraph\">Tiendas de material t\u00e1ctico y mayoristas de bolsas de caza<\/p>\n<\/li>\n<li>\n<p class=\"ds-markdown-paragraph\">Marcas que crean l\u00edneas de caza de marca propia Hunting Bag<\/p>\n<\/li>\n<\/ul>\n<p class=\"ds-markdown-paragraph\"><strong>Su ruta de producci\u00f3n:<\/strong><br \/>\n1\ufe0f\u20e3 Personalice los patrones de camuflaje (o utilice las licencias Realtree\u00ae\/Mossy Oak\u00ae)<br \/>\n2\ufe0f\u20e3 Prototipo en 5 d\u00edas \u2192 prueba sobre el terreno \u2192 producci\u00f3n en serie.<br \/>\n3\ufe0f\u20e3 Env\u00edo a trav\u00e9s de redes de exportaci\u00f3n de bolsas de caza (DDP a EE.UU.\/UE)<\/p>\n<p class=\"ds-markdown-paragraph\"><strong>Credenciales de f\u00e1brica:<\/strong><br \/>\n\u2705 M\u00e1s de 10 a\u00f1os de experiencia como fabricante de mochilas t\u00e1cticas<br \/>\n\u2705 40% hardware m\u00e1s silencioso vs bolsas de caza est\u00e1ndar.<br \/>\nCertificaciones: ISO 9001, SGS, OEKO-TEX<\/p>\n<p class=\"ds-markdown-paragraph\"><strong>\u00bfPreparado para almacenar material de nivel fantasma?<\/strong><br \/>\n\ud83d\udc49\u00a0<strong>Muestra gratuita de camuflaje<\/strong>\u00a0\ud83d\udc49 15% dep\u00f3sito \ud83d\udc49 24h cotizaci\u00f3n<\/p>\n<\/div>\n<\/div>\n<\/div>\n<\/div>","protected":false},"excerpt":{"rendered":"<h2 data-immersive-translate-walked=\"344be1c1-5052-41eb-8fcd-0dbe236a0d6b\" data-immersive-translate-paragraph=\"1\">Bolsa de caza de cintura impermeable Woodland Camo<\/h2>\n<p>1. Esta ri\u00f1onera est\u00e1 fabricada con tejido de poli\u00e9ster de alta calidad con un revestimiento impermeable de PVC, lo que garantiza que su equipo permanezca seco y protegido en cualquier condici\u00f3n meteorol\u00f3gica. Su robusta construcci\u00f3n es perfecta para las duras condiciones al aire libre, proporcionando un almacenamiento fiable para su equipo de caza esencial.<\/p>\n<p>2. El estampado de camuflaje de bosque natural ofrece una ocultaci\u00f3n superior, ayud\u00e1ndole a mezclarse perfectamente con su entorno. Esto hace que la ri\u00f1onera sea una excelente elecci\u00f3n para la caza de ciervos, pavos y otras actividades al aire libre en las que permanecer oculto es crucial.<\/p>\n<p>3. El dise\u00f1o de camuflaje realista imita el entorno natural, mejorando su sigilo y aumentando sus posibilidades de \u00e9xito en la caza. La comodidad y la capacidad de ajuste son caracter\u00edsticas clave de esta ri\u00f1onera.<\/p>\n<p>4. La correa de nailon ajustable te permite llevarla como mochila o como mochila cruzada, lo que proporciona un ajuste personalizable para hombres, mujeres y ni\u00f1os.<\/p>","protected":false},"featured_media":4098,"template":"","meta":{"_uag_custom_page_level_css":""},"product_brand":[],"product_cat":[54],"product_tag":[],"class_list":{"0":"post-4097","1":"product","2":"type-product","3":"status-publish","4":"has-post-thumbnail","6":"product_cat-hunting-bag","8":"first","9":"instock","10":"shipping-taxable","11":"product-type-simple"},"uagb_featured_image_src":{"full":["https:\/\/pecbag.com\/wp-content\/uploads\/2025\/06\/Woodland-Camo-Waterproof-Waist-Hunting-Bag-4.jpg",960,960,false],"thumbnail":["https:\/\/pecbag.com\/wp-content\/uploads\/2025\/06\/Woodland-Camo-Waterproof-Waist-Hunting-Bag-4-150x150.jpg",150,150,true],"medium":["https:\/\/pecbag.com\/wp-content\/uploads\/2025\/06\/Woodland-Camo-Waterproof-Waist-Hunting-Bag-4-300x300.jpg",300,300,true],"medium_large":["https:\/\/pecbag.com\/wp-content\/uploads\/2025\/06\/Woodland-Camo-Waterproof-Waist-Hunting-Bag-4-768x768.jpg",768,768,true],"large":["https:\/\/pecbag.com\/wp-content\/uploads\/2025\/06\/Woodland-Camo-Waterproof-Waist-Hunting-Bag-4.jpg",800,800,false],"1536x1536":["https:\/\/pecbag.com\/wp-content\/uploads\/2025\/06\/Woodland-Camo-Waterproof-Waist-Hunting-Bag-4.jpg",960,960,false],"2048x2048":["https:\/\/pecbag.com\/wp-content\/uploads\/2025\/06\/Woodland-Camo-Waterproof-Waist-Hunting-Bag-4.jpg",960,960,false],"trp-custom-language-flag":["https:\/\/pecbag.com\/wp-content\/uploads\/2025\/06\/Woodland-Camo-Waterproof-Waist-Hunting-Bag-4-12x12.jpg",12,12,true],"woocommerce_thumbnail":["https:\/\/pecbag.com\/wp-content\/uploads\/2025\/06\/Woodland-Camo-Waterproof-Waist-Hunting-Bag-4-300x300.jpg",300,300,true],"woocommerce_single":["https:\/\/pecbag.com\/wp-content\/uploads\/2025\/06\/Woodland-Camo-Waterproof-Waist-Hunting-Bag-4-600x600.jpg",600,600,true],"woocommerce_gallery_thumbnail":["https:\/\/pecbag.com\/wp-content\/uploads\/2025\/06\/Woodland-Camo-Waterproof-Waist-Hunting-Bag-4-100x100.jpg",100,100,true]},"uagb_author_info":{"display_name":"Lawrence","author_link":"https:\/\/pecbag.com\/es\/author\/"},"uagb_comment_info":0,"uagb_excerpt":"Woodland Camo Waterproof Waist Hunting Bag 1. This fanny pack is made from high-quality polyester fabric with a PVC waterproof coating, ensuring your gear stays dry and protected in any weather. Its robust construction is perfect for the rugged outdoors, providing reliable storage for your essential hunting gear. 2. The natural woodland camouflage printing offers&hellip;","_links":{"self":[{"href":"https:\/\/pecbag.com\/es\/wp-json\/wp\/v2\/product\/4097","targetHints":{"allow":["GET"]}}],"collection":[{"href":"https:\/\/pecbag.com\/es\/wp-json\/wp\/v2\/product"}],"about":[{"href":"https:\/\/pecbag.com\/es\/wp-json\/wp\/v2\/types\/product"}],"wp:featuredmedia":[{"embeddable":true,"href":"https:\/\/pecbag.com\/es\/wp-json\/wp\/v2\/media\/4098"}],"wp:attachment":[{"href":"https:\/\/pecbag.com\/es\/wp-json\/wp\/v2\/media?parent=4097"}],"wp:term":[{"taxonomy":"product_brand","embeddable":true,"href":"https:\/\/pecbag.com\/es\/wp-json\/wp\/v2\/product_brand?post=4097"},{"taxonomy":"product_cat","embeddable":true,"href":"https:\/\/pecbag.com\/es\/wp-json\/wp\/v2\/product_cat?post=4097"},{"taxonomy":"product_tag","embeddable":true,"href":"https:\/\/pecbag.com\/es\/wp-json\/wp\/v2\/product_tag?post=4097"}],"curies":[{"name":"wp","href":"https:\/\/api.w.org\/{rel}","templated":true}]}}