{"id":4105,"date":"2025-06-20T01:38:15","date_gmt":"2025-06-20T01:38:15","guid":{"rendered":"https:\/\/pecbag.com\/?post_type=product&#038;p=4105"},"modified":"2025-11-29T01:29:15","modified_gmt":"2025-11-29T01:29:15","slug":"hot-selling-resistant-hunting-bag","status":"publish","type":"product","link":"https:\/\/pecbag.com\/es\/hot-selling-resistant-hunting-bag\/","title":{"rendered":"Hot Selling Bolsa de caza resistente"},"content":{"rendered":"<h5 title=\"Bolso plegable para perros Bolso de malla transpirable para mascotas peque\u00f1as Perros Gatos\" data-immersive-translate-walked=\"1c928421-2e42-4cd3-8754-5404553c0af5\" data-immersive-translate-paragraph=\"1\" data-spm-anchor-id=\"a2700.details.0.i35.4f6757d4w4zNZA\">Hot Selling Resistente bolsa de caza Fabricante | F\u00e1brica de bolsas a prueba de agua y mochila t\u00e1ctica Fabricante | OEM a granel<\/h5>\n<p>\u00bfNecesita bolsas de caza resistentes de venta en caliente que sobrevivan a terrenos brutales y rastros de sangre? Como una de las mejores f\u00e1bricas de bolsas impermeables y fabricantes de mochilas en China, elaboramos bolsas de caza resistentes listas para la batalla para proveedores militares y mayoristas de bolsas de caza.<\/p>\n<div class=\"flex flex-grow flex-col max-w-full\">\n<div class=\"min-h-[20px] text-message flex w-full flex-col items-end gap-2 whitespace-pre-wrap break-words [.text-message+&amp;]:mt-5 overflow-x-auto\" dir=\"auto\" data-message-author-role=\"assistant\" data-message-id=\"3d7d46f6-7ec2-4222-9257-48fa0bba23c6\" data-suggestions=\"true\">\n<div class=\"flex w-full flex-col gap-1 empty:hidden first:pt-[3px]\">\n<div class=\"markdown prose w-full break-words dark:prose-invert light\">\n<table width=\"288\">\n<tbody>\n<tr>\n<td width=\"137\"><span style=\"color: #333333;\">Nombre del producto<\/span><\/td>\n<td width=\"151\">Bolsa de caza<\/td>\n<\/tr>\n<tr>\n<td><span style=\"color: #333333;\">N\u00ba de art\u00edculo<\/span><\/td>\n<td><span style=\"color: #333333;\">PB-2114<\/span><\/td>\n<\/tr>\n<tr>\n<td><span style=\"color: #333333;\">Material<\/span><\/td>\n<td>Poli\u00e9ster 600D<\/td>\n<\/tr>\n<tr>\n<td><span style=\"color: #333333;\">Talla<\/span><\/td>\n<td>10 x 12 x 21 pulgadas<\/td>\n<\/tr>\n<tr>\n<td><span style=\"color: #333333;\">\u00a0Plazo de entrega<\/span><\/td>\n<td><span style=\"color: #333333;\">1-5 d\u00edas para peque\u00f1as cantidades por v\u00eda a\u00e9rea y 30-35 d\u00edas para grandes cantidades por v\u00eda mar\u00edtima<\/span><\/td>\n<\/tr>\n<\/tbody>\n<\/table>\n<p class=\"ds-markdown-paragraph\">\u2705\u00a0<strong>Por qu\u00e9 nos eligen m\u00e1s de 500 compradores:<\/strong><\/p>\n<ul>\n<li>\n<p class=\"ds-markdown-paragraph\"><strong>Prueba de sangre y espinas<\/strong>: Lona de PVC 1000D + costuras soldadas: \u00a1resiste a la sangre, las zarzas y las cargas de caza de 70 libras!<\/p>\n<\/li>\n<li>\n<p class=\"ds-markdown-paragraph\"><strong>Optimizaci\u00f3n sigilosa<\/strong>: Forro que bloquea el olor + hebillas silenciosas: desaparece en la naturaleza sin ser detectado.<\/p>\n<\/li>\n<li>\n<p class=\"ds-markdown-paragraph\"><strong>Ventajas de los pedidos al por mayor<\/strong>: \u00a1Producir Bolsa de caza pedidos a granel a trav\u00e9s de la bolsa de caza ODM \/ OEM o de marca propia en 12 d\u00edas!<\/p>\n<\/li>\n<li>\n<p class=\"ds-markdown-paragraph\"><strong>Costes de energ\u00eda en China<\/strong>: Como una f\u00e1brica de primera bolsa de caza de China, la durabilidad de grado militar cumple con los precios de exportaci\u00f3n.<\/p>\n<\/li>\n<\/ul>\n<p class=\"ds-markdown-paragraph\"><strong>Caracter\u00edsticas Hunter-Loved:<\/strong><br \/>\n\ud83d\udd39\u00a0<strong>Sistema 3 en 1<\/strong>: Arn\u00e9s de bino desmontable + compartimentos de drenaje de sangre + correas de sujeci\u00f3n al \u00e1rbol<br \/>\n\ud83d\udd39 Bastidor de carga ajustable (se adapta a 5'2\u2033-6'7\u2033) + paneles compatibles con Molle.<br \/>\n\ud83d\udd39 Camuflaje resistente a los rayos UV (con licencia Realtree\u00ae) + tecnolog\u00eda scent-lock de carbono.<br \/>\n\ud83d\udd39 Bolsa de caza drenable (tiene capacidad para 1\/4 de tonelada de cuartos de alce).<\/p>\n<p class=\"ds-markdown-paragraph\"><strong>Perfecto para:<\/strong><\/p>\n<ul>\n<li>\n<p class=\"ds-markdown-paragraph\">Proveedores de equipos de caza y bolsas de caza<\/p>\n<\/li>\n<li>\n<p class=\"ds-markdown-paragraph\">Mayoristas de bolsas t\u00e1cticas y de caza<\/p>\n<\/li>\n<li>\n<p class=\"ds-markdown-paragraph\">Las marcas crean l\u00edneas de marcas propias de bolsas de caza<\/p>\n<\/li>\n<\/ul>\n<p class=\"ds-markdown-paragraph\"><strong>Su robusto camino hacia la producci\u00f3n:<\/strong><br \/>\n1\ufe0f\u20e3 Camuflaje\/hardware personalizable (m\u00e1s de 30 dise\u00f1os disponibles)<br \/>\n2\ufe0f\u20e3 Prototipo en 5 d\u00edas \u2192 prueba sobre el terreno \u2192 producci\u00f3n en serie.<br \/>\n3\ufe0f\u20e3 Env\u00edo a trav\u00e9s de redes de exportaci\u00f3n de bolsas de caza (DDP a EE.UU.\/UE)<\/p>\n<p class=\"ds-markdown-paragraph\"><strong>Insignias Factory Trust:<\/strong><br \/>\n\u2705 M\u00e1s de 12 a\u00f1os de experiencia en la fabricaci\u00f3n de mochilas<br \/>\n\u2705 40% costuras m\u00e1s resistentes que las de la competencia<br \/>\nCertificaciones: ISO 9001, SGS, OEKO-TEX<\/p>\n<p class=\"ds-markdown-paragraph\"><strong>\u00bfPreparado para almacenar bestsellers imbatibles?<\/strong><br \/>\n\ud83d\udc49\u00a0<strong>Muestra gratuita de lavado de sangre<\/strong>\u00a0\ud83d\udc49 15% dep\u00f3sito \ud83d\udc49 24h cotizaci\u00f3n<\/p>\n<\/div>\n<\/div>\n<\/div>\n<\/div>","protected":false},"excerpt":{"rendered":"<h2 data-immersive-translate-walked=\"344be1c1-5052-41eb-8fcd-0dbe236a0d6b\" data-immersive-translate-paragraph=\"1\">Hot Selling Bolsa de caza resistente<\/h2>\n<p>1. \u3010High quality and Multifunctional\u3011Made with high-performance polyester noise-cancelling fabric, Resistant and tough, and our Special coating makes our training backpack both water resistant and scratch proof. high-quality brand two-way zipper for easy access.Good for hunting, camping, scouting, going out, and surviving.<br \/>\n2. \u3010Gran capacidad y m\u00faltiples compartimentos\u3011. Con m\u00faltiples bolsillos externos dise\u00f1ados para satisfacer todas sus necesidades de caza, los compartimentos internos de la mochila est\u00e1n optimizados para proporcionarle el m\u00e1ximo espacio de almacenamiento. Incluso se puede combinar con una bolsa de agua para mayor comodidad. La parte delantera y ambos lados vienen con lazos MOLLE.<\/p>","protected":false},"featured_media":4110,"template":"","meta":{"_uag_custom_page_level_css":""},"product_brand":[],"product_cat":[54,60],"product_tag":[],"class_list":{"0":"post-4105","1":"product","2":"type-product","3":"status-publish","4":"has-post-thumbnail","6":"product_cat-hunting-bag","7":"product_cat-backpack","9":"first","10":"instock","11":"shipping-taxable","12":"product-type-simple"},"uagb_featured_image_src":{"full":["https:\/\/pecbag.com\/wp-content\/uploads\/2025\/06\/Hot-Selling-Resistant-Hunting-Bag-51.jpg",960,960,false],"thumbnail":["https:\/\/pecbag.com\/wp-content\/uploads\/2025\/06\/Hot-Selling-Resistant-Hunting-Bag-51-150x150.jpg",150,150,true],"medium":["https:\/\/pecbag.com\/wp-content\/uploads\/2025\/06\/Hot-Selling-Resistant-Hunting-Bag-51-300x300.jpg",300,300,true],"medium_large":["https:\/\/pecbag.com\/wp-content\/uploads\/2025\/06\/Hot-Selling-Resistant-Hunting-Bag-51-768x768.jpg",768,768,true],"large":["https:\/\/pecbag.com\/wp-content\/uploads\/2025\/06\/Hot-Selling-Resistant-Hunting-Bag-51.jpg",800,800,false],"1536x1536":["https:\/\/pecbag.com\/wp-content\/uploads\/2025\/06\/Hot-Selling-Resistant-Hunting-Bag-51.jpg",960,960,false],"2048x2048":["https:\/\/pecbag.com\/wp-content\/uploads\/2025\/06\/Hot-Selling-Resistant-Hunting-Bag-51.jpg",960,960,false],"trp-custom-language-flag":["https:\/\/pecbag.com\/wp-content\/uploads\/2025\/06\/Hot-Selling-Resistant-Hunting-Bag-51-12x12.jpg",12,12,true],"woocommerce_thumbnail":["https:\/\/pecbag.com\/wp-content\/uploads\/2025\/06\/Hot-Selling-Resistant-Hunting-Bag-51-300x300.jpg",300,300,true],"woocommerce_single":["https:\/\/pecbag.com\/wp-content\/uploads\/2025\/06\/Hot-Selling-Resistant-Hunting-Bag-51-600x600.jpg",600,600,true],"woocommerce_gallery_thumbnail":["https:\/\/pecbag.com\/wp-content\/uploads\/2025\/06\/Hot-Selling-Resistant-Hunting-Bag-51-100x100.jpg",100,100,true]},"uagb_author_info":{"display_name":"Lawrence","author_link":"https:\/\/pecbag.com\/es\/author\/"},"uagb_comment_info":0,"uagb_excerpt":"Hot Selling Resistant Hunting Bag 1. \u3010High quality and Multifunctional\u3011Made with high-performance polyester noise-cancelling fabric, Resistant and tough, and our Special coating makes our training backpack both water resistant and scratch proof. high-quality brand two-way zipper for easy access.Good for hunting, camping, scouting, going out, and surviving. 2. \u3010Large capacity and multiple compartments\u3011 With multiple&hellip;","_links":{"self":[{"href":"https:\/\/pecbag.com\/es\/wp-json\/wp\/v2\/product\/4105","targetHints":{"allow":["GET"]}}],"collection":[{"href":"https:\/\/pecbag.com\/es\/wp-json\/wp\/v2\/product"}],"about":[{"href":"https:\/\/pecbag.com\/es\/wp-json\/wp\/v2\/types\/product"}],"wp:featuredmedia":[{"embeddable":true,"href":"https:\/\/pecbag.com\/es\/wp-json\/wp\/v2\/media\/4110"}],"wp:attachment":[{"href":"https:\/\/pecbag.com\/es\/wp-json\/wp\/v2\/media?parent=4105"}],"wp:term":[{"taxonomy":"product_brand","embeddable":true,"href":"https:\/\/pecbag.com\/es\/wp-json\/wp\/v2\/product_brand?post=4105"},{"taxonomy":"product_cat","embeddable":true,"href":"https:\/\/pecbag.com\/es\/wp-json\/wp\/v2\/product_cat?post=4105"},{"taxonomy":"product_tag","embeddable":true,"href":"https:\/\/pecbag.com\/es\/wp-json\/wp\/v2\/product_tag?post=4105"}],"curies":[{"name":"wp","href":"https:\/\/api.w.org\/{rel}","templated":true}]}}