{"id":4111,"date":"2025-06-20T01:57:21","date_gmt":"2025-06-20T01:57:21","guid":{"rendered":"https:\/\/pecbag.com\/?post_type=product&#038;p=4111"},"modified":"2025-11-29T01:29:08","modified_gmt":"2025-11-29T01:29:08","slug":"custom-outdoor-hunting-bag-factory","status":"publish","type":"product","link":"https:\/\/pecbag.com\/es\/custom-outdoor-hunting-bag-factory\/","title":{"rendered":"F\u00e1brica de bolsas de caza al aire libre personalizadas"},"content":{"rendered":"<h5 title=\"Bolso plegable para perros Bolso de malla transpirable para mascotas peque\u00f1as Perros Gatos\" data-immersive-translate-walked=\"1c928421-2e42-4cd3-8754-5404553c0af5\" data-immersive-translate-paragraph=\"1\" data-spm-anchor-id=\"a2700.details.0.i35.4f6757d4w4zNZA\">Custom Outdoor Hunting Bag Factory | Industrial Waterproof Bag Factory &amp; Tactical Backpack Manufacturer | OEM a granel<\/h5>\n<p>\u00bfNecesita bolsas de caza al aire libre personalizadas dise\u00f1adas para la supervivencia extrema en la naturaleza? Como f\u00e1brica especializada en bolsas impermeables y fabricantes de mochilas en China, nuestra f\u00e1brica de bolsas de caza a medida para exteriores fabrica equipos espec\u00edficos para misiones para unidades militares, proveedores y mayoristas de bolsas de caza.<\/p>\n<div class=\"flex flex-grow flex-col max-w-full\">\n<div class=\"min-h-[20px] text-message flex w-full flex-col items-end gap-2 whitespace-pre-wrap break-words [.text-message+&amp;]:mt-5 overflow-x-auto\" dir=\"auto\" data-message-author-role=\"assistant\" data-message-id=\"3d7d46f6-7ec2-4222-9257-48fa0bba23c6\" data-suggestions=\"true\">\n<div class=\"flex w-full flex-col gap-1 empty:hidden first:pt-[3px]\">\n<div class=\"markdown prose w-full break-words dark:prose-invert light\">\n<table style=\"height: 248px;\" width=\"301\">\n<tbody>\n<tr>\n<td width=\"137\"><span style=\"color: #333333;\">Nombre del producto<\/span><\/td>\n<td width=\"151\">Bolsa de caza<\/td>\n<\/tr>\n<tr>\n<td><span style=\"color: #333333;\">N\u00ba de art\u00edculo<\/span><\/td>\n<td><span style=\"color: #333333;\">PB-2115<\/span><\/td>\n<\/tr>\n<tr>\n<td><span style=\"color: #333333;\">Material<\/span><\/td>\n<td>Poli\u00e9ster 600D<\/td>\n<\/tr>\n<tr>\n<td><span style=\"color: #333333;\">Talla<\/span><\/td>\n<td>19,5 x 12 x 7,5 pulgadas<\/td>\n<\/tr>\n<tr>\n<td><span style=\"color: #333333;\">\u00a0Plazo de entrega<\/span><\/td>\n<td><span style=\"color: #333333;\">1-5 d\u00edas para peque\u00f1as cantidades por v\u00eda a\u00e9rea y 30-35 d\u00edas para grandes cantidades por v\u00eda mar\u00edtima<\/span><\/td>\n<\/tr>\n<\/tbody>\n<\/table>\n<p class=\"ds-markdown-paragraph\">\u2705\u00a0<strong>Por qu\u00e9 los compradores de \u00e9lite se asocian con nosotros:<\/strong><\/p>\n<ul>\n<li>\n<p class=\"ds-markdown-paragraph\"><strong>Personalizaci\u00f3n total<\/strong>: Dise\u00f1e bolsas de caza al aire libre personalizadas con sus especificaciones: compartimentos de drenaje de sangre, correas para rifles o fundas para GPS.\u00a0<strong>Especialistas ODM\/OEM<\/strong>\u00a0por la perfecci\u00f3n t\u00e1ctica<\/p>\n<\/li>\n<li>\n<p class=\"ds-markdown-paragraph\"><strong>Pedidos a granel<\/strong>: Produzca bolsas de caza a granel (MOQ 50pcs) en 15 d\u00edas - \u00a1ideal para lanzamientos de caza de temporada!<\/p>\n<\/li>\n<li>\n<p class=\"ds-markdown-paragraph\"><strong>La ventaja de fabricar en China<\/strong>: Como una de las mejores f\u00e1bricas de bolsas de caza de China, la durabilidad mil-spec cumple con los precios directos de f\u00e1brica.<\/p>\n<\/li>\n<\/ul>\n<p class=\"ds-markdown-paragraph\"><strong>Caracter\u00edsticas probadas:<\/strong><br \/>\n\ud83d\udd39\u00a0<strong>Entorno brutal preparado<\/strong>: Lona de PVC 1000D + costuras de triple pespunte (probada para sangre, espinas, -30\u00b0C)<br \/>\n\ud83d\udd39 Forro de carbono ScentLock\u2122 + hebillas sin ruido (indetectables en la naturaleza).<br \/>\n\ud83d\udd39 Paneles MOLLE modulares + dise\u00f1o compatible con hidrataci\u00f3n.<br \/>\n\ud83d\udd39 Camuflaje con licencia Realtree\u00ae\/Mossy Oak\u00ae (resistente a los rayos UV y a la decoloraci\u00f3n)<\/p>\n<p class=\"ds-markdown-paragraph\"><strong>Perfecto para:<\/strong><\/p>\n<ul>\n<li>\n<p class=\"ds-markdown-paragraph\">Proveedores militares y de bolsas de caza<\/p>\n<\/li>\n<li>\n<p class=\"ds-markdown-paragraph\">Cotos de caza &amp; Mayoristas de bolsas de caza<\/p>\n<\/li>\n<li>\n<p class=\"ds-markdown-paragraph\">Las marcas crean l\u00edneas t\u00e1cticas de marca propia Hunting Bag<\/p>\n<\/li>\n<\/ul>\n<p class=\"ds-markdown-paragraph\"><strong>Su viaje de personalizaci\u00f3n:<\/strong><br \/>\n1\ufe0f\u20e3 Compartir planos\/c\u00f3digos Pantone \u2192 2\ufe0f\u20e3 Prototipo en 5 d\u00edas \u2192 3\ufe0f\u20e3 Pruebas de campo \u2192 4\ufe0f\u20e3 Producci\u00f3n en masa \u2192 5\ufe0f\u20e3 Env\u00edo a trav\u00e9s de redes de exportaci\u00f3n de bolsas de caza.<\/p>\n<p class=\"ds-markdown-paragraph\"><strong>Credenciales de f\u00e1brica:<\/strong><br \/>\n\u2705 M\u00e1s de 15 a\u00f1os de experiencia en la fabricaci\u00f3n de mochilas<br \/>\n\u2705 40% puntos de tensi\u00f3n m\u00e1s fuertes frente a los competidores<br \/>\nCertificaciones: ISO 9001, SGS, OEKO-TEX<\/p>\n<p class=\"ds-markdown-paragraph\"><strong>\u00bfListo para armar a los cazadores de \u00e9lite?<\/strong><br \/>\n\ud83d\udc49\u00a0<strong>Muestra gratuita de lavado de sangre<\/strong>\u00a0\ud83d\udc49 20% dep\u00f3sito \ud83d\udc49 24h cotizaci\u00f3n<\/p>\n<\/div>\n<\/div>\n<\/div>\n<\/div>","protected":false},"excerpt":{"rendered":"<h2 data-immersive-translate-walked=\"344be1c1-5052-41eb-8fcd-0dbe236a0d6b\" data-immersive-translate-paragraph=\"1\">F\u00e1brica de bolsas de caza al aire libre personalizadas<\/h2>\n<p>1.<strong> \u3010Multiples compartimentos de caza Pack\u3011<\/strong>La mochila militar tiene 2 bolsillos principales con m\u00faltiples compartimentos y doble cierre de cremallera, incluyendo un bolsillo interior con cremallera y bolsillo de malla para m\u00e1s opciones de almacenamiento, como una vejiga de hidrataci\u00f3n (la vejiga de hidrataci\u00f3n no est\u00e1 incluida).Con un gran compartimento principal, bolsillos para accesorios para organizar tu peque\u00f1o equipo.<br \/>\n2.<strong> \u3010Incluye cubierta de lluvia para la caza\u3011<\/strong>Peque\u00f1a mochila de caza con una cubierta para la lluvia puede proteger sus cosas de la lluvia. Mochila para rifle con cremalleras resistentes de doble costura, sistema de compresi\u00f3n de carga lateral y frontal, c\u00f3modo dise\u00f1o de espalda acolchada y almohadillas gruesas y suaves de varios paneles ventilados, tirantes transpirables y ajustables. Asa superior acolchada con espuma para llevarla durante mucho tiempo.<\/p>","protected":false},"featured_media":4112,"template":"","meta":{"_uag_custom_page_level_css":""},"product_brand":[],"product_cat":[54,60],"product_tag":[],"class_list":{"0":"post-4111","1":"product","2":"type-product","3":"status-publish","4":"has-post-thumbnail","6":"product_cat-hunting-bag","7":"product_cat-backpack","9":"first","10":"instock","11":"shipping-taxable","12":"product-type-simple"},"uagb_featured_image_src":{"full":["https:\/\/pecbag.com\/wp-content\/uploads\/2025\/06\/Custom-Outdoor-Hunting-Bag-Factory-6.jpg",960,960,false],"thumbnail":["https:\/\/pecbag.com\/wp-content\/uploads\/2025\/06\/Custom-Outdoor-Hunting-Bag-Factory-6-150x150.jpg",150,150,true],"medium":["https:\/\/pecbag.com\/wp-content\/uploads\/2025\/06\/Custom-Outdoor-Hunting-Bag-Factory-6-300x300.jpg",300,300,true],"medium_large":["https:\/\/pecbag.com\/wp-content\/uploads\/2025\/06\/Custom-Outdoor-Hunting-Bag-Factory-6-768x768.jpg",768,768,true],"large":["https:\/\/pecbag.com\/wp-content\/uploads\/2025\/06\/Custom-Outdoor-Hunting-Bag-Factory-6.jpg",800,800,false],"1536x1536":["https:\/\/pecbag.com\/wp-content\/uploads\/2025\/06\/Custom-Outdoor-Hunting-Bag-Factory-6.jpg",960,960,false],"2048x2048":["https:\/\/pecbag.com\/wp-content\/uploads\/2025\/06\/Custom-Outdoor-Hunting-Bag-Factory-6.jpg",960,960,false],"trp-custom-language-flag":["https:\/\/pecbag.com\/wp-content\/uploads\/2025\/06\/Custom-Outdoor-Hunting-Bag-Factory-6-12x12.jpg",12,12,true],"woocommerce_thumbnail":["https:\/\/pecbag.com\/wp-content\/uploads\/2025\/06\/Custom-Outdoor-Hunting-Bag-Factory-6-300x300.jpg",300,300,true],"woocommerce_single":["https:\/\/pecbag.com\/wp-content\/uploads\/2025\/06\/Custom-Outdoor-Hunting-Bag-Factory-6-600x600.jpg",600,600,true],"woocommerce_gallery_thumbnail":["https:\/\/pecbag.com\/wp-content\/uploads\/2025\/06\/Custom-Outdoor-Hunting-Bag-Factory-6-100x100.jpg",100,100,true]},"uagb_author_info":{"display_name":"Lawrence","author_link":"https:\/\/pecbag.com\/es\/author\/"},"uagb_comment_info":0,"uagb_excerpt":"Custom Outdoor Hunting Bag Factory 1. \u3010Multiple Compartments Hunting Pack\u3011Military backpack has 2 main multi-compartment and dual zippered closure pockets, including an interior zip pocket and mesh pocket for more storage options, such as a hydration bladder (hydration bladder is not included).With a large main compartment, accessory pockets to organize your small gear. 2. \u3010Include&hellip;","_links":{"self":[{"href":"https:\/\/pecbag.com\/es\/wp-json\/wp\/v2\/product\/4111","targetHints":{"allow":["GET"]}}],"collection":[{"href":"https:\/\/pecbag.com\/es\/wp-json\/wp\/v2\/product"}],"about":[{"href":"https:\/\/pecbag.com\/es\/wp-json\/wp\/v2\/types\/product"}],"wp:featuredmedia":[{"embeddable":true,"href":"https:\/\/pecbag.com\/es\/wp-json\/wp\/v2\/media\/4112"}],"wp:attachment":[{"href":"https:\/\/pecbag.com\/es\/wp-json\/wp\/v2\/media?parent=4111"}],"wp:term":[{"taxonomy":"product_brand","embeddable":true,"href":"https:\/\/pecbag.com\/es\/wp-json\/wp\/v2\/product_brand?post=4111"},{"taxonomy":"product_cat","embeddable":true,"href":"https:\/\/pecbag.com\/es\/wp-json\/wp\/v2\/product_cat?post=4111"},{"taxonomy":"product_tag","embeddable":true,"href":"https:\/\/pecbag.com\/es\/wp-json\/wp\/v2\/product_tag?post=4111"}],"curies":[{"name":"wp","href":"https:\/\/api.w.org\/{rel}","templated":true}]}}