{"id":4118,"date":"2025-06-23T01:32:09","date_gmt":"2025-06-23T01:32:09","guid":{"rendered":"https:\/\/pecbag.com\/?post_type=product&#038;p=4118"},"modified":"2025-11-29T01:29:01","modified_gmt":"2025-11-29T01:29:01","slug":"camouflage-tactical-hunting-bag-manufacturer","status":"publish","type":"product","link":"https:\/\/pecbag.com\/es\/camouflage-tactical-hunting-bag-manufacturer\/","title":{"rendered":"Bolsa de caza t\u00e1ctica de camuflaje Fabricantes"},"content":{"rendered":"<h5 title=\"Bolso plegable para perros Bolso de malla transpirable para mascotas peque\u00f1as Perros Gatos\" data-immersive-translate-walked=\"1c928421-2e42-4cd3-8754-5404553c0af5\" data-immersive-translate-paragraph=\"1\" data-spm-anchor-id=\"a2700.details.0.i35.4f6757d4w4zNZA\">Camuflaje t\u00e1ctico fabricante de bolsas de caza | F\u00e1brica de bolsas impermeables y mochilas militares | OEM a granel<\/h5>\n<p>\u00bfNecesita bolsas de caza t\u00e1cticas de camuflaje que desaparezcan en la naturaleza? Como f\u00e1brica de bolsas impermeables y fabricante de mochilas en China, nuestra divisi\u00f3n de fabricaci\u00f3n de bolsas de caza t\u00e1cticas de camuflaje fabrica equipos silenciosos como fantasmas para fuerzas especiales, outfitters y mayoristas de bolsas de caza.<\/p>\n<div class=\"flex flex-grow flex-col max-w-full\">\n<div class=\"min-h-[20px] text-message flex w-full flex-col items-end gap-2 whitespace-pre-wrap break-words [.text-message+&amp;]:mt-5 overflow-x-auto\" dir=\"auto\" data-message-author-role=\"assistant\" data-message-id=\"3d7d46f6-7ec2-4222-9257-48fa0bba23c6\" data-suggestions=\"true\">\n<div class=\"flex w-full flex-col gap-1 empty:hidden first:pt-[3px]\">\n<div class=\"markdown prose w-full break-words dark:prose-invert light\">\n<table style=\"height: 251px;\" width=\"313\">\n<tbody>\n<tr>\n<td width=\"137\"><span style=\"color: #333333;\">Nombre del producto<\/span><\/td>\n<td width=\"151\">Bolsa de caza<\/td>\n<\/tr>\n<tr>\n<td><span style=\"color: #333333;\">N\u00ba de art\u00edculo<\/span><\/td>\n<td><span style=\"color: #333333;\">PB-2116<\/span><\/td>\n<\/tr>\n<tr>\n<td><span style=\"color: #333333;\">Material<\/span><\/td>\n<td>Poli\u00e9ster 600D Camo<\/td>\n<\/tr>\n<tr>\n<td><span style=\"color: #333333;\">Talla<\/span><\/td>\n<td>19 x 8 x 12 pulgadas<\/td>\n<\/tr>\n<tr>\n<td><span style=\"color: #333333;\">\u00a0Plazo de entrega<\/span><\/td>\n<td><span style=\"color: #333333;\">1-5 d\u00edas para peque\u00f1as cantidades por v\u00eda a\u00e9rea y 30-35 d\u00edas para grandes cantidades por v\u00eda mar\u00edtima<\/span><\/td>\n<\/tr>\n<\/tbody>\n<\/table>\n<p class=\"ds-markdown-paragraph\">\u2705\u00a0<strong>Por qu\u00e9 nos eligen las unidades de \u00e9lite y los minoristas:<\/strong><\/p>\n<ul>\n<li>\n<p class=\"ds-markdown-paragraph\"><strong>Invisibilidad real<\/strong>: Camuflaje con licencia Realtree\u00ae\/Mossy Oak\u00ae + herrajes mate - \u00a1Indetectable a 50 yardas!<\/p>\n<\/li>\n<li>\n<p class=\"ds-markdown-paragraph\"><strong>Prueba de sangre y espinas<\/strong>: Lona de PVC 1000D + costuras soldadas - sobrevive a la caza sangrienta, a las zarzas y a cargas de 80 libras.<\/p>\n<\/li>\n<li>\n<p class=\"ds-markdown-paragraph\"><strong>Pedidos a granel<\/strong>: \u00a1Producir Bolsa de caza pedidos a granel a trav\u00e9s de la bolsa de caza ODM \/ OEM o de marca propia en 15 d\u00edas!<\/p>\n<\/li>\n<li>\n<p class=\"ds-markdown-paragraph\"><strong>Ventaja de costes en China<\/strong>: Como uno de los mejores Hunting Bag China f\u00e1brica, mil-spec calidad cumple con los precios de exportaci\u00f3n.<\/p>\n<\/li>\n<\/ul>\n<p class=\"ds-markdown-paragraph\"><strong>Caracter\u00edsticas validadas sobre el terreno:<\/strong><br \/>\n\ud83d\udd39\u00a0<strong>Sistema ScentLock<\/strong>: Compartimentos forrados de carbono + cremalleras resistentes al ozono (cero olores de caza)<br \/>\n\ud83d\udd39 Bolsas de drenaje de sangre + portafusiles\/arcos desmontables.<br \/>\n\ud83d\udd39 Hebillas silenciosas + armaz\u00f3n del torso ajustable (se adapta a 5'1\u2033-6'9\u2033).<br \/>\n\ud83d\udd39 Patrones resistentes a los rayos UV (probados para 500 horas de exposici\u00f3n al sol)<\/p>\n<p class=\"ds-markdown-paragraph\"><strong>Perfecto para:<\/strong><\/p>\n<ul>\n<li>\n<p class=\"ds-markdown-paragraph\">Proveedores militares y de bolsas de caza<\/p>\n<\/li>\n<li>\n<p class=\"ds-markdown-paragraph\">Cotos de caza &amp; Mayoristas de bolsas de caza<\/p>\n<\/li>\n<li>\n<p class=\"ds-markdown-paragraph\">Las marcas crean l\u00edneas t\u00e1cticas de marca propia Hunting Bag<\/p>\n<\/li>\n<\/ul>\n<p class=\"ds-markdown-paragraph\"><strong>Su ruta de producci\u00f3n encubierta:<\/strong><br \/>\n1\ufe0f\u20e3 Seleccionar camuflaje\/hardware (o personalizar nuevos dise\u00f1os)<br \/>\n2\ufe0f\u20e3 Prototipo en 5 d\u00edas \u2192 prueba sobre el terreno \u2192 producci\u00f3n en serie.<br \/>\n3\ufe0f\u20e3 Env\u00edo a trav\u00e9s de redes de exportaci\u00f3n de bolsas de caza (DDP a EE.UU.\/UE\/AU)<\/p>\n<p class=\"ds-markdown-paragraph\"><strong>Credenciales de f\u00e1brica:<\/strong><br \/>\n\u2705 M\u00e1s de 12 a\u00f1os de experiencia en la fabricaci\u00f3n de mochilas<br \/>\n\u2705 40% m\u00e1s silenciosa que las bolsas de caza est\u00e1ndar.<br \/>\nCertificaciones: ISO 9001, SGS, conformidad con ITAR.<\/p>\n<p class=\"ds-markdown-paragraph\"><strong>\u00bfListo para armar a los cazadores invisibles?<\/strong><br \/>\n\ud83d\udc49 [Muestra gratuita probada con lavado de sangre] \ud83d\udc49 [Dep\u00f3sito 20%] \ud83d\udc49 [Hoja de especificaciones 24h]<\/p>\n<\/div>\n<\/div>\n<\/div>\n<\/div>","protected":false},"excerpt":{"rendered":"<h2 data-immersive-translate-walked=\"344be1c1-5052-41eb-8fcd-0dbe236a0d6b\" data-immersive-translate-paragraph=\"1\">Bolsa de caza t\u00e1ctica de camuflaje Fabricantes<\/h2>\n<p>Descubra lo \u00faltimo en compa\u00f1eros de caza con nuestra mochila de caza, dise\u00f1ada para satisfacer las diversas necesidades de los cazadores de patos, ciervos y aves de monta\u00f1a.<\/p>\n<p>Cada mochila combina caracter\u00edsticas pr\u00e1cticas, durabilidad y comodidad para mejorar su experiencia de caza, asegur\u00e1ndole que tiene todo lo que necesita a su alcance, independientemente de su objetivo o entorno.<\/p>","protected":false},"featured_media":4120,"template":"","meta":{"_uag_custom_page_level_css":""},"product_brand":[],"product_cat":[54,60],"product_tag":[],"class_list":{"0":"post-4118","1":"product","2":"type-product","3":"status-publish","4":"has-post-thumbnail","6":"product_cat-hunting-bag","7":"product_cat-backpack","9":"first","10":"instock","11":"shipping-taxable","12":"product-type-simple"},"uagb_featured_image_src":{"full":["https:\/\/pecbag.com\/wp-content\/uploads\/2025\/06\/Camouflage-Tactical-Hunting-Bag-Manufacturer-2.jpg",1441,1500,false],"thumbnail":["https:\/\/pecbag.com\/wp-content\/uploads\/2025\/06\/Camouflage-Tactical-Hunting-Bag-Manufacturer-2-150x150.jpg",150,150,true],"medium":["https:\/\/pecbag.com\/wp-content\/uploads\/2025\/06\/Camouflage-Tactical-Hunting-Bag-Manufacturer-2-288x300.jpg",288,300,true],"medium_large":["https:\/\/pecbag.com\/wp-content\/uploads\/2025\/06\/Camouflage-Tactical-Hunting-Bag-Manufacturer-2-768x799.jpg",768,799,true],"large":["https:\/\/pecbag.com\/wp-content\/uploads\/2025\/06\/Camouflage-Tactical-Hunting-Bag-Manufacturer-2-984x1024.jpg",800,833,true],"1536x1536":["https:\/\/pecbag.com\/wp-content\/uploads\/2025\/06\/Camouflage-Tactical-Hunting-Bag-Manufacturer-2.jpg",1441,1500,false],"2048x2048":["https:\/\/pecbag.com\/wp-content\/uploads\/2025\/06\/Camouflage-Tactical-Hunting-Bag-Manufacturer-2.jpg",1441,1500,false],"trp-custom-language-flag":["https:\/\/pecbag.com\/wp-content\/uploads\/2025\/06\/Camouflage-Tactical-Hunting-Bag-Manufacturer-2.jpg",12,12,false],"woocommerce_thumbnail":["https:\/\/pecbag.com\/wp-content\/uploads\/2025\/06\/Camouflage-Tactical-Hunting-Bag-Manufacturer-2-300x300.jpg",300,300,true],"woocommerce_single":["https:\/\/pecbag.com\/wp-content\/uploads\/2025\/06\/Camouflage-Tactical-Hunting-Bag-Manufacturer-2-600x625.jpg",600,625,true],"woocommerce_gallery_thumbnail":["https:\/\/pecbag.com\/wp-content\/uploads\/2025\/06\/Camouflage-Tactical-Hunting-Bag-Manufacturer-2-100x100.jpg",100,100,true]},"uagb_author_info":{"display_name":"Lawrence","author_link":"https:\/\/pecbag.com\/es\/author\/"},"uagb_comment_info":0,"uagb_excerpt":"Camouflage Tactical Hunting Bag Manufacturer Discover the ultimate hunting companions with our hunting backpack, designed to meet the diverse needs of duck, deer upland bird hunters. Each backpack combines practical features, durability, and comfort to enhance your hunting experience, ensuring you have everything you need within reach, regardless of your target or environment.","_links":{"self":[{"href":"https:\/\/pecbag.com\/es\/wp-json\/wp\/v2\/product\/4118","targetHints":{"allow":["GET"]}}],"collection":[{"href":"https:\/\/pecbag.com\/es\/wp-json\/wp\/v2\/product"}],"about":[{"href":"https:\/\/pecbag.com\/es\/wp-json\/wp\/v2\/types\/product"}],"wp:featuredmedia":[{"embeddable":true,"href":"https:\/\/pecbag.com\/es\/wp-json\/wp\/v2\/media\/4120"}],"wp:attachment":[{"href":"https:\/\/pecbag.com\/es\/wp-json\/wp\/v2\/media?parent=4118"}],"wp:term":[{"taxonomy":"product_brand","embeddable":true,"href":"https:\/\/pecbag.com\/es\/wp-json\/wp\/v2\/product_brand?post=4118"},{"taxonomy":"product_cat","embeddable":true,"href":"https:\/\/pecbag.com\/es\/wp-json\/wp\/v2\/product_cat?post=4118"},{"taxonomy":"product_tag","embeddable":true,"href":"https:\/\/pecbag.com\/es\/wp-json\/wp\/v2\/product_tag?post=4118"}],"curies":[{"name":"wp","href":"https:\/\/api.w.org\/{rel}","templated":true}]}}