{"id":4131,"date":"2025-06-24T02:01:02","date_gmt":"2025-06-24T02:01:02","guid":{"rendered":"https:\/\/pecbag.com\/?post_type=product&#038;p=4131"},"modified":"2025-11-29T01:19:18","modified_gmt":"2025-11-29T01:19:18","slug":"custom-soft-tactical-storage-gun-bag","status":"publish","type":"product","link":"https:\/\/pecbag.com\/es\/custom-soft-tactical-storage-gun-bag\/","title":{"rendered":"Bolsa de almacenamiento t\u00e1ctico suave personalizada"},"content":{"rendered":"<h5 title=\"Bolso plegable para perros Bolso de malla transpirable para mascotas peque\u00f1as Perros Gatos\" data-immersive-translate-walked=\"1c928421-2e42-4cd3-8754-5404553c0af5\" data-immersive-translate-paragraph=\"1\" data-spm-anchor-id=\"a2700.details.0.i35.4f6757d4w4zNZA\">Custom Soft t\u00e1ctico de almacenamiento fabricante de bolsas de armas | F\u00e1brica de bolsas a prueba de agua y mochila t\u00e1ctica fabricante | OEM a granel<\/h5>\n<p>Necesitas bolsas t\u00e1cticas blandas personalizadas que protejan las armas de fuego\u00a0<em>y<\/em>\u00a0se mueven como sombras? \u00a1Como una f\u00e1brica especializada bolsa impermeable y fabricante de mochilas en China, la artesan\u00eda encubierta suave t\u00e1ctico de almacenamiento bolsas de armas para las unidades militares, campos de tiro, y los mayoristas bolsa de caza!<\/p>\n<div class=\"flex flex-grow flex-col max-w-full\">\n<div class=\"min-h-[20px] text-message flex w-full flex-col items-end gap-2 whitespace-pre-wrap break-words [.text-message+&amp;]:mt-5 overflow-x-auto\" dir=\"auto\" data-message-author-role=\"assistant\" data-message-id=\"3d7d46f6-7ec2-4222-9257-48fa0bba23c6\" data-suggestions=\"true\">\n<div class=\"flex w-full flex-col gap-1 empty:hidden first:pt-[3px]\">\n<div class=\"markdown prose w-full break-words dark:prose-invert light\">\n<table style=\"height: 251px;\" width=\"313\">\n<tbody>\n<tr>\n<td width=\"137\"><span style=\"color: #333333;\">Nombre del producto<\/span><\/td>\n<td width=\"151\">Bolsa de caza<\/td>\n<\/tr>\n<tr>\n<td><span style=\"color: #333333;\">N\u00ba de art\u00edculo<\/span><\/td>\n<td><span style=\"color: #333333;\">PB-2118<\/span><\/td>\n<\/tr>\n<tr>\n<td><span style=\"color: #333333;\">Material<\/span><\/td>\n<td>Camuflaje 600D<\/td>\n<\/tr>\n<tr>\n<td><span style=\"color: #333333;\">Talla<\/span><\/td>\n<td>44 x 11 pulgadas<\/td>\n<\/tr>\n<tr>\n<td><span style=\"color: #333333;\">\u00a0Plazo de entrega<\/span><\/td>\n<td><span style=\"color: #333333;\">1-5 d\u00edas para peque\u00f1as cantidades por v\u00eda a\u00e9rea y 30-35 d\u00edas para grandes cantidades por v\u00eda mar\u00edtima<\/span><\/td>\n<\/tr>\n<\/tbody>\n<\/table>\n<p class=\"ds-markdown-paragraph\">\u2705\u00a0<strong>Por qu\u00e9 los compradores t\u00e1cticos conf\u00edan en nosotros:<\/strong><\/p>\n<ul>\n<li>\n<p class=\"ds-markdown-paragraph\"><strong>Silencioso y seguro<\/strong>: nylon acolchado 600D + compartimentos forrados de espuma - \u00a1cero traqueteos, transporte discreto 100%!<\/p>\n<\/li>\n<li>\n<p class=\"ds-markdown-paragraph\"><strong>Personalizaci\u00f3n total<\/strong>: Dise\u00f1e bolsas de almacenamiento t\u00e1ctico personalizadas con fundas, bolsillos para cargador o bloques RFID a trav\u00e9s de Hunting Bag ODM\/OEM.<\/p>\n<\/li>\n<li>\n<p class=\"ds-markdown-paragraph\"><strong>Ventajas de los pedidos al por mayor<\/strong>: \u00a1Produzca pedidos a granel de Bolsas de Caza de marca blanca en 12 d\u00edas!<\/p>\n<\/li>\n<li>\n<p class=\"ds-markdown-paragraph\"><strong>Costes de energ\u00eda en China<\/strong>: Como uno de los mejores Hunting Bag China f\u00e1brica, mil-spec calidad cumple con los precios de exportaci\u00f3n.<\/p>\n<\/li>\n<\/ul>\n<p class=\"ds-markdown-paragraph\"><strong>Caracter\u00edsticas operativas:<\/strong><br \/>\n\ud83d\udd39\u00a0<strong>Dise\u00f1o de perfil bajo<\/strong>: Plegable hasta el tama\u00f1o 30%: esc\u00f3ndelo en maleteros o armarios sin que te detecten<br \/>\n\ud83d\udd39 Forro que absorbe la humedad + cremalleras anticorrosi\u00f3n (a prueba de agua salada\/niebla).<br \/>\n\ud83d\udd39 Cortes compatibles con CCW + asas de transporte ocultas.<br \/>\n\ud83d\udd39 Opciones conformes con ITAR para contratos gubernamentales<\/p>\n<p class=\"ds-markdown-paragraph\"><strong>Perfecto para:<\/strong><\/p>\n<ul>\n<li>\n<p class=\"ds-markdown-paragraph\">Vendedores de armas y bolsas de caza<\/p>\n<\/li>\n<li>\n<p class=\"ds-markdown-paragraph\">Mayoristas de bolsas t\u00e1cticas y de caza<\/p>\n<\/li>\n<li>\n<p class=\"ds-markdown-paragraph\">Las marcas crean l\u00edneas de marcas propias de bolsas de caza<\/p>\n<\/li>\n<\/ul>\n<p class=\"ds-markdown-paragraph\"><strong>Su flujo de trabajo encubierto:<\/strong><br \/>\n1\ufe0f\u20e3 Enviar planos\/c\u00f3digos Pantone \u2192 2\ufe0f\u20e3 Prototipo en 5 d\u00edas \u2192 3\ufe0f\u20e3 Prueba de alcance \u2192 4\ufe0f\u20e3 Producci\u00f3n en serie \u2192 5\ufe0f\u20e3 Env\u00edo a trav\u00e9s de\u00a0<strong>Exportaci\u00f3n de bolsas de caza<\/strong>\u00a0redes<\/p>\n<p class=\"ds-markdown-paragraph\"><strong>Credenciales de f\u00e1brica:<\/strong><br \/>\n\u2705 M\u00e1s de 12 a\u00f1os de experiencia en la fabricaci\u00f3n de mochilas<br \/>\n\u2705 40% m\u00e1s ligero que las maletas r\u00edgidas (ventaja de sigilo)<br \/>\nCertificaciones: ISO 9001, SGS, ITAR-ready<\/p>\n<p class=\"ds-markdown-paragraph\"><strong>\u00bfListo para armar a los profesionales silenciosos?<\/strong><br \/>\n\ud83d\udc49 [Muestra discreta gratuita] \ud83d\udc49 [Dep\u00f3sito 25%] \ud83d\udc49 [Ficha t\u00e9cnica 24h]<\/p>\n<\/div>\n<\/div>\n<\/div>\n<\/div>","protected":false},"excerpt":{"rendered":"<h2 data-immersive-translate-walked=\"344be1c1-5052-41eb-8fcd-0dbe236a0d6b\" data-immersive-translate-paragraph=\"1\">Custom Soft t\u00e1ctico de almacenamiento de armas de f\u00e1brica<\/h2>\n<p><strong>1. F\u00e1cil de transportar:<\/strong> Se puede llevar en bandolera o con asa. Ajuste la longitud de la correa para el hombro seg\u00fan sus necesidades. Dos maneras de llevar puede ser conveniente para sus necesidades. F\u00e1cil de almacenar su rifle o escopeta en cualquier lugar.<\/p>\n<p><strong>2. Dise\u00f1o perfecto<\/strong>: Dise\u00f1o ligero. La funda principal del arma tiene una gran capacidad y un bolsillo exterior con cremallera SBS. F\u00e1cil de almacenar su caso escopeta rifle en cualquier lugar.<\/p>","protected":false},"featured_media":4137,"template":"","meta":{"_uag_custom_page_level_css":""},"product_brand":[],"product_cat":[54],"product_tag":[],"class_list":{"0":"post-4131","1":"product","2":"type-product","3":"status-publish","4":"has-post-thumbnail","6":"product_cat-hunting-bag","8":"first","9":"instock","10":"shipping-taxable","11":"product-type-simple"},"uagb_featured_image_src":{"full":["https:\/\/pecbag.com\/wp-content\/uploads\/2025\/06\/Custom-Soft-Tactical-Storage-Gun-Bag-5.jpg",800,800,false],"thumbnail":["https:\/\/pecbag.com\/wp-content\/uploads\/2025\/06\/Custom-Soft-Tactical-Storage-Gun-Bag-5-150x150.jpg",150,150,true],"medium":["https:\/\/pecbag.com\/wp-content\/uploads\/2025\/06\/Custom-Soft-Tactical-Storage-Gun-Bag-5-300x300.jpg",300,300,true],"medium_large":["https:\/\/pecbag.com\/wp-content\/uploads\/2025\/06\/Custom-Soft-Tactical-Storage-Gun-Bag-5-768x768.jpg",768,768,true],"large":["https:\/\/pecbag.com\/wp-content\/uploads\/2025\/06\/Custom-Soft-Tactical-Storage-Gun-Bag-5.jpg",800,800,false],"1536x1536":["https:\/\/pecbag.com\/wp-content\/uploads\/2025\/06\/Custom-Soft-Tactical-Storage-Gun-Bag-5.jpg",800,800,false],"2048x2048":["https:\/\/pecbag.com\/wp-content\/uploads\/2025\/06\/Custom-Soft-Tactical-Storage-Gun-Bag-5.jpg",800,800,false],"trp-custom-language-flag":["https:\/\/pecbag.com\/wp-content\/uploads\/2025\/06\/Custom-Soft-Tactical-Storage-Gun-Bag-5-12x12.jpg",12,12,true],"woocommerce_thumbnail":["https:\/\/pecbag.com\/wp-content\/uploads\/2025\/06\/Custom-Soft-Tactical-Storage-Gun-Bag-5-300x300.jpg",300,300,true],"woocommerce_single":["https:\/\/pecbag.com\/wp-content\/uploads\/2025\/06\/Custom-Soft-Tactical-Storage-Gun-Bag-5-600x600.jpg",600,600,true],"woocommerce_gallery_thumbnail":["https:\/\/pecbag.com\/wp-content\/uploads\/2025\/06\/Custom-Soft-Tactical-Storage-Gun-Bag-5-100x100.jpg",100,100,true]},"uagb_author_info":{"display_name":"Lawrence","author_link":"https:\/\/pecbag.com\/es\/author\/"},"uagb_comment_info":0,"uagb_excerpt":"Custom Soft Tactical Storage Gun Bag Factory 1. Easy to Carry: It can be carried by shoulder carry or handle. Adjust the length of the shoulder strap according to your requirements. Two ways of carrying can be convenient for your needs. Easily to store your rifle or shotgun anywhere. 2. Perfect Design: Lightweight design. The&hellip;","_links":{"self":[{"href":"https:\/\/pecbag.com\/es\/wp-json\/wp\/v2\/product\/4131","targetHints":{"allow":["GET"]}}],"collection":[{"href":"https:\/\/pecbag.com\/es\/wp-json\/wp\/v2\/product"}],"about":[{"href":"https:\/\/pecbag.com\/es\/wp-json\/wp\/v2\/types\/product"}],"wp:featuredmedia":[{"embeddable":true,"href":"https:\/\/pecbag.com\/es\/wp-json\/wp\/v2\/media\/4137"}],"wp:attachment":[{"href":"https:\/\/pecbag.com\/es\/wp-json\/wp\/v2\/media?parent=4131"}],"wp:term":[{"taxonomy":"product_brand","embeddable":true,"href":"https:\/\/pecbag.com\/es\/wp-json\/wp\/v2\/product_brand?post=4131"},{"taxonomy":"product_cat","embeddable":true,"href":"https:\/\/pecbag.com\/es\/wp-json\/wp\/v2\/product_cat?post=4131"},{"taxonomy":"product_tag","embeddable":true,"href":"https:\/\/pecbag.com\/es\/wp-json\/wp\/v2\/product_tag?post=4131"}],"curies":[{"name":"wp","href":"https:\/\/api.w.org\/{rel}","templated":true}]}}