{"id":4138,"date":"2025-06-24T02:12:46","date_gmt":"2025-06-24T02:12:46","guid":{"rendered":"https:\/\/pecbag.com\/?post_type=product&#038;p=4138"},"modified":"2025-11-29T01:19:10","modified_gmt":"2025-11-29T01:19:10","slug":"wholesale-tactical-shotgun-bag","status":"publish","type":"product","link":"https:\/\/pecbag.com\/es\/wholesale-tactical-shotgun-bag\/","title":{"rendered":"Mayorista Bolsa t\u00e1ctica para escopeta"},"content":{"rendered":"<h5 title=\"Bolso plegable para perros Bolso de malla transpirable para mascotas peque\u00f1as Perros Gatos\" data-immersive-translate-walked=\"1c928421-2e42-4cd3-8754-5404553c0af5\" data-immersive-translate-paragraph=\"1\" data-spm-anchor-id=\"a2700.details.0.i35.4f6757d4w4zNZA\">Fabricante al por mayor de bolsas de escopeta t\u00e1ctica | F\u00e1brica de bolsas impermeables y mochilas militares | OEM a granel<\/h5>\n<p>\u00bfNecesita bolsas de escopeta t\u00e1cticas al por mayor que equilibren una protecci\u00f3n resistente y un despliegue r\u00e1pido? Como f\u00e1brica de bolsas impermeables y fabricantes de mochilas en China, ofrecemos bolsas de escopeta t\u00e1cticas al por mayor listas para misiones a proveedores de cuerpos de seguridad, campos de tiro y mayoristas de bolsas de caza.<\/p>\n<div class=\"flex flex-grow flex-col max-w-full\">\n<div class=\"min-h-[20px] text-message flex w-full flex-col items-end gap-2 whitespace-pre-wrap break-words [.text-message+&amp;]:mt-5 overflow-x-auto\" dir=\"auto\" data-message-author-role=\"assistant\" data-message-id=\"3d7d46f6-7ec2-4222-9257-48fa0bba23c6\" data-suggestions=\"true\">\n<div class=\"flex w-full flex-col gap-1 empty:hidden first:pt-[3px]\">\n<div class=\"markdown prose w-full break-words dark:prose-invert light\">\n<table style=\"height: 251px;\" width=\"313\">\n<tbody>\n<tr>\n<td width=\"137\"><span style=\"color: #333333;\">Nombre del producto<\/span><\/td>\n<td width=\"151\">Bolsa de caza<\/td>\n<\/tr>\n<tr>\n<td><span style=\"color: #333333;\">N\u00ba de art\u00edculo<\/span><\/td>\n<td><span style=\"color: #333333;\">PB-2119<\/span><\/td>\n<\/tr>\n<tr>\n<td><span style=\"color: #333333;\">Material<\/span><\/td>\n<td>Camuflaje 600D<\/td>\n<\/tr>\n<tr>\n<td><span style=\"color: #333333;\">Talla<\/span><\/td>\n<td>44\/48\/52 pulgadas<\/td>\n<\/tr>\n<tr>\n<td><span style=\"color: #333333;\">\u00a0Plazo de entrega<\/span><\/td>\n<td><span style=\"color: #333333;\">1-5 d\u00edas para peque\u00f1as cantidades por v\u00eda a\u00e9rea y 30-35 d\u00edas para grandes cantidades por v\u00eda mar\u00edtima<\/span><\/td>\n<\/tr>\n<\/tbody>\n<\/table>\n<p class=\"ds-markdown-paragraph\">\u2705\u00a0<strong>Por qu\u00e9 los compradores t\u00e1cticos almacenan nuestras bolsas:<\/strong><\/p>\n<ul>\n<li>\n<p class=\"ds-markdown-paragraph\"><strong>Dise\u00f1o de despliegue r\u00e1pido<\/strong>: Paneles de velcro desgarrables + correas compatibles con MOLLE: \u00a1acceso a las escopetas en 3 segundos!<\/p>\n<\/li>\n<li>\n<p class=\"ds-markdown-paragraph\"><strong>Armadura todo tiempo<\/strong>: Revestimiento de PVC 1000D + costuras soldadas: impermeable, a prueba de sangre y resistente a la abrasi\u00f3n.<\/p>\n<\/li>\n<li>\n<p class=\"ds-markdown-paragraph\"><strong>Pedidos a granel<\/strong>: \u00a1Producir Bolsa de caza pedidos a granel a trav\u00e9s de la bolsa de caza ODM \/ OEM o de marca propia en 15 d\u00edas!<\/p>\n<\/li>\n<li>\n<p class=\"ds-markdown-paragraph\"><strong>Ventaja de costes en China<\/strong>: Como una de las mejores f\u00e1bricas de bolsas de caza de China, la calidad mil-spec cumple con los precios al por mayor.<\/p>\n<\/li>\n<\/ul>\n<p class=\"ds-markdown-paragraph\"><strong>Caracter\u00edsticas validadas sobre el terreno:<\/strong><br \/>\n\ud83d\udd39\u00a0<strong>Protecci\u00f3n de doble funci\u00f3n<\/strong>: Fundas de vaina acolchadas (para ca\u00f1ones de 18-32\u2033) + fundas de proyectil extra\u00edbles.<br \/>\n\ud83d\udd39 Asas de transporte de baja visibilidad + cortes de ocultaci\u00f3n CCW.<br \/>\n\ud83d\udd39 Cremalleras YKK resistentes a la corrosi\u00f3n + respiraderos de drenaje (resistencia a la sal\/niebla).<br \/>\n\ud83d\udd39 Opciones conformes con ITAR para contratos gubernamentales<\/p>\n<p class=\"ds-markdown-paragraph\"><strong>Perfecto para:<\/strong><\/p>\n<ul>\n<li>\n<p class=\"ds-markdown-paragraph\">Minoristas t\u00e1cticos y vendedores de bolsas de caza<\/p>\n<\/li>\n<li>\n<p class=\"ds-markdown-paragraph\">Proveedores de bolsas de caza y mayoristas de bolsas de caza<\/p>\n<\/li>\n<li>\n<p class=\"ds-markdown-paragraph\">Las marcas crean l\u00edneas de marcas propias de bolsas de caza<\/p>\n<\/li>\n<\/ul>\n<p class=\"ds-markdown-paragraph\"><strong>Su cadena de producci\u00f3n:<\/strong><br \/>\n1\ufe0f\u20e3 Personalice las dimensiones\/camo \u2192 2\ufe0f\u20e3 Prototipo en 5 d\u00edas \u2192 3\ufe0f\u20e3 Prueba de alcance \u2192 4\ufe0f\u20e3 Producci\u00f3n en serie \u2192 5\ufe0f\u20e3 Env\u00edo a trav\u00e9s de las redes de exportaci\u00f3n de Hunting Bag.<\/p>\n<p class=\"ds-markdown-paragraph\"><strong>Credenciales de f\u00e1brica:<\/strong><br \/>\n\u2705 M\u00e1s de 15 a\u00f1os de experiencia en la fabricaci\u00f3n de mochilas<br \/>\n\u2705 40% despliegue m\u00e1s r\u00e1pido que las maletas r\u00edgidas.<br \/>\nCertificaciones: ISO 9001, SGS, OEKO-TEX<\/p>\n<p class=\"ds-markdown-paragraph\"><strong>\u00bfListo para fijar su nicho t\u00e1ctico?<\/strong><br \/>\n\ud83d\udc49 [Muestra Gratuita de Gama Probada] \ud83d\udc49 [Dep\u00f3sito 20%] \ud83d\udc49 [Precios al por mayor 24h].<\/p>\n<\/div>\n<\/div>\n<\/div>\n<\/div>","protected":false},"excerpt":{"rendered":"<h2 data-immersive-translate-walked=\"344be1c1-5052-41eb-8fcd-0dbe236a0d6b\" data-immersive-translate-paragraph=\"1\">Mayorista Bolsa t\u00e1ctica para escopeta<\/h2>\n<p><strong>1. Una empu\u00f1adura acolchada:<\/strong> Con 2 piezas de correas de mano para un transporte f\u00e1cil y c\u00f3modo, que le proporciona una manera conveniente y flexible para transportar su funda de rifle al campo de tiro. Es ideal para la caza, tiro, camping, etc.<\/p>\n<p><strong>2. Dos bolsillos para accesorios con cremallera para almacenamiento adicional:<\/strong>\u00a0Guarde c\u00f3modamente su arma o sus accesorios de tiro donde y cuando quiera.<\/p>\n<p><strong>3. Forro f\u00e1cil de limpiar:<\/strong>\u00a0Forro compuesto de esponja y poli\u00e9ster 210D, cremallera completa para poder abrir la funda y dejarla plana, f\u00e1cil de limpiar.<\/p>","protected":false},"featured_media":4141,"template":"","meta":{"_uag_custom_page_level_css":""},"product_brand":[],"product_cat":[54],"product_tag":[],"class_list":{"0":"post-4138","1":"product","2":"type-product","3":"status-publish","4":"has-post-thumbnail","6":"product_cat-hunting-bag","8":"first","9":"instock","10":"shipping-taxable","11":"product-type-simple"},"uagb_featured_image_src":{"full":["https:\/\/pecbag.com\/wp-content\/uploads\/2025\/06\/Wholesale-Tactical-Shotgun-Bag-2.jpg",800,800,false],"thumbnail":["https:\/\/pecbag.com\/wp-content\/uploads\/2025\/06\/Wholesale-Tactical-Shotgun-Bag-2-150x150.jpg",150,150,true],"medium":["https:\/\/pecbag.com\/wp-content\/uploads\/2025\/06\/Wholesale-Tactical-Shotgun-Bag-2-300x300.jpg",300,300,true],"medium_large":["https:\/\/pecbag.com\/wp-content\/uploads\/2025\/06\/Wholesale-Tactical-Shotgun-Bag-2-768x768.jpg",768,768,true],"large":["https:\/\/pecbag.com\/wp-content\/uploads\/2025\/06\/Wholesale-Tactical-Shotgun-Bag-2.jpg",800,800,false],"1536x1536":["https:\/\/pecbag.com\/wp-content\/uploads\/2025\/06\/Wholesale-Tactical-Shotgun-Bag-2.jpg",800,800,false],"2048x2048":["https:\/\/pecbag.com\/wp-content\/uploads\/2025\/06\/Wholesale-Tactical-Shotgun-Bag-2.jpg",800,800,false],"trp-custom-language-flag":["https:\/\/pecbag.com\/wp-content\/uploads\/2025\/06\/Wholesale-Tactical-Shotgun-Bag-2-12x12.jpg",12,12,true],"woocommerce_thumbnail":["https:\/\/pecbag.com\/wp-content\/uploads\/2025\/06\/Wholesale-Tactical-Shotgun-Bag-2-300x300.jpg",300,300,true],"woocommerce_single":["https:\/\/pecbag.com\/wp-content\/uploads\/2025\/06\/Wholesale-Tactical-Shotgun-Bag-2-600x600.jpg",600,600,true],"woocommerce_gallery_thumbnail":["https:\/\/pecbag.com\/wp-content\/uploads\/2025\/06\/Wholesale-Tactical-Shotgun-Bag-2-100x100.jpg",100,100,true]},"uagb_author_info":{"display_name":"Lawrence","author_link":"https:\/\/pecbag.com\/es\/author\/"},"uagb_comment_info":0,"uagb_excerpt":"Wholesale Tactical Shotgun Bag 1. A padded handle grip: With 2 pieces of hand carry straps for easy and comfortable carrying, providing you a convenient and flexible way to transport your Rifle Case to the range. It is ideal for hunting, shooting, camping, etc. 2. Two zippered accessory pockets for extra storage:\u00a0Conveniently keep your gun&hellip;","_links":{"self":[{"href":"https:\/\/pecbag.com\/es\/wp-json\/wp\/v2\/product\/4138","targetHints":{"allow":["GET"]}}],"collection":[{"href":"https:\/\/pecbag.com\/es\/wp-json\/wp\/v2\/product"}],"about":[{"href":"https:\/\/pecbag.com\/es\/wp-json\/wp\/v2\/types\/product"}],"wp:featuredmedia":[{"embeddable":true,"href":"https:\/\/pecbag.com\/es\/wp-json\/wp\/v2\/media\/4141"}],"wp:attachment":[{"href":"https:\/\/pecbag.com\/es\/wp-json\/wp\/v2\/media?parent=4138"}],"wp:term":[{"taxonomy":"product_brand","embeddable":true,"href":"https:\/\/pecbag.com\/es\/wp-json\/wp\/v2\/product_brand?post=4138"},{"taxonomy":"product_cat","embeddable":true,"href":"https:\/\/pecbag.com\/es\/wp-json\/wp\/v2\/product_cat?post=4138"},{"taxonomy":"product_tag","embeddable":true,"href":"https:\/\/pecbag.com\/es\/wp-json\/wp\/v2\/product_tag?post=4138"}],"curies":[{"name":"wp","href":"https:\/\/api.w.org\/{rel}","templated":true}]}}