{"id":4146,"date":"2025-06-25T01:49:58","date_gmt":"2025-06-25T01:49:58","guid":{"rendered":"https:\/\/pecbag.com\/?post_type=product&#038;p=4146"},"modified":"2025-11-29T01:19:02","modified_gmt":"2025-11-29T01:19:02","slug":"leakproof-cooler-lunch-tote-bag-factory","status":"publish","type":"product","link":"https:\/\/pecbag.com\/es\/leakproof-cooler-lunch-tote-bag-factory\/","title":{"rendered":"Bolsa de almuerzo refrigerada herm\u00e9tica Factory"},"content":{"rendered":"<h5 title=\"Bolso plegable para perros Bolso de malla transpirable para mascotas peque\u00f1as Perros Gatos\" data-immersive-translate-walked=\"1c928421-2e42-4cd3-8754-5404553c0af5\" data-immersive-translate-paragraph=\"1\" data-spm-anchor-id=\"a2700.details.0.i35.4f6757d4w4zNZA\"><strong>Enfriador a prueba de fugas Lunch Tote Bolsa de f\u00e1brica | Premier impermeable bolsa de f\u00e1brica y fabricante de mochilas industriales | OEM a granel<\/strong><\/h5>\n<div class=\"flex flex-grow flex-col max-w-full\">\n<div class=\"min-h-[20px] text-message flex w-full flex-col items-end gap-2 whitespace-pre-wrap break-words [.text-message+&amp;]:mt-5 overflow-x-auto\" dir=\"auto\" data-message-author-role=\"assistant\" data-message-id=\"3d7d46f6-7ec2-4222-9257-48fa0bba23c6\" data-suggestions=\"true\">\n<div class=\"flex w-full flex-col gap-1 empty:hidden first:pt-[3px]\">\n<div class=\"markdown prose w-full break-words dark:prose-invert light\">\n<p>\u00bfNecesita bolsas de almuerzo verdaderamente herm\u00e9ticas para su marca o tienda? Como f\u00e1brica certificada de bolsas de almuerzo y bolsas impermeables en China (Lunch Bag China), dise\u00f1amos bolsas isot\u00e9rmicas de calidad profesional con sellado herm\u00e9tico garantizado las 24 horas. As\u00f3ciese con nuestro fabricante de Bolsas de Almuerzo para la producci\u00f3n a granel de Bolsas de Almuerzo, en las que conf\u00edan mayoristas, minoristas y vendedores de Bolsas de Almuerzo de todo el mundo.<\/p>\n<table style=\"height: 233px;\" width=\"288\">\n<tbody>\n<tr>\n<td width=\"137\"><span style=\"color: #333333;\">Nombre del producto<\/span><\/td>\n<td width=\"151\">Bolsa de almuerzo<\/td>\n<\/tr>\n<tr>\n<td><span style=\"color: #333333;\">N\u00ba de art\u00edculo<\/span><\/td>\n<td><span style=\"color: #333333;\">PB-2120<\/span><\/td>\n<\/tr>\n<tr>\n<td><span style=\"color: #333333;\">Material<\/span><\/td>\n<td>Poli\u00e9ster 600D<\/td>\n<\/tr>\n<tr>\n<td><span style=\"color: #333333;\">Dimensiones<\/span><\/td>\n<td>27 x 20 x 25 cm<\/td>\n<\/tr>\n<tr>\n<td><span style=\"color: #333333;\">\u00a0Plazo de entrega<\/span><\/td>\n<td><span style=\"color: #333333;\">1-5 d\u00edas para peque\u00f1as cantidades por v\u00eda a\u00e9rea y 30-35 d\u00edas para grandes cantidades por v\u00eda mar\u00edtima<\/span><\/td>\n<\/tr>\n<\/tbody>\n<\/table>\n<p class=\"ds-markdown-paragraph\">\u2705\u00a0<strong>\u00bfPor qu\u00e9 elegir nuestra f\u00e1brica?<\/strong><\/p>\n<ul>\n<li>\n<p class=\"ds-markdown-paragraph\"><strong>100% Garant\u00eda de estanqueidad<\/strong>: Costuras triplemente selladas + forro de TPU de calidad alimentaria (supera la prueba de 24 horas de fusi\u00f3n por hielo).<\/p>\n<\/li>\n<li>\n<p class=\"ds-markdown-paragraph\">Bolsa de almuerzo ODM\/OEM con servicios completos de marca blanca para bolsas de almuerzo<\/p>\n<\/li>\n<li>\n<p class=\"ds-markdown-paragraph\">MOQ bajo Pedidos al por mayor de bolsas de almuerzo (m\u00e1s de 300 unidades)<\/p>\n<\/li>\n<li>\n<p class=\"ds-markdown-paragraph\">Fast Lunch Bag se exporta desde nuestras instalaciones de Lunch Bag China<\/p>\n<\/li>\n<li>\n<p class=\"ds-markdown-paragraph\">Fabricante certificado de mochilas para m\u00faltiples opciones de transporte<\/p>\n<\/li>\n<\/ul>\n<p class=\"ds-markdown-paragraph\">\ud83e\uddca\u00a0<strong>Caracter\u00edsticas principales:<\/strong><br \/>\n- 8hr+ Retenci\u00f3n de temperatura (caliente\/fr\u00eda)<br \/>\n- Paneles resistentes a los golpes + interiores f\u00e1ciles de limpiar<br \/>\n- Materiales PEVA ecol\u00f3gicos (certificado SGS)<br \/>\n- Personalizaci\u00f3n de la marca mediante bolsas de almuerzo OEM<\/p>\n<p class=\"ds-markdown-paragraph\">Ideal para empresas de bolsas de almuerzo, servicios de preparaci\u00f3n de comidas y redes de proveedores de bolsas de almuerzo. Solicite hoy mismo v\u00eddeos de prueba de estanqueidad GRATUITOS a su fabricante especializado en bolsas de almuerzo.<\/p>\n<\/div>\n<\/div>\n<\/div>\n<\/div>","protected":false},"excerpt":{"rendered":"<h2 data-immersive-translate-walked=\"344be1c1-5052-41eb-8fcd-0dbe236a0d6b\" data-immersive-translate-paragraph=\"1\">Bolsa de almuerzo refrigerada herm\u00e9tica Factory<\/h2>\n<p>Con un dise\u00f1o de gran apertura, la bolsa de almuerzo grande puede mantener la temperatura de los alimentos durante mucho tiempo. Adecuada para hombres y mujeres. Deje que su vida diaria y el trabajo sea feliz y saludable.<\/p>","protected":false},"featured_media":4151,"template":"","meta":{"_uag_custom_page_level_css":""},"product_brand":[],"product_cat":[52,50],"product_tag":[],"class_list":{"0":"post-4146","1":"product","2":"type-product","3":"status-publish","4":"has-post-thumbnail","6":"product_cat-lunch-bag","7":"product_cat-cooler-bag","9":"first","10":"instock","11":"shipping-taxable","12":"product-type-simple"},"uagb_featured_image_src":{"full":["https:\/\/pecbag.com\/wp-content\/uploads\/2025\/06\/Leakproof-Cooler-Lunch-Tote-Bag-Factory-1.png",1500,1500,false],"thumbnail":["https:\/\/pecbag.com\/wp-content\/uploads\/2025\/06\/Leakproof-Cooler-Lunch-Tote-Bag-Factory-1-150x150.png",150,150,true],"medium":["https:\/\/pecbag.com\/wp-content\/uploads\/2025\/06\/Leakproof-Cooler-Lunch-Tote-Bag-Factory-1-300x300.png",300,300,true],"medium_large":["https:\/\/pecbag.com\/wp-content\/uploads\/2025\/06\/Leakproof-Cooler-Lunch-Tote-Bag-Factory-1-768x768.png",768,768,true],"large":["https:\/\/pecbag.com\/wp-content\/uploads\/2025\/06\/Leakproof-Cooler-Lunch-Tote-Bag-Factory-1-1024x1024.png",800,800,true],"1536x1536":["https:\/\/pecbag.com\/wp-content\/uploads\/2025\/06\/Leakproof-Cooler-Lunch-Tote-Bag-Factory-1.png",1500,1500,false],"2048x2048":["https:\/\/pecbag.com\/wp-content\/uploads\/2025\/06\/Leakproof-Cooler-Lunch-Tote-Bag-Factory-1.png",1500,1500,false],"trp-custom-language-flag":["https:\/\/pecbag.com\/wp-content\/uploads\/2025\/06\/Leakproof-Cooler-Lunch-Tote-Bag-Factory-1-12x12.png",12,12,true],"woocommerce_thumbnail":["https:\/\/pecbag.com\/wp-content\/uploads\/2025\/06\/Leakproof-Cooler-Lunch-Tote-Bag-Factory-1-300x300.png",300,300,true],"woocommerce_single":["https:\/\/pecbag.com\/wp-content\/uploads\/2025\/06\/Leakproof-Cooler-Lunch-Tote-Bag-Factory-1-600x600.png",600,600,true],"woocommerce_gallery_thumbnail":["https:\/\/pecbag.com\/wp-content\/uploads\/2025\/06\/Leakproof-Cooler-Lunch-Tote-Bag-Factory-1-100x100.png",100,100,true]},"uagb_author_info":{"display_name":"Lawrence","author_link":"https:\/\/pecbag.com\/es\/author\/"},"uagb_comment_info":0,"uagb_excerpt":"Leakproof Cooler Lunch Tote Bag Factory With a Wide-open design, the large lunch bag can keep the temperature of the food for a long time. It is suitable for women &amp; men. Let your daily life and work be happy and healthy.","_links":{"self":[{"href":"https:\/\/pecbag.com\/es\/wp-json\/wp\/v2\/product\/4146","targetHints":{"allow":["GET"]}}],"collection":[{"href":"https:\/\/pecbag.com\/es\/wp-json\/wp\/v2\/product"}],"about":[{"href":"https:\/\/pecbag.com\/es\/wp-json\/wp\/v2\/types\/product"}],"wp:featuredmedia":[{"embeddable":true,"href":"https:\/\/pecbag.com\/es\/wp-json\/wp\/v2\/media\/4151"}],"wp:attachment":[{"href":"https:\/\/pecbag.com\/es\/wp-json\/wp\/v2\/media?parent=4146"}],"wp:term":[{"taxonomy":"product_brand","embeddable":true,"href":"https:\/\/pecbag.com\/es\/wp-json\/wp\/v2\/product_brand?post=4146"},{"taxonomy":"product_cat","embeddable":true,"href":"https:\/\/pecbag.com\/es\/wp-json\/wp\/v2\/product_cat?post=4146"},{"taxonomy":"product_tag","embeddable":true,"href":"https:\/\/pecbag.com\/es\/wp-json\/wp\/v2\/product_tag?post=4146"}],"curies":[{"name":"wp","href":"https:\/\/api.w.org\/{rel}","templated":true}]}}