{"id":4153,"date":"2025-06-25T02:27:57","date_gmt":"2025-06-25T02:27:57","guid":{"rendered":"https:\/\/pecbag.com\/?post_type=product&#038;p=4153"},"modified":"2025-11-29T01:18:53","modified_gmt":"2025-11-29T01:18:53","slug":"picnic-beach-bbq-tactical-lunch-bag","status":"publish","type":"product","link":"https:\/\/pecbag.com\/es\/picnic-beach-bbq-tactical-lunch-bag\/","title":{"rendered":"Bolsa de almuerzo t\u00e1ctica Picnic Beach BBQ"},"content":{"rendered":"<h5 title=\"Bolso plegable para perros Bolso de malla transpirable para mascotas peque\u00f1as Perros Gatos\" data-immersive-translate-walked=\"1c928421-2e42-4cd3-8754-5404553c0af5\" data-immersive-translate-paragraph=\"1\" data-spm-anchor-id=\"a2700.details.0.i35.4f6757d4w4zNZA\"><strong>Premium Picnic Beach BBQ Tactical Lunch Bag Factory | Waterproof Bag Factory &amp; Tactical Backpack Manufacturer | Bulk Custom<\/strong><\/h5>\n<div class=\"flex flex-grow flex-col max-w-full\">\n<div class=\"min-h-[20px] text-message flex w-full flex-col items-end gap-2 whitespace-pre-wrap break-words [.text-message+&amp;]:mt-5 overflow-x-auto\" dir=\"auto\" data-message-author-role=\"assistant\" data-message-id=\"3d7d46f6-7ec2-4222-9257-48fa0bba23c6\" data-suggestions=\"true\">\n<div class=\"flex w-full flex-col gap-1 empty:hidden first:pt-[3px]\">\n<div class=\"markdown prose w-full break-words dark:prose-invert light\">\n<p>\u00bfNecesita bolsas de almuerzo t\u00e1cticas vers\u00e1tiles para picnics en la playa o barbacoas que le permitan pasar de aventuras al aire libre a desplazamientos urbanos? Como fabricante certificado de bolsas impermeables y mochilas t\u00e1cticas en China (Lunch Bag China), dise\u00f1amos bolsas de almuerzo t\u00e1cticas multifuncionales con aislamiento a prueba de fugas, compatibilidad MOLLE y cremalleras resistentes a la arena. As\u00f3ciese con nuestro fabricante de bolsas de almuerzo para pedidos al por mayor de bolsas de almuerzo, en el que conf\u00edan mayoristas de bolsas de almuerzo, minoristas de actividades al aire libre y vendedores de bolsas de almuerzo de todo el mundo.<\/p>\n<table style=\"height: 233px;\" width=\"288\">\n<tbody>\n<tr>\n<td width=\"137\"><span style=\"color: #333333;\">Nombre del producto<\/span><\/td>\n<td width=\"151\">Bolsa de almuerzo<\/td>\n<\/tr>\n<tr>\n<td><span style=\"color: #333333;\">N\u00ba de art\u00edculo<\/span><\/td>\n<td><span style=\"color: #333333;\">PB-2121<\/span><\/td>\n<\/tr>\n<tr>\n<td><span style=\"color: #333333;\">Material<\/span><\/td>\n<td>Poli\u00e9ster 600D<\/td>\n<\/tr>\n<tr>\n<td><span style=\"color: #333333;\">Dimensiones<\/span><\/td>\n<td>8 x 5,5 x 10 pulgadas<\/td>\n<\/tr>\n<tr>\n<td><span style=\"color: #333333;\">\u00a0Plazo de entrega<\/span><\/td>\n<td><span style=\"color: #333333;\">1-5 d\u00edas para peque\u00f1as cantidades por v\u00eda a\u00e9rea y 30-35 d\u00edas para grandes cantidades por v\u00eda mar\u00edtima<\/span><\/td>\n<\/tr>\n<\/tbody>\n<\/table>\n<p class=\"ds-markdown-paragraph\">\u2705\u00a0<strong>\u00bfPor qu\u00e9 elegir nuestras bolsas de almuerzo t\u00e1cticas?<\/strong><\/p>\n<ul>\n<li>\n<p class=\"ds-markdown-paragraph\"><strong>Triplemente preparado para el medio ambiente<\/strong>: Resistente a la playa (orificios de drenaje de arena) + seguro para barbacoas (forros resistentes al calor) + t\u00e1ctico-urbano (cinchas MOLLE)<\/p>\n<\/li>\n<li>\n<p class=\"ds-markdown-paragraph\">Bolsa de almuerzo ODM\/OEM con servicios completos de marca blanca para bolsas de almuerzo<\/p>\n<\/li>\n<li>\n<p class=\"ds-markdown-paragraph\">MOQ bajo Bolsa de almuerzo producci\u00f3n a granel<\/p>\n<\/li>\n<li>\n<p class=\"ds-markdown-paragraph\">Bolsa de almuerzo r\u00e1pida exportada desde nuestras instalaciones de Lunch Bag China<\/p>\n<\/li>\n<li>\n<p class=\"ds-markdown-paragraph\">F\u00e1brica de bolsas de almuerzo con certificaci\u00f3n ISO especializada en equipo t\u00e1ctico<\/p>\n<\/li>\n<\/ul>\n<p class=\"ds-markdown-paragraph\">Caracter\u00edsticas principales:<br \/>\n- 12 h de retenci\u00f3n de temperatura (fr\u00edo\/calor) + juntas de TPU estancas<br \/>\n- Transporte convertible (bandolera\/mango\/anilla)<br \/>\n- Cremalleras YKK resistentes a la corrosi\u00f3n + fondos de drenaje<br \/>\n- Personalizaci\u00f3n de la marca mediante bolsas de almuerzo OEM<\/p>\n<p class=\"ds-markdown-paragraph\">Ideal para empresas de bolsas de almuerzo, distribuidores de exterior y redes de proveedores de bolsas de almuerzo. Solicite hoy mismo informes de pruebas multientorno GRATUITOS a su fabricante especializado en bolsas de almuerzo.<\/p>\n<\/div>\n<\/div>\n<\/div>\n<\/div>","protected":false},"excerpt":{"rendered":"<h2 data-immersive-translate-walked=\"344be1c1-5052-41eb-8fcd-0dbe236a0d6b\" data-immersive-translate-paragraph=\"1\">Bolsa de almuerzo t\u00e1ctica Picnic Beach BBQ<\/h2>\n<p>Esta bolsa t\u00e1ctica para el almuerzo tiene capacidad para 1-2 recipientes de comida preparada de tama\u00f1o adulto o para 8 latas de refresco.<\/p>\n<p>1 bolsa interior de malla en la parte superior para bolsas de hielo o vajilla, y una servilleta.<\/p>\n<p>1 bolsillo frontal con cremallera y 1 bolsillo trasero bien para almacenamiento adicional. Como tel\u00e9fonos, tarjetas, llaves, bebidas, botellas, aperitivos e incluso paraguas.<\/p>","protected":false},"featured_media":4157,"template":"","meta":{"_uag_custom_page_level_css":""},"product_brand":[],"product_cat":[52,50],"product_tag":[],"class_list":{"0":"post-4153","1":"product","2":"type-product","3":"status-publish","4":"has-post-thumbnail","6":"product_cat-lunch-bag","7":"product_cat-cooler-bag","9":"first","10":"instock","11":"shipping-taxable","12":"product-type-simple"},"uagb_featured_image_src":{"full":["https:\/\/pecbag.com\/wp-content\/uploads\/2025\/06\/Picnic-Beach-BBQ-Tactical-Lunch-Bag-3.jpg",1380,1380,false],"thumbnail":["https:\/\/pecbag.com\/wp-content\/uploads\/2025\/06\/Picnic-Beach-BBQ-Tactical-Lunch-Bag-3-150x150.jpg",150,150,true],"medium":["https:\/\/pecbag.com\/wp-content\/uploads\/2025\/06\/Picnic-Beach-BBQ-Tactical-Lunch-Bag-3-300x300.jpg",300,300,true],"medium_large":["https:\/\/pecbag.com\/wp-content\/uploads\/2025\/06\/Picnic-Beach-BBQ-Tactical-Lunch-Bag-3-768x768.jpg",768,768,true],"large":["https:\/\/pecbag.com\/wp-content\/uploads\/2025\/06\/Picnic-Beach-BBQ-Tactical-Lunch-Bag-3-1024x1024.jpg",800,800,true],"1536x1536":["https:\/\/pecbag.com\/wp-content\/uploads\/2025\/06\/Picnic-Beach-BBQ-Tactical-Lunch-Bag-3.jpg",1380,1380,false],"2048x2048":["https:\/\/pecbag.com\/wp-content\/uploads\/2025\/06\/Picnic-Beach-BBQ-Tactical-Lunch-Bag-3.jpg",1380,1380,false],"trp-custom-language-flag":["https:\/\/pecbag.com\/wp-content\/uploads\/2025\/06\/Picnic-Beach-BBQ-Tactical-Lunch-Bag-3-12x12.jpg",12,12,true],"woocommerce_thumbnail":["https:\/\/pecbag.com\/wp-content\/uploads\/2025\/06\/Picnic-Beach-BBQ-Tactical-Lunch-Bag-3-300x300.jpg",300,300,true],"woocommerce_single":["https:\/\/pecbag.com\/wp-content\/uploads\/2025\/06\/Picnic-Beach-BBQ-Tactical-Lunch-Bag-3-600x600.jpg",600,600,true],"woocommerce_gallery_thumbnail":["https:\/\/pecbag.com\/wp-content\/uploads\/2025\/06\/Picnic-Beach-BBQ-Tactical-Lunch-Bag-3-100x100.jpg",100,100,true]},"uagb_author_info":{"display_name":"Lawrence","author_link":"https:\/\/pecbag.com\/es\/author\/"},"uagb_comment_info":0,"uagb_excerpt":"Picnic Beach BBQ Tactical Lunch Bag This tactical lunch bag can hold 1-2 adult-sized meal prep containers or fit 8 cans of soda. 1 inner mesh pouch on top for ice packs or tableware, and a napkin. 1 front zipper pocket and 1 back pocket well for extra storage. Such as phones, cards, keys, drinks,&hellip;","_links":{"self":[{"href":"https:\/\/pecbag.com\/es\/wp-json\/wp\/v2\/product\/4153","targetHints":{"allow":["GET"]}}],"collection":[{"href":"https:\/\/pecbag.com\/es\/wp-json\/wp\/v2\/product"}],"about":[{"href":"https:\/\/pecbag.com\/es\/wp-json\/wp\/v2\/types\/product"}],"wp:featuredmedia":[{"embeddable":true,"href":"https:\/\/pecbag.com\/es\/wp-json\/wp\/v2\/media\/4157"}],"wp:attachment":[{"href":"https:\/\/pecbag.com\/es\/wp-json\/wp\/v2\/media?parent=4153"}],"wp:term":[{"taxonomy":"product_brand","embeddable":true,"href":"https:\/\/pecbag.com\/es\/wp-json\/wp\/v2\/product_brand?post=4153"},{"taxonomy":"product_cat","embeddable":true,"href":"https:\/\/pecbag.com\/es\/wp-json\/wp\/v2\/product_cat?post=4153"},{"taxonomy":"product_tag","embeddable":true,"href":"https:\/\/pecbag.com\/es\/wp-json\/wp\/v2\/product_tag?post=4153"}],"curies":[{"name":"wp","href":"https:\/\/api.w.org\/{rel}","templated":true}]}}