{"id":4169,"date":"2025-06-26T02:25:16","date_gmt":"2025-06-26T02:25:16","guid":{"rendered":"https:\/\/pecbag.com\/?post_type=product&#038;p=4169"},"modified":"2025-11-29T01:18:26","modified_gmt":"2025-11-29T01:18:26","slug":"resistant-tackle-storage-fishing-tool-bag","status":"publish","type":"product","link":"https:\/\/pecbag.com\/es\/resistant-tackle-storage-fishing-tool-bag\/","title":{"rendered":"Resistente Tackle Almacenamiento Pesca Bolsa de herramientas"},"content":{"rendered":"<h5 title=\"Bolso plegable para perros Bolso de malla transpirable para mascotas peque\u00f1as Perros Gatos\" data-immersive-translate-walked=\"1c928421-2e42-4cd3-8754-5404553c0af5\" data-immersive-translate-paragraph=\"1\" data-spm-anchor-id=\"a2700.details.0.i35.4f6757d4w4zNZA\"><strong>Resistente Tackle Almacenamiento Pesca Herramienta Bolsa F\u00e1brica | Bolsa Impermeable F\u00e1brica y Mochila Durable Fabricante | Saltwater-Ready<\/strong><\/h5>\n<p>\u00bfNecesita bolsas de herramientas de pesca realmente resistentes al agua salada para su marca de art\u00edculos de pesca al aire libre? Como f\u00e1brica certificada de bolsas impermeables y fabricante de mochilas marinas en China (Tool Bag China), dise\u00f1amos bolsas de herramientas de pesca a prueba de corrosi\u00f3n con cremalleras antioxidantes, almacenamiento dividido y bases de drenaje r\u00e1pido. As\u00f3ciese con nuestro fabricante de Bolsas de Herramientas para pedidos al por mayor de Bolsas de Herramientas - en el que conf\u00edan mayoristas de Bolsas de Herramientas, minoristas de aparejos y vendedores de Bolsas de Herramientas de todo el mundo.<\/p>\n<div class=\"flex flex-grow flex-col max-w-full\">\n<div class=\"min-h-[20px] text-message flex w-full flex-col items-end gap-2 whitespace-pre-wrap break-words [.text-message+&amp;]:mt-5 overflow-x-auto\" dir=\"auto\" data-message-author-role=\"assistant\" data-message-id=\"3d7d46f6-7ec2-4222-9257-48fa0bba23c6\" data-suggestions=\"true\">\n<div class=\"flex w-full flex-col gap-1 empty:hidden first:pt-[3px]\">\n<div class=\"markdown prose w-full break-words dark:prose-invert light\">\n<table width=\"288\">\n<tbody>\n<tr>\n<td width=\"137\"><span style=\"color: #333333;\">Nombre del producto<\/span><\/td>\n<td width=\"151\">Bolsa de herramientas<\/td>\n<\/tr>\n<tr>\n<td><span style=\"color: #333333;\">N\u00ba de art\u00edculo<\/span><\/td>\n<td><span style=\"color: #333333;\">PB-2123<\/span><\/td>\n<\/tr>\n<tr>\n<td><span style=\"color: #333333;\">Material<\/span><\/td>\n<td>Poli\u00e9ster 600D<\/td>\n<\/tr>\n<tr>\n<td><span style=\"color: #333333;\">Tama\u00f1o y color<\/span><\/td>\n<td>Personalizado<\/td>\n<\/tr>\n<tr>\n<td><span style=\"color: #333333;\">\u00a0Plazo de entrega<\/span><\/td>\n<td><span style=\"color: #333333;\">1-5 d\u00edas para peque\u00f1as cantidades por v\u00eda a\u00e9rea y 30-35 d\u00edas para grandes cantidades por v\u00eda mar\u00edtima<\/span><\/td>\n<\/tr>\n<\/tbody>\n<\/table>\n<p class=\"ds-markdown-paragraph\">\u2705\u00a0<strong>Por qu\u00e9 los pescadores conf\u00edan en nuestras bolsas:<\/strong><\/p>\n<ul>\n<li>\n<p class=\"ds-markdown-paragraph\"><strong>Resistencia al agua salada<\/strong>: Cremalleras YKK anticorrosivas + nailon 1680D recubierto de PVC (resiste 500 horas a la niebla salina)<\/p>\n<\/li>\n<li>\n<p class=\"ds-markdown-paragraph\">Bolsa de herramientas ODM\/OEM con servicios completos de marca privada para bolsas de herramientas<\/p>\n<\/li>\n<li>\n<p class=\"ds-markdown-paragraph\">MOQ bajo Bolsa de herramientas producci\u00f3n a granel<\/p>\n<\/li>\n<li>\n<p class=\"ds-markdown-paragraph\">Exportaci\u00f3n r\u00e1pida de bolsas de herramientas desde nuestra f\u00e1brica con certificaci\u00f3n ISO<\/p>\n<\/li>\n<li>\n<p class=\"ds-markdown-paragraph\">M\u00e1s de 15 a\u00f1os como proveedor de bolsas de herramientas de primera calidad<\/p>\n<\/li>\n<\/ul>\n<p class=\"ds-markdown-paragraph\">\ud83c\udfa3\u00a0<strong>Construido para la batalla Caracter\u00edsticas:<\/strong><br \/>\n- Sistemas divisores resistentes al moho + almohadillas para los anzuelos de los se\u00f1uelos<br \/>\n- Bases autodrenantes + sumergibles hasta 1m<br \/>\n- Anillas en D resistentes al \u00f3xido + tirantes reforzados<br \/>\n- Configuraciones personalizadas mediante Tool Bag OEM<\/p>\n<p class=\"ds-markdown-paragraph\">Ideal para empresas de bolsas de herramientas, distribuidores de pesca y redes de mayoristas de bolsas de herramientas. Solicite hoy mismo informes GRATUITOS de pruebas de niebla salina a su fabricante especializado en bolsas para herramientas.<\/p>\n<\/div>\n<\/div>\n<\/div>\n<\/div>","protected":false},"excerpt":{"rendered":"<h2 data-immersive-translate-walked=\"344be1c1-5052-41eb-8fcd-0dbe236a0d6b\" data-immersive-translate-paragraph=\"1\">Resistente Tackle Almacenamiento Pesca Bolsa de herramientas<\/h2>\n<div>\n<div>1. Durable y resistente al agua - La bolsa de aparejos de pesca est\u00e1 hecha de poli\u00e9ster 1000D resistente al agua con cremalleras y hebillas de alta resistencia, es ideal para un uso rudo. Bolsillo interior con cremallera transparente debajo de la tapa mantiene sus licencias y otros objetos de valor visibles y seguros. Una funda para la lluvia guardada en el bolsillo trasero se puede utilizar bajo la lluvia para mantener tus cosas secas.<\/div>\n<div><\/div>\n<div>2. Gran capacidad - La bolsa de aparejos tiene una gran capacidad. El gran compartimento principal con un divisor extra\u00edble convierte la mochila para el almacenamiento de art\u00edculos m\u00e1s grandes. Dos bolsillos frontales con cremallera, cuatro bolsillos laterales con cremallera, dos bolsillos de malla y una ri\u00f1onera proporcionan transporte adicional y mucho espacio para guardar accesorios.<\/div>\n<div>\n<div><\/div>\n<div>\n<p>3. Dise\u00f1o c\u00f3modo y ergon\u00f3mico: el panel posterior acolchado y transpirable y las correas ergon\u00f3micas para los hombros proporcionan una mayor comodidad de transporte. La ri\u00f1onera puede guardarse en el panel trasero y utilizarse como cintur\u00f3n con mayor comodidad. Las tiras reflectantes de la parte delantera te mantienen seguro por la noche.<\/p>\n<\/div>\n<div>4. Base antiara\u00f1azos: las resistentes almohadillas de la base protegen la mochila de ara\u00f1azos en terrenos rocosos o h\u00famedos.<\/div>\n<\/div>\n<\/div>","protected":false},"featured_media":4170,"template":"","meta":{"_uag_custom_page_level_css":""},"product_brand":[],"product_cat":[49,46],"product_tag":[],"class_list":{"0":"post-4169","1":"product","2":"type-product","3":"status-publish","4":"has-post-thumbnail","6":"product_cat-tool-bag","7":"product_cat-fishing-bag","9":"first","10":"instock","11":"shipping-taxable","12":"product-type-simple"},"uagb_featured_image_src":{"full":["https:\/\/pecbag.com\/wp-content\/uploads\/2025\/06\/Resistant-Tackle-Storage-Fishing-Tool-Bag-4.jpeg",500,500,false],"thumbnail":["https:\/\/pecbag.com\/wp-content\/uploads\/2025\/06\/Resistant-Tackle-Storage-Fishing-Tool-Bag-4-150x150.jpeg",150,150,true],"medium":["https:\/\/pecbag.com\/wp-content\/uploads\/2025\/06\/Resistant-Tackle-Storage-Fishing-Tool-Bag-4-300x300.jpeg",300,300,true],"medium_large":["https:\/\/pecbag.com\/wp-content\/uploads\/2025\/06\/Resistant-Tackle-Storage-Fishing-Tool-Bag-4.jpeg",500,500,false],"large":["https:\/\/pecbag.com\/wp-content\/uploads\/2025\/06\/Resistant-Tackle-Storage-Fishing-Tool-Bag-4.jpeg",500,500,false],"1536x1536":["https:\/\/pecbag.com\/wp-content\/uploads\/2025\/06\/Resistant-Tackle-Storage-Fishing-Tool-Bag-4.jpeg",500,500,false],"2048x2048":["https:\/\/pecbag.com\/wp-content\/uploads\/2025\/06\/Resistant-Tackle-Storage-Fishing-Tool-Bag-4.jpeg",500,500,false],"trp-custom-language-flag":["https:\/\/pecbag.com\/wp-content\/uploads\/2025\/06\/Resistant-Tackle-Storage-Fishing-Tool-Bag-4-12x12.jpeg",12,12,true],"woocommerce_thumbnail":["https:\/\/pecbag.com\/wp-content\/uploads\/2025\/06\/Resistant-Tackle-Storage-Fishing-Tool-Bag-4-300x300.jpeg",300,300,true],"woocommerce_single":["https:\/\/pecbag.com\/wp-content\/uploads\/2025\/06\/Resistant-Tackle-Storage-Fishing-Tool-Bag-4.jpeg",500,500,false],"woocommerce_gallery_thumbnail":["https:\/\/pecbag.com\/wp-content\/uploads\/2025\/06\/Resistant-Tackle-Storage-Fishing-Tool-Bag-4-100x100.jpeg",100,100,true]},"uagb_author_info":{"display_name":"Lawrence","author_link":"https:\/\/pecbag.com\/es\/author\/"},"uagb_comment_info":0,"uagb_excerpt":"Resistant Tackle Storage Fishing Tool Bag 1. Durable &amp; Water Resistance - The fishing tackle bag is made of waterproof strong 1000D polyester with heavy-duty zippers and buckles, it is ideal for rough use. Clear zippered interior pocket under the lid keeps your licenses and other valuables visible and secure. A rain cover stored in&hellip;","_links":{"self":[{"href":"https:\/\/pecbag.com\/es\/wp-json\/wp\/v2\/product\/4169","targetHints":{"allow":["GET"]}}],"collection":[{"href":"https:\/\/pecbag.com\/es\/wp-json\/wp\/v2\/product"}],"about":[{"href":"https:\/\/pecbag.com\/es\/wp-json\/wp\/v2\/types\/product"}],"wp:featuredmedia":[{"embeddable":true,"href":"https:\/\/pecbag.com\/es\/wp-json\/wp\/v2\/media\/4170"}],"wp:attachment":[{"href":"https:\/\/pecbag.com\/es\/wp-json\/wp\/v2\/media?parent=4169"}],"wp:term":[{"taxonomy":"product_brand","embeddable":true,"href":"https:\/\/pecbag.com\/es\/wp-json\/wp\/v2\/product_brand?post=4169"},{"taxonomy":"product_cat","embeddable":true,"href":"https:\/\/pecbag.com\/es\/wp-json\/wp\/v2\/product_cat?post=4169"},{"taxonomy":"product_tag","embeddable":true,"href":"https:\/\/pecbag.com\/es\/wp-json\/wp\/v2\/product_tag?post=4169"}],"curies":[{"name":"wp","href":"https:\/\/api.w.org\/{rel}","templated":true}]}}