{"id":4210,"date":"2025-06-27T03:06:39","date_gmt":"2025-06-27T03:06:39","guid":{"rendered":"https:\/\/pecbag.com\/?post_type=product&#038;p=4210"},"modified":"2025-11-29T01:18:22","modified_gmt":"2025-11-29T01:18:22","slug":"custom-tactical-military-tool-bag","status":"publish","type":"product","link":"https:\/\/pecbag.com\/es\/custom-tactical-military-tool-bag\/","title":{"rendered":"Bolsa de herramientas militar t\u00e1ctica personalizada"},"content":{"rendered":"<h5 title=\"Bolso plegable para perros Bolso de malla transpirable para mascotas peque\u00f1as Perros Gatos\" data-immersive-translate-walked=\"1c928421-2e42-4cd3-8754-5404553c0af5\" data-immersive-translate-paragraph=\"1\" data-spm-anchor-id=\"a2700.details.0.i35.4f6757d4w4zNZA\"><strong>Custom Tactical Military Tool Bag Factory | Battle-Proven Waterproof Bag Factory &amp; MOLLE Backpack Manufacturer | Mission-Ready Bulk<\/strong><\/h5>\n<p>\u00bfNecesita bolsas de herramientas militares t\u00e1cticas personalizadas listas para misiones para proveedores de defensa u operaciones de campo? Como f\u00e1brica de bolsas impermeables con certificaci\u00f3n ISO y fabricante de mochilas t\u00e1cticas en China (Tool Bag China), dise\u00f1amos bolsas de herramientas mil-spec con paneles MOLLE personalizables, cremalleras a prueba de corrosi\u00f3n y asas de arrastre. As\u00f3ciese con nuestro fabricante de Bolsas para Herramientas para pedidos al por mayor de Bolsas para Herramientas, en el que conf\u00edan mayoristas de Bolsas para Herramientas, proveedores militares y vendedores de Bolsas para Herramientas de todo el mundo.<\/p>\n<div class=\"flex flex-grow flex-col max-w-full\">\n<div class=\"min-h-[20px] text-message flex w-full flex-col items-end gap-2 whitespace-pre-wrap break-words [.text-message+&amp;]:mt-5 overflow-x-auto\" dir=\"auto\" data-message-author-role=\"assistant\" data-message-id=\"3d7d46f6-7ec2-4222-9257-48fa0bba23c6\" data-suggestions=\"true\">\n<div class=\"flex w-full flex-col gap-1 empty:hidden first:pt-[3px]\">\n<div class=\"markdown prose w-full break-words dark:prose-invert light\">\n<table width=\"288\">\n<tbody>\n<tr>\n<td width=\"137\"><span style=\"color: #333333;\">Nombre del producto<\/span><\/td>\n<td width=\"151\">Bolsa de herramientas<\/td>\n<\/tr>\n<tr>\n<td><span style=\"color: #333333;\">N\u00ba de art\u00edculo<\/span><\/td>\n<td><span style=\"color: #333333;\">PB-2124<\/span><\/td>\n<\/tr>\n<tr>\n<td><span style=\"color: #333333;\">Material<\/span><\/td>\n<td>Nylon 1000D<\/td>\n<\/tr>\n<tr>\n<td><span style=\"color: #333333;\">Tama\u00f1o y color<\/span><\/td>\n<td>8,8 x 1,5 x 6,8 pulgadas<\/td>\n<\/tr>\n<tr>\n<td><span style=\"color: #333333;\">\u00a0Plazo de entrega<\/span><\/td>\n<td><span style=\"color: #333333;\">1-5 d\u00edas para peque\u00f1as cantidades por v\u00eda a\u00e9rea y 30-35 d\u00edas para grandes cantidades por v\u00eda mar\u00edtima<\/span><\/td>\n<\/tr>\n<\/tbody>\n<\/table>\n<p class=\"ds-markdown-paragraph\">\u2705\u00a0<strong>Por qu\u00e9 los comandantes eligen nuestro equipo:<\/strong><\/p>\n<ul>\n<li>\n<p class=\"ds-markdown-paragraph\"><strong>Validaci\u00f3n en el campo de batalla<\/strong>: Nylon 1000D recubierto de PVC + costuras dobles (probado seg\u00fan MIL-STD-810G)<\/p>\n<\/li>\n<li>\n<p class=\"ds-markdown-paragraph\">Bolsa de herramientas ODM\/OEM con servicios completos de marca privada para bolsas de herramientas<\/p>\n<\/li>\n<li>\n<p class=\"ds-markdown-paragraph\">Producci\u00f3n a granel de bolsas de herramientas con MOQ bajo (m\u00e1s de 100 unidades)<\/p>\n<\/li>\n<li>\n<p class=\"ds-markdown-paragraph\">Exportaci\u00f3n discreta de bolsas de herramientas desde nuestra f\u00e1brica segura de bolsas de herramientas<\/p>\n<\/li>\n<li>\n<p class=\"ds-markdown-paragraph\">Opciones conformes con ITAR para contratos de defensa<\/p>\n<\/li>\n<\/ul>\n<p class=\"ds-markdown-paragraph\">\ud83c\udfaf\u00a0<strong>Caracter\u00edsticas Tactical Advantage:<\/strong><br \/>\n- Cinchas modulares MOLLE\/PALS + anillas para radio\/equipo<br \/>\n- Estanqueidad sumergible (clasificaci\u00f3n IPX7)<br \/>\n- Paneles de administraci\u00f3n de acceso r\u00e1pido + fundas portadocumentos<br \/>\n- Configuraciones personalizadas mediante Tool Bag OEM<\/p>\n<p class=\"ds-markdown-paragraph\">Ideal para empresas de bolsas de herramientas, distribuidores militares y redes de proveedores de bolsas de herramientas. Solicite hoy mismo un servicio GRATUITO de dise\u00f1o CAD a su fabricante especializado en bolsas para herramientas.<\/p>\n<\/div>\n<\/div>\n<\/div>\n<\/div>","protected":false},"excerpt":{"rendered":"<h2 data-immersive-translate-walked=\"344be1c1-5052-41eb-8fcd-0dbe236a0d6b\" data-immersive-translate-paragraph=\"1\">Bolsa de herramientas militar t\u00e1ctica personalizada<\/h2>\n<div>\n<p><strong>1. BOLSILLO DELANTERO OCULTO: <\/strong>Esta bolsa tiene un compartimento frontal con cierre Hook-N-Loop, el exterior frontal tiene dos grandes compartimentos con cierre de solapa adhesiva m\u00e1gica para garantizar que sus art\u00edculos est\u00e9n bien organizados y una gran capacidad de carga.<\/p>\n<p><strong>2. MOLLE MONTADO:<\/strong>\u00a0Molle admin bolsa equipa 2 correas traseras Molle con broches de presi\u00f3n fuerte puede encajar perfectamente 3 filas abiertas de correas Molle en su chaleco, mochila, aparejo de pecho. Gran complemento para los art\u00edculos a alcanzar sin quitar la mochila.<\/p>\n<\/div>","protected":false},"featured_media":4217,"template":"","meta":{"_uag_custom_page_level_css":""},"product_brand":[],"product_cat":[49,46],"product_tag":[],"class_list":{"0":"post-4210","1":"product","2":"type-product","3":"status-publish","4":"has-post-thumbnail","6":"product_cat-tool-bag","7":"product_cat-fishing-bag","9":"first","10":"instock","11":"shipping-taxable","12":"product-type-simple"},"uagb_featured_image_src":{"full":["https:\/\/pecbag.com\/wp-content\/uploads\/2025\/06\/Custom-5.jpg",1500,1500,false],"thumbnail":["https:\/\/pecbag.com\/wp-content\/uploads\/2025\/06\/Custom-5-150x150.jpg",150,150,true],"medium":["https:\/\/pecbag.com\/wp-content\/uploads\/2025\/06\/Custom-5-300x300.jpg",300,300,true],"medium_large":["https:\/\/pecbag.com\/wp-content\/uploads\/2025\/06\/Custom-5-768x768.jpg",768,768,true],"large":["https:\/\/pecbag.com\/wp-content\/uploads\/2025\/06\/Custom-5-1024x1024.jpg",800,800,true],"1536x1536":["https:\/\/pecbag.com\/wp-content\/uploads\/2025\/06\/Custom-5.jpg",1500,1500,false],"2048x2048":["https:\/\/pecbag.com\/wp-content\/uploads\/2025\/06\/Custom-5.jpg",1500,1500,false],"trp-custom-language-flag":["https:\/\/pecbag.com\/wp-content\/uploads\/2025\/06\/Custom-5-12x12.jpg",12,12,true],"woocommerce_thumbnail":["https:\/\/pecbag.com\/wp-content\/uploads\/2025\/06\/Custom-5-300x300.jpg",300,300,true],"woocommerce_single":["https:\/\/pecbag.com\/wp-content\/uploads\/2025\/06\/Custom-5-600x600.jpg",600,600,true],"woocommerce_gallery_thumbnail":["https:\/\/pecbag.com\/wp-content\/uploads\/2025\/06\/Custom-5-100x100.jpg",100,100,true]},"uagb_author_info":{"display_name":"Lawrence","author_link":"https:\/\/pecbag.com\/es\/author\/"},"uagb_comment_info":0,"uagb_excerpt":"Custom Tactical Military Tool Bag 1. FRONT HIDDEN POCKET: This pouch has a front compartment with Hook-N-Loop closure, the front exterior has two large compartments with a magic sticker flap closure to ensure your items well organized and strong loading capacity. 2. MOLLE MOUNTED:\u00a0Molle admin pouch equips 2 back Molle back straps with strong snaps&hellip;","_links":{"self":[{"href":"https:\/\/pecbag.com\/es\/wp-json\/wp\/v2\/product\/4210","targetHints":{"allow":["GET"]}}],"collection":[{"href":"https:\/\/pecbag.com\/es\/wp-json\/wp\/v2\/product"}],"about":[{"href":"https:\/\/pecbag.com\/es\/wp-json\/wp\/v2\/types\/product"}],"wp:featuredmedia":[{"embeddable":true,"href":"https:\/\/pecbag.com\/es\/wp-json\/wp\/v2\/media\/4217"}],"wp:attachment":[{"href":"https:\/\/pecbag.com\/es\/wp-json\/wp\/v2\/media?parent=4210"}],"wp:term":[{"taxonomy":"product_brand","embeddable":true,"href":"https:\/\/pecbag.com\/es\/wp-json\/wp\/v2\/product_brand?post=4210"},{"taxonomy":"product_cat","embeddable":true,"href":"https:\/\/pecbag.com\/es\/wp-json\/wp\/v2\/product_cat?post=4210"},{"taxonomy":"product_tag","embeddable":true,"href":"https:\/\/pecbag.com\/es\/wp-json\/wp\/v2\/product_tag?post=4210"}],"curies":[{"name":"wp","href":"https:\/\/api.w.org\/{rel}","templated":true}]}}