{"id":4219,"date":"2025-06-27T03:48:50","date_gmt":"2025-06-27T03:48:50","guid":{"rendered":"https:\/\/pecbag.com\/?post_type=product&#038;p=4219"},"modified":"2025-11-29T01:18:14","modified_gmt":"2025-11-29T01:18:14","slug":"premium-firefighter-turnout-fire-gear-tool-bag","status":"publish","type":"product","link":"https:\/\/pecbag.com\/es\/premium-firefighter-turnout-fire-gear-tool-bag\/","title":{"rendered":"Bolsa de herramientas Premium Firefighter Turnout Fire Gear"},"content":{"rendered":"<h5 title=\"Bolso plegable para perros Bolso de malla transpirable para mascotas peque\u00f1as Perros Gatos\" data-immersive-translate-walked=\"1c928421-2e42-4cd3-8754-5404553c0af5\" data-immersive-translate-paragraph=\"1\" data-spm-anchor-id=\"a2700.details.0.i35.4f6757d4w4zNZA\"><strong>Premium Firefighter Turnout Fire Gear Tool Bag Factory | Waterproof Bag Factory &amp; Tactical Backpack Manufacturer | First-Responder Grade<\/strong><\/h5>\n<p>\u00bfNecesita bolsas de herramientas de primera calidad para bomberos para servicios de emergencia? Como f\u00e1brica certificada de bolsas impermeables y fabricante de mochilas t\u00e1cticas en China (Tool Bag China), dise\u00f1amos bolsas de herramientas para primeros auxilios con materiales resistentes al fuego, tiras reflectantes al calor y organizaci\u00f3n de acceso r\u00e1pido. As\u00f3ciese con nuestro fabricante de Bolsas de Herramientas para pedidos al por mayor de Bolsas de Herramientas - en el que conf\u00edan mayoristas de Bolsas de Herramientas, proveedores municipales y vendedores de Bolsas de Herramientas de todo el mundo.<\/p>\n<div class=\"flex flex-grow flex-col max-w-full\">\n<div class=\"min-h-[20px] text-message flex w-full flex-col items-end gap-2 whitespace-pre-wrap break-words [.text-message+&amp;]:mt-5 overflow-x-auto\" dir=\"auto\" data-message-author-role=\"assistant\" data-message-id=\"3d7d46f6-7ec2-4222-9257-48fa0bba23c6\" data-suggestions=\"true\">\n<div class=\"flex w-full flex-col gap-1 empty:hidden first:pt-[3px]\">\n<div class=\"markdown prose w-full break-words dark:prose-invert light\">\n<table width=\"288\">\n<tbody>\n<tr>\n<td width=\"137\"><span style=\"color: #333333;\">Nombre del producto<\/span><\/td>\n<td width=\"151\">Bolsa de herramientas<\/td>\n<\/tr>\n<tr>\n<td><span style=\"color: #333333;\">N\u00ba de art\u00edculo<\/span><\/td>\n<td><span style=\"color: #333333;\">PB-2125<\/span><\/td>\n<\/tr>\n<tr>\n<td><span style=\"color: #333333;\">Material<\/span><\/td>\n<td>Ripstop<\/td>\n<\/tr>\n<tr>\n<td><span style=\"color: #333333;\">Tama\u00f1o y color<\/span><\/td>\n<td>27 x 17 x 13 pulgadas<\/td>\n<\/tr>\n<tr>\n<td><span style=\"color: #333333;\">\u00a0Plazo de entrega<\/span><\/td>\n<td><span style=\"color: #333333;\">1-5 d\u00edas para peque\u00f1as cantidades por v\u00eda a\u00e9rea y 30-35 d\u00edas para grandes cantidades por v\u00eda mar\u00edtima<\/span><\/td>\n<\/tr>\n<\/tbody>\n<\/table>\n<p class=\"ds-markdown-paragraph\">\ud83d\udd25\u00a0<strong>Por qu\u00e9 los cuerpos de bomberos especifican nuestras bolsas:<\/strong><\/p>\n<ul>\n<li>\n<p class=\"ds-markdown-paragraph\"><strong>Dise\u00f1o Turnout-Ready<\/strong>: Materiales resistentes a 500\u00b0F + tiras reflectantes Hi-Vis (cumple las normas NFPA 1971)<\/p>\n<\/li>\n<li>\n<p class=\"ds-markdown-paragraph\">Bolsa de herramientas ODM\/OEM con servicios completos de marca privada para bolsas de herramientas<\/p>\n<\/li>\n<li>\n<p class=\"ds-markdown-paragraph\">Producci\u00f3n a granel de bolsas de herramientas con MOQ bajo (m\u00e1s de 75 unidades)<\/p>\n<\/li>\n<li>\n<p class=\"ds-markdown-paragraph\">Exportaci\u00f3n urgente de bolsas de herramientas desde nuestra segura f\u00e1brica de bolsas de herramientas<\/p>\n<\/li>\n<li>\n<p class=\"ds-markdown-paragraph\">M\u00e1s de 20 a\u00f1os como proveedor de confianza de bolsas de herramientas para servicios de emergencia<\/p>\n<\/li>\n<\/ul>\n<p class=\"ds-markdown-paragraph\">\ud83d\ude92\u00a0<strong>Caracter\u00edsticas salvavidas:<\/strong><br \/>\n- Tejido mixto Nomex\u00ae\/Kevlar\u00ae (certificado ASTM F2733)<br \/>\n- Compatible con Molle para integraci\u00f3n SCBA + bucles de radio<br \/>\n- Compartimentos estancos + ojales de drenaje decon<br \/>\n- Configuraciones personalizadas mediante Tool Bag OEM<\/p>\n<p class=\"ds-markdown-paragraph\">Ideal para empresas de bolsas de herramientas, distribuidores municipales y redes de mayoristas de bolsas de herramientas. Solicite hoy mismo informes GRATUITOS de pruebas de quemado a su fabricante especializado en bolsas para herramientas.<\/p>\n<\/div>\n<\/div>\n<\/div>\n<\/div>","protected":false},"excerpt":{"rendered":"<h2 data-immersive-translate-walked=\"344be1c1-5052-41eb-8fcd-0dbe236a0d6b\" data-immersive-translate-paragraph=\"1\">Bolsa de herramientas Premium Firefighter Turnout Fire Gear<\/h2>\n<div>\n<p>1. La bolsa de equipo de bombero tiene un fondo reforzado con asas de cincha envueltas alrededor de la bolsa, un asa de transporte acolchada.<\/p>\n<p>2. Hemos hecho que nuestra bolsa de equipo de intervenci\u00f3n sea m\u00e1s f\u00e1cil de agarrar, ech\u00e1rsela al hombro y responder r\u00e1pidamente al incluir herrajes met\u00e1licos largos y resistentes, una correa para el hombro acolchada, ajustable y extra\u00edble con clips met\u00e1licos.<\/p>\n<\/div>","protected":false},"featured_media":4224,"template":"","meta":{"_uag_custom_page_level_css":""},"product_brand":[],"product_cat":[49],"product_tag":[],"class_list":{"0":"post-4219","1":"product","2":"type-product","3":"status-publish","4":"has-post-thumbnail","6":"product_cat-tool-bag","8":"first","9":"instock","10":"shipping-taxable","11":"product-type-simple"},"uagb_featured_image_src":{"full":["https:\/\/pecbag.com\/wp-content\/uploads\/2025\/06\/Premium-Firefighter-Turnout-Fire-Gear-Tool-Bag-2.jpg",2000,2000,false],"thumbnail":["https:\/\/pecbag.com\/wp-content\/uploads\/2025\/06\/Premium-Firefighter-Turnout-Fire-Gear-Tool-Bag-2-150x150.jpg",150,150,true],"medium":["https:\/\/pecbag.com\/wp-content\/uploads\/2025\/06\/Premium-Firefighter-Turnout-Fire-Gear-Tool-Bag-2-300x300.jpg",300,300,true],"medium_large":["https:\/\/pecbag.com\/wp-content\/uploads\/2025\/06\/Premium-Firefighter-Turnout-Fire-Gear-Tool-Bag-2-768x768.jpg",768,768,true],"large":["https:\/\/pecbag.com\/wp-content\/uploads\/2025\/06\/Premium-Firefighter-Turnout-Fire-Gear-Tool-Bag-2-1024x1024.jpg",800,800,true],"1536x1536":["https:\/\/pecbag.com\/wp-content\/uploads\/2025\/06\/Premium-Firefighter-Turnout-Fire-Gear-Tool-Bag-2-1536x1536.jpg",1536,1536,true],"2048x2048":["https:\/\/pecbag.com\/wp-content\/uploads\/2025\/06\/Premium-Firefighter-Turnout-Fire-Gear-Tool-Bag-2.jpg",2000,2000,false],"trp-custom-language-flag":["https:\/\/pecbag.com\/wp-content\/uploads\/2025\/06\/Premium-Firefighter-Turnout-Fire-Gear-Tool-Bag-2-12x12.jpg",12,12,true],"woocommerce_thumbnail":["https:\/\/pecbag.com\/wp-content\/uploads\/2025\/06\/Premium-Firefighter-Turnout-Fire-Gear-Tool-Bag-2-300x300.jpg",300,300,true],"woocommerce_single":["https:\/\/pecbag.com\/wp-content\/uploads\/2025\/06\/Premium-Firefighter-Turnout-Fire-Gear-Tool-Bag-2-600x600.jpg",600,600,true],"woocommerce_gallery_thumbnail":["https:\/\/pecbag.com\/wp-content\/uploads\/2025\/06\/Premium-Firefighter-Turnout-Fire-Gear-Tool-Bag-2-100x100.jpg",100,100,true]},"uagb_author_info":{"display_name":"Lawrence","author_link":"https:\/\/pecbag.com\/es\/author\/"},"uagb_comment_info":0,"uagb_excerpt":"Premium Firefighter Turnout Fire Gear Tool Bag 1. The firefighter gear bag has a reinforced bottom with webbing handles wrapped around the bag, a padded carrying handle. 2. We've made our turnout gear bag easier to grab, throw over a shoulder, and respond quickly by including long, heavy-duty metal hardware, a removable, adjustable padded shoulder&hellip;","_links":{"self":[{"href":"https:\/\/pecbag.com\/es\/wp-json\/wp\/v2\/product\/4219","targetHints":{"allow":["GET"]}}],"collection":[{"href":"https:\/\/pecbag.com\/es\/wp-json\/wp\/v2\/product"}],"about":[{"href":"https:\/\/pecbag.com\/es\/wp-json\/wp\/v2\/types\/product"}],"wp:featuredmedia":[{"embeddable":true,"href":"https:\/\/pecbag.com\/es\/wp-json\/wp\/v2\/media\/4224"}],"wp:attachment":[{"href":"https:\/\/pecbag.com\/es\/wp-json\/wp\/v2\/media?parent=4219"}],"wp:term":[{"taxonomy":"product_brand","embeddable":true,"href":"https:\/\/pecbag.com\/es\/wp-json\/wp\/v2\/product_brand?post=4219"},{"taxonomy":"product_cat","embeddable":true,"href":"https:\/\/pecbag.com\/es\/wp-json\/wp\/v2\/product_cat?post=4219"},{"taxonomy":"product_tag","embeddable":true,"href":"https:\/\/pecbag.com\/es\/wp-json\/wp\/v2\/product_tag?post=4219"}],"curies":[{"name":"wp","href":"https:\/\/api.w.org\/{rel}","templated":true}]}}