{"id":4226,"date":"2025-06-28T01:39:32","date_gmt":"2025-06-28T01:39:32","guid":{"rendered":"https:\/\/pecbag.com\/?post_type=product&#038;p=4226"},"modified":"2025-11-29T01:18:10","modified_gmt":"2025-11-29T01:18:10","slug":"outdoor-fishing-storage-crossbody-bag","status":"publish","type":"product","link":"https:\/\/pecbag.com\/es\/outdoor-fishing-storage-crossbody-bag\/","title":{"rendered":"Pesca al aire libre Bolsa de almacenamiento Crossbody"},"content":{"rendered":"<h5 title=\"Bolso plegable para perros Bolso de malla transpirable para mascotas peque\u00f1as Perros Gatos\" data-immersive-translate-walked=\"1c928421-2e42-4cd3-8754-5404553c0af5\" data-immersive-translate-paragraph=\"1\" data-spm-anchor-id=\"a2700.details.0.i35.4f6757d4w4zNZA\"><strong>Pesca al aire libre Bolsa de almacenamiento Crossbody F\u00e1brica | F\u00e1brica de bolsas a prueba de agua y Mochila T\u00e9cnica Fabricante | Angler-Proven Bulk<\/strong><\/h5>\n<p>\u00bfNecesita bolsas de pesca de alto rendimiento para su marca de aparejos? Como fabricante certificado de bolsas impermeables y mochilas de pesca en China (Crossbody Bag China), dise\u00f1amos bolsas crossbody listas para pescadores con compartimentos impermeables, cremalleras a prueba de corrosi\u00f3n y organizaci\u00f3n modular. As\u00f3ciese con nuestro fabricante de Bolsas Crossbody para pedidos al por mayor de Bolsas Crossbody - de confianza para mayoristas de Bolsas Crossbody, minoristas de actividades al aire libre, y vendedores de Bolsas Crossbody a nivel mundial.<\/p>\n<div class=\"flex flex-grow flex-col max-w-full\">\n<div class=\"min-h-[20px] text-message flex w-full flex-col items-end gap-2 whitespace-pre-wrap break-words [.text-message+&amp;]:mt-5 overflow-x-auto\" dir=\"auto\" data-message-author-role=\"assistant\" data-message-id=\"3d7d46f6-7ec2-4222-9257-48fa0bba23c6\" data-suggestions=\"true\">\n<div class=\"flex w-full flex-col gap-1 empty:hidden first:pt-[3px]\">\n<div class=\"markdown prose w-full break-words dark:prose-invert light\">\n<table width=\"288\">\n<tbody>\n<tr>\n<td width=\"137\"><span style=\"color: #333333;\">Nombre del producto<\/span><\/td>\n<td width=\"151\">Bolso Crossbody<\/td>\n<\/tr>\n<tr>\n<td><span style=\"color: #333333;\">N\u00ba de art\u00edculo<\/span><\/td>\n<td><span style=\"color: #333333;\">PB-2126<\/span><\/td>\n<\/tr>\n<tr>\n<td><span style=\"color: #333333;\">Material<\/span><\/td>\n<td>Nylon 1000D<\/td>\n<\/tr>\n<tr>\n<td><span style=\"color: #333333;\">Talla<\/span><\/td>\n<td>11.8*9*6.3in<\/td>\n<\/tr>\n<tr>\n<td><span style=\"color: #333333;\">\u00a0Plazo de entrega<\/span><\/td>\n<td><span style=\"color: #333333;\">1-5 d\u00edas para peque\u00f1as cantidades por v\u00eda a\u00e9rea y 30-35 d\u00edas para grandes cantidades por v\u00eda mar\u00edtima<\/span><\/td>\n<\/tr>\n<\/tbody>\n<\/table>\n<p class=\"ds-markdown-paragraph\">\ud83c\udfa3\u00a0<strong>Por qu\u00e9 nos eligen los proveedores de aparejos:<\/strong><\/p>\n<ul>\n<li>\n<p class=\"ds-markdown-paragraph\"><strong>Dise\u00f1o apto para peces<\/strong>: Forro de TPU sumergible (clasificaci\u00f3n IPX8) + bolsillos de drenaje r\u00e1pido<\/p>\n<\/li>\n<li>\n<p class=\"ds-markdown-paragraph\">Bolsa de crossbody ODM\/OEM con servicios completos de etiquetado privado de bolsas de crossbody<\/p>\n<\/li>\n<li>\n<p class=\"ds-markdown-paragraph\">MOQ bajo Bolsa Crossbody producci\u00f3n a granel<\/p>\n<\/li>\n<li>\n<p class=\"ds-markdown-paragraph\">Exportaci\u00f3n r\u00e1pida de bolsas Crossbody desde nuestra f\u00e1brica de bolsas Crossbody con certificaci\u00f3n ISO<\/p>\n<\/li>\n<li>\n<p class=\"ds-markdown-paragraph\">M\u00e1s de 15 a\u00f1os como proveedor de bolsas crossbody de primera calidad<\/p>\n<\/li>\n<\/ul>\n<p class=\"ds-markdown-paragraph\">\u2705\u00a0<strong>Caracter\u00edsticas aprobadas por pescadores:<\/strong><br \/>\n- Cremalleras YKK resistentes al agua salada y anillas en D resistentes al \u00f3xido<br \/>\n- Cajas dedicadas para se\u00f1uelos + bucles para herramientas + ranura para portaca\u00f1as<br \/>\n- Espalda de malla de secado r\u00e1pido + correas t\u00e1cticas ajustables<br \/>\n- Configuraciones personalizadas mediante OEM de bolsas crossbody<\/p>\n<p class=\"ds-markdown-paragraph\">Ideal para empresas de bolsas Crossbody, distribuidores de pesca y redes de mayoristas de bolsas Crossbody. Solicite hoy mismo kits de prueba de salpicaduras GRATUITOS a su fabricante especializado en bolsas Crossbody.<\/p>\n<\/div>\n<\/div>\n<\/div>\n<\/div>","protected":false},"excerpt":{"rendered":"<h2 data-immersive-translate-walked=\"344be1c1-5052-41eb-8fcd-0dbe236a0d6b\" data-immersive-translate-paragraph=\"1\">Pesca al aire libre Bolsa de almacenamiento Crossbody<\/h2>\n<div class=\"sliderTable mt10 mb10 sliderTable-index0\">\n<div class=\"inner\">\n<p><strong>1. Innovadora bolsa de almacenamiento multiusos<\/strong>: El tama\u00f1o de la bolsa de equipo de pesca es 11.8*9*6.3in. Hay m\u00faltiples compartimentos para que pueda almacenar cebo, alicates, alambre, una caja de cebo, una cartera, un tel\u00e9fono y otros accesorios. Haga su viaje m\u00e1s conveniente.<\/p>\n<p><strong>2. Correa ajustable y desmontable<\/strong>: La correa de hombro es ajustable y desmontable, puede tener m\u00faltiples maneras de usarlo, como bolso de hombro, bolso de mano, bolsa de pecho, bolsa de aparejos de pesca, Crossbody Ba,g etc.<\/p>\n<\/div>\n<\/div>","protected":false},"featured_media":4232,"template":"","meta":{"_uag_custom_page_level_css":""},"product_brand":[],"product_cat":[62,46],"product_tag":[],"class_list":{"0":"post-4226","1":"product","2":"type-product","3":"status-publish","4":"has-post-thumbnail","6":"product_cat-crossbody-bags","7":"product_cat-fishing-bag","9":"first","10":"instock","11":"shipping-taxable","12":"product-type-simple"},"uagb_featured_image_src":{"full":["https:\/\/pecbag.com\/wp-content\/uploads\/2025\/06\/Outdoor-Fishing-Storage-Crossbody-Bag-21.jpg",1053,1500,false],"thumbnail":["https:\/\/pecbag.com\/wp-content\/uploads\/2025\/06\/Outdoor-Fishing-Storage-Crossbody-Bag-21-150x150.jpg",150,150,true],"medium":["https:\/\/pecbag.com\/wp-content\/uploads\/2025\/06\/Outdoor-Fishing-Storage-Crossbody-Bag-21-211x300.jpg",211,300,true],"medium_large":["https:\/\/pecbag.com\/wp-content\/uploads\/2025\/06\/Outdoor-Fishing-Storage-Crossbody-Bag-21-768x1094.jpg",768,1094,true],"large":["https:\/\/pecbag.com\/wp-content\/uploads\/2025\/06\/Outdoor-Fishing-Storage-Crossbody-Bag-21-719x1024.jpg",719,1024,true],"1536x1536":["https:\/\/pecbag.com\/wp-content\/uploads\/2025\/06\/Outdoor-Fishing-Storage-Crossbody-Bag-21.jpg",1053,1500,false],"2048x2048":["https:\/\/pecbag.com\/wp-content\/uploads\/2025\/06\/Outdoor-Fishing-Storage-Crossbody-Bag-21.jpg",1053,1500,false],"trp-custom-language-flag":["https:\/\/pecbag.com\/wp-content\/uploads\/2025\/06\/Outdoor-Fishing-Storage-Crossbody-Bag-21-8x12.jpg",8,12,true],"woocommerce_thumbnail":["https:\/\/pecbag.com\/wp-content\/uploads\/2025\/06\/Outdoor-Fishing-Storage-Crossbody-Bag-21-300x300.jpg",300,300,true],"woocommerce_single":["https:\/\/pecbag.com\/wp-content\/uploads\/2025\/06\/Outdoor-Fishing-Storage-Crossbody-Bag-21-600x855.jpg",600,855,true],"woocommerce_gallery_thumbnail":["https:\/\/pecbag.com\/wp-content\/uploads\/2025\/06\/Outdoor-Fishing-Storage-Crossbody-Bag-21-100x100.jpg",100,100,true]},"uagb_author_info":{"display_name":"Lawrence","author_link":"https:\/\/pecbag.com\/es\/author\/"},"uagb_comment_info":0,"uagb_excerpt":"Outdoor Fishing Storage Crossbody Bag 1. Innovative Storage Multi-Use Bag: The size of the fishing gear bag is 11.8*9*6.3in. There are multiple compartments for you to store bait, pliers, wire, a bait box, a wallet, a phone, and other accessories. Make your travel more convenient. 2. Adjustable and detachable strap: The shoulder strap is adjustable&hellip;","_links":{"self":[{"href":"https:\/\/pecbag.com\/es\/wp-json\/wp\/v2\/product\/4226","targetHints":{"allow":["GET"]}}],"collection":[{"href":"https:\/\/pecbag.com\/es\/wp-json\/wp\/v2\/product"}],"about":[{"href":"https:\/\/pecbag.com\/es\/wp-json\/wp\/v2\/types\/product"}],"wp:featuredmedia":[{"embeddable":true,"href":"https:\/\/pecbag.com\/es\/wp-json\/wp\/v2\/media\/4232"}],"wp:attachment":[{"href":"https:\/\/pecbag.com\/es\/wp-json\/wp\/v2\/media?parent=4226"}],"wp:term":[{"taxonomy":"product_brand","embeddable":true,"href":"https:\/\/pecbag.com\/es\/wp-json\/wp\/v2\/product_brand?post=4226"},{"taxonomy":"product_cat","embeddable":true,"href":"https:\/\/pecbag.com\/es\/wp-json\/wp\/v2\/product_cat?post=4226"},{"taxonomy":"product_tag","embeddable":true,"href":"https:\/\/pecbag.com\/es\/wp-json\/wp\/v2\/product_tag?post=4226"}],"curies":[{"name":"wp","href":"https:\/\/api.w.org\/{rel}","templated":true}]}}