{"id":4233,"date":"2025-06-28T01:52:51","date_gmt":"2025-06-28T01:52:51","guid":{"rendered":"https:\/\/pecbag.com\/?post_type=product&#038;p=4233"},"modified":"2025-11-29T01:14:22","modified_gmt":"2025-11-29T01:14:22","slug":"resistant-tactical-hip-bumbag-crossbody-bag","status":"publish","type":"product","link":"https:\/\/pecbag.com\/es\/resistant-tactical-hip-bumbag-crossbody-bag\/","title":{"rendered":"Resistente Tactical Hip Bumbag Crossbody Bag"},"content":{"rendered":"<h5 title=\"Bolso plegable para perros Bolso de malla transpirable para mascotas peque\u00f1as Perros Gatos\" data-immersive-translate-walked=\"1c928421-2e42-4cd3-8754-5404553c0af5\" data-immersive-translate-paragraph=\"1\" data-spm-anchor-id=\"a2700.details.0.i35.4f6757d4w4zNZA\"><strong>Resistente Tactical Hip Bumbag Crossbody Bag Factory | Waterproof Bag Factory &amp; Military Backpack Manufacturer | Duty-Ready Bulk<\/strong><\/h5>\n<p>\u00bfNecesita bolsas t\u00e1cticas tipo bumbag crossbody resistentes y probadas en combate para proveedores de seguridad o marcas de outdoor? Como fabricante certificado de bolsas impermeables y mochilas t\u00e1cticas en China (Crossbody Bag China), dise\u00f1amos bolsas crossbody mil-spec con poli\u00e9ster 600D resistente a la abrasi\u00f3n, dise\u00f1os de acceso r\u00e1pido y puntos de fijaci\u00f3n modulares. As\u00f3ciese con nuestro fabricante de Bolsas Crossbody para pedidos al por mayor de Bolsas Crossbody - con la confianza de mayoristas de Bolsas Crossbody, proveedores de las fuerzas del orden, y vendedores de Bolsas Crossbody a nivel mundial.<\/p>\n<div class=\"flex flex-grow flex-col max-w-full\">\n<div class=\"min-h-[20px] text-message flex w-full flex-col items-end gap-2 whitespace-pre-wrap break-words [.text-message+&amp;]:mt-5 overflow-x-auto\" dir=\"auto\" data-message-author-role=\"assistant\" data-message-id=\"3d7d46f6-7ec2-4222-9257-48fa0bba23c6\" data-suggestions=\"true\">\n<div class=\"flex w-full flex-col gap-1 empty:hidden first:pt-[3px]\">\n<div class=\"markdown prose w-full break-words dark:prose-invert light\">\n<table width=\"288\">\n<tbody>\n<tr>\n<td width=\"137\"><span style=\"color: #333333;\">Nombre del producto<\/span><\/td>\n<td width=\"151\">Bolso Crossbody<\/td>\n<\/tr>\n<tr>\n<td><span style=\"color: #333333;\">N\u00ba de art\u00edculo<\/span><\/td>\n<td><span style=\"color: #333333;\">PB-2127<\/span><\/td>\n<\/tr>\n<tr>\n<td><span style=\"color: #333333;\">Material<\/span><\/td>\n<td>Poli\u00e9ster 600D<\/td>\n<\/tr>\n<tr>\n<td><span style=\"color: #333333;\">Talla<\/span><\/td>\n<td>27 x 17 x 12 cm<\/td>\n<\/tr>\n<tr>\n<td><span style=\"color: #333333;\">\u00a0Plazo de entrega<\/span><\/td>\n<td><span style=\"color: #333333;\">1-5 d\u00edas para peque\u00f1as cantidades por v\u00eda a\u00e9rea y 30-35 d\u00edas para grandes cantidades por v\u00eda mar\u00edtima<\/span><\/td>\n<\/tr>\n<\/tbody>\n<\/table>\n<p class=\"ds-markdown-paragraph\">\u2705\u00a0<strong>Por qu\u00e9 los compradores t\u00e1cticos conf\u00edan en nuestro equipo:<\/strong><\/p>\n<ul>\n<li>\n<p class=\"ds-markdown-paragraph\"><strong>Durabilidad lista para la misi\u00f3n<\/strong>7 veces m\u00e1s resistente que el nailon est\u00e1ndar (probado seg\u00fan las normas ASTM D751)<\/p>\n<\/li>\n<li>\n<p class=\"ds-markdown-paragraph\">Bolsa de crossbody ODM\/OEM con servicios completos de etiquetado privado de bolsas de crossbody<\/p>\n<\/li>\n<li>\n<p class=\"ds-markdown-paragraph\">MOQ bajo Bolsa Crossbody producci\u00f3n a granel<\/p>\n<\/li>\n<li>\n<p class=\"ds-markdown-paragraph\">Exportaci\u00f3n discreta de bolsas crossbody desde nuestra f\u00e1brica segura de bolsas crossbody<\/p>\n<\/li>\n<li>\n<p class=\"ds-markdown-paragraph\">Opciones disponibles que cumplen la normativa ITAR<\/p>\n<\/li>\n<\/ul>\n<p class=\"ds-markdown-paragraph\">\ud83d\udd30\u00a0<strong>Caracter\u00edsticas Tactical Advantage:<\/strong><br \/>\n- Cinchas MOLLE\/PALS + compartimento portaobjetos<br \/>\n- Estanqueidad sumergible (IPX8) + rejillas de drenaje<br \/>\n- Cintur\u00f3n de cadera de liberaci\u00f3n r\u00e1pida + bolsillos con bloqueo RFID<br \/>\n- Configuraciones personalizadas mediante OEM de bolsas crossbody<\/p>\n<p class=\"ds-markdown-paragraph\">Ideal para empresas de bolsas crossbody, distribuidores de seguridad y redes de proveedores de bolsas crossbody. Solicite hoy mismo v\u00eddeos GRATUITOS de pruebas de abrasi\u00f3n a su fabricante especializado en bolsas Crossbody.<\/p>\n<\/div>\n<\/div>\n<\/div>\n<\/div>","protected":false},"excerpt":{"rendered":"<h2 data-immersive-translate-walked=\"344be1c1-5052-41eb-8fcd-0dbe236a0d6b\" data-immersive-translate-paragraph=\"1\">Resistente Tactical Hip Bumbag Crossbody Bag<\/h2>\n<div class=\"sliderTable mt10 mb10 sliderTable-index0\">\n<div class=\"inner\">\n<p>Esta vers\u00e1til bolsa puede llevarse alrededor de la cintura, colgada del hombro o cruzada para adaptarse mejor a su estilo de pesca. Ll\u00e9vala en la parte delantera para mayor accesibilidad o en la espalda para mayor comodidad.<\/p>\n<\/div>\n<\/div>","protected":false},"featured_media":4238,"template":"","meta":{"_uag_custom_page_level_css":""},"product_brand":[],"product_cat":[62,55,66],"product_tag":[],"class_list":{"0":"post-4233","1":"product","2":"type-product","3":"status-publish","4":"has-post-thumbnail","6":"product_cat-crossbody-bags","7":"product_cat-tactical-bag","8":"product_cat-waterproof-bag","10":"first","11":"instock","12":"shipping-taxable","13":"product-type-simple"},"uagb_featured_image_src":{"full":["https:\/\/pecbag.com\/wp-content\/uploads\/2025\/06\/Resistant-Tactical-Hip-Bumbag-Crossbody-Bag-2.jpg",1497,1497,false],"thumbnail":["https:\/\/pecbag.com\/wp-content\/uploads\/2025\/06\/Resistant-Tactical-Hip-Bumbag-Crossbody-Bag-2-150x150.jpg",150,150,true],"medium":["https:\/\/pecbag.com\/wp-content\/uploads\/2025\/06\/Resistant-Tactical-Hip-Bumbag-Crossbody-Bag-2-300x300.jpg",300,300,true],"medium_large":["https:\/\/pecbag.com\/wp-content\/uploads\/2025\/06\/Resistant-Tactical-Hip-Bumbag-Crossbody-Bag-2-768x768.jpg",768,768,true],"large":["https:\/\/pecbag.com\/wp-content\/uploads\/2025\/06\/Resistant-Tactical-Hip-Bumbag-Crossbody-Bag-2-1024x1024.jpg",800,800,true],"1536x1536":["https:\/\/pecbag.com\/wp-content\/uploads\/2025\/06\/Resistant-Tactical-Hip-Bumbag-Crossbody-Bag-2.jpg",1497,1497,false],"2048x2048":["https:\/\/pecbag.com\/wp-content\/uploads\/2025\/06\/Resistant-Tactical-Hip-Bumbag-Crossbody-Bag-2.jpg",1497,1497,false],"trp-custom-language-flag":["https:\/\/pecbag.com\/wp-content\/uploads\/2025\/06\/Resistant-Tactical-Hip-Bumbag-Crossbody-Bag-2-12x12.jpg",12,12,true],"woocommerce_thumbnail":["https:\/\/pecbag.com\/wp-content\/uploads\/2025\/06\/Resistant-Tactical-Hip-Bumbag-Crossbody-Bag-2-300x300.jpg",300,300,true],"woocommerce_single":["https:\/\/pecbag.com\/wp-content\/uploads\/2025\/06\/Resistant-Tactical-Hip-Bumbag-Crossbody-Bag-2-600x600.jpg",600,600,true],"woocommerce_gallery_thumbnail":["https:\/\/pecbag.com\/wp-content\/uploads\/2025\/06\/Resistant-Tactical-Hip-Bumbag-Crossbody-Bag-2-100x100.jpg",100,100,true]},"uagb_author_info":{"display_name":"Lawrence","author_link":"https:\/\/pecbag.com\/es\/author\/"},"uagb_comment_info":0,"uagb_excerpt":"Resistant Tactical Hip Bumbag Crossbody Bag This versatile bag can be carried around your waist, over your shoulder, or as a crossbody bag to best suit your fishing style. Wear it on your front for accessibility or on your back for comfort.","_links":{"self":[{"href":"https:\/\/pecbag.com\/es\/wp-json\/wp\/v2\/product\/4233","targetHints":{"allow":["GET"]}}],"collection":[{"href":"https:\/\/pecbag.com\/es\/wp-json\/wp\/v2\/product"}],"about":[{"href":"https:\/\/pecbag.com\/es\/wp-json\/wp\/v2\/types\/product"}],"wp:featuredmedia":[{"embeddable":true,"href":"https:\/\/pecbag.com\/es\/wp-json\/wp\/v2\/media\/4238"}],"wp:attachment":[{"href":"https:\/\/pecbag.com\/es\/wp-json\/wp\/v2\/media?parent=4233"}],"wp:term":[{"taxonomy":"product_brand","embeddable":true,"href":"https:\/\/pecbag.com\/es\/wp-json\/wp\/v2\/product_brand?post=4233"},{"taxonomy":"product_cat","embeddable":true,"href":"https:\/\/pecbag.com\/es\/wp-json\/wp\/v2\/product_cat?post=4233"},{"taxonomy":"product_tag","embeddable":true,"href":"https:\/\/pecbag.com\/es\/wp-json\/wp\/v2\/product_tag?post=4233"}],"curies":[{"name":"wp","href":"https:\/\/api.w.org\/{rel}","templated":true}]}}