{"id":4271,"date":"2025-06-30T01:33:23","date_gmt":"2025-06-30T01:33:23","guid":{"rendered":"https:\/\/pecbag.com\/?post_type=product&#038;p=4271"},"modified":"2025-11-29T01:14:08","modified_gmt":"2025-11-29T01:14:08","slug":"customization-large-capacity-camo-tactical-bag","status":"publish","type":"product","link":"https:\/\/pecbag.com\/es\/customization-large-capacity-camo-tactical-bag\/","title":{"rendered":"Personalizaci\u00f3n Bolsa T\u00e1ctica Camuflaje Gran Capacidad"},"content":{"rendered":"<h5 title=\"Bolso plegable para perros Bolso de malla transpirable para mascotas peque\u00f1as Perros Gatos\" data-immersive-translate-walked=\"1c928421-2e42-4cd3-8754-5404553c0af5\" data-immersive-translate-paragraph=\"1\" data-spm-anchor-id=\"a2700.details.0.i35.4f6757d4w4zNZA\"><strong>Personalizaci\u00f3n Gran Capacidad Camo Bolsa T\u00e1ctica F\u00e1brica | Bolsa Impermeable F\u00e1brica y Mochila Militar Fabricante | Sistemas Modulares A Granel<\/strong><\/h5>\n<p>\u00bfNecesita bolsas t\u00e1cticas de camuflaje totalmente personalizables y de gran capacidad para marcas de defensa o outdoor? Como f\u00e1brica certificada de bolsas impermeables y fabricante de mochilas t\u00e1cticas en China (Tactical Bag China), dise\u00f1amos bolsas t\u00e1cticas de camuflaje expandibles con paneles modulares, capacidades de 50L+, y materiales MIL-SPEC. As\u00f3ciese con nuestro fabricante de Bolsas T\u00e1cticas para pedidos al por mayor de Bolsas T\u00e1cticas - en el que conf\u00edan mayoristas de Bolsas T\u00e1cticas, proveedores gubernamentales y vendedores de Bolsas T\u00e1cticas de todo el mundo.<\/p>\n<div class=\"flex flex-grow flex-col max-w-full\">\n<div class=\"min-h-[20px] text-message flex w-full flex-col items-end gap-2 whitespace-pre-wrap break-words [.text-message+&amp;]:mt-5 overflow-x-auto\" dir=\"auto\" data-message-author-role=\"assistant\" data-message-id=\"3d7d46f6-7ec2-4222-9257-48fa0bba23c6\" data-suggestions=\"true\">\n<div class=\"flex w-full flex-col gap-1 empty:hidden first:pt-[3px]\">\n<div class=\"markdown prose w-full break-words dark:prose-invert light\">\n<table width=\"288\">\n<tbody>\n<tr>\n<td width=\"137\"><span style=\"color: #333333;\">Nombre del producto<\/span><\/td>\n<td width=\"151\">Bolso Crossbody<\/td>\n<\/tr>\n<tr>\n<td><span style=\"color: #333333;\">N\u00ba de art\u00edculo<\/span><\/td>\n<td><span style=\"color: #333333;\">PB-2129<\/span><\/td>\n<\/tr>\n<tr>\n<td><span style=\"color: #333333;\">Material<\/span><\/td>\n<td>Poli\u00e9ster 600D\/Personalizado<\/td>\n<\/tr>\n<tr>\n<td><span style=\"color: #333333;\">Talla<\/span><\/td>\n<td>60*40*42 CM<\/td>\n<\/tr>\n<tr>\n<td><span style=\"color: #333333;\">\u00a0Plazo de entrega<\/span><\/td>\n<td><span style=\"color: #333333;\">1-5 d\u00edas para peque\u00f1as cantidades por v\u00eda a\u00e9rea y 30-35 d\u00edas para grandes cantidades por v\u00eda mar\u00edtima<\/span><\/td>\n<\/tr>\n<\/tbody>\n<\/table>\n<p class=\"ds-markdown-paragraph\">\u2705\u00a0<strong>Por qu\u00e9 nos eligen los proveedores de operaciones especiales:<\/strong><\/p>\n<ul>\n<li>\n<p class=\"ds-markdown-paragraph\"><strong>Personalizaci\u00f3n infinita<\/strong>: Paneles MOLLE\/PALS + patrones de camuflaje cortados con l\u00e1ser (Woodland, Multicam, Digital)<\/p>\n<\/li>\n<li>\n<p class=\"ds-markdown-paragraph\">Bolsa t\u00e1ctica ODM\/OEM con servicios completos de marca privada para bolsas t\u00e1cticas<\/p>\n<\/li>\n<li>\n<p class=\"ds-markdown-paragraph\">MOQ bajo Producci\u00f3n de bolsas t\u00e1cticas a granel<\/p>\n<\/li>\n<li>\n<p class=\"ds-markdown-paragraph\">Exportaci\u00f3n segura de bolsas t\u00e1cticas desde nuestra f\u00e1brica de bolsas t\u00e1cticas preparada para ITAR<\/p>\n<\/li>\n<li>\n<p class=\"ds-markdown-paragraph\">M\u00e1s de 18 a\u00f1os como proveedor de bolsas t\u00e1cticas de primera calidad<\/p>\n<\/li>\n<\/ul>\n<p class=\"ds-markdown-paragraph\">\ud83c\udfaf\u00a0<strong>Caracter\u00edsticas Mission-Ready:<\/strong><br \/>\n- Capacidad ampliable 50-80L + correas de compresi\u00f3n<br \/>\n- Nylon cordura 1000D + revestimiento de TPU impermeable (clasificaci\u00f3n IPX7)<br \/>\n- Panel de administraci\u00f3n de acceso r\u00e1pido + compartimento para transporte oculto<br \/>\n- Configuraciones personalizadas mediante Tactical Bag OEM<\/p>\n<p class=\"ds-markdown-paragraph\">Ideal para empresas de bolsas t\u00e1cticas, distribuidores de defensa y redes de mayoristas de bolsas t\u00e1cticas. Solicite hoy mismo un servicio GRATUITO de dise\u00f1o CAD a su fabricante de bolsas t\u00e1cticas.<\/p>\n<\/div>\n<\/div>\n<\/div>\n<\/div>","protected":false},"excerpt":{"rendered":"<h2 data-immersive-translate-walked=\"344be1c1-5052-41eb-8fcd-0dbe236a0d6b\" data-immersive-translate-paragraph=\"1\">Personalizaci\u00f3n Bolsa T\u00e1ctica Camuflaje Gran Capacidad<\/h2>\n<div class=\"sliderTable mt10 mb10 sliderTable-index0\">\n<div class=\"inner\">\n<div>1. Fabricado en poli\u00e9ster resistente y duradero.<\/div>\n<div>2. El espacioso compartimento principal ofrece espacio para ropa o equipo t\u00e1ctico.<br \/>\n3. Bolsillo forrado de tricot para proteger las gafas.<\/div>\n<div>4. Correas de compresi\u00f3n laterales para condensar la carga.<\/div>\n<div>5. 5. Portaparches de gancho y bucle.<\/div>\n<\/div>\n<\/div>","protected":false},"featured_media":4277,"template":"","meta":{"_uag_custom_page_level_css":""},"product_brand":[],"product_cat":[55,63],"product_tag":[],"class_list":{"0":"post-4271","1":"product","2":"type-product","3":"status-publish","4":"has-post-thumbnail","6":"product_cat-tactical-bag","7":"product_cat-duffel-bag","9":"first","10":"instock","11":"shipping-taxable","12":"product-type-simple"},"uagb_featured_image_src":{"full":["https:\/\/pecbag.com\/wp-content\/uploads\/2025\/06\/Customization-Large-Capacity-Camo-Tactical-Bag-4.jpg",800,800,false],"thumbnail":["https:\/\/pecbag.com\/wp-content\/uploads\/2025\/06\/Customization-Large-Capacity-Camo-Tactical-Bag-4-150x150.jpg",150,150,true],"medium":["https:\/\/pecbag.com\/wp-content\/uploads\/2025\/06\/Customization-Large-Capacity-Camo-Tactical-Bag-4-300x300.jpg",300,300,true],"medium_large":["https:\/\/pecbag.com\/wp-content\/uploads\/2025\/06\/Customization-Large-Capacity-Camo-Tactical-Bag-4-768x768.jpg",768,768,true],"large":["https:\/\/pecbag.com\/wp-content\/uploads\/2025\/06\/Customization-Large-Capacity-Camo-Tactical-Bag-4.jpg",800,800,false],"1536x1536":["https:\/\/pecbag.com\/wp-content\/uploads\/2025\/06\/Customization-Large-Capacity-Camo-Tactical-Bag-4.jpg",800,800,false],"2048x2048":["https:\/\/pecbag.com\/wp-content\/uploads\/2025\/06\/Customization-Large-Capacity-Camo-Tactical-Bag-4.jpg",800,800,false],"trp-custom-language-flag":["https:\/\/pecbag.com\/wp-content\/uploads\/2025\/06\/Customization-Large-Capacity-Camo-Tactical-Bag-4-12x12.jpg",12,12,true],"woocommerce_thumbnail":["https:\/\/pecbag.com\/wp-content\/uploads\/2025\/06\/Customization-Large-Capacity-Camo-Tactical-Bag-4-300x300.jpg",300,300,true],"woocommerce_single":["https:\/\/pecbag.com\/wp-content\/uploads\/2025\/06\/Customization-Large-Capacity-Camo-Tactical-Bag-4-600x600.jpg",600,600,true],"woocommerce_gallery_thumbnail":["https:\/\/pecbag.com\/wp-content\/uploads\/2025\/06\/Customization-Large-Capacity-Camo-Tactical-Bag-4-100x100.jpg",100,100,true]},"uagb_author_info":{"display_name":"Lawrence","author_link":"https:\/\/pecbag.com\/es\/author\/"},"uagb_comment_info":0,"uagb_excerpt":"Customization Large Capacity Camo Tactical Bag 1. Constructed of heavyweight, durable polyester. 2. Spacious main compartment gives you space for clothing or tactical gear. 3. Tricot-lined pocket to protect eyewear. 4. Side compression straps to condense your load. 5. Hook and loop patch holders.","_links":{"self":[{"href":"https:\/\/pecbag.com\/es\/wp-json\/wp\/v2\/product\/4271","targetHints":{"allow":["GET"]}}],"collection":[{"href":"https:\/\/pecbag.com\/es\/wp-json\/wp\/v2\/product"}],"about":[{"href":"https:\/\/pecbag.com\/es\/wp-json\/wp\/v2\/types\/product"}],"wp:featuredmedia":[{"embeddable":true,"href":"https:\/\/pecbag.com\/es\/wp-json\/wp\/v2\/media\/4277"}],"wp:attachment":[{"href":"https:\/\/pecbag.com\/es\/wp-json\/wp\/v2\/media?parent=4271"}],"wp:term":[{"taxonomy":"product_brand","embeddable":true,"href":"https:\/\/pecbag.com\/es\/wp-json\/wp\/v2\/product_brand?post=4271"},{"taxonomy":"product_cat","embeddable":true,"href":"https:\/\/pecbag.com\/es\/wp-json\/wp\/v2\/product_cat?post=4271"},{"taxonomy":"product_tag","embeddable":true,"href":"https:\/\/pecbag.com\/es\/wp-json\/wp\/v2\/product_tag?post=4271"}],"curies":[{"name":"wp","href":"https:\/\/api.w.org\/{rel}","templated":true}]}}