{"id":4278,"date":"2025-06-30T01:45:29","date_gmt":"2025-06-30T01:45:29","guid":{"rendered":"https:\/\/pecbag.com\/?post_type=product&#038;p=4278"},"modified":"2025-11-29T01:14:00","modified_gmt":"2025-11-29T01:14:00","slug":"packable-travel-training-tactical-bag-factory","status":"publish","type":"product","link":"https:\/\/pecbag.com\/es\/packable-travel-training-tactical-bag-factory\/","title":{"rendered":"Bolsa de viaje para entrenamiento t\u00e1ctico Factory"},"content":{"rendered":"<h5 title=\"Bolso plegable para perros Bolso de malla transpirable para mascotas peque\u00f1as Perros Gatos\" data-immersive-translate-walked=\"1c928421-2e42-4cd3-8754-5404553c0af5\" data-immersive-translate-paragraph=\"1\" data-spm-anchor-id=\"a2700.details.0.i35.4f6757d4w4zNZA\"><strong>Packable Travel Training Tactical Bag Factory | Bolsa Impermeable Factory &amp; Mochila Compacta Fabricante | Granel Plegable<\/strong><\/h5>\n<p>\u00bfNecesita bolsas t\u00e1cticas de viaje vers\u00e1tiles y plegables que vayan de compactas a listas para el combate? Como f\u00e1brica certificada de bolsas impermeables y fabricante de mochilas t\u00e1cticas en China (Tactical Bag China), dise\u00f1amos bolsas t\u00e1cticas plegables que se comprimen al tama\u00f1o 30% manteniendo la durabilidad MIL-SPEC. As\u00f3ciese con nuestro fabricante de bolsas t\u00e1cticas para pedidos al por mayor de bolsas t\u00e1cticas, en el que conf\u00edan mayoristas de bolsas t\u00e1cticas, minoristas de actividades al aire libre y vendedores de bolsas t\u00e1cticas de todo el mundo.<\/p>\n<div class=\"flex flex-grow flex-col max-w-full\">\n<div class=\"min-h-[20px] text-message flex w-full flex-col items-end gap-2 whitespace-pre-wrap break-words [.text-message+&amp;]:mt-5 overflow-x-auto\" dir=\"auto\" data-message-author-role=\"assistant\" data-message-id=\"3d7d46f6-7ec2-4222-9257-48fa0bba23c6\" data-suggestions=\"true\">\n<div class=\"flex w-full flex-col gap-1 empty:hidden first:pt-[3px]\">\n<div class=\"markdown prose w-full break-words dark:prose-invert light\">\n<table width=\"288\">\n<tbody>\n<tr>\n<td width=\"137\"><span style=\"color: #333333;\">Nombre del producto<\/span><\/td>\n<td width=\"151\">Bolsa t\u00e1ctica<\/td>\n<\/tr>\n<tr>\n<td><span style=\"color: #333333;\">N\u00ba de art\u00edculo<\/span><\/td>\n<td><span style=\"color: #333333;\">PB-2130<\/span><\/td>\n<\/tr>\n<tr>\n<td><span style=\"color: #333333;\">Material<\/span><\/td>\n<td>Poli\u00e9ster 600D<\/td>\n<\/tr>\n<tr>\n<td><span style=\"color: #333333;\">Talla<\/span><\/td>\n<td>63 x 33 x 29 cm<\/td>\n<\/tr>\n<tr>\n<td><span style=\"color: #333333;\">\u00a0Plazo de entrega<\/span><\/td>\n<td><span style=\"color: #333333;\">1-5 d\u00edas para peque\u00f1as cantidades por v\u00eda a\u00e9rea y 30-35 d\u00edas para grandes cantidades por v\u00eda mar\u00edtima<\/span><\/td>\n<\/tr>\n<\/tbody>\n<\/table>\n<p class=\"ds-markdown-paragraph\">\u2705\u00a0<strong>Por qu\u00e9 nos eligen los centros de formaci\u00f3n y las marcas de viajes:<\/strong><\/p>\n<ul>\n<li>\n<p class=\"ds-markdown-paragraph\"><strong>Funcionalidad 3 en 1<\/strong>: Se despliega de mochila de d\u00eda (20L) a bolsa de misi\u00f3n (40L) en 10 segundos.<\/p>\n<\/li>\n<li>\n<p class=\"ds-markdown-paragraph\">Bolsa t\u00e1ctica ODM\/OEM con servicios completos de marca privada para bolsas t\u00e1cticas<\/p>\n<\/li>\n<li>\n<p class=\"ds-markdown-paragraph\">MOQ bajo Producci\u00f3n de bolsas t\u00e1cticas a granel<\/p>\n<\/li>\n<li>\n<p class=\"ds-markdown-paragraph\">Exportaci\u00f3n r\u00e1pida de bolsas t\u00e1cticas desde nuestra f\u00e1brica de bolsas t\u00e1cticas con certificaci\u00f3n ISO<\/p>\n<\/li>\n<li>\n<p class=\"ds-markdown-paragraph\">Tambi\u00e9n producimos bolsas de maquillaje a granel para marcas de cosm\u00e9ticos<\/p>\n<\/li>\n<\/ul>\n<p class=\"ds-markdown-paragraph\">\ud83c\udf92\u00a0<strong>Funciones listas para el despliegue:<\/strong><br \/>\n- Tejido ripstop 420D ultrapackable (se pliega en una bolsa de 8\u2033x5\u2033)<br \/>\n- Revestimiento TPU impermeable + compatible con MOLLE cuando se expande<br \/>\n- Funda oculta para documentos + bolsillo con bloqueo RFID<br \/>\n- Configuraciones personalizadas mediante Tactical Bag OEM<\/p>\n<p class=\"ds-markdown-paragraph\">Ideal para empresas de bolsas t\u00e1cticas, distribuidores de fitness y redes de proveedores de bolsas t\u00e1cticas. Solicite hoy mismo demostraciones GRATUITAS de empaquetado a su fabricante especializado en bolsas t\u00e1cticas.<\/p>\n<\/div>\n<\/div>\n<\/div>\n<\/div>","protected":false},"excerpt":{"rendered":"<h2 data-immersive-translate-walked=\"344be1c1-5052-41eb-8fcd-0dbe236a0d6b\" data-immersive-translate-paragraph=\"1\">Bolsa de viaje para entrenamiento t\u00e1ctico Factory<\/h2>\n<div class=\"sliderTable mt10 mb10 sliderTable-index0\">\n<div class=\"inner\">\n<div>Se puede utilizar como bolsa t\u00e1ctica, bolsa de entrenamiento, bolsa de viaje, bolsa de fitness, bolsa de gimnasio para hombres y mujeres.<\/div>\n<\/div>\n<\/div>","protected":false},"featured_media":4282,"template":"","meta":{"_uag_custom_page_level_css":""},"product_brand":[],"product_cat":[55,63,68],"product_tag":[],"class_list":{"0":"post-4278","1":"product","2":"type-product","3":"status-publish","4":"has-post-thumbnail","6":"product_cat-tactical-bag","7":"product_cat-duffel-bag","8":"product_cat-travel-bag","10":"first","11":"instock","12":"shipping-taxable","13":"product-type-simple"},"uagb_featured_image_src":{"full":["https:\/\/pecbag.com\/wp-content\/uploads\/2025\/06\/Packable-Travel-Training-Tactical-Bag-Factory-2.jpg",1000,1000,false],"thumbnail":["https:\/\/pecbag.com\/wp-content\/uploads\/2025\/06\/Packable-Travel-Training-Tactical-Bag-Factory-2-150x150.jpg",150,150,true],"medium":["https:\/\/pecbag.com\/wp-content\/uploads\/2025\/06\/Packable-Travel-Training-Tactical-Bag-Factory-2-300x300.jpg",300,300,true],"medium_large":["https:\/\/pecbag.com\/wp-content\/uploads\/2025\/06\/Packable-Travel-Training-Tactical-Bag-Factory-2-768x768.jpg",768,768,true],"large":["https:\/\/pecbag.com\/wp-content\/uploads\/2025\/06\/Packable-Travel-Training-Tactical-Bag-Factory-2.jpg",800,800,false],"1536x1536":["https:\/\/pecbag.com\/wp-content\/uploads\/2025\/06\/Packable-Travel-Training-Tactical-Bag-Factory-2.jpg",1000,1000,false],"2048x2048":["https:\/\/pecbag.com\/wp-content\/uploads\/2025\/06\/Packable-Travel-Training-Tactical-Bag-Factory-2.jpg",1000,1000,false],"trp-custom-language-flag":["https:\/\/pecbag.com\/wp-content\/uploads\/2025\/06\/Packable-Travel-Training-Tactical-Bag-Factory-2-12x12.jpg",12,12,true],"woocommerce_thumbnail":["https:\/\/pecbag.com\/wp-content\/uploads\/2025\/06\/Packable-Travel-Training-Tactical-Bag-Factory-2-300x300.jpg",300,300,true],"woocommerce_single":["https:\/\/pecbag.com\/wp-content\/uploads\/2025\/06\/Packable-Travel-Training-Tactical-Bag-Factory-2-600x600.jpg",600,600,true],"woocommerce_gallery_thumbnail":["https:\/\/pecbag.com\/wp-content\/uploads\/2025\/06\/Packable-Travel-Training-Tactical-Bag-Factory-2-100x100.jpg",100,100,true]},"uagb_author_info":{"display_name":"Lawrence","author_link":"https:\/\/pecbag.com\/es\/author\/"},"uagb_comment_info":0,"uagb_excerpt":"Packable Travel Training Tactical Bag Factory It can be used as a tactical bag, workout bag, travel bag, fitness bag, gym bag for men and women.","_links":{"self":[{"href":"https:\/\/pecbag.com\/es\/wp-json\/wp\/v2\/product\/4278","targetHints":{"allow":["GET"]}}],"collection":[{"href":"https:\/\/pecbag.com\/es\/wp-json\/wp\/v2\/product"}],"about":[{"href":"https:\/\/pecbag.com\/es\/wp-json\/wp\/v2\/types\/product"}],"wp:featuredmedia":[{"embeddable":true,"href":"https:\/\/pecbag.com\/es\/wp-json\/wp\/v2\/media\/4282"}],"wp:attachment":[{"href":"https:\/\/pecbag.com\/es\/wp-json\/wp\/v2\/media?parent=4278"}],"wp:term":[{"taxonomy":"product_brand","embeddable":true,"href":"https:\/\/pecbag.com\/es\/wp-json\/wp\/v2\/product_brand?post=4278"},{"taxonomy":"product_cat","embeddable":true,"href":"https:\/\/pecbag.com\/es\/wp-json\/wp\/v2\/product_cat?post=4278"},{"taxonomy":"product_tag","embeddable":true,"href":"https:\/\/pecbag.com\/es\/wp-json\/wp\/v2\/product_tag?post=4278"}],"curies":[{"name":"wp","href":"https:\/\/api.w.org\/{rel}","templated":true}]}}