{"id":4292,"date":"2025-07-02T06:36:43","date_gmt":"2025-07-02T06:36:43","guid":{"rendered":"https:\/\/pecbag.com\/?post_type=product&#038;p=4292"},"modified":"2025-11-29T01:13:43","modified_gmt":"2025-11-29T01:13:43","slug":"riding-travel-motorcycle-tactical-leg-bag-factory","status":"publish","type":"product","link":"https:\/\/pecbag.com\/es\/riding-travel-motorcycle-tactical-leg-bag-factory\/","title":{"rendered":"Montar Viaje Motocicleta T\u00e1ctica Pierna Bolsa F\u00e1brica"},"content":{"rendered":"<h5 title=\"Bolso plegable para perros Bolso de malla transpirable para mascotas peque\u00f1as Perros Gatos\" data-immersive-translate-walked=\"1c928421-2e42-4cd3-8754-5404553c0af5\" data-immersive-translate-paragraph=\"1\" data-spm-anchor-id=\"a2700.details.0.i35.4f6757d4w4zNZA\"><strong>Riding Viaje Motocicleta T\u00e1ctica Pierna Bolsa F\u00e1brica | Bolsa Impermeable F\u00e1brica y Aventura Mochila Fabricante | On-Bike Bulk<\/strong><\/h5>\n<p>\u00bfNecesita perneras t\u00e1cticas para su l\u00ednea de equipamiento de moto? Como f\u00e1brica certificada de bolsas impermeables y fabricante de mochilas t\u00e1cticas en China (Tactical Bag China), dise\u00f1amos perneras para motoristas con acceso r\u00e1pido al cargador, soportes a prueba de vibraciones y protecci\u00f3n sellada contra la intemperie. As\u00f3ciate con nuestro fabricante de Bolsas T\u00e1cticas para pedidos al por mayor de Bolsas T\u00e1cticas - en el que conf\u00edan vendedores de Bolsas T\u00e1cticas, minoristas de motos y mayoristas de Bolsas T\u00e1cticas de todo el mundo. <span style=\"color: #ffffff;\">Riding Travel Motorcycle Tactical Leg Bag Factory Riding Travel Motorcycle Tactical Leg Bag Factory Riding Travel Motorcycle Tactical Leg Bag Factory<\/span><\/p>\n<div class=\"flex flex-grow flex-col max-w-full\">\n<div class=\"min-h-[20px] text-message flex w-full flex-col items-end gap-2 whitespace-pre-wrap break-words [.text-message+&amp;]:mt-5 overflow-x-auto\" dir=\"auto\" data-message-author-role=\"assistant\" data-message-id=\"3d7d46f6-7ec2-4222-9257-48fa0bba23c6\" data-suggestions=\"true\">\n<div class=\"flex w-full flex-col gap-1 empty:hidden first:pt-[3px]\">\n<div class=\"markdown prose w-full break-words dark:prose-invert light\">\n<table width=\"288\">\n<tbody>\n<tr>\n<td width=\"137\"><span style=\"color: #333333;\">Nombre del producto<\/span><\/td>\n<td width=\"151\">Bolsa t\u00e1ctica<\/td>\n<\/tr>\n<tr>\n<td><span style=\"color: #333333;\">N\u00ba de art\u00edculo<\/span><\/td>\n<td><span style=\"color: #333333;\">PB-2132<\/span><\/td>\n<\/tr>\n<tr>\n<td><span style=\"color: #333333;\">Material<\/span><\/td>\n<td>Nylon 500D<\/td>\n<\/tr>\n<tr>\n<td><span style=\"color: #333333;\">Talla<\/span><\/td>\n<td>15 x 9 x 27 cm<\/td>\n<\/tr>\n<tr>\n<td><span style=\"color: #333333;\">\u00a0Plazo de entrega<\/span><\/td>\n<td><span style=\"color: #333333;\">1-5 d\u00edas para peque\u00f1as cantidades por v\u00eda a\u00e9rea y 30-35 d\u00edas para grandes cantidades por v\u00eda mar\u00edtima<\/span><\/td>\n<\/tr>\n<\/tbody>\n<\/table>\n<p class=\"ds-markdown-paragraph\">\ud83c\udfcd\ufe0f\u00a0<strong>Por qu\u00e9 las marcas de motocicletas eligen nuestras bolsas para piernas:<\/strong><\/p>\n<ul>\n<li>\n<p class=\"ds-markdown-paragraph\"><strong>Dise\u00f1o \"Rider-First<\/strong>: Soportes a prueba de choques + validaci\u00f3n en t\u00fanel de viento a 120 km\/h<\/p>\n<\/li>\n<li>\n<p class=\"ds-markdown-paragraph\">Bolsa t\u00e1ctica ODM\/OEM con servicios completos de marca privada para bolsas t\u00e1cticas<\/p>\n<\/li>\n<li>\n<p class=\"ds-markdown-paragraph\">MOQ bajo Producci\u00f3n de bolsas t\u00e1cticas a granel<\/p>\n<\/li>\n<li>\n<p class=\"ds-markdown-paragraph\">Exportaci\u00f3n r\u00e1pida de bolsas t\u00e1cticas desde nuestra f\u00e1brica de bolsas t\u00e1cticas con certificaci\u00f3n ISO<\/p>\n<\/li>\n<li>\n<p class=\"ds-markdown-paragraph\">Tambi\u00e9n producimos bolsas de maquillaje a granel para marcas de estilo de vida<\/p>\n<\/li>\n<\/ul>\n<p class=\"ds-markdown-paragraph\">\ud83d\udd27\u00a0<strong>A prueba de bicicletas Caracter\u00edsticas:<\/strong><br \/>\n- Paneles MOLLE antivibraci\u00f3n + correas para piernas de liberaci\u00f3n r\u00e1pida<br \/>\n- Compartimento principal impermeable IP67 + respiraderos de drenaje<br \/>\n- Acceso ambidiestro al cargador y funda portadocumentos<br \/>\n- Configuraciones personalizadas mediante Tactical Bag OEM<\/p>\n<p class=\"ds-markdown-paragraph\">Ideal para empresas de bolsas t\u00e1cticas, distribuidores de motocicletas y redes de proveedores de bolsas t\u00e1cticas. Solicite hoy mismo informes GRATUITOS de pruebas de vibraci\u00f3n a su fabricante especializado en bolsas t\u00e1cticas.<\/p>\n<\/div>\n<\/div>\n<\/div>\n<\/div>","protected":false},"excerpt":{"rendered":"<h2 data-immersive-translate-walked=\"344be1c1-5052-41eb-8fcd-0dbe236a0d6b\" data-immersive-translate-paragraph=\"1\">Montar Viaje Motocicleta T\u00e1ctica Pierna Bolsa F\u00e1brica<\/h2>\n<div class=\"sliderTable mt10 mb10 sliderTable-index0\">\n<div class=\"inner\">\n<p><strong>1. Dise\u00f1o MOLLE:<\/strong> La peque\u00f1a bolsa MOLLE viene con 2 correas MOLLE con fuertes broches de presi\u00f3n en la parte posterior, lo que permite fijar libremente esta bolsa t\u00e1ctica a cualquier sistema MOLLE como mochila t\u00e1ctica \/ cintur\u00f3n \/ chaleco, etc.<\/p>\n<p><strong>2. Cuerpo peque\u00f1o, amplio espacio de almacenamiento:<\/strong>\u00a0Dise\u00f1ada con varios bolsillos interiores, esta ri\u00f1onera mantendr\u00e1 sus peque\u00f1as necesidades organizadas y al alcance de la mano.<\/p>\n<\/div>\n<\/div>","protected":false},"featured_media":4294,"template":"","meta":{"_uag_custom_page_level_css":""},"product_brand":[],"product_cat":[55,68],"product_tag":[],"class_list":{"0":"post-4292","1":"product","2":"type-product","3":"status-publish","4":"has-post-thumbnail","6":"product_cat-tactical-bag","7":"product_cat-travel-bag","9":"first","10":"instock","11":"shipping-taxable","12":"product-type-simple"},"uagb_featured_image_src":{"full":["https:\/\/pecbag.com\/wp-content\/uploads\/2025\/07\/imgi_2_1.jpg",800,800,false],"thumbnail":["https:\/\/pecbag.com\/wp-content\/uploads\/2025\/07\/imgi_2_1-150x150.jpg",150,150,true],"medium":["https:\/\/pecbag.com\/wp-content\/uploads\/2025\/07\/imgi_2_1-300x300.jpg",300,300,true],"medium_large":["https:\/\/pecbag.com\/wp-content\/uploads\/2025\/07\/imgi_2_1-768x768.jpg",768,768,true],"large":["https:\/\/pecbag.com\/wp-content\/uploads\/2025\/07\/imgi_2_1.jpg",800,800,false],"1536x1536":["https:\/\/pecbag.com\/wp-content\/uploads\/2025\/07\/imgi_2_1.jpg",800,800,false],"2048x2048":["https:\/\/pecbag.com\/wp-content\/uploads\/2025\/07\/imgi_2_1.jpg",800,800,false],"trp-custom-language-flag":["https:\/\/pecbag.com\/wp-content\/uploads\/2025\/07\/imgi_2_1-12x12.jpg",12,12,true],"woocommerce_thumbnail":["https:\/\/pecbag.com\/wp-content\/uploads\/2025\/07\/imgi_2_1-300x300.jpg",300,300,true],"woocommerce_single":["https:\/\/pecbag.com\/wp-content\/uploads\/2025\/07\/imgi_2_1-600x600.jpg",600,600,true],"woocommerce_gallery_thumbnail":["https:\/\/pecbag.com\/wp-content\/uploads\/2025\/07\/imgi_2_1-100x100.jpg",100,100,true]},"uagb_author_info":{"display_name":"Lawrence","author_link":"https:\/\/pecbag.com\/es\/author\/"},"uagb_comment_info":0,"uagb_excerpt":"Riding Travel Motorcycle Tactical Leg Bag Factory 1. MOLLE Design: The small MOLLE pouch comes with 2 MOLLE straps with strong snaps on the back, allowing free to attach this tactical bag to any MOLLE system like tactical backpack\/ belt\/ vest, etc. 2. Small Body, Roomy Storage Space:\u00a0Designed with several inner pockets, this fanny pouch&hellip;","_links":{"self":[{"href":"https:\/\/pecbag.com\/es\/wp-json\/wp\/v2\/product\/4292","targetHints":{"allow":["GET"]}}],"collection":[{"href":"https:\/\/pecbag.com\/es\/wp-json\/wp\/v2\/product"}],"about":[{"href":"https:\/\/pecbag.com\/es\/wp-json\/wp\/v2\/types\/product"}],"wp:featuredmedia":[{"embeddable":true,"href":"https:\/\/pecbag.com\/es\/wp-json\/wp\/v2\/media\/4294"}],"wp:attachment":[{"href":"https:\/\/pecbag.com\/es\/wp-json\/wp\/v2\/media?parent=4292"}],"wp:term":[{"taxonomy":"product_brand","embeddable":true,"href":"https:\/\/pecbag.com\/es\/wp-json\/wp\/v2\/product_brand?post=4292"},{"taxonomy":"product_cat","embeddable":true,"href":"https:\/\/pecbag.com\/es\/wp-json\/wp\/v2\/product_cat?post=4292"},{"taxonomy":"product_tag","embeddable":true,"href":"https:\/\/pecbag.com\/es\/wp-json\/wp\/v2\/product_tag?post=4292"}],"curies":[{"name":"wp","href":"https:\/\/api.w.org\/{rel}","templated":true}]}}