{"id":4306,"date":"2025-07-03T02:21:50","date_gmt":"2025-07-03T02:21:50","guid":{"rendered":"https:\/\/pecbag.com\/?post_type=product&#038;p=4306"},"modified":"2025-11-28T09:40:25","modified_gmt":"2025-11-28T09:40:25","slug":"heavy-duty-tactical-bag-military-backpack-wholesalers","status":"publish","type":"product","link":"https:\/\/pecbag.com\/es\/heavy-duty-tactical-bag-military-backpack-wholesalers\/","title":{"rendered":"Heavy Duty Bolsa T\u00e1ctica Mochila Militar Mayoristas"},"content":{"rendered":"<h5 title=\"Bolso plegable para perros Bolso de malla transpirable para mascotas peque\u00f1as Perros Gatos\" data-immersive-translate-walked=\"1c928421-2e42-4cd3-8754-5404553c0af5\" data-immersive-translate-paragraph=\"1\" data-spm-anchor-id=\"a2700.details.0.i35.4f6757d4w4zNZA\">Top Heavy Duty Bolsa T\u00e1ctica Mochila Militar Mayoristas | F\u00e1brica de Bolsa Impermeable y Mochila de Combate Fabricante | Bulk-Ready<\/h5>\n<p>\u00bfNecesitas mochilas militares irrompibles y resistentes para fuerzas de \u00e9lite? Como mayoristas certificados de mochilas militares Heavy Duty Tactical Bag, somos una de las principales f\u00e1bricas de mochilas t\u00e1cticas y fabricantes de mochilas t\u00e1cticas en China, dise\u00f1ando mochilas probadas en combate con carcasas de Cordura\u00ae 500D, armazones de carga y sellos impermeables IPX8.<\/p>\n<p>As\u00f3ciese con nosotros - su proveedor estrat\u00e9gico de bolsas t\u00e1cticas - para pedidos al por mayor de bolsas t\u00e1cticas, suministrando a vendedores de bolsas t\u00e1cticas, agencias gubernamentales y mayoristas de bolsas t\u00e1cticas de todo el mundo.<\/p>\n<div class=\"flex flex-grow flex-col max-w-full\">\n<div class=\"min-h-[20px] text-message flex w-full flex-col items-end gap-2 whitespace-pre-wrap break-words [.text-message+&amp;]:mt-5 overflow-x-auto\" dir=\"auto\" data-message-author-role=\"assistant\" data-message-id=\"3d7d46f6-7ec2-4222-9257-48fa0bba23c6\" data-suggestions=\"true\">\n<div class=\"flex w-full flex-col gap-1 empty:hidden first:pt-[3px]\">\n<div class=\"markdown prose w-full break-words dark:prose-invert light\">\n<table width=\"288\">\n<tbody>\n<tr>\n<td width=\"137\"><span style=\"color: #333333;\">Nombre del producto<\/span><\/td>\n<td width=\"151\">Bolsa t\u00e1ctica<\/td>\n<\/tr>\n<tr>\n<td><span style=\"color: #333333;\">N\u00ba de art\u00edculo<\/span><\/td>\n<td><span style=\"color: #333333;\">PB-2134<\/span><\/td>\n<\/tr>\n<tr>\n<td><span style=\"color: #333333;\">Material<\/span><\/td>\n<td>Cordura 500D<\/td>\n<\/tr>\n<tr>\n<td><span style=\"color: #333333;\">Talla<\/span><\/td>\n<td>45 x 22 x 30 cm<\/td>\n<\/tr>\n<tr>\n<td><span style=\"color: #333333;\">\u00a0Plazo de entrega<\/span><\/td>\n<td><span style=\"color: #333333;\">1-5 d\u00edas para peque\u00f1as cantidades por v\u00eda a\u00e9rea y 30-35 d\u00edas para grandes cantidades por v\u00eda mar\u00edtima<\/span><\/td>\n<\/tr>\n<\/tbody>\n<\/table>\n<p class=\"ds-markdown-paragraph\"><strong>Por qu\u00e9 nos eligen los distribuidores mundiales:<\/strong><br \/>\n\u2705\u00a0<strong>Estado de Bestseller:<\/strong>\u00a070% tasa de repetici\u00f3n de pedido de los socios de Tactical Bag Company (2025 verificados)<br \/>\nBolsa t\u00e1ctica completa ODM\/OEM y servicios de marca privada para bolsas t\u00e1cticas<br \/>\n\u2705 Producci\u00f3n a granel de bolsas t\u00e1cticas Low-MOQ<br \/>\n\u2705 Exportaci\u00f3n de bolsas t\u00e1cticas r\u00e1pidas de la f\u00e1brica de bolsas t\u00e1cticas con certificaci\u00f3n ISO.<br \/>\n\u2705 Producci\u00f3n de doble l\u00ednea: Bolsas t\u00e1cticas de alta resistencia + Bolsa de maquillaje a granel.<\/p>\n<p class=\"ds-markdown-paragraph\"><strong>Especificaciones que superan los resultados:<\/strong><br \/>\n- 40 L de capacidad ampliable + 360\u00b0 de cinchas MOLLE\/PALS de alta resistencia<br \/>\n- Sumergible 72 horas + asas de arrastre reforzadas<br \/>\n- Funda para arma de extracci\u00f3n r\u00e1pida + compartimentos para botiqu\u00edn de traumatolog\u00eda<br \/>\n- Configuraciones personalizadas mediante Tactical Bag OEM<\/p>\n<p class=\"ds-markdown-paragraph\">Ideal para mayoristas de mochilas militares, contratistas de defensa y redes de exportaci\u00f3n de bolsas t\u00e1cticas. \u00a1Reclame su asignaci\u00f3n a granel de los mejores mayoristas de mochilas militares de China hoy!<\/p>\n<\/div>\n<\/div>\n<\/div>\n<\/div>","protected":false},"excerpt":{"rendered":"<h2 data-immersive-translate-walked=\"344be1c1-5052-41eb-8fcd-0dbe236a0d6b\" data-immersive-translate-paragraph=\"1\">Heavy Duty Bolsa T\u00e1ctica Mochila Militar Mayoristas<\/h2>\n<div class=\"sliderTable mt10 mb10 sliderTable-index0\">\n<div class=\"inner\">\n<p>1. Compartimento frontal de administraci\u00f3n con m\u00faltiples fundas interiores y mosquet\u00f3n. 2. Panel trasero r\u00edgido acolchado con malla espaciadora<\/p>\n<p>2. Correas ajustables de liberaci\u00f3n r\u00e1pida para los hombros, acolchadas con malla espaciadora y correa para el pecho. 3. Cintur\u00f3n de cadera ajustable y desmontable<\/p>\n<p>3. Compatible con MOLLE\/PALS. Correa el\u00e1stica externa para un r\u00e1pido almacenamiento exterior.<\/p>\n<\/div>\n<\/div>","protected":false},"featured_media":4310,"template":"","meta":{"_uag_custom_page_level_css":""},"product_brand":[],"product_cat":[55,60],"product_tag":[],"class_list":{"0":"post-4306","1":"product","2":"type-product","3":"status-publish","4":"has-post-thumbnail","6":"product_cat-tactical-bag","7":"product_cat-backpack","9":"first","10":"instock","11":"shipping-taxable","12":"product-type-simple"},"uagb_featured_image_src":{"full":["https:\/\/pecbag.com\/wp-content\/uploads\/2025\/07\/Heavy-Duty-Tactical-Bag-Military-Backpack-Wholesalers-4.jpg",1000,1000,false],"thumbnail":["https:\/\/pecbag.com\/wp-content\/uploads\/2025\/07\/Heavy-Duty-Tactical-Bag-Military-Backpack-Wholesalers-4-150x150.jpg",150,150,true],"medium":["https:\/\/pecbag.com\/wp-content\/uploads\/2025\/07\/Heavy-Duty-Tactical-Bag-Military-Backpack-Wholesalers-4-300x300.jpg",300,300,true],"medium_large":["https:\/\/pecbag.com\/wp-content\/uploads\/2025\/07\/Heavy-Duty-Tactical-Bag-Military-Backpack-Wholesalers-4-768x768.jpg",768,768,true],"large":["https:\/\/pecbag.com\/wp-content\/uploads\/2025\/07\/Heavy-Duty-Tactical-Bag-Military-Backpack-Wholesalers-4.jpg",800,800,false],"1536x1536":["https:\/\/pecbag.com\/wp-content\/uploads\/2025\/07\/Heavy-Duty-Tactical-Bag-Military-Backpack-Wholesalers-4.jpg",1000,1000,false],"2048x2048":["https:\/\/pecbag.com\/wp-content\/uploads\/2025\/07\/Heavy-Duty-Tactical-Bag-Military-Backpack-Wholesalers-4.jpg",1000,1000,false],"trp-custom-language-flag":["https:\/\/pecbag.com\/wp-content\/uploads\/2025\/07\/Heavy-Duty-Tactical-Bag-Military-Backpack-Wholesalers-4-12x12.jpg",12,12,true],"woocommerce_thumbnail":["https:\/\/pecbag.com\/wp-content\/uploads\/2025\/07\/Heavy-Duty-Tactical-Bag-Military-Backpack-Wholesalers-4-300x300.jpg",300,300,true],"woocommerce_single":["https:\/\/pecbag.com\/wp-content\/uploads\/2025\/07\/Heavy-Duty-Tactical-Bag-Military-Backpack-Wholesalers-4-600x600.jpg",600,600,true],"woocommerce_gallery_thumbnail":["https:\/\/pecbag.com\/wp-content\/uploads\/2025\/07\/Heavy-Duty-Tactical-Bag-Military-Backpack-Wholesalers-4-100x100.jpg",100,100,true]},"uagb_author_info":{"display_name":"Lawrence","author_link":"https:\/\/pecbag.com\/es\/author\/"},"uagb_comment_info":0,"uagb_excerpt":"Heavy Duty Tactical Bag Military Backpack Wholesalers 1. Front admin compartment with multiple inner sleeves and a carabiner. Stiffened back panel padded with spacer mesh 2. Adjustable quick-release shoulder straps, padded with spacer mesh and chest strap. Adjustable and removable webbing hip belt 3. MOLLE\/PALS compatible. External bungee cord web for quick outer storage","_links":{"self":[{"href":"https:\/\/pecbag.com\/es\/wp-json\/wp\/v2\/product\/4306","targetHints":{"allow":["GET"]}}],"collection":[{"href":"https:\/\/pecbag.com\/es\/wp-json\/wp\/v2\/product"}],"about":[{"href":"https:\/\/pecbag.com\/es\/wp-json\/wp\/v2\/types\/product"}],"wp:featuredmedia":[{"embeddable":true,"href":"https:\/\/pecbag.com\/es\/wp-json\/wp\/v2\/media\/4310"}],"wp:attachment":[{"href":"https:\/\/pecbag.com\/es\/wp-json\/wp\/v2\/media?parent=4306"}],"wp:term":[{"taxonomy":"product_brand","embeddable":true,"href":"https:\/\/pecbag.com\/es\/wp-json\/wp\/v2\/product_brand?post=4306"},{"taxonomy":"product_cat","embeddable":true,"href":"https:\/\/pecbag.com\/es\/wp-json\/wp\/v2\/product_cat?post=4306"},{"taxonomy":"product_tag","embeddable":true,"href":"https:\/\/pecbag.com\/es\/wp-json\/wp\/v2\/product_tag?post=4306"}],"curies":[{"name":"wp","href":"https:\/\/api.w.org\/{rel}","templated":true}]}}